{"id":13915,"date":"2025-11-09T19:27:43","date_gmt":"2025-11-09T17:27:43","guid":{"rendered":"https:\/\/www.kliinikum.ee\/yhendlabor\/?page_id=13915"},"modified":"2025-12-21T18:32:00","modified_gmt":"2025-12-21T16:32:00","slug":"trombotsuutide-funktsiooni-uuring-b-pfa-col-epi-b-pfa-col-adp-trombotsuutide-funktsiooni-uuring-p2y12-retseptorite-blokaadi-hindamiseks-b-pfa-p2y12","status":"publish","type":"page","link":"https:\/\/www.kliinikum.ee\/yhendlabor\/kasiraamat\/huubimisuuringud\/trombotsuutide-funktsiooni-uuring-b-pfa-col-epi-b-pfa-col-adp-trombotsuutide-funktsiooni-uuring-p2y12-retseptorite-blokaadi-hindamiseks-b-pfa-p2y12\/","title":{"rendered":"Trombots\u00fc\u00fctide funktsiooni uuring (B-PFA-Col\/Epi, B-PFA-Col\/ADP). Trombots\u00fc\u00fctide funktsiooni uuring P2Y12-retseptorite blokaadi hindamiseks (B-PFA-P2Y12)\u00a0"},"content":{"rendered":"\n<p><em>Kliinilise keemia ja laboratoorse hematoloogia osakond<\/em><\/p>\n\n\n\n<p><strong>Trombots\u00fc\u00fctide funktsiooni uuring<\/strong> v\u00f5imaldab hinnata trombots\u00fc\u00fctide adhesiooni ja agregatsiooni (primaarne hemostaas). Imiteeritakse hemod\u00fcnaamikat v\u00e4ikestes kapillaarides. Tsitraatveri aspireeritakse l\u00e4bi 150 \u00b5m l\u00e4bim\u00f5\u00f5duga ava membraanis, mis on kaetud kas kollageeni ja epinefriiniga (Col\/Epi) v\u00f5i kollageeni ja adenosiindifosfaadiga (Col\/ADP). Trombots\u00fc\u00fcdid kleepuvad membraanile ja okluseerivad j\u00e4rk-j\u00e4rgult ava membraani keskel. Col\/Epi membraaniga teostatud uuring on v\u00e4ga suure tundlikkusega k\u00f5igi trombots\u00fc\u00fctide funktsioonih\u00e4irete suhtes, k.a aspiriinist indutseeritud trombots\u00fc\u00fctide d\u00fcsfunktsioon. Seda kasutatakse trombots\u00fc\u00fctide sisemistest defektidest v\u00f5i trombots\u00fc\u00fctide inhibiitoritest indutseeritud funktsioonih\u00e4irete ja von Willebrandi t\u00f5ve avastamiseks. Col\/ADP uuringu tundlikkus aspiriini toime suhtes on v\u00e4ike (kasutatakse selgitamaks, kas Col\/Epi uuringuga saadud patoloogiline tulemus v\u00f5ib olla p\u00f5hjustatud aspiriini sisaldavatest ravimitest).<\/p>\n\n\n\n<p>PFA-P2Y12 uuring on ette n\u00e4htud trombots\u00fc\u00fctide P2Y12-retseptorite blokaadi tekke hindamiseks patsientidel, keda ravitakse P2Y12-retseptorite antagonistidega \u2013 klopidogreel, tikagreloor. P2Y12-retseptorite blokaadi korral ei saa ADP trombots\u00fc\u00fcte aktiveerida ja trombots\u00fc\u00fctide agregatsioon on h\u00e4iritud. See uuring on tundlikum klopidogreeli ja tikagreloori toime suhtes kui Col\/ADP uuring.<\/p>\n\n\n\n<p class=\"has-medium-font-size\"><strong>Uuritav materjal, selle v\u00f5tmine, saatmine ja s\u00e4ilitamine<\/strong><\/p>\n\n\n\n<p><em>Proov ei tohi olla hemol\u00fc\u00fctiline!<\/em><\/p>\n\n\n\n<figure class=\"wp-block-table is-style-stripes\"><table width=\"100%\"><tbody><tr><td width=\"1%\"><\/td><td width=\"15%\"><strong>Katsuti<\/strong><\/td><td width=\"84%\">9NC-katsuti (helesinine musta r\u00f5ngaga kork); 3 mL (nende anal\u00fc\u00fcside jaoks on vajalik v\u00f5tta eraldi katsuti)<\/td><\/tr><tr><td><\/td><td><strong>S\u00e4ilivus<\/strong><\/td><td>Veri toatemperatuuril neli tundi<\/td><\/tr><\/tbody><\/table><\/figure>\n\n\n\n<p>NB! Proovin\u00f5u peab olema t\u00e4itunud katsutil oleva m\u00e4rgini!<\/p>\n\n\n\n<p>Verd tuleb segada kohe peale proovi v\u00f5tmist, p\u00f6\u00f6rates katsutit \u00f5rnalt p\u00f5hjaga \u00fcles-alla 3\u20134 korda.<\/p>\n\n\n\n<p class=\"has-medium-font-size\"><strong>Anal\u00fc\u00fcsi tegemise aeg: <\/strong>\u00f6\u00f6p\u00e4evaringselt<\/p>\n\n\n\n<p class=\"has-medium-font-size\"><strong>Anal\u00fc\u00fcsimeetod: <\/strong>trombots\u00fc\u00fctide adhesiooni ja agregatsiooni m\u00e4\u00e4ramine anal\u00fcsaatoril PFA-200<\/p>\n\n\n\n<p class=\"has-medium-font-size\"><strong>Referentsv\u00e4\u00e4rtused<\/strong><\/p>\n\n\n\n<figure class=\"wp-block-table\"><table width=\"100%\"><tbody><tr><td width=\"1%\"><\/td><td width=\"30%\"><strong>K\u00f5ik vanusegrupid<\/strong><\/td><td width=\"30%\">PFA-Col\/Epi<\/td><td width=\"39%\">82\u2013150 sek<\/td><\/tr><tr><td><\/td><td>&nbsp;<\/td><td>PFA-Col\/ADP<\/td><td>62\u2013100 sek<\/td><\/tr><tr><td><\/td><td>&nbsp;<\/td><td>PFA-P2Y12<\/td><td>\u2264106 sek<\/td><\/tr><\/tbody><\/table><\/figure>\n\n\n\n<p class=\"has-medium-font-size\"><strong>N\u00e4idutus ja kliiniline t\u00e4hendus<\/strong><\/p>\n\n\n\n<p>PFA-Col\/Epi ja PFA-Col\/ADP uuring trombots\u00fc\u00fctide funktsiooni hindamiseks. PFA-P2Y12 uuring antiagregantravi (klopidogreel, tikagreloor) toime hindamiseks.<\/p>\n\n\n\n<p>Trombots\u00fc\u00fctide funktsiooni hindamiseks tehakse esmaselt Col\/Epi uuring, mille normaalne tulemus v\u00e4listab olulise trombots\u00fc\u00fctide funktsiooni defekti. Kui Col\/Epi tulemus \u00fcletab referentsaja, siis lisatakse labori poolt Col\/ADP uuring. Kui Col\/ADP tulemus j\u00e4\u00e4b referentsv\u00e4\u00e4rtuste piiridesse, siis oli Col\/Epi tulemuse pikenemise p\u00f5hjuseks k\u00f5ige t\u00f5en\u00e4olisemalt aspiriinist indutseeritud trombots\u00fc\u00fctide d\u00fcsfunktsioon. Kui nii Col\/Epi kui Col\/ADP ajad on pikenenud, on see p\u00f5hjustatud olulisest trombots\u00fc\u00fctide funktsioonih\u00e4irest (nt von Willebrandi t\u00f5bi, Glanzmanni trombasteenia jt).<\/p>\n\n\n\n<p>PFA-P2Y12 uuringut kasutatakse ainult antiagregantide (klopidogreel, tikagreloor) toime hindamiseks. Kui aeg \u00fcletab otsustuspiiri (&gt; 106 sek), on P2Y12-retseptorid blokeeritud ja ravim toimib. Kui aeg on alla otsustuspiiri v\u00f5i v\u00f5rdne sellega (\u00a3 106 sek), siis pole P2Y12-retseptorid blokeeritud ja ravi on ebaefektiivne.<\/p>\n\n\n\n<p>Uuring ei ole hinnatav patsientidel, kellel on von Willebrandi t\u00f5bi, p\u00e4rilik v\u00f5i omandatud trombots\u00fc\u00fctide funktsioonih\u00e4ire.<\/p>\n\n\n\n<p>Madal hematokrit (&lt; 30%) ja trombots\u00fctopeenia (&lt; 100 x 10E9\/L), streptokinaas, &nbsp;GPIIb\/IIIa retseptorite antagonistid ja toidus sisalduvad rasvhapped ning lipiidid v\u00f5ivad k\u00f5igi kolme uuringu aega pikendada. Desmopressiin, vonWillebrandi faktori k\u00f5rge tase ja trombots\u00fctoos v\u00f5ivad uuringu aegu l\u00fchendada.<\/p>\n\n\n\n<p>Tulemusi hinnatakse koos anamneesi, kliinilise leiu ja teiste uuringute tulemustega<\/p>\n\n\n\n<p>Vt ka: Trombots\u00fc\u00fctide funktsiooni uuringute algoritm<\/p>\n\n\n\n<p>Koostajad: Maire M\u00e4gi, Kaja Vaagen<br>Muudetud 21.12.2020<\/p>\n","protected":false},"excerpt":{"rendered":"<p>Kliinilise keemia ja laboratoorse hematoloogia osakond Trombots\u00fc\u00fctide funktsiooni uuring v\u00f5imaldab hinnata trombots\u00fc\u00fctide adhesiooni ja agregatsiooni (primaarne hemostaas). Imiteeritakse hemod\u00fcnaamikat v\u00e4ikestes kapillaarides. Tsitraatveri aspireeritakse l\u00e4bi 150 \u00b5m l\u00e4bim\u00f5\u00f5duga ava membraanis, mis on kaetud kas kollageeni ja epinefriiniga (Col\/Epi) v\u00f5i kollageeni ja adenosiindifosfaadiga (Col\/ADP). Trombots\u00fc\u00fcdid kleepuvad membraanile ja okluseerivad j\u00e4rk-j\u00e4rgult ava membraani keskel. Col\/Epi membraaniga teostatud uuring [&hellip;]<\/p>\n","protected":false},"author":38,"featured_media":0,"parent":7274,"menu_order":0,"comment_status":"closed","ping_status":"closed","template":"","meta":{"_uag_custom_page_level_css":"","footnotes":""},"class_list":["post-13915","page","type-page","status-publish","hentry"],"acf":[],"yoast_head":"<!-- This site is optimized with the Yoast SEO plugin v27.3 - https:\/\/yoast.com\/product\/yoast-seo-wordpress\/ -->\n<title>Trombots\u00fc\u00fctide funktsiooni uuring (B-PFA-Col\/Epi, B-PFA-Col\/ADP). Trombots\u00fc\u00fctide funktsiooni uuring P2Y12-retseptorite blokaadi hindamiseks (B-PFA-P2Y12)\u00a0 - \u00dchendlabor<\/title>\n<meta name=\"robots\" content=\"index, follow, max-snippet:-1, max-image-preview:large, max-video-preview:-1\" \/>\n<link rel=\"canonical\" href=\"https:\/\/www.kliinikum.ee\/yhendlabor\/kasiraamat\/huubimisuuringud\/trombotsuutide-funktsiooni-uuring-b-pfa-col-epi-b-pfa-col-adp-trombotsuutide-funktsiooni-uuring-p2y12-retseptorite-blokaadi-hindamiseks-b-pfa-p2y12\/\" \/>\n<meta property=\"og:locale\" content=\"et_EE\" \/>\n<meta property=\"og:type\" content=\"article\" \/>\n<meta property=\"og:title\" content=\"Trombots\u00fc\u00fctide funktsiooni uuring (B-PFA-Col\/Epi, B-PFA-Col\/ADP). Trombots\u00fc\u00fctide funktsiooni uuring P2Y12-retseptorite blokaadi hindamiseks (B-PFA-P2Y12)\u00a0 - \u00dchendlabor\" \/>\n<meta property=\"og:description\" content=\"Kliinilise keemia ja laboratoorse hematoloogia osakond Trombots\u00fc\u00fctide funktsiooni uuring v\u00f5imaldab hinnata trombots\u00fc\u00fctide adhesiooni ja agregatsiooni (primaarne hemostaas). Imiteeritakse hemod\u00fcnaamikat v\u00e4ikestes kapillaarides. Tsitraatveri aspireeritakse l\u00e4bi 150 \u00b5m l\u00e4bim\u00f5\u00f5duga ava membraanis, mis on kaetud kas kollageeni ja epinefriiniga (Col\/Epi) v\u00f5i kollageeni ja adenosiindifosfaadiga (Col\/ADP). Trombots\u00fc\u00fcdid kleepuvad membraanile ja okluseerivad j\u00e4rk-j\u00e4rgult ava membraani keskel. Col\/Epi membraaniga teostatud uuring [&hellip;]\" \/>\n<meta property=\"og:url\" content=\"https:\/\/www.kliinikum.ee\/yhendlabor\/kasiraamat\/huubimisuuringud\/trombotsuutide-funktsiooni-uuring-b-pfa-col-epi-b-pfa-col-adp-trombotsuutide-funktsiooni-uuring-p2y12-retseptorite-blokaadi-hindamiseks-b-pfa-p2y12\/\" \/>\n<meta property=\"og:site_name\" content=\"\u00dchendlabor\" \/>\n<meta property=\"article:modified_time\" content=\"2025-12-21T16:32:00+00:00\" \/>\n<meta name=\"twitter:card\" content=\"summary_large_image\" \/>\n<meta name=\"twitter:label1\" content=\"Est. reading time\" \/>\n\t<meta name=\"twitter:data1\" content=\"3 minutit\" \/>\n<script type=\"application\/ld+json\" class=\"yoast-schema-graph\">{\"@context\":\"https:\\\/\\\/schema.org\",\"@graph\":[{\"@type\":\"WebPage\",\"@id\":\"https:\\\/\\\/www.kliinikum.ee\\\/yhendlabor\\\/kasiraamat\\\/huubimisuuringud\\\/trombotsuutide-funktsiooni-uuring-b-pfa-col-epi-b-pfa-col-adp-trombotsuutide-funktsiooni-uuring-p2y12-retseptorite-blokaadi-hindamiseks-b-pfa-p2y12\\\/\",\"url\":\"https:\\\/\\\/www.kliinikum.ee\\\/yhendlabor\\\/kasiraamat\\\/huubimisuuringud\\\/trombotsuutide-funktsiooni-uuring-b-pfa-col-epi-b-pfa-col-adp-trombotsuutide-funktsiooni-uuring-p2y12-retseptorite-blokaadi-hindamiseks-b-pfa-p2y12\\\/\",\"name\":\"Trombots\u00fc\u00fctide funktsiooni uuring (B-PFA-Col\\\/Epi, B-PFA-Col\\\/ADP). Trombots\u00fc\u00fctide funktsiooni uuring P2Y12-retseptorite blokaadi hindamiseks (B-PFA-P2Y12)\u00a0 - \u00dchendlabor\",\"isPartOf\":{\"@id\":\"https:\\\/\\\/www.kliinikum.ee\\\/yhendlabor\\\/#website\"},\"datePublished\":\"2025-11-09T17:27:43+00:00\",\"dateModified\":\"2025-12-21T16:32:00+00:00\",\"breadcrumb\":{\"@id\":\"https:\\\/\\\/www.kliinikum.ee\\\/yhendlabor\\\/kasiraamat\\\/huubimisuuringud\\\/trombotsuutide-funktsiooni-uuring-b-pfa-col-epi-b-pfa-col-adp-trombotsuutide-funktsiooni-uuring-p2y12-retseptorite-blokaadi-hindamiseks-b-pfa-p2y12\\\/#breadcrumb\"},\"inLanguage\":\"et\",\"potentialAction\":[{\"@type\":\"ReadAction\",\"target\":[\"https:\\\/\\\/www.kliinikum.ee\\\/yhendlabor\\\/kasiraamat\\\/huubimisuuringud\\\/trombotsuutide-funktsiooni-uuring-b-pfa-col-epi-b-pfa-col-adp-trombotsuutide-funktsiooni-uuring-p2y12-retseptorite-blokaadi-hindamiseks-b-pfa-p2y12\\\/\"]}]},{\"@type\":\"BreadcrumbList\",\"@id\":\"https:\\\/\\\/www.kliinikum.ee\\\/yhendlabor\\\/kasiraamat\\\/huubimisuuringud\\\/trombotsuutide-funktsiooni-uuring-b-pfa-col-epi-b-pfa-col-adp-trombotsuutide-funktsiooni-uuring-p2y12-retseptorite-blokaadi-hindamiseks-b-pfa-p2y12\\\/#breadcrumb\",\"itemListElement\":[{\"@type\":\"ListItem\",\"position\":1,\"name\":\"Home\",\"item\":\"https:\\\/\\\/www.kliinikum.ee\\\/yhendlabor\\\/\"},{\"@type\":\"ListItem\",\"position\":2,\"name\":\"K\u00e4siraamat\",\"item\":\"https:\\\/\\\/www.kliinikum.ee\\\/yhendlabor\\\/kasiraamat\\\/\"},{\"@type\":\"ListItem\",\"position\":3,\"name\":\"H\u00fc\u00fcbimisuuringud\",\"item\":\"https:\\\/\\\/www.kliinikum.ee\\\/yhendlabor\\\/kasiraamat\\\/huubimisuuringud\\\/\"},{\"@type\":\"ListItem\",\"position\":4,\"name\":\"Trombots\u00fc\u00fctide funktsiooni uuring (B-PFA-Col\\\/Epi, B-PFA-Col\\\/ADP). Trombots\u00fc\u00fctide funktsiooni uuring P2Y12-retseptorite blokaadi hindamiseks (B-PFA-P2Y12)\u00a0\"}]},{\"@type\":\"WebSite\",\"@id\":\"https:\\\/\\\/www.kliinikum.ee\\\/yhendlabor\\\/#website\",\"url\":\"https:\\\/\\\/www.kliinikum.ee\\\/yhendlabor\\\/\",\"name\":\"\u00dchendlabor\",\"description\":\"Hoolivus, Uuendusmeelsus, P\u00e4devus ja Usaldusv\u00e4\u00e4rsus\",\"potentialAction\":[{\"@type\":\"SearchAction\",\"target\":{\"@type\":\"EntryPoint\",\"urlTemplate\":\"https:\\\/\\\/www.kliinikum.ee\\\/yhendlabor\\\/?s={search_term_string}\"},\"query-input\":{\"@type\":\"PropertyValueSpecification\",\"valueRequired\":true,\"valueName\":\"search_term_string\"}}],\"inLanguage\":\"et\"}]}<\/script>\n<!-- \/ Yoast SEO plugin. -->","yoast_head_json":{"title":"Trombots\u00fc\u00fctide funktsiooni uuring (B-PFA-Col\/Epi, B-PFA-Col\/ADP). Trombots\u00fc\u00fctide funktsiooni uuring P2Y12-retseptorite blokaadi hindamiseks (B-PFA-P2Y12)\u00a0 - \u00dchendlabor","robots":{"index":"index","follow":"follow","max-snippet":"max-snippet:-1","max-image-preview":"max-image-preview:large","max-video-preview":"max-video-preview:-1"},"canonical":"https:\/\/www.kliinikum.ee\/yhendlabor\/kasiraamat\/huubimisuuringud\/trombotsuutide-funktsiooni-uuring-b-pfa-col-epi-b-pfa-col-adp-trombotsuutide-funktsiooni-uuring-p2y12-retseptorite-blokaadi-hindamiseks-b-pfa-p2y12\/","og_locale":"et_EE","og_type":"article","og_title":"Trombots\u00fc\u00fctide funktsiooni uuring (B-PFA-Col\/Epi, B-PFA-Col\/ADP). Trombots\u00fc\u00fctide funktsiooni uuring P2Y12-retseptorite blokaadi hindamiseks (B-PFA-P2Y12)\u00a0 - \u00dchendlabor","og_description":"Kliinilise keemia ja laboratoorse hematoloogia osakond Trombots\u00fc\u00fctide funktsiooni uuring v\u00f5imaldab hinnata trombots\u00fc\u00fctide adhesiooni ja agregatsiooni (primaarne hemostaas). Imiteeritakse hemod\u00fcnaamikat v\u00e4ikestes kapillaarides. Tsitraatveri aspireeritakse l\u00e4bi 150 \u00b5m l\u00e4bim\u00f5\u00f5duga ava membraanis, mis on kaetud kas kollageeni ja epinefriiniga (Col\/Epi) v\u00f5i kollageeni ja adenosiindifosfaadiga (Col\/ADP). Trombots\u00fc\u00fcdid kleepuvad membraanile ja okluseerivad j\u00e4rk-j\u00e4rgult ava membraani keskel. Col\/Epi membraaniga teostatud uuring [&hellip;]","og_url":"https:\/\/www.kliinikum.ee\/yhendlabor\/kasiraamat\/huubimisuuringud\/trombotsuutide-funktsiooni-uuring-b-pfa-col-epi-b-pfa-col-adp-trombotsuutide-funktsiooni-uuring-p2y12-retseptorite-blokaadi-hindamiseks-b-pfa-p2y12\/","og_site_name":"\u00dchendlabor","article_modified_time":"2025-12-21T16:32:00+00:00","twitter_card":"summary_large_image","twitter_misc":{"Est. reading time":"3 minutit"},"schema":{"@context":"https:\/\/schema.org","@graph":[{"@type":"WebPage","@id":"https:\/\/www.kliinikum.ee\/yhendlabor\/kasiraamat\/huubimisuuringud\/trombotsuutide-funktsiooni-uuring-b-pfa-col-epi-b-pfa-col-adp-trombotsuutide-funktsiooni-uuring-p2y12-retseptorite-blokaadi-hindamiseks-b-pfa-p2y12\/","url":"https:\/\/www.kliinikum.ee\/yhendlabor\/kasiraamat\/huubimisuuringud\/trombotsuutide-funktsiooni-uuring-b-pfa-col-epi-b-pfa-col-adp-trombotsuutide-funktsiooni-uuring-p2y12-retseptorite-blokaadi-hindamiseks-b-pfa-p2y12\/","name":"Trombots\u00fc\u00fctide funktsiooni uuring (B-PFA-Col\/Epi, B-PFA-Col\/ADP). Trombots\u00fc\u00fctide funktsiooni uuring P2Y12-retseptorite blokaadi hindamiseks (B-PFA-P2Y12)\u00a0 - \u00dchendlabor","isPartOf":{"@id":"https:\/\/www.kliinikum.ee\/yhendlabor\/#website"},"datePublished":"2025-11-09T17:27:43+00:00","dateModified":"2025-12-21T16:32:00+00:00","breadcrumb":{"@id":"https:\/\/www.kliinikum.ee\/yhendlabor\/kasiraamat\/huubimisuuringud\/trombotsuutide-funktsiooni-uuring-b-pfa-col-epi-b-pfa-col-adp-trombotsuutide-funktsiooni-uuring-p2y12-retseptorite-blokaadi-hindamiseks-b-pfa-p2y12\/#breadcrumb"},"inLanguage":"et","potentialAction":[{"@type":"ReadAction","target":["https:\/\/www.kliinikum.ee\/yhendlabor\/kasiraamat\/huubimisuuringud\/trombotsuutide-funktsiooni-uuring-b-pfa-col-epi-b-pfa-col-adp-trombotsuutide-funktsiooni-uuring-p2y12-retseptorite-blokaadi-hindamiseks-b-pfa-p2y12\/"]}]},{"@type":"BreadcrumbList","@id":"https:\/\/www.kliinikum.ee\/yhendlabor\/kasiraamat\/huubimisuuringud\/trombotsuutide-funktsiooni-uuring-b-pfa-col-epi-b-pfa-col-adp-trombotsuutide-funktsiooni-uuring-p2y12-retseptorite-blokaadi-hindamiseks-b-pfa-p2y12\/#breadcrumb","itemListElement":[{"@type":"ListItem","position":1,"name":"Home","item":"https:\/\/www.kliinikum.ee\/yhendlabor\/"},{"@type":"ListItem","position":2,"name":"K\u00e4siraamat","item":"https:\/\/www.kliinikum.ee\/yhendlabor\/kasiraamat\/"},{"@type":"ListItem","position":3,"name":"H\u00fc\u00fcbimisuuringud","item":"https:\/\/www.kliinikum.ee\/yhendlabor\/kasiraamat\/huubimisuuringud\/"},{"@type":"ListItem","position":4,"name":"Trombots\u00fc\u00fctide funktsiooni uuring (B-PFA-Col\/Epi, B-PFA-Col\/ADP). Trombots\u00fc\u00fctide funktsiooni uuring P2Y12-retseptorite blokaadi hindamiseks (B-PFA-P2Y12)\u00a0"}]},{"@type":"WebSite","@id":"https:\/\/www.kliinikum.ee\/yhendlabor\/#website","url":"https:\/\/www.kliinikum.ee\/yhendlabor\/","name":"\u00dchendlabor","description":"Hoolivus, Uuendusmeelsus, P\u00e4devus ja Usaldusv\u00e4\u00e4rsus","potentialAction":[{"@type":"SearchAction","target":{"@type":"EntryPoint","urlTemplate":"https:\/\/www.kliinikum.ee\/yhendlabor\/?s={search_term_string}"},"query-input":{"@type":"PropertyValueSpecification","valueRequired":true,"valueName":"search_term_string"}}],"inLanguage":"et"}]}},"uagb_featured_image_src":{"full":false,"thumbnail":false,"medium":false,"medium_large":false,"large":false,"1536x1536":false,"2048x2048":false},"uagb_author_info":{"display_name":"Kadi Siigur","author_link":"https:\/\/www.kliinikum.ee\/yhendlabor\/author\/kadisi\/"},"uagb_comment_info":0,"uagb_excerpt":"Kliinilise keemia ja laboratoorse hematoloogia osakond Trombots\u00fc\u00fctide funktsiooni uuring v\u00f5imaldab hinnata trombots\u00fc\u00fctide adhesiooni ja agregatsiooni (primaarne hemostaas). Imiteeritakse hemod\u00fcnaamikat v\u00e4ikestes kapillaarides. Tsitraatveri aspireeritakse l\u00e4bi 150 \u00b5m l\u00e4bim\u00f5\u00f5duga ava membraanis, mis on kaetud kas kollageeni ja epinefriiniga (Col\/Epi) v\u00f5i kollageeni ja adenosiindifosfaadiga (Col\/ADP). Trombots\u00fc\u00fcdid kleepuvad membraanile ja okluseerivad j\u00e4rk-j\u00e4rgult ava membraani keskel. Col\/Epi membraaniga teostatud uuring&hellip;","_links":{"self":[{"href":"https:\/\/www.kliinikum.ee\/yhendlabor\/wp-json\/wp\/v2\/pages\/13915","targetHints":{"allow":["GET"]}}],"collection":[{"href":"https:\/\/www.kliinikum.ee\/yhendlabor\/wp-json\/wp\/v2\/pages"}],"about":[{"href":"https:\/\/www.kliinikum.ee\/yhendlabor\/wp-json\/wp\/v2\/types\/page"}],"author":[{"embeddable":true,"href":"https:\/\/www.kliinikum.ee\/yhendlabor\/wp-json\/wp\/v2\/users\/38"}],"replies":[{"embeddable":true,"href":"https:\/\/www.kliinikum.ee\/yhendlabor\/wp-json\/wp\/v2\/comments?post=13915"}],"version-history":[{"count":0,"href":"https:\/\/www.kliinikum.ee\/yhendlabor\/wp-json\/wp\/v2\/pages\/13915\/revisions"}],"up":[{"embeddable":true,"href":"https:\/\/www.kliinikum.ee\/yhendlabor\/wp-json\/wp\/v2\/pages\/7274"}],"wp:attachment":[{"href":"https:\/\/www.kliinikum.ee\/yhendlabor\/wp-json\/wp\/v2\/media?parent=13915"}],"curies":[{"name":"wp","href":"https:\/\/api.w.org\/{rel}","templated":true}]}}