{"id":13918,"date":"2025-11-09T19:32:57","date_gmt":"2025-11-09T17:32:57","guid":{"rendered":"https:\/\/www.kliinikum.ee\/yhendlabor\/?page_id=13918"},"modified":"2025-11-09T19:33:01","modified_gmt":"2025-11-09T17:33:01","slug":"vaba-proteiin-s-p-fps","status":"publish","type":"page","link":"https:\/\/www.kliinikum.ee\/yhendlabor\/kasiraamat\/huubimisuuringud\/vaba-proteiin-s-p-fps\/","title":{"rendered":"Vaba proteiin S (P-fPS)"},"content":{"rendered":"\n<p><em>Kliinilise keemia ja laboratoorse hematoloogia osakond<\/em><\/p>\n\n\n\n<p><strong>Proteiin S <\/strong>on K-vitamiinist s\u00f5ltuv valk, mis s\u00fcnteesitakse maksas inaktiivse eel\u00fchendina. Proteiin S omab f\u00fcsioloogiliselt olulist antikoagulantset funktsiooni. Ta toimib aktiveeritud proteiin C kofaktorina. Proteiin S esineb plasmas kahes vormis: vabana (~40%) ja kompleksis komplemendi komponenti C4b siduva valguga (~60%). Need kaks vormi on d\u00fcnaamilises tasakaalus. Ainult vaba proteiin S (fPS) toimib aktiveeritud proteiin C (APC) kofaktorina, suurendades APC sidumist fosfolipiididega ja kiirendades FVa ja FVIIIa inaktivatsiooni. Proteiin S geen asub 3. kromosoomis.<\/p>\n\n\n\n<p class=\"has-medium-font-size\"><strong>Uuritav materjal, selle v\u00f5tmine, saatmine ja s\u00e4ilitamine<\/strong><\/p>\n\n\n\n<figure class=\"wp-block-table is-style-stripes\"><table width=\"100%\"><tbody><tr><td width=\"1%\"><\/td><td width=\"15%\"><strong>Katsuti<\/strong><\/td><td width=\"84%\">9NC-katsuti (helesinine kork)<\/td><\/tr><tr><td><\/td><td><strong>S\u00e4ilivus<\/strong><\/td><td>Plasma toatemperatuuril neli tundi, -20 \u00b0C \u00fcks kuu. Plasma tuleb eraldada nelja tunni jooksul peale proovi v\u00f5tmist (tsentrifuugida 2000\u20132500 x g juures 15 min).<\/td><\/tr><\/tbody><\/table><\/figure>\n\n\n\n<p>Proovimaterjal hemostaasi uuringuteks v\u00f5etakse esimese katsutina (v.a juhul, kui v\u00f5etakse ka verek\u00fclv).<\/p>\n\n\n\n<p>NB! Proovin\u00f5u peab olema t\u00e4itunud katsutil oleva m\u00e4rgini!<\/p>\n\n\n\n<p>Mistahes kliiniliste erijuhtude (nt hematokrit &gt; 0,55) puhul ja s\u00e4ilitamise\/saatmisega seotud k\u00fcsimuste korral tuleb n\u00f5u pidada laboriga.<\/p>\n\n\n\n<p class=\"has-medium-font-size\"><strong>Anal\u00fc\u00fcsi tegemise aeg: <\/strong>\u00f6\u00f6p\u00e4evaringselt<\/p>\n\n\n\n<p class=\"has-medium-font-size\"><strong>Anal\u00fc\u00fcsimeetod: <\/strong>immuunturbidimeetriline meetod<\/p>\n\n\n\n<p class=\"has-medium-font-size\"><strong>Referentsv\u00e4\u00e4rtused<\/strong><\/p>\n\n\n\n<figure class=\"wp-block-table\"><table width=\"100%\"><tbody><tr><td width=\"1%\"><\/td><td width=\"30%\"><strong>0 p \u2013 &lt; 3 p<\/strong><\/td><td width=\"69%\">37\u201342%<\/td><\/tr><tr><td><\/td><td><strong>3 p \u2013 &lt; 1 k<\/strong><\/td><td>40\u201357%<\/td><\/tr><tr><td><\/td><td><strong>1 k \u2013 &lt; 1 a<\/strong><\/td><td>80\u2013116%<\/td><\/tr><tr><td><\/td><td><strong>1 a \u2013 &lt; 6 a<\/strong><\/td><td>63\u2013120%<\/td><\/tr><tr><td><\/td><td><strong>6 a \u2013 &lt; 11 a<\/strong><\/td><td>83\u2013123%<\/td><\/tr><tr><td><\/td><td><strong>11 a \u2013 &lt; 18 a<\/strong><\/td><td>76\u2013127%<\/td><\/tr><tr><td><\/td><td><strong>\u2265 18 a<\/strong><\/td><td>N 50\u2013134% <br>M 70\u2013148%<\/td><\/tr><\/tbody><\/table><\/figure>\n\n\n\n<p class=\"has-medium-font-size\"><strong>N\u00e4idustus ja kliiniline t\u00e4hendus<\/strong><\/p>\n\n\n\n<p>Trombofiilia diferentsiaaldiagnostika, p\u00e4riliku ja omandatud proteiin S defitsiidi diagnostika.<\/p>\n\n\n\n<p>Nii omandatud kui kaasas\u00fcndinud fPS defitsiit suurendab trombembooliliste haiguste riski, v\u00e4hendades vere antikoagulantset potentsiaali.<\/p>\n\n\n\n<p>Kaasas\u00fcndinud PS defitsiidil on kolm alat\u00fc\u00fcpi: I ja III alat\u00fc\u00fcp on sagedasemad ja seotud PS kvantitatiivse puudulikkusega. II alat\u00fc\u00fcbi puhul on tegemist funktsionaalse defitsiidiga ja see on harvaesinev (1\u20135% k\u00f5igist PS defitsiitidest). \u00dchendlaboris kasutusel olev meetod v\u00f5imaldab tuvastada I ja III ala\u00fc\u00fcpi, II alat\u00fc\u00fcp j\u00e4\u00e4b tuvastamata.<\/p>\n\n\n\n<p>Omandatud vaba proteiin S defitsiit, tavaliselt kergest m\u00f5\u00f5dukani, esineb K-vitamiini puuduse, varfariinravi, maksapuudulikkuse, s\u00fcsteemse er\u00fctematoosse luupuse, raseduse ning peroraalsete kontratseptiivide tarvitamise korral, samuti DIK-i korral ja hiljutise tromboosi j\u00e4rgselt.&nbsp; P\u00f5letike korral esineb fPS defitsiit valguga seotud PS osakaalu suurenemise t\u00f5ttu.<\/p>\n\n\n\n<p>NB! fPS tulemused ei ole usaldusv\u00e4\u00e4rsed varfariinravi ajal, enne prooviv\u00f5ttu on vajalik v\u00e4hemalt kahen\u00e4dalane varfariinivaba periood.<\/p>\n\n\n\n<p>Koostaja: Kaja Vaagen<br>Muudetud 15.08.2022<\/p>\n","protected":false},"excerpt":{"rendered":"<p>Kliinilise keemia ja laboratoorse hematoloogia osakond Proteiin S on K-vitamiinist s\u00f5ltuv valk, mis s\u00fcnteesitakse maksas inaktiivse eel\u00fchendina. Proteiin S omab f\u00fcsioloogiliselt olulist antikoagulantset funktsiooni. Ta toimib aktiveeritud proteiin C kofaktorina. Proteiin S esineb plasmas kahes vormis: vabana (~40%) ja kompleksis komplemendi komponenti C4b siduva valguga (~60%). Need kaks vormi on d\u00fcnaamilises tasakaalus. Ainult vaba proteiin [&hellip;]<\/p>\n","protected":false},"author":38,"featured_media":0,"parent":7274,"menu_order":0,"comment_status":"closed","ping_status":"closed","template":"","meta":{"_uag_custom_page_level_css":"","footnotes":""},"class_list":["post-13918","page","type-page","status-publish","hentry"],"acf":[],"yoast_head":"<!-- This site is optimized with the Yoast SEO plugin v27.3 - https:\/\/yoast.com\/product\/yoast-seo-wordpress\/ -->\n<title>Vaba proteiin S (P-fPS) - \u00dchendlabor<\/title>\n<meta name=\"robots\" content=\"index, follow, max-snippet:-1, max-image-preview:large, max-video-preview:-1\" \/>\n<link rel=\"canonical\" href=\"https:\/\/www.kliinikum.ee\/yhendlabor\/kasiraamat\/huubimisuuringud\/vaba-proteiin-s-p-fps\/\" \/>\n<meta property=\"og:locale\" content=\"et_EE\" \/>\n<meta property=\"og:type\" content=\"article\" \/>\n<meta property=\"og:title\" content=\"Vaba proteiin S (P-fPS) - \u00dchendlabor\" \/>\n<meta property=\"og:description\" content=\"Kliinilise keemia ja laboratoorse hematoloogia osakond Proteiin S on K-vitamiinist s\u00f5ltuv valk, mis s\u00fcnteesitakse maksas inaktiivse eel\u00fchendina. Proteiin S omab f\u00fcsioloogiliselt olulist antikoagulantset funktsiooni. Ta toimib aktiveeritud proteiin C kofaktorina. Proteiin S esineb plasmas kahes vormis: vabana (~40%) ja kompleksis komplemendi komponenti C4b siduva valguga (~60%). Need kaks vormi on d\u00fcnaamilises tasakaalus. Ainult vaba proteiin [&hellip;]\" \/>\n<meta property=\"og:url\" content=\"https:\/\/www.kliinikum.ee\/yhendlabor\/kasiraamat\/huubimisuuringud\/vaba-proteiin-s-p-fps\/\" \/>\n<meta property=\"og:site_name\" content=\"\u00dchendlabor\" \/>\n<meta property=\"article:modified_time\" content=\"2025-11-09T17:33:01+00:00\" \/>\n<meta name=\"twitter:card\" content=\"summary_large_image\" \/>\n<meta name=\"twitter:label1\" content=\"Est. reading time\" \/>\n\t<meta name=\"twitter:data1\" content=\"2 minutit\" \/>\n<script type=\"application\/ld+json\" class=\"yoast-schema-graph\">{\"@context\":\"https:\\\/\\\/schema.org\",\"@graph\":[{\"@type\":\"WebPage\",\"@id\":\"https:\\\/\\\/www.kliinikum.ee\\\/yhendlabor\\\/kasiraamat\\\/huubimisuuringud\\\/vaba-proteiin-s-p-fps\\\/\",\"url\":\"https:\\\/\\\/www.kliinikum.ee\\\/yhendlabor\\\/kasiraamat\\\/huubimisuuringud\\\/vaba-proteiin-s-p-fps\\\/\",\"name\":\"Vaba proteiin S (P-fPS) - \u00dchendlabor\",\"isPartOf\":{\"@id\":\"https:\\\/\\\/www.kliinikum.ee\\\/yhendlabor\\\/#website\"},\"datePublished\":\"2025-11-09T17:32:57+00:00\",\"dateModified\":\"2025-11-09T17:33:01+00:00\",\"breadcrumb\":{\"@id\":\"https:\\\/\\\/www.kliinikum.ee\\\/yhendlabor\\\/kasiraamat\\\/huubimisuuringud\\\/vaba-proteiin-s-p-fps\\\/#breadcrumb\"},\"inLanguage\":\"et\",\"potentialAction\":[{\"@type\":\"ReadAction\",\"target\":[\"https:\\\/\\\/www.kliinikum.ee\\\/yhendlabor\\\/kasiraamat\\\/huubimisuuringud\\\/vaba-proteiin-s-p-fps\\\/\"]}]},{\"@type\":\"BreadcrumbList\",\"@id\":\"https:\\\/\\\/www.kliinikum.ee\\\/yhendlabor\\\/kasiraamat\\\/huubimisuuringud\\\/vaba-proteiin-s-p-fps\\\/#breadcrumb\",\"itemListElement\":[{\"@type\":\"ListItem\",\"position\":1,\"name\":\"Home\",\"item\":\"https:\\\/\\\/www.kliinikum.ee\\\/yhendlabor\\\/\"},{\"@type\":\"ListItem\",\"position\":2,\"name\":\"K\u00e4siraamat\",\"item\":\"https:\\\/\\\/www.kliinikum.ee\\\/yhendlabor\\\/kasiraamat\\\/\"},{\"@type\":\"ListItem\",\"position\":3,\"name\":\"H\u00fc\u00fcbimisuuringud\",\"item\":\"https:\\\/\\\/www.kliinikum.ee\\\/yhendlabor\\\/kasiraamat\\\/huubimisuuringud\\\/\"},{\"@type\":\"ListItem\",\"position\":4,\"name\":\"Vaba proteiin S (P-fPS)\"}]},{\"@type\":\"WebSite\",\"@id\":\"https:\\\/\\\/www.kliinikum.ee\\\/yhendlabor\\\/#website\",\"url\":\"https:\\\/\\\/www.kliinikum.ee\\\/yhendlabor\\\/\",\"name\":\"\u00dchendlabor\",\"description\":\"Hoolivus, Uuendusmeelsus, P\u00e4devus ja Usaldusv\u00e4\u00e4rsus\",\"potentialAction\":[{\"@type\":\"SearchAction\",\"target\":{\"@type\":\"EntryPoint\",\"urlTemplate\":\"https:\\\/\\\/www.kliinikum.ee\\\/yhendlabor\\\/?s={search_term_string}\"},\"query-input\":{\"@type\":\"PropertyValueSpecification\",\"valueRequired\":true,\"valueName\":\"search_term_string\"}}],\"inLanguage\":\"et\"}]}<\/script>\n<!-- \/ Yoast SEO plugin. -->","yoast_head_json":{"title":"Vaba proteiin S (P-fPS) - \u00dchendlabor","robots":{"index":"index","follow":"follow","max-snippet":"max-snippet:-1","max-image-preview":"max-image-preview:large","max-video-preview":"max-video-preview:-1"},"canonical":"https:\/\/www.kliinikum.ee\/yhendlabor\/kasiraamat\/huubimisuuringud\/vaba-proteiin-s-p-fps\/","og_locale":"et_EE","og_type":"article","og_title":"Vaba proteiin S (P-fPS) - \u00dchendlabor","og_description":"Kliinilise keemia ja laboratoorse hematoloogia osakond Proteiin S on K-vitamiinist s\u00f5ltuv valk, mis s\u00fcnteesitakse maksas inaktiivse eel\u00fchendina. Proteiin S omab f\u00fcsioloogiliselt olulist antikoagulantset funktsiooni. Ta toimib aktiveeritud proteiin C kofaktorina. Proteiin S esineb plasmas kahes vormis: vabana (~40%) ja kompleksis komplemendi komponenti C4b siduva valguga (~60%). Need kaks vormi on d\u00fcnaamilises tasakaalus. Ainult vaba proteiin [&hellip;]","og_url":"https:\/\/www.kliinikum.ee\/yhendlabor\/kasiraamat\/huubimisuuringud\/vaba-proteiin-s-p-fps\/","og_site_name":"\u00dchendlabor","article_modified_time":"2025-11-09T17:33:01+00:00","twitter_card":"summary_large_image","twitter_misc":{"Est. reading time":"2 minutit"},"schema":{"@context":"https:\/\/schema.org","@graph":[{"@type":"WebPage","@id":"https:\/\/www.kliinikum.ee\/yhendlabor\/kasiraamat\/huubimisuuringud\/vaba-proteiin-s-p-fps\/","url":"https:\/\/www.kliinikum.ee\/yhendlabor\/kasiraamat\/huubimisuuringud\/vaba-proteiin-s-p-fps\/","name":"Vaba proteiin S (P-fPS) - \u00dchendlabor","isPartOf":{"@id":"https:\/\/www.kliinikum.ee\/yhendlabor\/#website"},"datePublished":"2025-11-09T17:32:57+00:00","dateModified":"2025-11-09T17:33:01+00:00","breadcrumb":{"@id":"https:\/\/www.kliinikum.ee\/yhendlabor\/kasiraamat\/huubimisuuringud\/vaba-proteiin-s-p-fps\/#breadcrumb"},"inLanguage":"et","potentialAction":[{"@type":"ReadAction","target":["https:\/\/www.kliinikum.ee\/yhendlabor\/kasiraamat\/huubimisuuringud\/vaba-proteiin-s-p-fps\/"]}]},{"@type":"BreadcrumbList","@id":"https:\/\/www.kliinikum.ee\/yhendlabor\/kasiraamat\/huubimisuuringud\/vaba-proteiin-s-p-fps\/#breadcrumb","itemListElement":[{"@type":"ListItem","position":1,"name":"Home","item":"https:\/\/www.kliinikum.ee\/yhendlabor\/"},{"@type":"ListItem","position":2,"name":"K\u00e4siraamat","item":"https:\/\/www.kliinikum.ee\/yhendlabor\/kasiraamat\/"},{"@type":"ListItem","position":3,"name":"H\u00fc\u00fcbimisuuringud","item":"https:\/\/www.kliinikum.ee\/yhendlabor\/kasiraamat\/huubimisuuringud\/"},{"@type":"ListItem","position":4,"name":"Vaba proteiin S (P-fPS)"}]},{"@type":"WebSite","@id":"https:\/\/www.kliinikum.ee\/yhendlabor\/#website","url":"https:\/\/www.kliinikum.ee\/yhendlabor\/","name":"\u00dchendlabor","description":"Hoolivus, Uuendusmeelsus, P\u00e4devus ja Usaldusv\u00e4\u00e4rsus","potentialAction":[{"@type":"SearchAction","target":{"@type":"EntryPoint","urlTemplate":"https:\/\/www.kliinikum.ee\/yhendlabor\/?s={search_term_string}"},"query-input":{"@type":"PropertyValueSpecification","valueRequired":true,"valueName":"search_term_string"}}],"inLanguage":"et"}]}},"uagb_featured_image_src":{"full":false,"thumbnail":false,"medium":false,"medium_large":false,"large":false,"1536x1536":false,"2048x2048":false},"uagb_author_info":{"display_name":"Kadi Siigur","author_link":"https:\/\/www.kliinikum.ee\/yhendlabor\/author\/kadisi\/"},"uagb_comment_info":0,"uagb_excerpt":"Kliinilise keemia ja laboratoorse hematoloogia osakond Proteiin S on K-vitamiinist s\u00f5ltuv valk, mis s\u00fcnteesitakse maksas inaktiivse eel\u00fchendina. Proteiin S omab f\u00fcsioloogiliselt olulist antikoagulantset funktsiooni. Ta toimib aktiveeritud proteiin C kofaktorina. Proteiin S esineb plasmas kahes vormis: vabana (~40%) ja kompleksis komplemendi komponenti C4b siduva valguga (~60%). Need kaks vormi on d\u00fcnaamilises tasakaalus. Ainult vaba proteiin&hellip;","_links":{"self":[{"href":"https:\/\/www.kliinikum.ee\/yhendlabor\/wp-json\/wp\/v2\/pages\/13918","targetHints":{"allow":["GET"]}}],"collection":[{"href":"https:\/\/www.kliinikum.ee\/yhendlabor\/wp-json\/wp\/v2\/pages"}],"about":[{"href":"https:\/\/www.kliinikum.ee\/yhendlabor\/wp-json\/wp\/v2\/types\/page"}],"author":[{"embeddable":true,"href":"https:\/\/www.kliinikum.ee\/yhendlabor\/wp-json\/wp\/v2\/users\/38"}],"replies":[{"embeddable":true,"href":"https:\/\/www.kliinikum.ee\/yhendlabor\/wp-json\/wp\/v2\/comments?post=13918"}],"version-history":[{"count":0,"href":"https:\/\/www.kliinikum.ee\/yhendlabor\/wp-json\/wp\/v2\/pages\/13918\/revisions"}],"up":[{"embeddable":true,"href":"https:\/\/www.kliinikum.ee\/yhendlabor\/wp-json\/wp\/v2\/pages\/7274"}],"wp:attachment":[{"href":"https:\/\/www.kliinikum.ee\/yhendlabor\/wp-json\/wp\/v2\/media?parent=13918"}],"curies":[{"name":"wp","href":"https:\/\/api.w.org\/{rel}","templated":true}]}}