{"id":13921,"date":"2025-11-09T19:46:07","date_gmt":"2025-11-09T17:46:07","guid":{"rendered":"https:\/\/www.kliinikum.ee\/yhendlabor\/?page_id=13921"},"modified":"2025-11-09T19:46:12","modified_gmt":"2025-11-09T17:46:12","slug":"von-willebrandi-tove-uuringud","status":"publish","type":"page","link":"https:\/\/www.kliinikum.ee\/yhendlabor\/kasiraamat\/huubimisuuringud\/von-willebrandi-tove-uuringud\/","title":{"rendered":"Von Willebrandi t\u00f5ve uuringud"},"content":{"rendered":"\n<p><em>Kliinilise keemia ja laboratoorse hematoloogia osakond<\/em><\/p>\n\n\n\n<p class=\"has-medium-font-size\"><strong>Anal\u00fc\u00fcsid:<\/strong><\/p>\n\n\n\n<figure class=\"wp-block-table is-style-stripes\"><table width=\"100%\"><tbody><tr><td width=\"1%\"><\/td><td width=\"69%\">Von Willebrandi faktor<\/td><td width=\"30%\">P-vWF<\/td><\/tr><tr><td><\/td><td>Von Willebrandi faktori aktiivsus<\/td><td>P-vWF Act<\/td><\/tr><tr><td><\/td><td>Von Willebrandi faktori aktiivsuse suhe<\/td><td>P-vWF Act\/P-vWF<\/td><\/tr><tr><td><\/td><td>Von Willebrandi faktori multimeerid (tehakse P\u00f5hja-Eesti Regionaalhaigla laboris)<\/td><td>P-vWF multimers<\/td><\/tr><\/tbody><\/table><\/figure>\n\n\n\n<p><strong>Von Willebrandi faktor (vWF)<\/strong> on suure molekulmassiga multimeerne gl\u00fckoproteiin. vWF s\u00fcnteesitakse endoteeli rakkude ja megakar\u00fcots\u00fc\u00fctide poolt, see on tallel veresoonte endoteeli rakkudes ning trombots\u00fc\u00fctide a-graanulites.<\/p>\n\n\n\n<p>Primaarses hemostaasis on vWF peamiseks funktsiooniks seondumine trombots\u00fc\u00fctide gl\u00fckoproteiin Ib (GPIb) retseptoritega ja selle kaudu osalemine trombots\u00fc\u00fctide adhesioonis. Sekundaarses hemostaasis moodustab vWF VIII faktoriga kompleksi, kaitstes nii FVIII lagunemise eest.<\/p>\n\n\n\n<p>Von Willebrandi t\u00f5bi on k\u00f5ige sagedasem p\u00e4rilik veritsushaigus, mis on tingitud vWF taseme v\u00e4henemisest v\u00f5i funktsioonih\u00e4iretest. P\u00e4randub autosoomselt dominantselt v\u00f5i retsessiivselt (olenevalt vW t\u00f5ve t\u00fc\u00fcbist), p\u00f5evad nii mehed kui naised. vW t\u00f5vel on 3 t\u00fc\u00fcpi:<\/p>\n\n\n\n<ul class=\"wp-block-list\">\n<li>t\u00fc\u00fcp 1 \u2013 vWF taseme v\u00e4henemine;<\/li>\n\n\n\n<li>t\u00fc\u00fcp 2 \u2013 vWF kvalitatiivsed ja funktsiooni h\u00e4ired, sellel on alat\u00fc\u00fcbid 2A, 2B ja 2M, 2N alat\u00fc\u00fcp on tingitud isoleeritult VIII faktori sidumish\u00e4iretest;<\/li>\n\n\n\n<li>t\u00fc\u00fcp 3 \u2013 vWF praktiliselt puudub.<\/li>\n<\/ul>\n\n\n\n<p>Omandatud von Willebrandi s\u00fcndroom v\u00f5ib esineda j\u00e4rgmiste seisundite korral:<\/p>\n\n\n\n<ul class=\"wp-block-list\">\n<li>l\u00fcmfo-ja m\u00fceloproliferatiivsed haigused<\/li>\n\n\n\n<li>soliidtuumorid<\/li>\n\n\n\n<li>autoimmuunhaigused (s\u00fcsteemne er\u00fctematoosne luupus, segat\u00fc\u00fcpi sidekoehaigus, autoimmuunne hemol\u00fc\u00fctiline aneemia jt)<\/li>\n\n\n\n<li>endokriinhaigused (diabeet, h\u00fcpot\u00fcreoos)<\/li>\n\n\n\n<li>kardiovaskulaarhaigused (aordiklapi stenoos, mitraalklapi prolaps, vatsakeste ja kodade vaheseina defektid, kardiom\u00fcopaatia, pulmonaarne h\u00fcpertensioon, endokardiit, LVAD (<em>left ventricular assist device<\/em>), ECMO (ekstrakorporaalne membraanoks\u00fcgenisatsioon)<\/li>\n\n\n\n<li>ravimid (tsiprofloksatsiin, tetrats\u00fckliin, griseofulviin, valproaat, rekombinantne VIII faktor, h\u00fcdroks\u00fcet\u00fc\u00fclt\u00e4rklis)<\/li>\n\n\n\n<li>viirused ja parasiidid (Epstein-Barr viirus, ehhinokk)<\/li>\n\n\n\n<li>muud p\u00f5hjused (am\u00fcloidoos, angiod\u00fcslpaasia, teleangiektaasia, hemoglobinopaatiad, transplantatsiooni j\u00e4rgne periood, m\u00fcrgistused, maksatsirroos, pankreatiit, reaktiivne trombots\u00fctoos jt)<\/li>\n<\/ul>\n\n\n\n<p class=\"has-medium-font-size\"><strong>Uuritav materjal, selle v\u00f5tmine, saatmine ja s\u00e4ilitamine<\/strong><\/p>\n\n\n\n<figure class=\"wp-block-table is-style-stripes\"><table width=\"100%\"><tbody><tr><td width=\"1%\"><\/td><td width=\"15%\"><strong>Katsuti<\/strong><\/td><td width=\"84%\">9NC-katsuti (helesinine kork)<\/td><\/tr><tr><td><\/td><td><strong>S\u00e4ilivus<\/strong><\/td><td>vWF: plasma toatemperatuuril kaheksa tundi, +4 \u00b0C \u00fcks \u00f6\u00f6p\u00e4ev, -20 \u00b0C \u00fcks kuu. <br>vWF aktiivsus ja multimeerid: toatemperatuuril \u00fcks \u00f6\u00f6p\u00e4ev, -20 \u00b0C kuus kuud <br>Plasma tuleb eraldada nelja tunni jooksul peale proovi v\u00f5tmist (tsentrifuugida 2000\u20132500 x g juures 15 min).<\/td><\/tr><\/tbody><\/table><\/figure>\n\n\n\n<p>Proovimaterjal hemostaasi uuringuteks v\u00f5etakse esimese katsutina (v.a juhul, kui v\u00f5etakse ka verek\u00fclv).<\/p>\n\n\n\n<p>NB! Proovin\u00f5u peab olema t\u00e4itunud katsutil oleva m\u00e4rgini!<\/p>\n\n\n\n<p>Mistahes kliiniliste erijuhtude (nt hematokrit &gt; 0,55) puhul ja s\u00e4ilitamise\/saatmisega seotud k\u00fcsimuste korral tuleb n\u00f5u pidada laboriga.<\/p>\n\n\n\n<p class=\"has-medium-font-size\"><strong>Anal\u00fc\u00fcsi tegemise aeg<\/strong><\/p>\n\n\n\n<p>vWF:\u00f6\u00f6p\u00e4evaringselt<\/p>\n\n\n\n<p>vWF aktiivsus: t\u00f6\u00f6p\u00e4eviti (tulemuse saamise aeg kahe n\u00e4dala jooksul)<\/p>\n\n\n\n<p>vWF multimeerid: 1\u20132 korda kuus<\/p>\n\n\n\n<p class=\"has-medium-font-size\"><strong>Anal\u00fc\u00fcsimeetod<\/strong><\/p>\n\n\n\n<p>vWF, vWF aktiivsus: immuunturbidimeetriline meetod<\/p>\n\n\n\n<p>vWF multimeerid: geelelektroforees<\/p>\n\n\n\n<p class=\"has-medium-font-size\"><strong>Referentsv\u00e4\u00e4rtused<\/strong><\/p>\n\n\n\n<p>vWF:<\/p>\n\n\n\n<figure class=\"wp-block-table\"><table width=\"100%\"><tbody><tr><td width=\"1%\"><\/td><td width=\"30%\"><strong>0 p \u2013 &lt; 3 p<\/strong><\/td><td width=\"69%\">102\u2013158%<\/td><\/tr><tr><td><\/td><td><strong>3 p \u2013 &lt; 1 k<\/strong><\/td><td>96\u2013152%<\/td><\/tr><tr><td><\/td><td><strong>1 k \u2013 &lt; 1 a<\/strong><\/td><td>53\u2013116%<\/td><\/tr><tr><td><\/td><td><strong>1 a \u2013 &lt; 6 a<\/strong><\/td><td>62\u2013109%<\/td><\/tr><tr><td><\/td><td><strong>6 a \u2013 &lt; 11 a<\/strong><\/td><td>74\u2013111%<\/td><\/tr><tr><td><\/td><td><strong>11 a \u2013 &lt; 18 a<\/strong><\/td><td>58\u2013136%<\/td><\/tr><tr><td><\/td><td><strong>\u2265 18 a<\/strong><\/td><td>50\u2013160%<\/td><\/tr><\/tbody><\/table><\/figure>\n\n\n\n<p>vWF aktiivsus:<\/p>\n\n\n\n<figure class=\"wp-block-table\"><table width=\"100%\"><tbody><tr><td width=\"1%\"><\/td><td width=\"30%\"><strong>K\u00f5ik vanusegrupid<\/strong><\/td><td width=\"69%\">48\u2013173%<\/td><\/tr><\/tbody><\/table><\/figure>\n\n\n\n<p>vWF tase ja aktiivsus on 0-veregrupiga inimestel ~30% madalam kui teiste veregruppidega inimestel.<\/p>\n\n\n\n<p>vWF multimeerid: normaalne muster<\/p>\n\n\n\n<p class=\"has-medium-font-size\"><strong>N\u00e4idustus ja kliiniline t\u00e4hendus<\/strong><\/p>\n\n\n\n<p>Veritsuse p\u00f5hjuste v\u00e4ljaselgitamine. Von Willebrandi t\u00f5ve diagnostika ja haiguskulu j\u00e4lgimine. Omandatud von Willebrandi s\u00fcndroomi diagnostika ja haiguskulu j\u00e4lgimine.<\/p>\n\n\n\n<p>vW t\u00f5ve kahtlusel on vajalikud j\u00e4rgmised anal\u00fc\u00fcsid:<\/p>\n\n\n\n<ul class=\"wp-block-list\">\n<li>hemogramm koos leukogrammiga (trombots\u00fc\u00fctide arv) \u2013 reeglina on trombots\u00fc\u00fctide arv vW t\u00f5ve korral normaalne, v.a t\u00fc\u00fcp 2B, mille korral see v\u00f5ib olla ka v\u00e4henenud;<\/li>\n\n\n\n<li>trombots\u00fc\u00fctide funktsiooniuuringud (PFA-Col\/Epi, PFA-Col\/ADP) \u2013 \u00fcldjuhul on nii PFA-Col\/Epi kui PFA-Col\/ADP aeg pikenenud, v.a t\u00fc\u00fcp 2N, mille korral trombots\u00fc\u00fctide funktsioon on korras;<\/li>\n\n\n\n<li>aktiveeritud osalise tromboplastiini aeg (APTT) \u2013 tavaliselt pikenenud, kuid v\u00f5ib j\u00e4\u00e4da ka referentsv\u00e4\u00e4rtuste piiresse;<\/li>\n\n\n\n<li>protrombiini aeg (PT) \u2013 von Willebrandi t\u00f5ve korral normis<\/li>\n\n\n\n<li>vWF tase;<\/li>\n\n\n\n<li>vWF aktiivsus;<\/li>\n\n\n\n<li>VIII faktori tase;<\/li>\n\n\n\n<li>vWF multimeerid (ei kuulu vW t\u00f5ve esmaste uuringute hulka, anal\u00fc\u00fcsi kasutatakse vW t\u00f5ve t\u00fc\u00fcpide eristamiseks ja selle vajalikkuse \u00fcle otsustatakse vWF taseme ja aktiivsuse tulemuste p\u00f5hjal).<\/li>\n<\/ul>\n\n\n\n<p>Tulemuste interpretatsioon<\/p>\n\n\n\n<figure class=\"wp-block-table\"><table width=\"100%\"><tbody><tr><td width=\"1%\"><\/td><td width=\"9%\"><strong>T\u00fc\u00fcp<\/strong><\/td><td width=\"16%\"><strong>vWF<\/strong><\/td><td width=\"16%\"><strong>vWF aktiivsus<\/strong><\/td><td width=\"26%\"><strong>vWF aktiivsuse ja vWF taseme suhe<\/strong><\/td><td width=\"16%\"><strong>VIII faktor<\/strong><\/td><td width=\"16%\"><strong>vWF multimeerid<\/strong><\/td><\/tr><tr><td><\/td><td>1<\/td><td>\u00af<\/td><td>\u00af<\/td><td>N (\u22650,7)<\/td><td>\u00af v\u00f5i N<\/td><td>Normaalne muster<\/td><\/tr><tr><td><\/td><td>2A<\/td><td>\u00af<\/td><td>\u00af\u00af<\/td><td>\u00af (&lt;0,7)<\/td><td>\u00af v\u00f5i N<\/td><td>Patoloogiline muster &nbsp;<\/td><\/tr><tr><td><\/td><td>2B<\/td><td>\u00af<\/td><td>\u00af\u00af<\/td><td>\u00af (&lt;0,7)<\/td><td>\u00af v\u00f5i N<\/td><td>Patoloogiline muster<\/td><\/tr><tr><td><\/td><td>2M<\/td><td>\u00af<\/td><td>\u00af\u00af<\/td><td>\u00af (&lt;0,7)<\/td><td>\u00af v\u00f5i N<\/td><td>Normaalne muster<\/td><\/tr><tr><td><\/td><td>2N<\/td><td>\u00af v\u00f5i N<\/td><td>N<\/td><td>N (\u22650,7)<\/td><td>\u00af\u00af<\/td><td>Normaalne muster<\/td><\/tr><tr><td><\/td><td>3<\/td><td>\u00af\u00af\u00af<\/td><td>\u00af\u00af\u00af<\/td><td>Pole m\u00e4\u00e4ratav<\/td><td>\u00af\u00af<\/td><td>Pole m\u00e4\u00e4ratav<\/td><\/tr><\/tbody><\/table><\/figure>\n\n\n\n<p>Omandatud von Willebrandi s\u00fcndroomile on iseloomulik vWF aktiivsuse ja vWF taseme suhe &lt;0,7 ning k\u00f5rgmolekulaarsete multimeeride osakaalu v\u00e4henemine.<\/p>\n\n\n\n<p>vWF kuulub \u00e4geda faasi valkude hulka. vWF kontsentratsioon plasmas on suurenenud \u00e4gedate ja krooniliste p\u00f5letikuliste seisundite korral, postoperatiivses perioodis, m\u00fcokardiinfarkti, kasvajate, neeru- ja maksahaiguste korral. vWF tase on t\u00f5usnud ka raseduse, oraalsete kontratseptiivide kasutamise, f\u00fc\u00fcsilise koormuse ja stressi korral. Vanusega vWF kontsentratsioon plasmas suureneb. vWF k\u00f5rge tase on tromboosi riskifaktoriks.<\/p>\n\n\n\n<p>Koostaja: Kaja Vaagen<br>Muudetud 12.08.2022<\/p>\n","protected":false},"excerpt":{"rendered":"<p>Kliinilise keemia ja laboratoorse hematoloogia osakond Anal\u00fc\u00fcsid: Von Willebrandi faktor P-vWF Von Willebrandi faktori aktiivsus P-vWF Act Von Willebrandi faktori aktiivsuse suhe P-vWF Act\/P-vWF Von Willebrandi faktori multimeerid (tehakse P\u00f5hja-Eesti Regionaalhaigla laboris) P-vWF multimers Von Willebrandi faktor (vWF) on suure molekulmassiga multimeerne gl\u00fckoproteiin. vWF s\u00fcnteesitakse endoteeli rakkude ja megakar\u00fcots\u00fc\u00fctide poolt, see on tallel veresoonte endoteeli [&hellip;]<\/p>\n","protected":false},"author":38,"featured_media":0,"parent":7274,"menu_order":0,"comment_status":"closed","ping_status":"closed","template":"","meta":{"_uag_custom_page_level_css":"","footnotes":""},"class_list":["post-13921","page","type-page","status-publish","hentry"],"acf":[],"yoast_head":"<!-- This site is optimized with the Yoast SEO plugin v27.3 - https:\/\/yoast.com\/product\/yoast-seo-wordpress\/ -->\n<title>Von Willebrandi t\u00f5ve uuringud - \u00dchendlabor<\/title>\n<meta name=\"robots\" content=\"index, follow, max-snippet:-1, max-image-preview:large, max-video-preview:-1\" \/>\n<link rel=\"canonical\" href=\"https:\/\/www.kliinikum.ee\/yhendlabor\/kasiraamat\/huubimisuuringud\/von-willebrandi-tove-uuringud\/\" \/>\n<meta property=\"og:locale\" content=\"et_EE\" \/>\n<meta property=\"og:type\" content=\"article\" \/>\n<meta property=\"og:title\" content=\"Von Willebrandi t\u00f5ve uuringud - \u00dchendlabor\" \/>\n<meta property=\"og:description\" content=\"Kliinilise keemia ja laboratoorse hematoloogia osakond Anal\u00fc\u00fcsid: Von Willebrandi faktor P-vWF Von Willebrandi faktori aktiivsus P-vWF Act Von Willebrandi faktori aktiivsuse suhe P-vWF Act\/P-vWF Von Willebrandi faktori multimeerid (tehakse P\u00f5hja-Eesti Regionaalhaigla laboris) P-vWF multimers Von Willebrandi faktor (vWF) on suure molekulmassiga multimeerne gl\u00fckoproteiin. vWF s\u00fcnteesitakse endoteeli rakkude ja megakar\u00fcots\u00fc\u00fctide poolt, see on tallel veresoonte endoteeli [&hellip;]\" \/>\n<meta property=\"og:url\" content=\"https:\/\/www.kliinikum.ee\/yhendlabor\/kasiraamat\/huubimisuuringud\/von-willebrandi-tove-uuringud\/\" \/>\n<meta property=\"og:site_name\" content=\"\u00dchendlabor\" \/>\n<meta property=\"article:modified_time\" content=\"2025-11-09T17:46:12+00:00\" \/>\n<meta name=\"twitter:card\" content=\"summary_large_image\" \/>\n<meta name=\"twitter:label1\" content=\"Est. reading time\" \/>\n\t<meta name=\"twitter:data1\" content=\"4 minutit\" \/>\n<script type=\"application\/ld+json\" class=\"yoast-schema-graph\">{\"@context\":\"https:\\\/\\\/schema.org\",\"@graph\":[{\"@type\":\"WebPage\",\"@id\":\"https:\\\/\\\/www.kliinikum.ee\\\/yhendlabor\\\/kasiraamat\\\/huubimisuuringud\\\/von-willebrandi-tove-uuringud\\\/\",\"url\":\"https:\\\/\\\/www.kliinikum.ee\\\/yhendlabor\\\/kasiraamat\\\/huubimisuuringud\\\/von-willebrandi-tove-uuringud\\\/\",\"name\":\"Von Willebrandi t\u00f5ve uuringud - \u00dchendlabor\",\"isPartOf\":{\"@id\":\"https:\\\/\\\/www.kliinikum.ee\\\/yhendlabor\\\/#website\"},\"datePublished\":\"2025-11-09T17:46:07+00:00\",\"dateModified\":\"2025-11-09T17:46:12+00:00\",\"breadcrumb\":{\"@id\":\"https:\\\/\\\/www.kliinikum.ee\\\/yhendlabor\\\/kasiraamat\\\/huubimisuuringud\\\/von-willebrandi-tove-uuringud\\\/#breadcrumb\"},\"inLanguage\":\"et\",\"potentialAction\":[{\"@type\":\"ReadAction\",\"target\":[\"https:\\\/\\\/www.kliinikum.ee\\\/yhendlabor\\\/kasiraamat\\\/huubimisuuringud\\\/von-willebrandi-tove-uuringud\\\/\"]}]},{\"@type\":\"BreadcrumbList\",\"@id\":\"https:\\\/\\\/www.kliinikum.ee\\\/yhendlabor\\\/kasiraamat\\\/huubimisuuringud\\\/von-willebrandi-tove-uuringud\\\/#breadcrumb\",\"itemListElement\":[{\"@type\":\"ListItem\",\"position\":1,\"name\":\"Home\",\"item\":\"https:\\\/\\\/www.kliinikum.ee\\\/yhendlabor\\\/\"},{\"@type\":\"ListItem\",\"position\":2,\"name\":\"K\u00e4siraamat\",\"item\":\"https:\\\/\\\/www.kliinikum.ee\\\/yhendlabor\\\/kasiraamat\\\/\"},{\"@type\":\"ListItem\",\"position\":3,\"name\":\"H\u00fc\u00fcbimisuuringud\",\"item\":\"https:\\\/\\\/www.kliinikum.ee\\\/yhendlabor\\\/kasiraamat\\\/huubimisuuringud\\\/\"},{\"@type\":\"ListItem\",\"position\":4,\"name\":\"Von Willebrandi t\u00f5ve uuringud\"}]},{\"@type\":\"WebSite\",\"@id\":\"https:\\\/\\\/www.kliinikum.ee\\\/yhendlabor\\\/#website\",\"url\":\"https:\\\/\\\/www.kliinikum.ee\\\/yhendlabor\\\/\",\"name\":\"\u00dchendlabor\",\"description\":\"Hoolivus, Uuendusmeelsus, P\u00e4devus ja Usaldusv\u00e4\u00e4rsus\",\"potentialAction\":[{\"@type\":\"SearchAction\",\"target\":{\"@type\":\"EntryPoint\",\"urlTemplate\":\"https:\\\/\\\/www.kliinikum.ee\\\/yhendlabor\\\/?s={search_term_string}\"},\"query-input\":{\"@type\":\"PropertyValueSpecification\",\"valueRequired\":true,\"valueName\":\"search_term_string\"}}],\"inLanguage\":\"et\"}]}<\/script>\n<!-- \/ Yoast SEO plugin. -->","yoast_head_json":{"title":"Von Willebrandi t\u00f5ve uuringud - \u00dchendlabor","robots":{"index":"index","follow":"follow","max-snippet":"max-snippet:-1","max-image-preview":"max-image-preview:large","max-video-preview":"max-video-preview:-1"},"canonical":"https:\/\/www.kliinikum.ee\/yhendlabor\/kasiraamat\/huubimisuuringud\/von-willebrandi-tove-uuringud\/","og_locale":"et_EE","og_type":"article","og_title":"Von Willebrandi t\u00f5ve uuringud - \u00dchendlabor","og_description":"Kliinilise keemia ja laboratoorse hematoloogia osakond Anal\u00fc\u00fcsid: Von Willebrandi faktor P-vWF Von Willebrandi faktori aktiivsus P-vWF Act Von Willebrandi faktori aktiivsuse suhe P-vWF Act\/P-vWF Von Willebrandi faktori multimeerid (tehakse P\u00f5hja-Eesti Regionaalhaigla laboris) P-vWF multimers Von Willebrandi faktor (vWF) on suure molekulmassiga multimeerne gl\u00fckoproteiin. vWF s\u00fcnteesitakse endoteeli rakkude ja megakar\u00fcots\u00fc\u00fctide poolt, see on tallel veresoonte endoteeli [&hellip;]","og_url":"https:\/\/www.kliinikum.ee\/yhendlabor\/kasiraamat\/huubimisuuringud\/von-willebrandi-tove-uuringud\/","og_site_name":"\u00dchendlabor","article_modified_time":"2025-11-09T17:46:12+00:00","twitter_card":"summary_large_image","twitter_misc":{"Est. reading time":"4 minutit"},"schema":{"@context":"https:\/\/schema.org","@graph":[{"@type":"WebPage","@id":"https:\/\/www.kliinikum.ee\/yhendlabor\/kasiraamat\/huubimisuuringud\/von-willebrandi-tove-uuringud\/","url":"https:\/\/www.kliinikum.ee\/yhendlabor\/kasiraamat\/huubimisuuringud\/von-willebrandi-tove-uuringud\/","name":"Von Willebrandi t\u00f5ve uuringud - \u00dchendlabor","isPartOf":{"@id":"https:\/\/www.kliinikum.ee\/yhendlabor\/#website"},"datePublished":"2025-11-09T17:46:07+00:00","dateModified":"2025-11-09T17:46:12+00:00","breadcrumb":{"@id":"https:\/\/www.kliinikum.ee\/yhendlabor\/kasiraamat\/huubimisuuringud\/von-willebrandi-tove-uuringud\/#breadcrumb"},"inLanguage":"et","potentialAction":[{"@type":"ReadAction","target":["https:\/\/www.kliinikum.ee\/yhendlabor\/kasiraamat\/huubimisuuringud\/von-willebrandi-tove-uuringud\/"]}]},{"@type":"BreadcrumbList","@id":"https:\/\/www.kliinikum.ee\/yhendlabor\/kasiraamat\/huubimisuuringud\/von-willebrandi-tove-uuringud\/#breadcrumb","itemListElement":[{"@type":"ListItem","position":1,"name":"Home","item":"https:\/\/www.kliinikum.ee\/yhendlabor\/"},{"@type":"ListItem","position":2,"name":"K\u00e4siraamat","item":"https:\/\/www.kliinikum.ee\/yhendlabor\/kasiraamat\/"},{"@type":"ListItem","position":3,"name":"H\u00fc\u00fcbimisuuringud","item":"https:\/\/www.kliinikum.ee\/yhendlabor\/kasiraamat\/huubimisuuringud\/"},{"@type":"ListItem","position":4,"name":"Von Willebrandi t\u00f5ve uuringud"}]},{"@type":"WebSite","@id":"https:\/\/www.kliinikum.ee\/yhendlabor\/#website","url":"https:\/\/www.kliinikum.ee\/yhendlabor\/","name":"\u00dchendlabor","description":"Hoolivus, Uuendusmeelsus, P\u00e4devus ja Usaldusv\u00e4\u00e4rsus","potentialAction":[{"@type":"SearchAction","target":{"@type":"EntryPoint","urlTemplate":"https:\/\/www.kliinikum.ee\/yhendlabor\/?s={search_term_string}"},"query-input":{"@type":"PropertyValueSpecification","valueRequired":true,"valueName":"search_term_string"}}],"inLanguage":"et"}]}},"uagb_featured_image_src":{"full":false,"thumbnail":false,"medium":false,"medium_large":false,"large":false,"1536x1536":false,"2048x2048":false},"uagb_author_info":{"display_name":"Kadi Siigur","author_link":"https:\/\/www.kliinikum.ee\/yhendlabor\/author\/kadisi\/"},"uagb_comment_info":0,"uagb_excerpt":"Kliinilise keemia ja laboratoorse hematoloogia osakond Anal\u00fc\u00fcsid: Von Willebrandi faktor P-vWF Von Willebrandi faktori aktiivsus P-vWF Act Von Willebrandi faktori aktiivsuse suhe P-vWF Act\/P-vWF Von Willebrandi faktori multimeerid (tehakse P\u00f5hja-Eesti Regionaalhaigla laboris) P-vWF multimers Von Willebrandi faktor (vWF) on suure molekulmassiga multimeerne gl\u00fckoproteiin. vWF s\u00fcnteesitakse endoteeli rakkude ja megakar\u00fcots\u00fc\u00fctide poolt, see on tallel veresoonte endoteeli&hellip;","_links":{"self":[{"href":"https:\/\/www.kliinikum.ee\/yhendlabor\/wp-json\/wp\/v2\/pages\/13921","targetHints":{"allow":["GET"]}}],"collection":[{"href":"https:\/\/www.kliinikum.ee\/yhendlabor\/wp-json\/wp\/v2\/pages"}],"about":[{"href":"https:\/\/www.kliinikum.ee\/yhendlabor\/wp-json\/wp\/v2\/types\/page"}],"author":[{"embeddable":true,"href":"https:\/\/www.kliinikum.ee\/yhendlabor\/wp-json\/wp\/v2\/users\/38"}],"replies":[{"embeddable":true,"href":"https:\/\/www.kliinikum.ee\/yhendlabor\/wp-json\/wp\/v2\/comments?post=13921"}],"version-history":[{"count":0,"href":"https:\/\/www.kliinikum.ee\/yhendlabor\/wp-json\/wp\/v2\/pages\/13921\/revisions"}],"up":[{"embeddable":true,"href":"https:\/\/www.kliinikum.ee\/yhendlabor\/wp-json\/wp\/v2\/pages\/7274"}],"wp:attachment":[{"href":"https:\/\/www.kliinikum.ee\/yhendlabor\/wp-json\/wp\/v2\/media?parent=13921"}],"curies":[{"name":"wp","href":"https:\/\/api.w.org\/{rel}","templated":true}]}}