{"id":15,"date":"2022-11-14T10:00:43","date_gmt":"2022-11-14T10:00:43","guid":{"rendered":"http:\/\/localhost\/?page_id=15"},"modified":"2025-12-15T12:19:34","modified_gmt":"2025-12-15T10:19:34","slug":"patsiendile","status":"publish","type":"page","link":"https:\/\/www.kliinikum.ee\/yhendlabor\/patsiendile\/","title":{"rendered":"Patsiendile"},"content":{"rendered":"\n<p>\u00dchendlaboris saavad patsiendid vereproove anda erinetavates asukohtades olevates <a href=\"https:\/\/www.kliinikum.ee\/yhendlabor\/patsiendile\/laborianaluusi-andmine-kodulahedases-haiglas\/\">verev\u00f5tukabinettides<\/a> \u00fcle Eesti. Teenindame kliinikumi ja kliinikumiga lepingu s\u00f5lminud perearstikeskuste patsiente, kellel on eelnevalt raviarsti poolt tehtud elektroonne anal\u00fc\u00fcside tellimus. <\/p>\n\n\n\n<p>Samas pakume v\u00f5imalust teha tasulisi anal\u00fc\u00fcside ilma arsti saatekirjata.<\/p>\n\n\n\n<p><strong>Tasuliste laboratoorsete uuringute tellimine \u00fchendlaborist.<\/strong><\/p>\n\n\n\n<p>SA Tartu \u00dclikooli Kliinikumi \u00fchendlaboris on v\u00f5imalik anda tasulisi anal\u00fc\u00fcse arsti saatekirjata ja tasuda nende eest vastavalt Tervisekassa hinnakirjale. Tasuliste anal\u00fc\u00fcside tellimiseks palun p\u00f6\u00f6rduge labori verev\u00f5tukabinetti ja andke teada, milliseid anal\u00fc\u00fcse soovite tellida. Teile koostatakse elektroonne tellimus ja arve teenuse kohta. Seej\u00e4rel bioanl\u00fc\u00fctik v\u00f5tab Teilt tellitud vereproovid.<\/p>\n\n\n\n<p><strong>Tasuliste laboratoorsete uuringute verev\u00f5tukabinetid<\/strong><\/p>\n\n\n\n<p><strong>UUS!<\/strong>&nbsp;<strong>Tartu \u00dclikooli Kliinikum,&nbsp;\u00dclemiste City Tervisemaja 2<br><\/strong>Sepapaja 12\/1, Tallinn, ruum 6.044<br>Vastuv\u00f5tuaeg E 11.00\u201315.00&nbsp;ja T\u2013R&nbsp;08.00\u201315.00&nbsp;&nbsp;<\/p>\n\n\n\n<p><strong>Tartu \u00dclikooli Kliinikum<br><\/strong>L. Puusepa 8, Tartu, J-korpus, I korrus, ruum J1177 ja J1178<br>(kabinetti sisenemiseks v\u00f5tke j\u00e4rjekorranumber)<br>Vastuv\u00f5tuaeg E\u2013R 08.00\u201316.00&nbsp;<\/p>\n\n\n\n<p><\/p>\n\n\n\n<p>Anal\u00fc\u00fcside andmiseks aega eelnevalt broneerima ei pea, teenindamine toimub elavas j\u00e4rjekorras. Palun v\u00f5tke kaasa isikut t\u00f5endava dokumendina ID-kaart.<\/p>\n\n\n\n<p>\u00dchendlaboris teostatavate tasuliste anal\u00fc\u00fcside &nbsp;<a href=\"https:\/\/www.kliinikum.ee\/yhendlabor\/patsiendile\/tasulised-analuusid\/\" target=\"_blank\" rel=\"noreferrer noopener\">nime- ja hinnakiri<\/a><\/p>\n\n\n\n<p><strong>Proovimaterjalide andmine<\/strong><\/p>\n\n\n\n<p><strong>Uriini- ja roojaproovi<\/strong> kogumiseks vajaliku eelkoodistatud proovin\u00f5u saate \u00fchendlabori verev\u00f5tukabinettidest, samas &nbsp;koostatakse Teile elektroonne tellimus ja arve teenuse kohta.<\/p>\n\n\n\n<p><strong>UUS!<\/strong>&nbsp;<strong>Tartu \u00dclikooli Kliinikum,&nbsp;\u00dclemiste City Tervisemaja 2<br><\/strong>Sepapaja 12\/1, Tallinn, ruum 6.044<br>Vastuv\u00f5tuaeg E 11.00\u201315.00&nbsp;ja T\u2013R&nbsp;08.00\u201315.00&nbsp;&nbsp;<\/p>\n\n\n\n<p><strong>Tartu \u00dclikooli Kliinikum<br><\/strong>L. Puusepa 8, Tartu, J-korpus, I korrus, ruum J1177 ja J1178<br>(kabinetti sisenemiseks v\u00f5tke j\u00e4rjekorranumber)<br>Vastuv\u00f5tuaeg E\u2013R 08.00\u201316.00&nbsp;<\/p>\n\n\n\n<p>Kogutud proovimaterjal(id) tuua tagasi anal\u00fc\u00fcside vastuv\u00f5tu ja logistika osakonda J2114, J korpus II korrus v\u00f5i kabinetti, kus tasusite anal\u00fc\u00fcsi eest. Proovin\u00f5ule kirjutada peale prooviv\u00f5tu kellaaeg v\u00f5i informeerida prooviv\u00f5tu ajast laborit\u00f6\u00f6tajat. Vastuv\u00f5tuaeg: E\u2013R, kell 08:00 \u2013 16:00.<\/p>\n\n\n\n<p><strong>Anal\u00fc\u00fcside eest tasumine<\/strong><\/p>\n\n\n\n<p>K\u00f5ikide soovitud laboriuuringute eest tasumine toimub kaardimaksena verev\u00f5tukabinetis vahetult p\u00e4rast anal\u00fc\u00fcside tellimist (k.a uriin, roe).<\/p>\n\n\n\n<p><strong>Laboriuuringute tulemused<\/strong> saadetakse&nbsp;Patsiendiportaali&nbsp;<a href=\"http:\/\/www.digilugu.ee\/\" target=\"_blank\" rel=\"noreferrer noopener\">www.digilugu.ee<\/a> v\u00f5i tulete ise pabervastusele j\u00e4rele anal\u00fc\u00fcside vastuv\u00f5tu ja logistika osakonda J2114, L. Puusepa 8, Tartu, saades pabervastuse k\u00e4tte ID-kaarti etten\u00e4itamisel.<\/p>\n\n\n\n<p>Prooviv\u00f5tujuhised leiate rubriigist prooviv\u00f5tu juhendid. &nbsp;Palun tutvuge eelnevalt proovimaterjalide andmise juhenditega, kuna anal\u00fc\u00fcside tulemuste korrektsus s\u00f5ltub otseselt sellest, kuidas proovimaterjali v\u00f5tmiseks valmistutakse.<\/p>\n\n\n\n<figure class=\"wp-block-gallery has-nested-images columns-default is-cropped wp-block-gallery-1 is-layout-flex wp-block-gallery-is-layout-flex\">\n<figure class=\"wp-block-image size-large\"><img loading=\"lazy\" decoding=\"async\" width=\"1024\" height=\"683\" data-id=\"6515\" src=\"https:\/\/www.kliinikum.ee\/yhendlabor\/wp-content\/uploads\/2023\/05\/IMG_6746-1024x683.jpg\" alt=\"\" class=\"wp-image-6515\" srcset=\"https:\/\/www.kliinikum.ee\/yhendlabor\/wp-content\/uploads\/2023\/05\/IMG_6746-1024x683.jpg 1024w, https:\/\/www.kliinikum.ee\/yhendlabor\/wp-content\/uploads\/2023\/05\/IMG_6746-300x200.jpg 300w, https:\/\/www.kliinikum.ee\/yhendlabor\/wp-content\/uploads\/2023\/05\/IMG_6746-768x512.jpg 768w, https:\/\/www.kliinikum.ee\/yhendlabor\/wp-content\/uploads\/2023\/05\/IMG_6746-1536x1024.jpg 1536w, https:\/\/www.kliinikum.ee\/yhendlabor\/wp-content\/uploads\/2023\/05\/IMG_6746-2048x1365.jpg 2048w, https:\/\/www.kliinikum.ee\/yhendlabor\/wp-content\/uploads\/2023\/05\/IMG_6746-scaled.jpg 2560w\" sizes=\"auto, (max-width: 1024px) 100vw, 1024px\" \/><\/figure>\n\n\n\n<figure class=\"wp-block-image size-large\"><img loading=\"lazy\" decoding=\"async\" width=\"1024\" height=\"683\" data-id=\"6511\" src=\"https:\/\/www.kliinikum.ee\/yhendlabor\/wp-content\/uploads\/2023\/05\/IMG_6716-1024x683.jpg\" alt=\"\" class=\"wp-image-6511\" srcset=\"https:\/\/www.kliinikum.ee\/yhendlabor\/wp-content\/uploads\/2023\/05\/IMG_6716-1024x683.jpg 1024w, https:\/\/www.kliinikum.ee\/yhendlabor\/wp-content\/uploads\/2023\/05\/IMG_6716-300x200.jpg 300w, https:\/\/www.kliinikum.ee\/yhendlabor\/wp-content\/uploads\/2023\/05\/IMG_6716-768x512.jpg 768w, https:\/\/www.kliinikum.ee\/yhendlabor\/wp-content\/uploads\/2023\/05\/IMG_6716-1536x1024.jpg 1536w, https:\/\/www.kliinikum.ee\/yhendlabor\/wp-content\/uploads\/2023\/05\/IMG_6716-2048x1365.jpg 2048w, https:\/\/www.kliinikum.ee\/yhendlabor\/wp-content\/uploads\/2023\/05\/IMG_6716-scaled.jpg 2560w\" sizes=\"auto, (max-width: 1024px) 100vw, 1024px\" \/><\/figure>\n\n\n\n<figure class=\"wp-block-image size-large\"><img loading=\"lazy\" decoding=\"async\" width=\"1024\" height=\"683\" data-id=\"6508\" src=\"https:\/\/www.kliinikum.ee\/yhendlabor\/wp-content\/uploads\/2023\/05\/IMG_6713-1-1024x683.jpg\" alt=\"\" class=\"wp-image-6508\" srcset=\"https:\/\/www.kliinikum.ee\/yhendlabor\/wp-content\/uploads\/2023\/05\/IMG_6713-1-1024x683.jpg 1024w, https:\/\/www.kliinikum.ee\/yhendlabor\/wp-content\/uploads\/2023\/05\/IMG_6713-1-300x200.jpg 300w, https:\/\/www.kliinikum.ee\/yhendlabor\/wp-content\/uploads\/2023\/05\/IMG_6713-1-768x512.jpg 768w, https:\/\/www.kliinikum.ee\/yhendlabor\/wp-content\/uploads\/2023\/05\/IMG_6713-1-1536x1024.jpg 1536w, https:\/\/www.kliinikum.ee\/yhendlabor\/wp-content\/uploads\/2023\/05\/IMG_6713-1-2048x1365.jpg 2048w, https:\/\/www.kliinikum.ee\/yhendlabor\/wp-content\/uploads\/2023\/05\/IMG_6713-1-scaled.jpg 2560w\" sizes=\"auto, (max-width: 1024px) 100vw, 1024px\" \/><\/figure>\n<\/figure>\n","protected":false},"excerpt":{"rendered":"<p>\u00dchendlaboris saavad patsiendid vereproove anda erinetavates asukohtades olevates verev\u00f5tukabinettides \u00fcle Eesti. Teenindame kliinikumi ja kliinikumiga lepingu s\u00f5lminud perearstikeskuste patsiente, kellel on eelnevalt raviarsti poolt tehtud elektroonne anal\u00fc\u00fcside tellimus. Samas pakume v\u00f5imalust teha tasulisi anal\u00fc\u00fcside ilma arsti saatekirjata. Tasuliste laboratoorsete uuringute tellimine \u00fchendlaborist. SA Tartu \u00dclikooli Kliinikumi \u00fchendlaboris on v\u00f5imalik anda tasulisi anal\u00fc\u00fcse arsti saatekirjata ja [&hellip;]<\/p>\n","protected":false},"author":35,"featured_media":0,"parent":0,"menu_order":0,"comment_status":"closed","ping_status":"closed","template":"","meta":{"_uag_custom_page_level_css":"","footnotes":""},"class_list":["post-15","page","type-page","status-publish","hentry"],"acf":[],"yoast_head":"<!-- This site is optimized with the Yoast SEO plugin v27.3 - https:\/\/yoast.com\/product\/yoast-seo-wordpress\/ -->\n<title>Patsiendile - \u00dchendlabor<\/title>\n<meta name=\"robots\" content=\"index, follow, max-snippet:-1, max-image-preview:large, max-video-preview:-1\" \/>\n<link rel=\"canonical\" href=\"https:\/\/www.kliinikum.ee\/yhendlabor\/patsiendile\/\" \/>\n<meta property=\"og:locale\" content=\"et_EE\" \/>\n<meta property=\"og:type\" content=\"article\" \/>\n<meta property=\"og:title\" content=\"Patsiendile - \u00dchendlabor\" \/>\n<meta property=\"og:description\" content=\"\u00dchendlaboris saavad patsiendid vereproove anda erinetavates asukohtades olevates verev\u00f5tukabinettides \u00fcle Eesti. Teenindame kliinikumi ja kliinikumiga lepingu s\u00f5lminud perearstikeskuste patsiente, kellel on eelnevalt raviarsti poolt tehtud elektroonne anal\u00fc\u00fcside tellimus. Samas pakume v\u00f5imalust teha tasulisi anal\u00fc\u00fcside ilma arsti saatekirjata. Tasuliste laboratoorsete uuringute tellimine \u00fchendlaborist. SA Tartu \u00dclikooli Kliinikumi \u00fchendlaboris on v\u00f5imalik anda tasulisi anal\u00fc\u00fcse arsti saatekirjata ja [&hellip;]\" \/>\n<meta property=\"og:url\" content=\"https:\/\/www.kliinikum.ee\/yhendlabor\/patsiendile\/\" \/>\n<meta property=\"og:site_name\" content=\"\u00dchendlabor\" \/>\n<meta property=\"article:modified_time\" content=\"2025-12-15T10:19:34+00:00\" \/>\n<meta property=\"og:image\" content=\"https:\/\/www.kliinikum.ee\/yhendlabor\/wp-content\/uploads\/2023\/05\/IMG_6746-scaled.jpg\" \/>\n\t<meta property=\"og:image:width\" content=\"2560\" \/>\n\t<meta property=\"og:image:height\" content=\"1706\" \/>\n\t<meta property=\"og:image:type\" content=\"image\/jpeg\" \/>\n<meta name=\"twitter:card\" content=\"summary_large_image\" \/>\n<meta name=\"twitter:label1\" content=\"Est. reading time\" \/>\n\t<meta name=\"twitter:data1\" content=\"3 minutit\" \/>\n<script type=\"application\/ld+json\" class=\"yoast-schema-graph\">{\"@context\":\"https:\\\/\\\/schema.org\",\"@graph\":[{\"@type\":\"WebPage\",\"@id\":\"https:\\\/\\\/www.kliinikum.ee\\\/yhendlabor\\\/patsiendile\\\/\",\"url\":\"https:\\\/\\\/www.kliinikum.ee\\\/yhendlabor\\\/patsiendile\\\/\",\"name\":\"Patsiendile - \u00dchendlabor\",\"isPartOf\":{\"@id\":\"https:\\\/\\\/www.kliinikum.ee\\\/yhendlabor\\\/#website\"},\"primaryImageOfPage\":{\"@id\":\"https:\\\/\\\/www.kliinikum.ee\\\/yhendlabor\\\/patsiendile\\\/#primaryimage\"},\"image\":{\"@id\":\"https:\\\/\\\/www.kliinikum.ee\\\/yhendlabor\\\/patsiendile\\\/#primaryimage\"},\"thumbnailUrl\":\"https:\\\/\\\/www.kliinikum.ee\\\/yhendlabor\\\/wp-content\\\/uploads\\\/2023\\\/05\\\/IMG_6746-1024x683.jpg\",\"datePublished\":\"2022-11-14T10:00:43+00:00\",\"dateModified\":\"2025-12-15T10:19:34+00:00\",\"breadcrumb\":{\"@id\":\"https:\\\/\\\/www.kliinikum.ee\\\/yhendlabor\\\/patsiendile\\\/#breadcrumb\"},\"inLanguage\":\"et\",\"potentialAction\":[{\"@type\":\"ReadAction\",\"target\":[\"https:\\\/\\\/www.kliinikum.ee\\\/yhendlabor\\\/patsiendile\\\/\"]}]},{\"@type\":\"ImageObject\",\"inLanguage\":\"et\",\"@id\":\"https:\\\/\\\/www.kliinikum.ee\\\/yhendlabor\\\/patsiendile\\\/#primaryimage\",\"url\":\"https:\\\/\\\/www.kliinikum.ee\\\/yhendlabor\\\/wp-content\\\/uploads\\\/2023\\\/05\\\/IMG_6746-scaled.jpg\",\"contentUrl\":\"https:\\\/\\\/www.kliinikum.ee\\\/yhendlabor\\\/wp-content\\\/uploads\\\/2023\\\/05\\\/IMG_6746-scaled.jpg\",\"width\":2560,\"height\":1706,\"caption\":\"Proovide vastuv\u00f5tt L. Puusepa 8, \u00fchendlabor\"},{\"@type\":\"BreadcrumbList\",\"@id\":\"https:\\\/\\\/www.kliinikum.ee\\\/yhendlabor\\\/patsiendile\\\/#breadcrumb\",\"itemListElement\":[{\"@type\":\"ListItem\",\"position\":1,\"name\":\"Home\",\"item\":\"https:\\\/\\\/www.kliinikum.ee\\\/yhendlabor\\\/\"},{\"@type\":\"ListItem\",\"position\":2,\"name\":\"Patsiendile\"}]},{\"@type\":\"WebSite\",\"@id\":\"https:\\\/\\\/www.kliinikum.ee\\\/yhendlabor\\\/#website\",\"url\":\"https:\\\/\\\/www.kliinikum.ee\\\/yhendlabor\\\/\",\"name\":\"\u00dchendlabor\",\"description\":\"Hoolivus, Uuendusmeelsus, P\u00e4devus ja Usaldusv\u00e4\u00e4rsus\",\"potentialAction\":[{\"@type\":\"SearchAction\",\"target\":{\"@type\":\"EntryPoint\",\"urlTemplate\":\"https:\\\/\\\/www.kliinikum.ee\\\/yhendlabor\\\/?s={search_term_string}\"},\"query-input\":{\"@type\":\"PropertyValueSpecification\",\"valueRequired\":true,\"valueName\":\"search_term_string\"}}],\"inLanguage\":\"et\"}]}<\/script>\n<!-- \/ Yoast SEO plugin. -->","yoast_head_json":{"title":"Patsiendile - \u00dchendlabor","robots":{"index":"index","follow":"follow","max-snippet":"max-snippet:-1","max-image-preview":"max-image-preview:large","max-video-preview":"max-video-preview:-1"},"canonical":"https:\/\/www.kliinikum.ee\/yhendlabor\/patsiendile\/","og_locale":"et_EE","og_type":"article","og_title":"Patsiendile - \u00dchendlabor","og_description":"\u00dchendlaboris saavad patsiendid vereproove anda erinetavates asukohtades olevates verev\u00f5tukabinettides \u00fcle Eesti. Teenindame kliinikumi ja kliinikumiga lepingu s\u00f5lminud perearstikeskuste patsiente, kellel on eelnevalt raviarsti poolt tehtud elektroonne anal\u00fc\u00fcside tellimus. Samas pakume v\u00f5imalust teha tasulisi anal\u00fc\u00fcside ilma arsti saatekirjata. Tasuliste laboratoorsete uuringute tellimine \u00fchendlaborist. SA Tartu \u00dclikooli Kliinikumi \u00fchendlaboris on v\u00f5imalik anda tasulisi anal\u00fc\u00fcse arsti saatekirjata ja [&hellip;]","og_url":"https:\/\/www.kliinikum.ee\/yhendlabor\/patsiendile\/","og_site_name":"\u00dchendlabor","article_modified_time":"2025-12-15T10:19:34+00:00","og_image":[{"width":2560,"height":1706,"url":"https:\/\/www.kliinikum.ee\/yhendlabor\/wp-content\/uploads\/2023\/05\/IMG_6746-scaled.jpg","type":"image\/jpeg"}],"twitter_card":"summary_large_image","twitter_misc":{"Est. reading time":"3 minutit"},"schema":{"@context":"https:\/\/schema.org","@graph":[{"@type":"WebPage","@id":"https:\/\/www.kliinikum.ee\/yhendlabor\/patsiendile\/","url":"https:\/\/www.kliinikum.ee\/yhendlabor\/patsiendile\/","name":"Patsiendile - \u00dchendlabor","isPartOf":{"@id":"https:\/\/www.kliinikum.ee\/yhendlabor\/#website"},"primaryImageOfPage":{"@id":"https:\/\/www.kliinikum.ee\/yhendlabor\/patsiendile\/#primaryimage"},"image":{"@id":"https:\/\/www.kliinikum.ee\/yhendlabor\/patsiendile\/#primaryimage"},"thumbnailUrl":"https:\/\/www.kliinikum.ee\/yhendlabor\/wp-content\/uploads\/2023\/05\/IMG_6746-1024x683.jpg","datePublished":"2022-11-14T10:00:43+00:00","dateModified":"2025-12-15T10:19:34+00:00","breadcrumb":{"@id":"https:\/\/www.kliinikum.ee\/yhendlabor\/patsiendile\/#breadcrumb"},"inLanguage":"et","potentialAction":[{"@type":"ReadAction","target":["https:\/\/www.kliinikum.ee\/yhendlabor\/patsiendile\/"]}]},{"@type":"ImageObject","inLanguage":"et","@id":"https:\/\/www.kliinikum.ee\/yhendlabor\/patsiendile\/#primaryimage","url":"https:\/\/www.kliinikum.ee\/yhendlabor\/wp-content\/uploads\/2023\/05\/IMG_6746-scaled.jpg","contentUrl":"https:\/\/www.kliinikum.ee\/yhendlabor\/wp-content\/uploads\/2023\/05\/IMG_6746-scaled.jpg","width":2560,"height":1706,"caption":"Proovide vastuv\u00f5tt L. Puusepa 8, \u00fchendlabor"},{"@type":"BreadcrumbList","@id":"https:\/\/www.kliinikum.ee\/yhendlabor\/patsiendile\/#breadcrumb","itemListElement":[{"@type":"ListItem","position":1,"name":"Home","item":"https:\/\/www.kliinikum.ee\/yhendlabor\/"},{"@type":"ListItem","position":2,"name":"Patsiendile"}]},{"@type":"WebSite","@id":"https:\/\/www.kliinikum.ee\/yhendlabor\/#website","url":"https:\/\/www.kliinikum.ee\/yhendlabor\/","name":"\u00dchendlabor","description":"Hoolivus, Uuendusmeelsus, P\u00e4devus ja Usaldusv\u00e4\u00e4rsus","potentialAction":[{"@type":"SearchAction","target":{"@type":"EntryPoint","urlTemplate":"https:\/\/www.kliinikum.ee\/yhendlabor\/?s={search_term_string}"},"query-input":{"@type":"PropertyValueSpecification","valueRequired":true,"valueName":"search_term_string"}}],"inLanguage":"et"}]}},"uagb_featured_image_src":{"full":false,"thumbnail":false,"medium":false,"medium_large":false,"large":false,"1536x1536":false,"2048x2048":false},"uagb_author_info":{"display_name":"erkky","author_link":"https:\/\/www.kliinikum.ee\/yhendlabor\/author\/erkky\/"},"uagb_comment_info":0,"uagb_excerpt":"\u00dchendlaboris saavad patsiendid vereproove anda erinetavates asukohtades olevates verev\u00f5tukabinettides \u00fcle Eesti. Teenindame kliinikumi ja kliinikumiga lepingu s\u00f5lminud perearstikeskuste patsiente, kellel on eelnevalt raviarsti poolt tehtud elektroonne anal\u00fc\u00fcside tellimus. Samas pakume v\u00f5imalust teha tasulisi anal\u00fc\u00fcside ilma arsti saatekirjata. Tasuliste laboratoorsete uuringute tellimine \u00fchendlaborist. SA Tartu \u00dclikooli Kliinikumi \u00fchendlaboris on v\u00f5imalik anda tasulisi anal\u00fc\u00fcse arsti saatekirjata ja&hellip;","_links":{"self":[{"href":"https:\/\/www.kliinikum.ee\/yhendlabor\/wp-json\/wp\/v2\/pages\/15","targetHints":{"allow":["GET"]}}],"collection":[{"href":"https:\/\/www.kliinikum.ee\/yhendlabor\/wp-json\/wp\/v2\/pages"}],"about":[{"href":"https:\/\/www.kliinikum.ee\/yhendlabor\/wp-json\/wp\/v2\/types\/page"}],"author":[{"embeddable":true,"href":"https:\/\/www.kliinikum.ee\/yhendlabor\/wp-json\/wp\/v2\/users\/35"}],"replies":[{"embeddable":true,"href":"https:\/\/www.kliinikum.ee\/yhendlabor\/wp-json\/wp\/v2\/comments?post=15"}],"version-history":[{"count":0,"href":"https:\/\/www.kliinikum.ee\/yhendlabor\/wp-json\/wp\/v2\/pages\/15\/revisions"}],"wp:attachment":[{"href":"https:\/\/www.kliinikum.ee\/yhendlabor\/wp-json\/wp\/v2\/media?parent=15"}],"curies":[{"name":"wp","href":"https:\/\/api.w.org\/{rel}","templated":true}]}}