{"id":15462,"date":"2026-03-12T13:04:48","date_gmt":"2026-03-12T11:04:48","guid":{"rendered":"https:\/\/www.kliinikum.ee\/yhendlabor\/?page_id=15462"},"modified":"2026-03-12T15:14:39","modified_gmt":"2026-03-12T13:14:39","slug":"genoomi-sekveneerimine-ngs","status":"publish","type":"page","link":"https:\/\/www.kliinikum.ee\/yhendlabor\/kasiraamat\/parilike-haiguste-ja-riskialleelide-uuringud\/genoomi-sekveneerimine-ngs\/","title":{"rendered":"Genoomi sekveneerimine (NGS)"},"content":{"rendered":"\n<p><strong><em>Geneetika ja personaalmeditsiini kliinik, laboratoorse geneetika osakond, molekulaardiagnostika labor, tel. 731 9487<\/em><\/strong><\/p>\n\n\n\n<p><a href=\"http:\/\/www.kliinikum.ee\/geneetikakeskus\"><strong>www.kliinikum.ee\/geneetika<\/strong><\/a><\/p>\n\n\n\n<p>Kuna paljud geneetilised haigused on geneetiliselt heterogeensed (v\u00f5ivad olla p\u00f5hjustatud v\u00e4ga paljude erinevate geenide muutustest) v\u00f5i mittespetsiifilise s\u00fcmptomaatikaga, v\u00f5ivad spetsiifilised \u00fche geeni v\u00f5i geenipaneeli anal\u00fc\u00fcsid osutuda ebaotstarbekaks. Samuti esineb juhtumeid, kus p\u00e4riliku haiguse kahtlusega patsiendil ei ole spetsiifilised geenitestid andnud diagnostilist vastust. Selliste haiguste puhul on v\u00f5imalik geneetilise anal\u00fc\u00fcsina teostada kogu genoomi sekveneerimine ehk kogu DNA j\u00e4rjestamine.<\/p>\n\n\n\n<p>Anal\u00fc\u00fcsi saab teostada kas ainult patsiendile v\u00f5i korraga patsiendile ja tema vanematele (trio genoomi sekveneerimine). Trio-anal\u00fc\u00fcs v\u00f5imaldab efektiivsemalt leida haiguse p\u00f5hjusi eelk\u00f5ige vaimse arengu mahaj\u00e4\u00e4muse, autismi ja teiste haigusgruppide puhul, kus p\u00f5hjuslike tegurite hulgas on suur uusmutatsioonide (<em>de novo<\/em> mutatsioonide) osakaal. Vastavalt kehtivale tervishoiuteenuste loetelule saab kogu genoomi sekveneerimist diagnostilise uuringuna teha ebaselge etioloogiaga haiguste ja s\u00fcndroomide puhul. On n\u00f5utud, et uuringu otsuse on teinud ekspertkomisjon, kuhu kuuluvad raviarst ja meditsiinigeneetik. Ekspertkomisjoni otsuse vorm on leitav geneetika ja personaalmeditsiini kliiniku kodulehelt genoomi sekveneerimise saatelehtede juurest.<\/p>\n\n\n\n<p>Genoomi sekveneerimise (ingl k <em>whole genome sequencing<\/em>, WGS) diagnostiline tundlikkus kliinilises geneetikas on t\u00e4nap\u00e4eval keskmiselt 30\u201340% (PMID: 40022598), s\u00f5ltudes patsiendir\u00fchmast, fenot\u00fc\u00fcbi keerukusest ja kasutatavast anal\u00fc\u00fcsistrateegiast. See t\u00e4hendab, et diagnoos leitakse ligikaudu kolmandikul patsientidest. WGS v\u00f5imaldab tuvastada punktmutatsioone ning v\u00e4ikeseid insertsioone ja deletsioone (indeleid), tavaliselt kuni m\u00f5nek\u00fcmne aluspaari ulatuses. Suuremate indelite ning eksonite v\u00f5i tervete geenide deletsioonide ja duplikatsioonide tuvastamise sensitiivsus on madalam. Lisaks v\u00f5ib WGS anda vihjeid ka suuremate struktuursete muutuste kohta, n\u00e4iteks kromosomaalsete aberratsioonide (trisoomiad, translokatsioonid), \u00fcksikute eksonite koopiaarvumuutuste ning kordusj\u00e4rjestuste laienemistest p\u00f5hjustatud haiguste (nt fragiilse X s\u00fcndroom, Huntingtoni t\u00f5bi) kohta. Samuti v\u00f5ib anal\u00fc\u00fcs osutada v\u00f5imalikele muutustele regulatoorsetes piirkondades, mis asuvad v\u00e4ljaspool eksoneid, kuigi nende t\u00e4pne t\u00f5lgendamine on sageli keeruline.<\/p>\n\n\n\n<p>Kuna uuritakse k\u00f5iki geene, on v\u00e4ike v\u00f5imalus, et leitakse muutusi, mis ei ole seotud anal\u00fc\u00fcsi n\u00e4idustuseks olnud seisundiga, kuid mis v\u00f5ivad omada olulist m\u00f5ju patsiendi ja\/v\u00f5i pereliikmete tervisele (nt pahaloomuliste kasvajate riski p\u00f5hjustav geenimuutus). Selliseid leide nimetatakse juhuleidudeks ja need edastatakse raviarstile ainult juhul, kui need esinevad rahvusvaheliselt kokkulepitud juhuleidude nimekirjas, mille on kinnitanud Ameerika Meditsiinigeneetika ja Genoomika Kolleegium (ACMG). ACMG v3.3 nimekiri sisaldab 84 geeni, mille muutusi seostatakse oluliste p\u00e4rilike terviseriskidega ja mille avaldumist on v\u00f5imalik j\u00e4lgimise v\u00f5i raviga v\u00e4hendada (nt p\u00e4rilikud v\u00e4his\u00fcndroomid, kardiom\u00fcopaatiad, r\u00fctmih\u00e4ired jne). Samuti tuvastab trio-anal\u00fc\u00fcs selle, kui anal\u00fc\u00fcsile suunatud proovi puhul pole tegu lapse bioloogilise isa v\u00f5i emaga.<\/p>\n\n\n\n<p>Eelnevalt kirjeldatud asjaolude t\u00f5ttu on tingimata vajalik patsiendi vanemate hoolikas uuringueelne n\u00f5ustamine ja spetsiaalsete n\u00f5usolekuvormide allkirjastamine. NB! Kui tehakse trio-anal\u00fc\u00fcs, on vajalik allkirjastada n\u00f5usolek m\u00f5lema vanema poolt.<\/p>\n\n\n\n<p>K\u00f5ik dokumendivormid ja lisamaterjalid on leitavad aadressilt <a href=\"https:\/\/www.kliinikum.ee\/geneetika\/kolleegile\/tellimislehed\/genoomi-sekveneerimine-ja-interpretatsioon\/\">https:\/\/www.kliinikum.ee\/geneetika\/kolleegile\/tellimislehed\/genoomi-sekveneerimine-ja-interpretatsioon\/<\/a><\/p>\n\n\n\n<p class=\"has-medium-font-size\"><strong>Uuritav materjal, selle v\u00f5tmine, saatmine ja s\u00e4ilitamine<\/strong><\/p>\n\n\n\n<p>Kui ei ole v\u00f5imalik teha elektroonset tellimust, tuleb anal\u00fc\u00fcsi tellimisel koos proovimaterjaliga molekulaardiagnostika laborisse saata ka j\u00e4rgnevad dokumendid:<\/p>\n\n\n\n<ul class=\"wp-block-list\">\n<li>saatekiri \u2013 Kogu genoomi sekveneerimine<\/li>\n\n\n\n<li>t\u00e4idetud kliinilise info leht koos patsiendi geneetilise sugupuuga<\/li>\n<\/ul>\n\n\n\n<p>Allkirjastatud n\u00f5usolek ja ekspertkomisjoni otsus s\u00e4ilitada haigusloos.<\/p>\n\n\n\n<figure class=\"wp-block-table is-style-stripes\"><table width=\"100%\"><tbody><tr><td width=\"1%\"><\/td><td width=\"15%\"><strong>Proovin\u00f5u<\/strong><\/td><td width=\"84%\">Veri: K2E\/K3E-katsuti (lilla kork) Koet\u00fckid: steriilne katsuti (1,5 mL v\u00f5i suurem)<\/td><\/tr><tr><td><\/td><td><strong>Anal\u00fc\u00fcsitav kogus<\/strong><\/td><td>4\u201310 mL (t\u00e4iskasvanud) 2\u20135 mL (lapsed)<\/td><\/tr><tr><td><\/td><td><strong>S\u00e4ilivus<\/strong><\/td><td>Veri +4 \u00b0C \u00fcks n\u00e4dal. NB! Mitte k\u00fclmutada!<\/td><\/tr><\/tbody><\/table><\/figure>\n\n\n\n<p>Teiste uuringumaterjalide osas konsulteerida molekulaardiagnostika laboriga, tel. 731 9488 v\u00f5i 731 9487.<\/p>\n\n\n\n<p class=\"has-medium-font-size\"><strong>Anal\u00fc\u00fcsi tegemise aeg: <\/strong>t\u00f6\u00f6p\u00e4eviti, anal\u00fc\u00fcsi valmimisaeg kuni 6 kuud alates laborisse saabumise kuup\u00e4evast<\/p>\n\n\n\n<p class=\"has-medium-font-size\"><strong>Anal\u00fc\u00fcsimeetodid: <\/strong>j\u00e4rgmise p\u00f5lvkonna sekveneerimistehnoloogia (<em>next generation sequencing \u2013 <\/em>NGS), Illumina<\/p>\n\n\n\n<p class=\"has-medium-font-size\"><strong>Vastuse vorm<\/strong><\/p>\n\n\n\n<p>Haigusp\u00f5hjusliku muutuse tuvastamisel genot\u00fc\u00fcp ja interpretatsioon.<\/p>\n\n\n\n<p class=\"has-medium-font-size\"><strong>N\u00e4idustus<\/strong><\/p>\n\n\n\n<ul class=\"wp-block-list\">\n<li>Patsiendi s\u00fcmptomid ja suguv\u00f5sa anamnees viitavad geneetilisele haigusele, mille jaoks ei ole olemas spetsiifilist geenitesti \u00fche kindla geeni v\u00f5i geenide paneeli anal\u00fc\u00fcsiks.<\/li>\n\n\n\n<li>Patsiendi kliiniline pilt vastab geneetilisele haigusele v\u00f5i haigusr\u00fchmale, millele on iseloomulik suur geneetiline heterogeensus (kahtlustatud haigus v\u00f5ib olla p\u00f5hjustatud mitmete v\u00f5i ka mitmek\u00fcmnete geenide mutatsioonidest)<\/li>\n\n\n\n<li>Patsiendil esineb t\u00f5en\u00e4oliselt geneetiline haigus, kuid spetsiifiliste geenitestidega ei ole haigusp\u00f5hjuslikku mutatsiooni leitud.<\/li>\n<\/ul>\n\n\n\n<p>Koostajad: Mikk Tooming, Sander Pajusalu, Hanno Roomere, Agnes Kala<\/p>\n\n\n\n<p>Koostatud 09.03.2026<\/p>\n\n\n\n<p><\/p>\n","protected":false},"excerpt":{"rendered":"<p>Geneetika ja personaalmeditsiini kliinik, laboratoorse geneetika osakond, molekulaardiagnostika labor, tel. 731 9487 www.kliinikum.ee\/geneetika Kuna paljud geneetilised haigused on geneetiliselt heterogeensed (v\u00f5ivad olla p\u00f5hjustatud v\u00e4ga paljude erinevate geenide muutustest) v\u00f5i mittespetsiifilise s\u00fcmptomaatikaga, v\u00f5ivad spetsiifilised \u00fche geeni v\u00f5i geenipaneeli anal\u00fc\u00fcsid osutuda ebaotstarbekaks. Samuti esineb juhtumeid, kus p\u00e4riliku haiguse kahtlusega patsiendil ei ole spetsiifilised geenitestid andnud diagnostilist vastust. [&hellip;]<\/p>\n","protected":false},"author":31,"featured_media":0,"parent":7298,"menu_order":0,"comment_status":"closed","ping_status":"closed","template":"","meta":{"_uag_custom_page_level_css":"","footnotes":""},"class_list":["post-15462","page","type-page","status-publish","hentry"],"acf":[],"yoast_head":"<!-- This site is optimized with the Yoast SEO plugin v27.3 - https:\/\/yoast.com\/product\/yoast-seo-wordpress\/ -->\n<title>Genoomi sekveneerimine (NGS) - \u00dchendlabor<\/title>\n<meta name=\"robots\" content=\"index, follow, max-snippet:-1, max-image-preview:large, max-video-preview:-1\" \/>\n<link rel=\"canonical\" href=\"https:\/\/www.kliinikum.ee\/yhendlabor\/kasiraamat\/parilike-haiguste-ja-riskialleelide-uuringud\/genoomi-sekveneerimine-ngs\/\" \/>\n<meta property=\"og:locale\" content=\"et_EE\" \/>\n<meta property=\"og:type\" content=\"article\" \/>\n<meta property=\"og:title\" content=\"Genoomi sekveneerimine (NGS) - \u00dchendlabor\" \/>\n<meta property=\"og:description\" content=\"Geneetika ja personaalmeditsiini kliinik, laboratoorse geneetika osakond, molekulaardiagnostika labor, tel. 731 9487 www.kliinikum.ee\/geneetika Kuna paljud geneetilised haigused on geneetiliselt heterogeensed (v\u00f5ivad olla p\u00f5hjustatud v\u00e4ga paljude erinevate geenide muutustest) v\u00f5i mittespetsiifilise s\u00fcmptomaatikaga, v\u00f5ivad spetsiifilised \u00fche geeni v\u00f5i geenipaneeli anal\u00fc\u00fcsid osutuda ebaotstarbekaks. Samuti esineb juhtumeid, kus p\u00e4riliku haiguse kahtlusega patsiendil ei ole spetsiifilised geenitestid andnud diagnostilist vastust. [&hellip;]\" \/>\n<meta property=\"og:url\" content=\"https:\/\/www.kliinikum.ee\/yhendlabor\/kasiraamat\/parilike-haiguste-ja-riskialleelide-uuringud\/genoomi-sekveneerimine-ngs\/\" \/>\n<meta property=\"og:site_name\" content=\"\u00dchendlabor\" \/>\n<meta property=\"article:modified_time\" content=\"2026-03-12T13:14:39+00:00\" \/>\n<meta name=\"twitter:card\" content=\"summary_large_image\" \/>\n<meta name=\"twitter:label1\" content=\"Est. reading time\" \/>\n\t<meta name=\"twitter:data1\" content=\"4 minutit\" \/>\n<script type=\"application\/ld+json\" class=\"yoast-schema-graph\">{\"@context\":\"https:\\\/\\\/schema.org\",\"@graph\":[{\"@type\":\"WebPage\",\"@id\":\"https:\\\/\\\/www.kliinikum.ee\\\/yhendlabor\\\/kasiraamat\\\/parilike-haiguste-ja-riskialleelide-uuringud\\\/genoomi-sekveneerimine-ngs\\\/\",\"url\":\"https:\\\/\\\/www.kliinikum.ee\\\/yhendlabor\\\/kasiraamat\\\/parilike-haiguste-ja-riskialleelide-uuringud\\\/genoomi-sekveneerimine-ngs\\\/\",\"name\":\"Genoomi sekveneerimine (NGS) - \u00dchendlabor\",\"isPartOf\":{\"@id\":\"https:\\\/\\\/www.kliinikum.ee\\\/yhendlabor\\\/#website\"},\"datePublished\":\"2026-03-12T11:04:48+00:00\",\"dateModified\":\"2026-03-12T13:14:39+00:00\",\"breadcrumb\":{\"@id\":\"https:\\\/\\\/www.kliinikum.ee\\\/yhendlabor\\\/kasiraamat\\\/parilike-haiguste-ja-riskialleelide-uuringud\\\/genoomi-sekveneerimine-ngs\\\/#breadcrumb\"},\"inLanguage\":\"et\",\"potentialAction\":[{\"@type\":\"ReadAction\",\"target\":[\"https:\\\/\\\/www.kliinikum.ee\\\/yhendlabor\\\/kasiraamat\\\/parilike-haiguste-ja-riskialleelide-uuringud\\\/genoomi-sekveneerimine-ngs\\\/\"]}]},{\"@type\":\"BreadcrumbList\",\"@id\":\"https:\\\/\\\/www.kliinikum.ee\\\/yhendlabor\\\/kasiraamat\\\/parilike-haiguste-ja-riskialleelide-uuringud\\\/genoomi-sekveneerimine-ngs\\\/#breadcrumb\",\"itemListElement\":[{\"@type\":\"ListItem\",\"position\":1,\"name\":\"Home\",\"item\":\"https:\\\/\\\/www.kliinikum.ee\\\/yhendlabor\\\/\"},{\"@type\":\"ListItem\",\"position\":2,\"name\":\"K\u00e4siraamat\",\"item\":\"https:\\\/\\\/www.kliinikum.ee\\\/yhendlabor\\\/kasiraamat\\\/\"},{\"@type\":\"ListItem\",\"position\":3,\"name\":\"P\u00e4rilike haiguste ja riskialleelide uuringud\",\"item\":\"https:\\\/\\\/www.kliinikum.ee\\\/yhendlabor\\\/kasiraamat\\\/parilike-haiguste-ja-riskialleelide-uuringud\\\/\"},{\"@type\":\"ListItem\",\"position\":4,\"name\":\"Genoomi sekveneerimine (NGS)\"}]},{\"@type\":\"WebSite\",\"@id\":\"https:\\\/\\\/www.kliinikum.ee\\\/yhendlabor\\\/#website\",\"url\":\"https:\\\/\\\/www.kliinikum.ee\\\/yhendlabor\\\/\",\"name\":\"\u00dchendlabor\",\"description\":\"Hoolivus, Uuendusmeelsus, P\u00e4devus ja Usaldusv\u00e4\u00e4rsus\",\"potentialAction\":[{\"@type\":\"SearchAction\",\"target\":{\"@type\":\"EntryPoint\",\"urlTemplate\":\"https:\\\/\\\/www.kliinikum.ee\\\/yhendlabor\\\/?s={search_term_string}\"},\"query-input\":{\"@type\":\"PropertyValueSpecification\",\"valueRequired\":true,\"valueName\":\"search_term_string\"}}],\"inLanguage\":\"et\"}]}<\/script>\n<!-- \/ Yoast SEO plugin. -->","yoast_head_json":{"title":"Genoomi sekveneerimine (NGS) - \u00dchendlabor","robots":{"index":"index","follow":"follow","max-snippet":"max-snippet:-1","max-image-preview":"max-image-preview:large","max-video-preview":"max-video-preview:-1"},"canonical":"https:\/\/www.kliinikum.ee\/yhendlabor\/kasiraamat\/parilike-haiguste-ja-riskialleelide-uuringud\/genoomi-sekveneerimine-ngs\/","og_locale":"et_EE","og_type":"article","og_title":"Genoomi sekveneerimine (NGS) - \u00dchendlabor","og_description":"Geneetika ja personaalmeditsiini kliinik, laboratoorse geneetika osakond, molekulaardiagnostika labor, tel. 731 9487 www.kliinikum.ee\/geneetika Kuna paljud geneetilised haigused on geneetiliselt heterogeensed (v\u00f5ivad olla p\u00f5hjustatud v\u00e4ga paljude erinevate geenide muutustest) v\u00f5i mittespetsiifilise s\u00fcmptomaatikaga, v\u00f5ivad spetsiifilised \u00fche geeni v\u00f5i geenipaneeli anal\u00fc\u00fcsid osutuda ebaotstarbekaks. Samuti esineb juhtumeid, kus p\u00e4riliku haiguse kahtlusega patsiendil ei ole spetsiifilised geenitestid andnud diagnostilist vastust. [&hellip;]","og_url":"https:\/\/www.kliinikum.ee\/yhendlabor\/kasiraamat\/parilike-haiguste-ja-riskialleelide-uuringud\/genoomi-sekveneerimine-ngs\/","og_site_name":"\u00dchendlabor","article_modified_time":"2026-03-12T13:14:39+00:00","twitter_card":"summary_large_image","twitter_misc":{"Est. reading time":"4 minutit"},"schema":{"@context":"https:\/\/schema.org","@graph":[{"@type":"WebPage","@id":"https:\/\/www.kliinikum.ee\/yhendlabor\/kasiraamat\/parilike-haiguste-ja-riskialleelide-uuringud\/genoomi-sekveneerimine-ngs\/","url":"https:\/\/www.kliinikum.ee\/yhendlabor\/kasiraamat\/parilike-haiguste-ja-riskialleelide-uuringud\/genoomi-sekveneerimine-ngs\/","name":"Genoomi sekveneerimine (NGS) - \u00dchendlabor","isPartOf":{"@id":"https:\/\/www.kliinikum.ee\/yhendlabor\/#website"},"datePublished":"2026-03-12T11:04:48+00:00","dateModified":"2026-03-12T13:14:39+00:00","breadcrumb":{"@id":"https:\/\/www.kliinikum.ee\/yhendlabor\/kasiraamat\/parilike-haiguste-ja-riskialleelide-uuringud\/genoomi-sekveneerimine-ngs\/#breadcrumb"},"inLanguage":"et","potentialAction":[{"@type":"ReadAction","target":["https:\/\/www.kliinikum.ee\/yhendlabor\/kasiraamat\/parilike-haiguste-ja-riskialleelide-uuringud\/genoomi-sekveneerimine-ngs\/"]}]},{"@type":"BreadcrumbList","@id":"https:\/\/www.kliinikum.ee\/yhendlabor\/kasiraamat\/parilike-haiguste-ja-riskialleelide-uuringud\/genoomi-sekveneerimine-ngs\/#breadcrumb","itemListElement":[{"@type":"ListItem","position":1,"name":"Home","item":"https:\/\/www.kliinikum.ee\/yhendlabor\/"},{"@type":"ListItem","position":2,"name":"K\u00e4siraamat","item":"https:\/\/www.kliinikum.ee\/yhendlabor\/kasiraamat\/"},{"@type":"ListItem","position":3,"name":"P\u00e4rilike haiguste ja riskialleelide uuringud","item":"https:\/\/www.kliinikum.ee\/yhendlabor\/kasiraamat\/parilike-haiguste-ja-riskialleelide-uuringud\/"},{"@type":"ListItem","position":4,"name":"Genoomi sekveneerimine (NGS)"}]},{"@type":"WebSite","@id":"https:\/\/www.kliinikum.ee\/yhendlabor\/#website","url":"https:\/\/www.kliinikum.ee\/yhendlabor\/","name":"\u00dchendlabor","description":"Hoolivus, Uuendusmeelsus, P\u00e4devus ja Usaldusv\u00e4\u00e4rsus","potentialAction":[{"@type":"SearchAction","target":{"@type":"EntryPoint","urlTemplate":"https:\/\/www.kliinikum.ee\/yhendlabor\/?s={search_term_string}"},"query-input":{"@type":"PropertyValueSpecification","valueRequired":true,"valueName":"search_term_string"}}],"inLanguage":"et"}]}},"uagb_featured_image_src":{"full":false,"thumbnail":false,"medium":false,"medium_large":false,"large":false,"1536x1536":false,"2048x2048":false},"uagb_author_info":{"display_name":"Kaja Vaagen","author_link":"https:\/\/www.kliinikum.ee\/yhendlabor\/author\/kajakall\/"},"uagb_comment_info":0,"uagb_excerpt":"Geneetika ja personaalmeditsiini kliinik, laboratoorse geneetika osakond, molekulaardiagnostika labor, tel. 731 9487 www.kliinikum.ee\/geneetika Kuna paljud geneetilised haigused on geneetiliselt heterogeensed (v\u00f5ivad olla p\u00f5hjustatud v\u00e4ga paljude erinevate geenide muutustest) v\u00f5i mittespetsiifilise s\u00fcmptomaatikaga, v\u00f5ivad spetsiifilised \u00fche geeni v\u00f5i geenipaneeli anal\u00fc\u00fcsid osutuda ebaotstarbekaks. Samuti esineb juhtumeid, kus p\u00e4riliku haiguse kahtlusega patsiendil ei ole spetsiifilised geenitestid andnud diagnostilist vastust.&hellip;","_links":{"self":[{"href":"https:\/\/www.kliinikum.ee\/yhendlabor\/wp-json\/wp\/v2\/pages\/15462","targetHints":{"allow":["GET"]}}],"collection":[{"href":"https:\/\/www.kliinikum.ee\/yhendlabor\/wp-json\/wp\/v2\/pages"}],"about":[{"href":"https:\/\/www.kliinikum.ee\/yhendlabor\/wp-json\/wp\/v2\/types\/page"}],"author":[{"embeddable":true,"href":"https:\/\/www.kliinikum.ee\/yhendlabor\/wp-json\/wp\/v2\/users\/31"}],"replies":[{"embeddable":true,"href":"https:\/\/www.kliinikum.ee\/yhendlabor\/wp-json\/wp\/v2\/comments?post=15462"}],"version-history":[{"count":0,"href":"https:\/\/www.kliinikum.ee\/yhendlabor\/wp-json\/wp\/v2\/pages\/15462\/revisions"}],"up":[{"embeddable":true,"href":"https:\/\/www.kliinikum.ee\/yhendlabor\/wp-json\/wp\/v2\/pages\/7298"}],"wp:attachment":[{"href":"https:\/\/www.kliinikum.ee\/yhendlabor\/wp-json\/wp\/v2\/media?parent=15462"}],"curies":[{"name":"wp","href":"https:\/\/api.w.org\/{rel}","templated":true}]}}