{"id":42,"date":"2022-11-18T08:21:56","date_gmt":"2022-11-18T08:21:56","guid":{"rendered":"http:\/\/localhost\/?page_id=42"},"modified":"2026-04-02T09:18:29","modified_gmt":"2026-04-02T07:18:29","slug":"uudised","status":"publish","type":"page","link":"https:\/\/www.kliinikum.ee\/yhendlabor\/uudised\/","title":{"rendered":"Uudised"},"content":{"rendered":"\n<div class=\"wp-block-uagb-advanced-heading uagb-block-5b9ca240\"><h2 class=\"uagb-heading-text\">6. ja 7.aprillil toimub \u00fchendlaboris ning geneetika ja personaalmeditsiini kliinikus \u00a0Eesti Akrediteerimiskeskuse j\u00e4relevalvevisiit, mille k\u00e4igus toimub m\u00f5lemas \u00fcksuses akrediteerimisulatuse laiendamine ja kvaliteedijuhtimiss\u00fcsteemi \u00fclevaatus.<\/h2><\/div>\n","protected":false},"excerpt":{"rendered":"<p>6. ja 7.aprillil toimub \u00fchendlaboris ning geneetika ja personaalmeditsiini kliinikus \u00a0Eesti Akrediteerimiskeskuse j\u00e4relevalvevisiit, mille k\u00e4igus toimub m\u00f5lemas \u00fcksuses akrediteerimisulatuse laiendamine ja kvaliteedijuhtimiss\u00fcsteemi \u00fclevaatus.<\/p>\n","protected":false},"author":35,"featured_media":0,"parent":0,"menu_order":0,"comment_status":"closed","ping_status":"closed","template":"","meta":{"_uag_custom_page_level_css":"","footnotes":""},"class_list":["post-42","page","type-page","status-publish","hentry"],"acf":[],"yoast_head":"<!-- This site is optimized with the Yoast SEO plugin v27.3 - https:\/\/yoast.com\/product\/yoast-seo-wordpress\/ -->\n<title>Uudised - \u00dchendlabor<\/title>\n<meta name=\"robots\" content=\"index, follow, max-snippet:-1, max-image-preview:large, max-video-preview:-1\" \/>\n<link rel=\"canonical\" href=\"https:\/\/www.kliinikum.ee\/yhendlabor\/uudised\/\" \/>\n<meta property=\"og:locale\" content=\"et_EE\" \/>\n<meta property=\"og:type\" content=\"article\" \/>\n<meta property=\"og:title\" content=\"Uudised - \u00dchendlabor\" \/>\n<meta property=\"og:description\" content=\"6. ja 7.aprillil toimub \u00fchendlaboris ning geneetika ja personaalmeditsiini kliinikus \u00a0Eesti Akrediteerimiskeskuse j\u00e4relevalvevisiit, mille k\u00e4igus toimub m\u00f5lemas \u00fcksuses akrediteerimisulatuse laiendamine ja kvaliteedijuhtimiss\u00fcsteemi \u00fclevaatus.\" \/>\n<meta property=\"og:url\" content=\"https:\/\/www.kliinikum.ee\/yhendlabor\/uudised\/\" \/>\n<meta property=\"og:site_name\" content=\"\u00dchendlabor\" \/>\n<meta property=\"article:modified_time\" content=\"2026-04-02T07:18:29+00:00\" \/>\n<meta name=\"twitter:card\" content=\"summary_large_image\" \/>\n<meta name=\"twitter:label1\" content=\"Est. reading time\" \/>\n\t<meta name=\"twitter:data1\" content=\"1 minut\" \/>\n<script type=\"application\/ld+json\" class=\"yoast-schema-graph\">{\"@context\":\"https:\\\/\\\/schema.org\",\"@graph\":[{\"@type\":\"WebPage\",\"@id\":\"https:\\\/\\\/www.kliinikum.ee\\\/yhendlabor\\\/uudised\\\/\",\"url\":\"https:\\\/\\\/www.kliinikum.ee\\\/yhendlabor\\\/uudised\\\/\",\"name\":\"Uudised - \u00dchendlabor\",\"isPartOf\":{\"@id\":\"https:\\\/\\\/www.kliinikum.ee\\\/yhendlabor\\\/#website\"},\"datePublished\":\"2022-11-18T08:21:56+00:00\",\"dateModified\":\"2026-04-02T07:18:29+00:00\",\"breadcrumb\":{\"@id\":\"https:\\\/\\\/www.kliinikum.ee\\\/yhendlabor\\\/uudised\\\/#breadcrumb\"},\"inLanguage\":\"et\",\"potentialAction\":[{\"@type\":\"ReadAction\",\"target\":[\"https:\\\/\\\/www.kliinikum.ee\\\/yhendlabor\\\/uudised\\\/\"]}]},{\"@type\":\"BreadcrumbList\",\"@id\":\"https:\\\/\\\/www.kliinikum.ee\\\/yhendlabor\\\/uudised\\\/#breadcrumb\",\"itemListElement\":[{\"@type\":\"ListItem\",\"position\":1,\"name\":\"Home\",\"item\":\"https:\\\/\\\/www.kliinikum.ee\\\/yhendlabor\\\/\"},{\"@type\":\"ListItem\",\"position\":2,\"name\":\"Uudised\"}]},{\"@type\":\"WebSite\",\"@id\":\"https:\\\/\\\/www.kliinikum.ee\\\/yhendlabor\\\/#website\",\"url\":\"https:\\\/\\\/www.kliinikum.ee\\\/yhendlabor\\\/\",\"name\":\"\u00dchendlabor\",\"description\":\"Hoolivus, Uuendusmeelsus, P\u00e4devus ja Usaldusv\u00e4\u00e4rsus\",\"potentialAction\":[{\"@type\":\"SearchAction\",\"target\":{\"@type\":\"EntryPoint\",\"urlTemplate\":\"https:\\\/\\\/www.kliinikum.ee\\\/yhendlabor\\\/?s={search_term_string}\"},\"query-input\":{\"@type\":\"PropertyValueSpecification\",\"valueRequired\":true,\"valueName\":\"search_term_string\"}}],\"inLanguage\":\"et\"}]}<\/script>\n<!-- \/ Yoast SEO plugin. -->","yoast_head_json":{"title":"Uudised - \u00dchendlabor","robots":{"index":"index","follow":"follow","max-snippet":"max-snippet:-1","max-image-preview":"max-image-preview:large","max-video-preview":"max-video-preview:-1"},"canonical":"https:\/\/www.kliinikum.ee\/yhendlabor\/uudised\/","og_locale":"et_EE","og_type":"article","og_title":"Uudised - \u00dchendlabor","og_description":"6. ja 7.aprillil toimub \u00fchendlaboris ning geneetika ja personaalmeditsiini kliinikus \u00a0Eesti Akrediteerimiskeskuse j\u00e4relevalvevisiit, mille k\u00e4igus toimub m\u00f5lemas \u00fcksuses akrediteerimisulatuse laiendamine ja kvaliteedijuhtimiss\u00fcsteemi \u00fclevaatus.","og_url":"https:\/\/www.kliinikum.ee\/yhendlabor\/uudised\/","og_site_name":"\u00dchendlabor","article_modified_time":"2026-04-02T07:18:29+00:00","twitter_card":"summary_large_image","twitter_misc":{"Est. reading time":"1 minut"},"schema":{"@context":"https:\/\/schema.org","@graph":[{"@type":"WebPage","@id":"https:\/\/www.kliinikum.ee\/yhendlabor\/uudised\/","url":"https:\/\/www.kliinikum.ee\/yhendlabor\/uudised\/","name":"Uudised - \u00dchendlabor","isPartOf":{"@id":"https:\/\/www.kliinikum.ee\/yhendlabor\/#website"},"datePublished":"2022-11-18T08:21:56+00:00","dateModified":"2026-04-02T07:18:29+00:00","breadcrumb":{"@id":"https:\/\/www.kliinikum.ee\/yhendlabor\/uudised\/#breadcrumb"},"inLanguage":"et","potentialAction":[{"@type":"ReadAction","target":["https:\/\/www.kliinikum.ee\/yhendlabor\/uudised\/"]}]},{"@type":"BreadcrumbList","@id":"https:\/\/www.kliinikum.ee\/yhendlabor\/uudised\/#breadcrumb","itemListElement":[{"@type":"ListItem","position":1,"name":"Home","item":"https:\/\/www.kliinikum.ee\/yhendlabor\/"},{"@type":"ListItem","position":2,"name":"Uudised"}]},{"@type":"WebSite","@id":"https:\/\/www.kliinikum.ee\/yhendlabor\/#website","url":"https:\/\/www.kliinikum.ee\/yhendlabor\/","name":"\u00dchendlabor","description":"Hoolivus, Uuendusmeelsus, P\u00e4devus ja Usaldusv\u00e4\u00e4rsus","potentialAction":[{"@type":"SearchAction","target":{"@type":"EntryPoint","urlTemplate":"https:\/\/www.kliinikum.ee\/yhendlabor\/?s={search_term_string}"},"query-input":{"@type":"PropertyValueSpecification","valueRequired":true,"valueName":"search_term_string"}}],"inLanguage":"et"}]}},"uagb_featured_image_src":{"full":false,"thumbnail":false,"medium":false,"medium_large":false,"large":false,"1536x1536":false,"2048x2048":false},"uagb_author_info":{"display_name":"erkky","author_link":"https:\/\/www.kliinikum.ee\/yhendlabor\/author\/erkky\/"},"uagb_comment_info":0,"uagb_excerpt":"6. ja 7.aprillil toimub \u00fchendlaboris ning geneetika ja personaalmeditsiini kliinikus \u00a0Eesti Akrediteerimiskeskuse j\u00e4relevalvevisiit, mille k\u00e4igus toimub m\u00f5lemas \u00fcksuses akrediteerimisulatuse laiendamine ja kvaliteedijuhtimiss\u00fcsteemi \u00fclevaatus.","_links":{"self":[{"href":"https:\/\/www.kliinikum.ee\/yhendlabor\/wp-json\/wp\/v2\/pages\/42","targetHints":{"allow":["GET"]}}],"collection":[{"href":"https:\/\/www.kliinikum.ee\/yhendlabor\/wp-json\/wp\/v2\/pages"}],"about":[{"href":"https:\/\/www.kliinikum.ee\/yhendlabor\/wp-json\/wp\/v2\/types\/page"}],"author":[{"embeddable":true,"href":"https:\/\/www.kliinikum.ee\/yhendlabor\/wp-json\/wp\/v2\/users\/35"}],"replies":[{"embeddable":true,"href":"https:\/\/www.kliinikum.ee\/yhendlabor\/wp-json\/wp\/v2\/comments?post=42"}],"version-history":[{"count":0,"href":"https:\/\/www.kliinikum.ee\/yhendlabor\/wp-json\/wp\/v2\/pages\/42\/revisions"}],"wp:attachment":[{"href":"https:\/\/www.kliinikum.ee\/yhendlabor\/wp-json\/wp\/v2\/media?parent=42"}],"curies":[{"name":"wp","href":"https:\/\/api.w.org\/{rel}","templated":true}]}}