{"id":5847,"date":"2023-04-21T12:46:25","date_gmt":"2023-04-21T10:46:25","guid":{"rendered":"https:\/\/www.kliinikum.ee\/yhendlabor\/?page_id=5847"},"modified":"2023-09-08T13:34:19","modified_gmt":"2023-09-08T11:34:19","slug":"uhendlaborist","status":"publish","type":"page","link":"https:\/\/www.kliinikum.ee\/yhendlabor\/uhendlaborist\/","title":{"rendered":"\u00dchendlaborist"},"content":{"rendered":"\n<p>Tartu \u00dclikooli Kliinikumi \u00dchendlabor on \u00fcks suurimaid meditsiinilaboreid Eestis. Oleme p\u00fchendunud pakkuma k\u00f5rgeima kvaliteediga laboriteenuseid, mida v\u00f5imaldab meie labori kaasaegne tehnoloogia ja professionaalne personal.<\/p>\n\n\n\n<p>Labori eesm\u00e4rk on tagada kiire ja t\u00e4pne anal\u00fc\u00fcside teostamine, et aidata arstidel teha \u00f5igeid otsuseid patsientide ravis kasutades k\u00f5ige kaasaegsemat tehnoloogiat ja metoodikaid. Meie partneriteks, on nii era- kui ka avaliku sektori tervishoiuasutused.<\/p>\n\n\n\n<p>Laboris t\u00f6\u00f6tavad laboriarstid, -spetsialistid ja bioanal\u00fc\u00fctikud on k\u00f5rgelt kvalifitseeritud ja meil on aastatepikkune kogemus paljudes valdkondades laborimeditsiinis. \u00dchendlabori laboratoorse diagnostika teenuste hulka kuuluvad biokeemia, hematoloogia, immunoloogia, molekulaardiagnostilised ja mikrobioloogilised uuringud.<\/p>\n\n\n\n<p>Samuti p\u00f6\u00f6rame suurt t\u00e4helepanu anal\u00fc\u00fcsitulemuste kvaliteedile ja t\u00e4psusele. Erinevad kvaliteedikontrolli programmid tagavad, et meie teenused vastavad k\u00f5rgeimatele rahvusvahelistele standarditele.<\/p>\n\n\n\n<p>Meie meditsiinilabor on tuntud oma usaldusv\u00e4\u00e4rse ja professionaalse teeninduse poolest, mis p\u00f5hineb tugeval kliendisuhete loomisel. Meie klientide rahulolu on meie jaoks esmat\u00e4htis ning me anname endast parima, et tagada meie klientidele kvaliteetne teenindus ning kiire ja t\u00e4pne diagnoosimine. Anname endast alati parima, et tagada meie klientidele kvaliteetne teenus ja parim v\u00f5imalik tulemus.<\/p>\n\n\n\n<p>Kui teil on lisak\u00fcsimusi v\u00f5i soovite tellida meil laboriuuringuid, v\u00f5tke meiega \u00fchendust ja me aitame teid hea meelega!<\/p>\n\n\n\n<figure class=\"wp-block-gallery has-nested-images columns-default is-cropped wp-block-gallery-1 is-layout-flex wp-block-gallery-is-layout-flex\">\n<figure class=\"wp-block-image size-large\"><img loading=\"lazy\" decoding=\"async\" width=\"1024\" height=\"683\" data-id=\"6655\" src=\"https:\/\/www.kliinikum.ee\/yhendlabor\/wp-content\/uploads\/2023\/05\/IMG_7221-1024x683.jpg\" alt=\"\" class=\"wp-image-6655\" srcset=\"https:\/\/www.kliinikum.ee\/yhendlabor\/wp-content\/uploads\/2023\/05\/IMG_7221-1024x683.jpg 1024w, https:\/\/www.kliinikum.ee\/yhendlabor\/wp-content\/uploads\/2023\/05\/IMG_7221-300x200.jpg 300w, https:\/\/www.kliinikum.ee\/yhendlabor\/wp-content\/uploads\/2023\/05\/IMG_7221-768x512.jpg 768w, https:\/\/www.kliinikum.ee\/yhendlabor\/wp-content\/uploads\/2023\/05\/IMG_7221-1536x1024.jpg 1536w, https:\/\/www.kliinikum.ee\/yhendlabor\/wp-content\/uploads\/2023\/05\/IMG_7221-2048x1365.jpg 2048w, https:\/\/www.kliinikum.ee\/yhendlabor\/wp-content\/uploads\/2023\/05\/IMG_7221-scaled.jpg 2560w\" sizes=\"auto, (max-width: 1024px) 100vw, 1024px\" \/><\/figure>\n\n\n\n<figure class=\"wp-block-image size-large\"><img loading=\"lazy\" decoding=\"async\" width=\"1024\" height=\"683\" data-id=\"6565\" src=\"https:\/\/www.kliinikum.ee\/yhendlabor\/wp-content\/uploads\/2023\/05\/IMG_6972-1024x683.jpg\" alt=\"\" class=\"wp-image-6565\" srcset=\"https:\/\/www.kliinikum.ee\/yhendlabor\/wp-content\/uploads\/2023\/05\/IMG_6972-1024x683.jpg 1024w, https:\/\/www.kliinikum.ee\/yhendlabor\/wp-content\/uploads\/2023\/05\/IMG_6972-300x200.jpg 300w, https:\/\/www.kliinikum.ee\/yhendlabor\/wp-content\/uploads\/2023\/05\/IMG_6972-768x512.jpg 768w, https:\/\/www.kliinikum.ee\/yhendlabor\/wp-content\/uploads\/2023\/05\/IMG_6972-1536x1024.jpg 1536w, https:\/\/www.kliinikum.ee\/yhendlabor\/wp-content\/uploads\/2023\/05\/IMG_6972-2048x1365.jpg 2048w, https:\/\/www.kliinikum.ee\/yhendlabor\/wp-content\/uploads\/2023\/05\/IMG_6972-scaled.jpg 2560w\" sizes=\"auto, (max-width: 1024px) 100vw, 1024px\" \/><\/figure>\n\n\n\n<figure class=\"wp-block-image size-large\"><img loading=\"lazy\" decoding=\"async\" width=\"1024\" height=\"683\" data-id=\"6552\" src=\"https:\/\/www.kliinikum.ee\/yhendlabor\/wp-content\/uploads\/2023\/05\/IMG_6935-1024x683.jpg\" alt=\"\" class=\"wp-image-6552\" srcset=\"https:\/\/www.kliinikum.ee\/yhendlabor\/wp-content\/uploads\/2023\/05\/IMG_6935-1024x683.jpg 1024w, https:\/\/www.kliinikum.ee\/yhendlabor\/wp-content\/uploads\/2023\/05\/IMG_6935-300x200.jpg 300w, https:\/\/www.kliinikum.ee\/yhendlabor\/wp-content\/uploads\/2023\/05\/IMG_6935-768x512.jpg 768w, https:\/\/www.kliinikum.ee\/yhendlabor\/wp-content\/uploads\/2023\/05\/IMG_6935-1536x1024.jpg 1536w, https:\/\/www.kliinikum.ee\/yhendlabor\/wp-content\/uploads\/2023\/05\/IMG_6935-2048x1365.jpg 2048w, https:\/\/www.kliinikum.ee\/yhendlabor\/wp-content\/uploads\/2023\/05\/IMG_6935-scaled.jpg 2560w\" sizes=\"auto, (max-width: 1024px) 100vw, 1024px\" \/><\/figure>\n\n\n\n<figure class=\"wp-block-image size-large\"><img loading=\"lazy\" decoding=\"async\" width=\"1024\" height=\"683\" data-id=\"6637\" src=\"https:\/\/www.kliinikum.ee\/yhendlabor\/wp-content\/uploads\/2023\/05\/IMG_7188-1024x683.jpg\" alt=\"\" class=\"wp-image-6637\" srcset=\"https:\/\/www.kliinikum.ee\/yhendlabor\/wp-content\/uploads\/2023\/05\/IMG_7188-1024x683.jpg 1024w, https:\/\/www.kliinikum.ee\/yhendlabor\/wp-content\/uploads\/2023\/05\/IMG_7188-300x200.jpg 300w, https:\/\/www.kliinikum.ee\/yhendlabor\/wp-content\/uploads\/2023\/05\/IMG_7188-768x512.jpg 768w, https:\/\/www.kliinikum.ee\/yhendlabor\/wp-content\/uploads\/2023\/05\/IMG_7188-1536x1024.jpg 1536w, https:\/\/www.kliinikum.ee\/yhendlabor\/wp-content\/uploads\/2023\/05\/IMG_7188-2048x1365.jpg 2048w, https:\/\/www.kliinikum.ee\/yhendlabor\/wp-content\/uploads\/2023\/05\/IMG_7188-scaled.jpg 2560w\" sizes=\"auto, (max-width: 1024px) 100vw, 1024px\" \/><\/figure>\n\n\n\n<figure class=\"wp-block-image size-large\"><img loading=\"lazy\" decoding=\"async\" width=\"1024\" height=\"683\" data-id=\"6545\" src=\"https:\/\/www.kliinikum.ee\/yhendlabor\/wp-content\/uploads\/2023\/05\/IMG_6917-1024x683.jpg\" alt=\"\" class=\"wp-image-6545\" srcset=\"https:\/\/www.kliinikum.ee\/yhendlabor\/wp-content\/uploads\/2023\/05\/IMG_6917-1024x683.jpg 1024w, https:\/\/www.kliinikum.ee\/yhendlabor\/wp-content\/uploads\/2023\/05\/IMG_6917-300x200.jpg 300w, https:\/\/www.kliinikum.ee\/yhendlabor\/wp-content\/uploads\/2023\/05\/IMG_6917-768x512.jpg 768w, https:\/\/www.kliinikum.ee\/yhendlabor\/wp-content\/uploads\/2023\/05\/IMG_6917-1536x1024.jpg 1536w, https:\/\/www.kliinikum.ee\/yhendlabor\/wp-content\/uploads\/2023\/05\/IMG_6917-2048x1365.jpg 2048w, https:\/\/www.kliinikum.ee\/yhendlabor\/wp-content\/uploads\/2023\/05\/IMG_6917-scaled.jpg 2560w\" sizes=\"auto, (max-width: 1024px) 100vw, 1024px\" \/><\/figure>\n\n\n\n<figure class=\"wp-block-image size-large\"><img decoding=\"async\" data-id=\"6519\" src=\"https:\/\/www.kliinikum.ee\/yhendlabor\/wp-content\/uploads\/2023\/05\/IMG_6782.jpg\" alt=\"\" class=\"wp-image-6519\"\/><\/figure>\n<\/figure>\n","protected":false},"excerpt":{"rendered":"<p>Tartu \u00dclikooli Kliinikumi \u00dchendlabor on \u00fcks suurimaid meditsiinilaboreid Eestis. Oleme p\u00fchendunud pakkuma k\u00f5rgeima kvaliteediga laboriteenuseid, mida v\u00f5imaldab meie labori kaasaegne tehnoloogia ja professionaalne personal. Labori eesm\u00e4rk on tagada kiire ja t\u00e4pne anal\u00fc\u00fcside teostamine, et aidata arstidel teha \u00f5igeid otsuseid patsientide ravis kasutades k\u00f5ige kaasaegsemat tehnoloogiat ja metoodikaid. Meie partneriteks, on nii era- kui ka avaliku [&hellip;]<\/p>\n","protected":false},"author":36,"featured_media":6508,"parent":0,"menu_order":0,"comment_status":"closed","ping_status":"closed","template":"","meta":{"_uag_custom_page_level_css":"","footnotes":""},"class_list":["post-5847","page","type-page","status-publish","has-post-thumbnail","hentry"],"acf":[],"yoast_head":"<!-- This site is optimized with the Yoast SEO plugin v27.5 - https:\/\/yoast.com\/product\/yoast-seo-wordpress\/ -->\n<title>\u00dchendlaborist - \u00dchendlabor<\/title>\n<meta name=\"robots\" content=\"index, follow, max-snippet:-1, max-image-preview:large, max-video-preview:-1\" \/>\n<link rel=\"canonical\" href=\"https:\/\/www.kliinikum.ee\/yhendlabor\/uhendlaborist\/\" \/>\n<meta property=\"og:locale\" content=\"et_EE\" \/>\n<meta property=\"og:type\" content=\"article\" \/>\n<meta property=\"og:title\" content=\"\u00dchendlaborist - \u00dchendlabor\" \/>\n<meta property=\"og:description\" content=\"Tartu \u00dclikooli Kliinikumi \u00dchendlabor on \u00fcks suurimaid meditsiinilaboreid Eestis. Oleme p\u00fchendunud pakkuma k\u00f5rgeima kvaliteediga laboriteenuseid, mida v\u00f5imaldab meie labori kaasaegne tehnoloogia ja professionaalne personal. Labori eesm\u00e4rk on tagada kiire ja t\u00e4pne anal\u00fc\u00fcside teostamine, et aidata arstidel teha \u00f5igeid otsuseid patsientide ravis kasutades k\u00f5ige kaasaegsemat tehnoloogiat ja metoodikaid. Meie partneriteks, on nii era- kui ka avaliku [&hellip;]\" \/>\n<meta property=\"og:url\" content=\"https:\/\/www.kliinikum.ee\/yhendlabor\/uhendlaborist\/\" \/>\n<meta property=\"og:site_name\" content=\"\u00dchendlabor\" \/>\n<meta property=\"article:modified_time\" content=\"2023-09-08T11:34:19+00:00\" \/>\n<meta property=\"og:image\" content=\"https:\/\/www.kliinikum.ee\/yhendlabor\/wp-content\/uploads\/2023\/05\/IMG_6713-1-scaled.jpg\" \/>\n\t<meta property=\"og:image:width\" content=\"2560\" \/>\n\t<meta property=\"og:image:height\" content=\"1706\" \/>\n\t<meta property=\"og:image:type\" content=\"image\/jpeg\" \/>\n<meta name=\"twitter:card\" content=\"summary_large_image\" \/>\n<meta name=\"twitter:label1\" content=\"Est. reading time\" \/>\n\t<meta name=\"twitter:data1\" content=\"3 minutit\" \/>\n<script type=\"application\/ld+json\" class=\"yoast-schema-graph\">{\"@context\":\"https:\\\/\\\/schema.org\",\"@graph\":[{\"@type\":\"WebPage\",\"@id\":\"https:\\\/\\\/www.kliinikum.ee\\\/yhendlabor\\\/uhendlaborist\\\/\",\"url\":\"https:\\\/\\\/www.kliinikum.ee\\\/yhendlabor\\\/uhendlaborist\\\/\",\"name\":\"\u00dchendlaborist - \u00dchendlabor\",\"isPartOf\":{\"@id\":\"https:\\\/\\\/www.kliinikum.ee\\\/yhendlabor\\\/#website\"},\"primaryImageOfPage\":{\"@id\":\"https:\\\/\\\/www.kliinikum.ee\\\/yhendlabor\\\/uhendlaborist\\\/#primaryimage\"},\"image\":{\"@id\":\"https:\\\/\\\/www.kliinikum.ee\\\/yhendlabor\\\/uhendlaborist\\\/#primaryimage\"},\"thumbnailUrl\":\"https:\\\/\\\/www.kliinikum.ee\\\/yhendlabor\\\/wp-content\\\/uploads\\\/2023\\\/05\\\/IMG_6713-1-scaled.jpg\",\"datePublished\":\"2023-04-21T10:46:25+00:00\",\"dateModified\":\"2023-09-08T11:34:19+00:00\",\"breadcrumb\":{\"@id\":\"https:\\\/\\\/www.kliinikum.ee\\\/yhendlabor\\\/uhendlaborist\\\/#breadcrumb\"},\"inLanguage\":\"et\",\"potentialAction\":[{\"@type\":\"ReadAction\",\"target\":[\"https:\\\/\\\/www.kliinikum.ee\\\/yhendlabor\\\/uhendlaborist\\\/\"]}]},{\"@type\":\"ImageObject\",\"inLanguage\":\"et\",\"@id\":\"https:\\\/\\\/www.kliinikum.ee\\\/yhendlabor\\\/uhendlaborist\\\/#primaryimage\",\"url\":\"https:\\\/\\\/www.kliinikum.ee\\\/yhendlabor\\\/wp-content\\\/uploads\\\/2023\\\/05\\\/IMG_6713-1-scaled.jpg\",\"contentUrl\":\"https:\\\/\\\/www.kliinikum.ee\\\/yhendlabor\\\/wp-content\\\/uploads\\\/2023\\\/05\\\/IMG_6713-1-scaled.jpg\",\"width\":2560,\"height\":1706},{\"@type\":\"BreadcrumbList\",\"@id\":\"https:\\\/\\\/www.kliinikum.ee\\\/yhendlabor\\\/uhendlaborist\\\/#breadcrumb\",\"itemListElement\":[{\"@type\":\"ListItem\",\"position\":1,\"name\":\"Home\",\"item\":\"https:\\\/\\\/www.kliinikum.ee\\\/yhendlabor\\\/\"},{\"@type\":\"ListItem\",\"position\":2,\"name\":\"\u00dchendlaborist\"}]},{\"@type\":\"WebSite\",\"@id\":\"https:\\\/\\\/www.kliinikum.ee\\\/yhendlabor\\\/#website\",\"url\":\"https:\\\/\\\/www.kliinikum.ee\\\/yhendlabor\\\/\",\"name\":\"\u00dchendlabor\",\"description\":\"Hoolivus, Uuendusmeelsus, P\u00e4devus ja Usaldusv\u00e4\u00e4rsus\",\"potentialAction\":[{\"@type\":\"SearchAction\",\"target\":{\"@type\":\"EntryPoint\",\"urlTemplate\":\"https:\\\/\\\/www.kliinikum.ee\\\/yhendlabor\\\/?s={search_term_string}\"},\"query-input\":{\"@type\":\"PropertyValueSpecification\",\"valueRequired\":true,\"valueName\":\"search_term_string\"}}],\"inLanguage\":\"et\"}]}<\/script>\n<!-- \/ Yoast SEO plugin. -->","yoast_head_json":{"title":"\u00dchendlaborist - \u00dchendlabor","robots":{"index":"index","follow":"follow","max-snippet":"max-snippet:-1","max-image-preview":"max-image-preview:large","max-video-preview":"max-video-preview:-1"},"canonical":"https:\/\/www.kliinikum.ee\/yhendlabor\/uhendlaborist\/","og_locale":"et_EE","og_type":"article","og_title":"\u00dchendlaborist - \u00dchendlabor","og_description":"Tartu \u00dclikooli Kliinikumi \u00dchendlabor on \u00fcks suurimaid meditsiinilaboreid Eestis. Oleme p\u00fchendunud pakkuma k\u00f5rgeima kvaliteediga laboriteenuseid, mida v\u00f5imaldab meie labori kaasaegne tehnoloogia ja professionaalne personal. Labori eesm\u00e4rk on tagada kiire ja t\u00e4pne anal\u00fc\u00fcside teostamine, et aidata arstidel teha \u00f5igeid otsuseid patsientide ravis kasutades k\u00f5ige kaasaegsemat tehnoloogiat ja metoodikaid. Meie partneriteks, on nii era- kui ka avaliku [&hellip;]","og_url":"https:\/\/www.kliinikum.ee\/yhendlabor\/uhendlaborist\/","og_site_name":"\u00dchendlabor","article_modified_time":"2023-09-08T11:34:19+00:00","og_image":[{"width":2560,"height":1706,"url":"https:\/\/www.kliinikum.ee\/yhendlabor\/wp-content\/uploads\/2023\/05\/IMG_6713-1-scaled.jpg","type":"image\/jpeg"}],"twitter_card":"summary_large_image","twitter_misc":{"Est. reading time":"3 minutit"},"schema":{"@context":"https:\/\/schema.org","@graph":[{"@type":"WebPage","@id":"https:\/\/www.kliinikum.ee\/yhendlabor\/uhendlaborist\/","url":"https:\/\/www.kliinikum.ee\/yhendlabor\/uhendlaborist\/","name":"\u00dchendlaborist - \u00dchendlabor","isPartOf":{"@id":"https:\/\/www.kliinikum.ee\/yhendlabor\/#website"},"primaryImageOfPage":{"@id":"https:\/\/www.kliinikum.ee\/yhendlabor\/uhendlaborist\/#primaryimage"},"image":{"@id":"https:\/\/www.kliinikum.ee\/yhendlabor\/uhendlaborist\/#primaryimage"},"thumbnailUrl":"https:\/\/www.kliinikum.ee\/yhendlabor\/wp-content\/uploads\/2023\/05\/IMG_6713-1-scaled.jpg","datePublished":"2023-04-21T10:46:25+00:00","dateModified":"2023-09-08T11:34:19+00:00","breadcrumb":{"@id":"https:\/\/www.kliinikum.ee\/yhendlabor\/uhendlaborist\/#breadcrumb"},"inLanguage":"et","potentialAction":[{"@type":"ReadAction","target":["https:\/\/www.kliinikum.ee\/yhendlabor\/uhendlaborist\/"]}]},{"@type":"ImageObject","inLanguage":"et","@id":"https:\/\/www.kliinikum.ee\/yhendlabor\/uhendlaborist\/#primaryimage","url":"https:\/\/www.kliinikum.ee\/yhendlabor\/wp-content\/uploads\/2023\/05\/IMG_6713-1-scaled.jpg","contentUrl":"https:\/\/www.kliinikum.ee\/yhendlabor\/wp-content\/uploads\/2023\/05\/IMG_6713-1-scaled.jpg","width":2560,"height":1706},{"@type":"BreadcrumbList","@id":"https:\/\/www.kliinikum.ee\/yhendlabor\/uhendlaborist\/#breadcrumb","itemListElement":[{"@type":"ListItem","position":1,"name":"Home","item":"https:\/\/www.kliinikum.ee\/yhendlabor\/"},{"@type":"ListItem","position":2,"name":"\u00dchendlaborist"}]},{"@type":"WebSite","@id":"https:\/\/www.kliinikum.ee\/yhendlabor\/#website","url":"https:\/\/www.kliinikum.ee\/yhendlabor\/","name":"\u00dchendlabor","description":"Hoolivus, Uuendusmeelsus, P\u00e4devus ja Usaldusv\u00e4\u00e4rsus","potentialAction":[{"@type":"SearchAction","target":{"@type":"EntryPoint","urlTemplate":"https:\/\/www.kliinikum.ee\/yhendlabor\/?s={search_term_string}"},"query-input":{"@type":"PropertyValueSpecification","valueRequired":true,"valueName":"search_term_string"}}],"inLanguage":"et"}]}},"uagb_featured_image_src":{"full":["https:\/\/www.kliinikum.ee\/yhendlabor\/wp-content\/uploads\/2023\/05\/IMG_6713-1-scaled.jpg",2560,1706,false],"thumbnail":["https:\/\/www.kliinikum.ee\/yhendlabor\/wp-content\/uploads\/2023\/05\/IMG_6713-1-150x150.jpg",150,150,true],"medium":["https:\/\/www.kliinikum.ee\/yhendlabor\/wp-content\/uploads\/2023\/05\/IMG_6713-1-300x200.jpg",300,200,true],"medium_large":["https:\/\/www.kliinikum.ee\/yhendlabor\/wp-content\/uploads\/2023\/05\/IMG_6713-1-768x512.jpg",768,512,true],"large":["https:\/\/www.kliinikum.ee\/yhendlabor\/wp-content\/uploads\/2023\/05\/IMG_6713-1-1024x683.jpg",1024,683,true],"1536x1536":["https:\/\/www.kliinikum.ee\/yhendlabor\/wp-content\/uploads\/2023\/05\/IMG_6713-1-1536x1024.jpg",1536,1024,true],"2048x2048":["https:\/\/www.kliinikum.ee\/yhendlabor\/wp-content\/uploads\/2023\/05\/IMG_6713-1-2048x1365.jpg",2048,1365,true]},"uagb_author_info":{"display_name":"Jane Freimann","author_link":"https:\/\/www.kliinikum.ee\/yhendlabor\/author\/janef\/"},"uagb_comment_info":0,"uagb_excerpt":"Tartu \u00dclikooli Kliinikumi \u00dchendlabor on \u00fcks suurimaid meditsiinilaboreid Eestis. Oleme p\u00fchendunud pakkuma k\u00f5rgeima kvaliteediga laboriteenuseid, mida v\u00f5imaldab meie labori kaasaegne tehnoloogia ja professionaalne personal. Labori eesm\u00e4rk on tagada kiire ja t\u00e4pne anal\u00fc\u00fcside teostamine, et aidata arstidel teha \u00f5igeid otsuseid patsientide ravis kasutades k\u00f5ige kaasaegsemat tehnoloogiat ja metoodikaid. Meie partneriteks, on nii era- kui ka avaliku&hellip;","_links":{"self":[{"href":"https:\/\/www.kliinikum.ee\/yhendlabor\/wp-json\/wp\/v2\/pages\/5847","targetHints":{"allow":["GET"]}}],"collection":[{"href":"https:\/\/www.kliinikum.ee\/yhendlabor\/wp-json\/wp\/v2\/pages"}],"about":[{"href":"https:\/\/www.kliinikum.ee\/yhendlabor\/wp-json\/wp\/v2\/types\/page"}],"author":[{"embeddable":true,"href":"https:\/\/www.kliinikum.ee\/yhendlabor\/wp-json\/wp\/v2\/users\/36"}],"replies":[{"embeddable":true,"href":"https:\/\/www.kliinikum.ee\/yhendlabor\/wp-json\/wp\/v2\/comments?post=5847"}],"version-history":[{"count":0,"href":"https:\/\/www.kliinikum.ee\/yhendlabor\/wp-json\/wp\/v2\/pages\/5847\/revisions"}],"wp:featuredmedia":[{"embeddable":true,"href":"https:\/\/www.kliinikum.ee\/yhendlabor\/wp-json\/wp\/v2\/media\/6508"}],"wp:attachment":[{"href":"https:\/\/www.kliinikum.ee\/yhendlabor\/wp-json\/wp\/v2\/media?parent=5847"}],"curies":[{"name":"wp","href":"https:\/\/api.w.org\/{rel}","templated":true}]}}