{"id":5850,"date":"2023-04-21T12:47:27","date_gmt":"2023-04-21T10:47:27","guid":{"rendered":"https:\/\/www.kliinikum.ee\/yhendlabor\/?page_id=5850"},"modified":"2023-09-12T13:08:50","modified_gmt":"2023-09-12T11:08:50","slug":"partnerile-ja-kolleegile","status":"publish","type":"page","link":"https:\/\/www.kliinikum.ee\/yhendlabor\/partnerile-ja-kolleegile\/","title":{"rendered":"Partnerile ja kolleegile"},"content":{"rendered":"\n<p class=\"has-medium-font-size\">K\u00fcsimuste korral saate abi meie <a href=\"https:\/\/www.kliinikum.ee\/yhendlabor\/uhendlaborist\/konsultandid\/\"><strong>konsultantidelt<\/strong><\/a>. <\/p>\n\n\n\n<figure class=\"wp-block-image size-large\"><img loading=\"lazy\" decoding=\"async\" width=\"1024\" height=\"683\" src=\"https:\/\/www.kliinikum.ee\/yhendlabor\/wp-content\/uploads\/2023\/09\/IMG_7263-1024x683.jpg\" alt=\"\" class=\"wp-image-8130\" srcset=\"https:\/\/www.kliinikum.ee\/yhendlabor\/wp-content\/uploads\/2023\/09\/IMG_7263-1024x683.jpg 1024w, https:\/\/www.kliinikum.ee\/yhendlabor\/wp-content\/uploads\/2023\/09\/IMG_7263-300x200.jpg 300w, https:\/\/www.kliinikum.ee\/yhendlabor\/wp-content\/uploads\/2023\/09\/IMG_7263-768x512.jpg 768w, https:\/\/www.kliinikum.ee\/yhendlabor\/wp-content\/uploads\/2023\/09\/IMG_7263-1536x1024.jpg 1536w, https:\/\/www.kliinikum.ee\/yhendlabor\/wp-content\/uploads\/2023\/09\/IMG_7263-2048x1365.jpg 2048w, https:\/\/www.kliinikum.ee\/yhendlabor\/wp-content\/uploads\/2023\/09\/IMG_7263-scaled.jpg 2560w\" sizes=\"auto, (max-width: 1024px) 100vw, 1024px\" \/><\/figure>\n","protected":false},"excerpt":{"rendered":"<p>K\u00fcsimuste korral saate abi meie konsultantidelt.<\/p>\n","protected":false},"author":36,"featured_media":0,"parent":0,"menu_order":0,"comment_status":"closed","ping_status":"closed","template":"","meta":{"_uag_custom_page_level_css":"","footnotes":""},"class_list":["post-5850","page","type-page","status-publish","hentry"],"acf":[],"yoast_head":"<!-- This site is optimized with the Yoast SEO plugin v27.3 - https:\/\/yoast.com\/product\/yoast-seo-wordpress\/ -->\n<title>Partnerile ja kolleegile - \u00dchendlabor<\/title>\n<meta name=\"robots\" content=\"index, follow, max-snippet:-1, max-image-preview:large, max-video-preview:-1\" \/>\n<link rel=\"canonical\" href=\"https:\/\/www.kliinikum.ee\/yhendlabor\/partnerile-ja-kolleegile\/\" \/>\n<meta property=\"og:locale\" content=\"et_EE\" \/>\n<meta property=\"og:type\" content=\"article\" \/>\n<meta property=\"og:title\" content=\"Partnerile ja kolleegile - \u00dchendlabor\" \/>\n<meta property=\"og:description\" content=\"K\u00fcsimuste korral saate abi meie konsultantidelt.\" \/>\n<meta property=\"og:url\" content=\"https:\/\/www.kliinikum.ee\/yhendlabor\/partnerile-ja-kolleegile\/\" \/>\n<meta property=\"og:site_name\" content=\"\u00dchendlabor\" \/>\n<meta property=\"article:modified_time\" content=\"2023-09-12T11:08:50+00:00\" \/>\n<meta property=\"og:image\" content=\"https:\/\/www.kliinikum.ee\/yhendlabor\/wp-content\/uploads\/2023\/09\/IMG_7263-1024x683.jpg\" \/>\n<meta name=\"twitter:card\" content=\"summary_large_image\" \/>\n<meta name=\"twitter:label1\" content=\"Est. reading time\" \/>\n\t<meta name=\"twitter:data1\" content=\"1 minut\" \/>\n<script type=\"application\/ld+json\" class=\"yoast-schema-graph\">{\"@context\":\"https:\\\/\\\/schema.org\",\"@graph\":[{\"@type\":\"WebPage\",\"@id\":\"https:\\\/\\\/www.kliinikum.ee\\\/yhendlabor\\\/partnerile-ja-kolleegile\\\/\",\"url\":\"https:\\\/\\\/www.kliinikum.ee\\\/yhendlabor\\\/partnerile-ja-kolleegile\\\/\",\"name\":\"Partnerile ja kolleegile - \u00dchendlabor\",\"isPartOf\":{\"@id\":\"https:\\\/\\\/www.kliinikum.ee\\\/yhendlabor\\\/#website\"},\"primaryImageOfPage\":{\"@id\":\"https:\\\/\\\/www.kliinikum.ee\\\/yhendlabor\\\/partnerile-ja-kolleegile\\\/#primaryimage\"},\"image\":{\"@id\":\"https:\\\/\\\/www.kliinikum.ee\\\/yhendlabor\\\/partnerile-ja-kolleegile\\\/#primaryimage\"},\"thumbnailUrl\":\"https:\\\/\\\/www.kliinikum.ee\\\/yhendlabor\\\/wp-content\\\/uploads\\\/2023\\\/09\\\/IMG_7263-1024x683.jpg\",\"datePublished\":\"2023-04-21T10:47:27+00:00\",\"dateModified\":\"2023-09-12T11:08:50+00:00\",\"breadcrumb\":{\"@id\":\"https:\\\/\\\/www.kliinikum.ee\\\/yhendlabor\\\/partnerile-ja-kolleegile\\\/#breadcrumb\"},\"inLanguage\":\"et\",\"potentialAction\":[{\"@type\":\"ReadAction\",\"target\":[\"https:\\\/\\\/www.kliinikum.ee\\\/yhendlabor\\\/partnerile-ja-kolleegile\\\/\"]}]},{\"@type\":\"ImageObject\",\"inLanguage\":\"et\",\"@id\":\"https:\\\/\\\/www.kliinikum.ee\\\/yhendlabor\\\/partnerile-ja-kolleegile\\\/#primaryimage\",\"url\":\"https:\\\/\\\/www.kliinikum.ee\\\/yhendlabor\\\/wp-content\\\/uploads\\\/2023\\\/09\\\/IMG_7263-scaled.jpg\",\"contentUrl\":\"https:\\\/\\\/www.kliinikum.ee\\\/yhendlabor\\\/wp-content\\\/uploads\\\/2023\\\/09\\\/IMG_7263-scaled.jpg\",\"width\":2560,\"height\":1706},{\"@type\":\"BreadcrumbList\",\"@id\":\"https:\\\/\\\/www.kliinikum.ee\\\/yhendlabor\\\/partnerile-ja-kolleegile\\\/#breadcrumb\",\"itemListElement\":[{\"@type\":\"ListItem\",\"position\":1,\"name\":\"Home\",\"item\":\"https:\\\/\\\/www.kliinikum.ee\\\/yhendlabor\\\/\"},{\"@type\":\"ListItem\",\"position\":2,\"name\":\"Partnerile ja kolleegile\"}]},{\"@type\":\"WebSite\",\"@id\":\"https:\\\/\\\/www.kliinikum.ee\\\/yhendlabor\\\/#website\",\"url\":\"https:\\\/\\\/www.kliinikum.ee\\\/yhendlabor\\\/\",\"name\":\"\u00dchendlabor\",\"description\":\"Hoolivus, Uuendusmeelsus, P\u00e4devus ja Usaldusv\u00e4\u00e4rsus\",\"potentialAction\":[{\"@type\":\"SearchAction\",\"target\":{\"@type\":\"EntryPoint\",\"urlTemplate\":\"https:\\\/\\\/www.kliinikum.ee\\\/yhendlabor\\\/?s={search_term_string}\"},\"query-input\":{\"@type\":\"PropertyValueSpecification\",\"valueRequired\":true,\"valueName\":\"search_term_string\"}}],\"inLanguage\":\"et\"}]}<\/script>\n<!-- \/ Yoast SEO plugin. -->","yoast_head_json":{"title":"Partnerile ja kolleegile - \u00dchendlabor","robots":{"index":"index","follow":"follow","max-snippet":"max-snippet:-1","max-image-preview":"max-image-preview:large","max-video-preview":"max-video-preview:-1"},"canonical":"https:\/\/www.kliinikum.ee\/yhendlabor\/partnerile-ja-kolleegile\/","og_locale":"et_EE","og_type":"article","og_title":"Partnerile ja kolleegile - \u00dchendlabor","og_description":"K\u00fcsimuste korral saate abi meie konsultantidelt.","og_url":"https:\/\/www.kliinikum.ee\/yhendlabor\/partnerile-ja-kolleegile\/","og_site_name":"\u00dchendlabor","article_modified_time":"2023-09-12T11:08:50+00:00","og_image":[{"url":"https:\/\/www.kliinikum.ee\/yhendlabor\/wp-content\/uploads\/2023\/09\/IMG_7263-1024x683.jpg","type":"","width":"","height":""}],"twitter_card":"summary_large_image","twitter_misc":{"Est. reading time":"1 minut"},"schema":{"@context":"https:\/\/schema.org","@graph":[{"@type":"WebPage","@id":"https:\/\/www.kliinikum.ee\/yhendlabor\/partnerile-ja-kolleegile\/","url":"https:\/\/www.kliinikum.ee\/yhendlabor\/partnerile-ja-kolleegile\/","name":"Partnerile ja kolleegile - \u00dchendlabor","isPartOf":{"@id":"https:\/\/www.kliinikum.ee\/yhendlabor\/#website"},"primaryImageOfPage":{"@id":"https:\/\/www.kliinikum.ee\/yhendlabor\/partnerile-ja-kolleegile\/#primaryimage"},"image":{"@id":"https:\/\/www.kliinikum.ee\/yhendlabor\/partnerile-ja-kolleegile\/#primaryimage"},"thumbnailUrl":"https:\/\/www.kliinikum.ee\/yhendlabor\/wp-content\/uploads\/2023\/09\/IMG_7263-1024x683.jpg","datePublished":"2023-04-21T10:47:27+00:00","dateModified":"2023-09-12T11:08:50+00:00","breadcrumb":{"@id":"https:\/\/www.kliinikum.ee\/yhendlabor\/partnerile-ja-kolleegile\/#breadcrumb"},"inLanguage":"et","potentialAction":[{"@type":"ReadAction","target":["https:\/\/www.kliinikum.ee\/yhendlabor\/partnerile-ja-kolleegile\/"]}]},{"@type":"ImageObject","inLanguage":"et","@id":"https:\/\/www.kliinikum.ee\/yhendlabor\/partnerile-ja-kolleegile\/#primaryimage","url":"https:\/\/www.kliinikum.ee\/yhendlabor\/wp-content\/uploads\/2023\/09\/IMG_7263-scaled.jpg","contentUrl":"https:\/\/www.kliinikum.ee\/yhendlabor\/wp-content\/uploads\/2023\/09\/IMG_7263-scaled.jpg","width":2560,"height":1706},{"@type":"BreadcrumbList","@id":"https:\/\/www.kliinikum.ee\/yhendlabor\/partnerile-ja-kolleegile\/#breadcrumb","itemListElement":[{"@type":"ListItem","position":1,"name":"Home","item":"https:\/\/www.kliinikum.ee\/yhendlabor\/"},{"@type":"ListItem","position":2,"name":"Partnerile ja kolleegile"}]},{"@type":"WebSite","@id":"https:\/\/www.kliinikum.ee\/yhendlabor\/#website","url":"https:\/\/www.kliinikum.ee\/yhendlabor\/","name":"\u00dchendlabor","description":"Hoolivus, Uuendusmeelsus, P\u00e4devus ja Usaldusv\u00e4\u00e4rsus","potentialAction":[{"@type":"SearchAction","target":{"@type":"EntryPoint","urlTemplate":"https:\/\/www.kliinikum.ee\/yhendlabor\/?s={search_term_string}"},"query-input":{"@type":"PropertyValueSpecification","valueRequired":true,"valueName":"search_term_string"}}],"inLanguage":"et"}]}},"uagb_featured_image_src":{"full":false,"thumbnail":false,"medium":false,"medium_large":false,"large":false,"1536x1536":false,"2048x2048":false},"uagb_author_info":{"display_name":"Jane Freimann","author_link":"https:\/\/www.kliinikum.ee\/yhendlabor\/author\/janef\/"},"uagb_comment_info":0,"uagb_excerpt":"K\u00fcsimuste korral saate abi meie konsultantidelt.","_links":{"self":[{"href":"https:\/\/www.kliinikum.ee\/yhendlabor\/wp-json\/wp\/v2\/pages\/5850","targetHints":{"allow":["GET"]}}],"collection":[{"href":"https:\/\/www.kliinikum.ee\/yhendlabor\/wp-json\/wp\/v2\/pages"}],"about":[{"href":"https:\/\/www.kliinikum.ee\/yhendlabor\/wp-json\/wp\/v2\/types\/page"}],"author":[{"embeddable":true,"href":"https:\/\/www.kliinikum.ee\/yhendlabor\/wp-json\/wp\/v2\/users\/36"}],"replies":[{"embeddable":true,"href":"https:\/\/www.kliinikum.ee\/yhendlabor\/wp-json\/wp\/v2\/comments?post=5850"}],"version-history":[{"count":0,"href":"https:\/\/www.kliinikum.ee\/yhendlabor\/wp-json\/wp\/v2\/pages\/5850\/revisions"}],"wp:attachment":[{"href":"https:\/\/www.kliinikum.ee\/yhendlabor\/wp-json\/wp\/v2\/media?parent=5850"}],"curies":[{"name":"wp","href":"https:\/\/api.w.org\/{rel}","templated":true}]}}