{"id":5853,"date":"2023-04-21T12:48:05","date_gmt":"2023-04-21T10:48:05","guid":{"rendered":"https:\/\/www.kliinikum.ee\/yhendlabor\/?page_id=5853"},"modified":"2023-08-18T12:30:59","modified_gmt":"2023-08-18T10:30:59","slug":"kasiraamat","status":"publish","type":"page","link":"https:\/\/www.kliinikum.ee\/yhendlabor\/kasiraamat\/","title":{"rendered":"K\u00e4siraamat"},"content":{"rendered":"\n<p class=\"has-text-align-left\"><a href=\"https:\/\/www.kliinikum.ee\/yhendlabor\/kasiraamat\/analuuside-aineregister\/ainevahetushaiguste-uuringud\/\">Ainevahetushaiguste uuringud<\/a><br><a href=\"https:\/\/www.kliinikum.ee\/yhendlabor\/kasiraamat\/analuuside-aineregister\/allergiauuringud\/\">Allergiauuringud<\/a><br><a href=\"https:\/\/www.kliinikum.ee\/yhendlabor\/kasiraamat\/analuuside-aineregister\/aneemia-uuringud\/\">Aneemia uuringud<\/a><br><a href=\"https:\/\/www.kliinikum.ee\/yhendlabor\/kasiraamat\/autoimmuunuuringud\/\">Autoimmuunuuringud<\/a><br><a href=\"https:\/\/www.kliinikum.ee\/yhendlabor\/kasiraamat\/elektroluutide-uuringud\/\">Elektrol\u00fc\u00fctide uuringud<\/a><br><a href=\"https:\/\/www.kliinikum.ee\/yhendlabor\/kasiraamat\/farmakogeneetilised-uuringud\/\">Farmakogeneetilised uuringud<\/a><br><a href=\"https:\/\/www.kliinikum.ee\/yhendlabor\/kasiraamat\/happe-aluse-tasakaalu-uuringud\/\">Happe-aluse tasakaalu uuringud<\/a><br><a href=\"https:\/\/www.kliinikum.ee\/yhendlabor\/kasiraamat\/hematoloogilised-uuringud\/\">Hematoloogilised uuringud<\/a><br><a href=\"https:\/\/www.kliinikum.ee\/yhendlabor\/kasiraamat\/hla-ja-koesobivusuuringud\/\">HLA ja koesobivusuuringud<\/a><br><a href=\"https:\/\/www.kliinikum.ee\/yhendlabor\/kasiraamat\/hormoonid-jm-immuunuuringud\/\">Hormoonid jm immuunuuringud<\/a><br><a href=\"https:\/\/www.kliinikum.ee\/yhendlabor\/kasiraamat\/huubimisuuringud\/\">H\u00fc\u00fcbimisuuringud<\/a><br><a href=\"https:\/\/www.kliinikum.ee\/yhendlabor\/kasiraamat\/immuunstaatuse-uuringud\/\">Immuunstaatuse uuringud<\/a><br><a href=\"https:\/\/www.kliinikum.ee\/yhendlabor\/kasiraamat\/kasvajamarkerite-uuringud\/\">Kasvajamarkerite uuringud<\/a><br><a href=\"https:\/\/www.kliinikum.ee\/yhendlabor\/kasiraamat\/kehavedelike-uuringud\/\">Kehavedelike uuringud<\/a><br><a href=\"https:\/\/www.kliinikum.ee\/yhendlabor\/kasiraamat\/kliinilise-keemia-uuringud\/\">Kliinilise keemia uuringud<\/a><br><a href=\"https:\/\/www.kliinikum.ee\/yhendlabor\/kasiraamat\/kromosoomiuuringud\/\">Kromosoomiuuringud<\/a><br><a href=\"https:\/\/www.kliinikum.ee\/yhendlabor\/kasiraamat\/mikrobioloogilised-uuringud\/\">Mikrobioloogilised uuringud<\/a><br><a href=\"https:\/\/www.kliinikum.ee\/yhendlabor\/kasiraamat\/nakkustekitajate-uuringud-dna-rna-antikehad-antigeenid\/\">Nakkustekitajate uuringud (DNA\/RNA, antikehad, antigeenid)<\/a><br><a href=\"https:\/\/www.kliinikum.ee\/yhendlabor\/kasiraamat\/parilike-haiguste-ja-riskialleelide-uuringud\/\">P\u00e4rilike haiguste ja riskialleelide uuringud<\/a><br><a href=\"https:\/\/www.kliinikum.ee\/yhendlabor\/kasiraamat\/ravimiseire-uuringud\/\">Ravimiseire uuringud<\/a><br><a href=\"https:\/\/www.kliinikum.ee\/yhendlabor\/kasiraamat\/rooja-uuringud\/\">Rooja uuringud<\/a><br><a href=\"https:\/\/www.kliinikum.ee\/yhendlabor\/kasiraamat\/sudamemarkerite-uuringud\/\">S\u00fcdamemarkerite uuringud<\/a><br><a href=\"https:\/\/www.kliinikum.ee\/yhendlabor\/kasiraamat\/sunnieelsed-vastsundinute-soeluuringud\/\">S\u00fcnnieelsed, vasts\u00fcndinute s\u00f5eluuringud<\/a><br><a href=\"https:\/\/www.kliinikum.ee\/yhendlabor\/kasiraamat\/toksikoloogilised-ja-metallide-uuringud\/\">Toksikoloogilised ja metallide uuringud<\/a><br><a href=\"https:\/\/www.kliinikum.ee\/yhendlabor\/kasiraamat\/uriini-uuringud\/\">Uriini uuringud<\/a><br><a href=\"https:\/\/www.kliinikum.ee\/yhendlabor\/kasiraamat\/vereloome-kasvajate-uuringud\/\">Vereloome kasvajate uuringud<\/a><\/p>\n","protected":false},"excerpt":{"rendered":"<p>Ainevahetushaiguste uuringudAllergiauuringudAneemia uuringudAutoimmuunuuringudElektrol\u00fc\u00fctide uuringudFarmakogeneetilised uuringudHappe-aluse tasakaalu uuringudHematoloogilised uuringudHLA ja koesobivusuuringudHormoonid jm immuunuuringudH\u00fc\u00fcbimisuuringudImmuunstaatuse uuringudKasvajamarkerite uuringudKehavedelike uuringudKliinilise keemia uuringudKromosoomiuuringudMikrobioloogilised uuringudNakkustekitajate uuringud (DNA\/RNA, antikehad, antigeenid)P\u00e4rilike haiguste ja riskialleelide uuringudRavimiseire uuringudRooja uuringudS\u00fcdamemarkerite uuringudS\u00fcnnieelsed, vasts\u00fcndinute s\u00f5eluuringudToksikoloogilised ja metallide uuringudUriini uuringudVereloome kasvajate uuringud<\/p>\n","protected":false},"author":36,"featured_media":0,"parent":0,"menu_order":0,"comment_status":"closed","ping_status":"closed","template":"","meta":{"_uag_custom_page_level_css":"","footnotes":""},"class_list":["post-5853","page","type-page","status-publish","hentry"],"acf":[],"yoast_head":"<!-- This site is optimized with the Yoast SEO plugin v27.3 - https:\/\/yoast.com\/product\/yoast-seo-wordpress\/ -->\n<title>K\u00e4siraamat - \u00dchendlabor<\/title>\n<meta name=\"robots\" content=\"index, follow, max-snippet:-1, max-image-preview:large, max-video-preview:-1\" \/>\n<link rel=\"canonical\" href=\"https:\/\/www.kliinikum.ee\/yhendlabor\/kasiraamat\/\" \/>\n<meta property=\"og:locale\" content=\"et_EE\" \/>\n<meta property=\"og:type\" content=\"article\" \/>\n<meta property=\"og:title\" content=\"K\u00e4siraamat - \u00dchendlabor\" \/>\n<meta property=\"og:description\" content=\"Ainevahetushaiguste uuringudAllergiauuringudAneemia uuringudAutoimmuunuuringudElektrol\u00fc\u00fctide uuringudFarmakogeneetilised uuringudHappe-aluse tasakaalu uuringudHematoloogilised uuringudHLA ja koesobivusuuringudHormoonid jm immuunuuringudH\u00fc\u00fcbimisuuringudImmuunstaatuse uuringudKasvajamarkerite uuringudKehavedelike uuringudKliinilise keemia uuringudKromosoomiuuringudMikrobioloogilised uuringudNakkustekitajate uuringud (DNA\/RNA, antikehad, antigeenid)P\u00e4rilike haiguste ja riskialleelide uuringudRavimiseire uuringudRooja uuringudS\u00fcdamemarkerite uuringudS\u00fcnnieelsed, vasts\u00fcndinute s\u00f5eluuringudToksikoloogilised ja metallide uuringudUriini uuringudVereloome kasvajate uuringud\" \/>\n<meta property=\"og:url\" content=\"https:\/\/www.kliinikum.ee\/yhendlabor\/kasiraamat\/\" \/>\n<meta property=\"og:site_name\" content=\"\u00dchendlabor\" \/>\n<meta property=\"article:modified_time\" content=\"2023-08-18T10:30:59+00:00\" \/>\n<meta name=\"twitter:card\" content=\"summary_large_image\" \/>\n<meta name=\"twitter:label1\" content=\"Est. reading time\" \/>\n\t<meta name=\"twitter:data1\" content=\"1 minut\" \/>\n<script type=\"application\/ld+json\" class=\"yoast-schema-graph\">{\"@context\":\"https:\\\/\\\/schema.org\",\"@graph\":[{\"@type\":\"WebPage\",\"@id\":\"https:\\\/\\\/www.kliinikum.ee\\\/yhendlabor\\\/kasiraamat\\\/\",\"url\":\"https:\\\/\\\/www.kliinikum.ee\\\/yhendlabor\\\/kasiraamat\\\/\",\"name\":\"K\u00e4siraamat - \u00dchendlabor\",\"isPartOf\":{\"@id\":\"https:\\\/\\\/www.kliinikum.ee\\\/yhendlabor\\\/#website\"},\"datePublished\":\"2023-04-21T10:48:05+00:00\",\"dateModified\":\"2023-08-18T10:30:59+00:00\",\"breadcrumb\":{\"@id\":\"https:\\\/\\\/www.kliinikum.ee\\\/yhendlabor\\\/kasiraamat\\\/#breadcrumb\"},\"inLanguage\":\"et\",\"potentialAction\":[{\"@type\":\"ReadAction\",\"target\":[\"https:\\\/\\\/www.kliinikum.ee\\\/yhendlabor\\\/kasiraamat\\\/\"]}]},{\"@type\":\"BreadcrumbList\",\"@id\":\"https:\\\/\\\/www.kliinikum.ee\\\/yhendlabor\\\/kasiraamat\\\/#breadcrumb\",\"itemListElement\":[{\"@type\":\"ListItem\",\"position\":1,\"name\":\"Home\",\"item\":\"https:\\\/\\\/www.kliinikum.ee\\\/yhendlabor\\\/\"},{\"@type\":\"ListItem\",\"position\":2,\"name\":\"K\u00e4siraamat\"}]},{\"@type\":\"WebSite\",\"@id\":\"https:\\\/\\\/www.kliinikum.ee\\\/yhendlabor\\\/#website\",\"url\":\"https:\\\/\\\/www.kliinikum.ee\\\/yhendlabor\\\/\",\"name\":\"\u00dchendlabor\",\"description\":\"Hoolivus, Uuendusmeelsus, P\u00e4devus ja Usaldusv\u00e4\u00e4rsus\",\"potentialAction\":[{\"@type\":\"SearchAction\",\"target\":{\"@type\":\"EntryPoint\",\"urlTemplate\":\"https:\\\/\\\/www.kliinikum.ee\\\/yhendlabor\\\/?s={search_term_string}\"},\"query-input\":{\"@type\":\"PropertyValueSpecification\",\"valueRequired\":true,\"valueName\":\"search_term_string\"}}],\"inLanguage\":\"et\"}]}<\/script>\n<!-- \/ Yoast SEO plugin. -->","yoast_head_json":{"title":"K\u00e4siraamat - \u00dchendlabor","robots":{"index":"index","follow":"follow","max-snippet":"max-snippet:-1","max-image-preview":"max-image-preview:large","max-video-preview":"max-video-preview:-1"},"canonical":"https:\/\/www.kliinikum.ee\/yhendlabor\/kasiraamat\/","og_locale":"et_EE","og_type":"article","og_title":"K\u00e4siraamat - \u00dchendlabor","og_description":"Ainevahetushaiguste uuringudAllergiauuringudAneemia uuringudAutoimmuunuuringudElektrol\u00fc\u00fctide uuringudFarmakogeneetilised uuringudHappe-aluse tasakaalu uuringudHematoloogilised uuringudHLA ja koesobivusuuringudHormoonid jm immuunuuringudH\u00fc\u00fcbimisuuringudImmuunstaatuse uuringudKasvajamarkerite uuringudKehavedelike uuringudKliinilise keemia uuringudKromosoomiuuringudMikrobioloogilised uuringudNakkustekitajate uuringud (DNA\/RNA, antikehad, antigeenid)P\u00e4rilike haiguste ja riskialleelide uuringudRavimiseire uuringudRooja uuringudS\u00fcdamemarkerite uuringudS\u00fcnnieelsed, vasts\u00fcndinute s\u00f5eluuringudToksikoloogilised ja metallide uuringudUriini uuringudVereloome kasvajate uuringud","og_url":"https:\/\/www.kliinikum.ee\/yhendlabor\/kasiraamat\/","og_site_name":"\u00dchendlabor","article_modified_time":"2023-08-18T10:30:59+00:00","twitter_card":"summary_large_image","twitter_misc":{"Est. reading time":"1 minut"},"schema":{"@context":"https:\/\/schema.org","@graph":[{"@type":"WebPage","@id":"https:\/\/www.kliinikum.ee\/yhendlabor\/kasiraamat\/","url":"https:\/\/www.kliinikum.ee\/yhendlabor\/kasiraamat\/","name":"K\u00e4siraamat - \u00dchendlabor","isPartOf":{"@id":"https:\/\/www.kliinikum.ee\/yhendlabor\/#website"},"datePublished":"2023-04-21T10:48:05+00:00","dateModified":"2023-08-18T10:30:59+00:00","breadcrumb":{"@id":"https:\/\/www.kliinikum.ee\/yhendlabor\/kasiraamat\/#breadcrumb"},"inLanguage":"et","potentialAction":[{"@type":"ReadAction","target":["https:\/\/www.kliinikum.ee\/yhendlabor\/kasiraamat\/"]}]},{"@type":"BreadcrumbList","@id":"https:\/\/www.kliinikum.ee\/yhendlabor\/kasiraamat\/#breadcrumb","itemListElement":[{"@type":"ListItem","position":1,"name":"Home","item":"https:\/\/www.kliinikum.ee\/yhendlabor\/"},{"@type":"ListItem","position":2,"name":"K\u00e4siraamat"}]},{"@type":"WebSite","@id":"https:\/\/www.kliinikum.ee\/yhendlabor\/#website","url":"https:\/\/www.kliinikum.ee\/yhendlabor\/","name":"\u00dchendlabor","description":"Hoolivus, Uuendusmeelsus, P\u00e4devus ja Usaldusv\u00e4\u00e4rsus","potentialAction":[{"@type":"SearchAction","target":{"@type":"EntryPoint","urlTemplate":"https:\/\/www.kliinikum.ee\/yhendlabor\/?s={search_term_string}"},"query-input":{"@type":"PropertyValueSpecification","valueRequired":true,"valueName":"search_term_string"}}],"inLanguage":"et"}]}},"uagb_featured_image_src":{"full":false,"thumbnail":false,"medium":false,"medium_large":false,"large":false,"1536x1536":false,"2048x2048":false},"uagb_author_info":{"display_name":"Jane Freimann","author_link":"https:\/\/www.kliinikum.ee\/yhendlabor\/author\/janef\/"},"uagb_comment_info":0,"uagb_excerpt":"Ainevahetushaiguste uuringudAllergiauuringudAneemia uuringudAutoimmuunuuringudElektrol\u00fc\u00fctide uuringudFarmakogeneetilised uuringudHappe-aluse tasakaalu uuringudHematoloogilised uuringudHLA ja koesobivusuuringudHormoonid jm immuunuuringudH\u00fc\u00fcbimisuuringudImmuunstaatuse uuringudKasvajamarkerite uuringudKehavedelike uuringudKliinilise keemia uuringudKromosoomiuuringudMikrobioloogilised uuringudNakkustekitajate uuringud (DNA\/RNA, antikehad, antigeenid)P\u00e4rilike haiguste ja riskialleelide uuringudRavimiseire uuringudRooja uuringudS\u00fcdamemarkerite uuringudS\u00fcnnieelsed, vasts\u00fcndinute s\u00f5eluuringudToksikoloogilised ja metallide uuringudUriini uuringudVereloome kasvajate uuringud","_links":{"self":[{"href":"https:\/\/www.kliinikum.ee\/yhendlabor\/wp-json\/wp\/v2\/pages\/5853","targetHints":{"allow":["GET"]}}],"collection":[{"href":"https:\/\/www.kliinikum.ee\/yhendlabor\/wp-json\/wp\/v2\/pages"}],"about":[{"href":"https:\/\/www.kliinikum.ee\/yhendlabor\/wp-json\/wp\/v2\/types\/page"}],"author":[{"embeddable":true,"href":"https:\/\/www.kliinikum.ee\/yhendlabor\/wp-json\/wp\/v2\/users\/36"}],"replies":[{"embeddable":true,"href":"https:\/\/www.kliinikum.ee\/yhendlabor\/wp-json\/wp\/v2\/comments?post=5853"}],"version-history":[{"count":0,"href":"https:\/\/www.kliinikum.ee\/yhendlabor\/wp-json\/wp\/v2\/pages\/5853\/revisions"}],"wp:attachment":[{"href":"https:\/\/www.kliinikum.ee\/yhendlabor\/wp-json\/wp\/v2\/media?parent=5853"}],"curies":[{"name":"wp","href":"https:\/\/api.w.org\/{rel}","templated":true}]}}