{"id":5856,"date":"2023-04-21T12:50:02","date_gmt":"2023-04-21T10:50:02","guid":{"rendered":"https:\/\/www.kliinikum.ee\/yhendlabor\/?page_id=5856"},"modified":"2023-09-12T09:31:20","modified_gmt":"2023-09-12T07:31:20","slug":"analuusid","status":"publish","type":"page","link":"https:\/\/www.kliinikum.ee\/yhendlabor\/analuusid\/","title":{"rendered":"Anal\u00fc\u00fcsid"},"content":{"rendered":"\n<p>SA Tartu \u00dclikooli kliinikumi \u00fchendlabor on \u00fcks Eesti juhtivatest laborikeskustest pakkudes kvaliteetset laboriteenust tervishoiuvaldkonnas. \u00dchendlabor pakub laia valikut anal\u00fc\u00fcse v\u00e4ga erinevates valdkondades, nagu n\u00e4iteks kliiniline keemia, hematoloogia, mikrobioloogia, koesobivus ja palju muud.<\/p>\n\n\n\n<p>Teame, et tervishoiuvaldkonnas on kiirus ja t\u00e4psus kriitilise t\u00e4htsusega. Seet\u00f5ttu on \u00fchendlabor orienteeritud anal\u00fc\u00fcsitulemuste kiirele edastamisele, lisaks pakume elektroonset ligip\u00e4\u00e4su anal\u00fc\u00fcside tulemustele, mis kiirendab protsessi veelgi.<\/p>\n\n\n\n<p>Tartu \u00dclikooli Kliinikumi \u00fchendlabor on p\u00fchendunud kvaliteetsete laboratoorsete anal\u00fc\u00fcside teostamisele, et toetada tervishoiut\u00f6\u00f6tajaid ja patsiente raviprotsessis. Meie tipptasemel tehnoloogia, kogenud personal ja kiired tulemused muudavad meid usaldusv\u00e4\u00e4rseks partneriks kogu Eesti tervishoiusektoris.<\/p>\n\n\n\n<div class=\"wp-block-columns is-layout-flex wp-container-core-columns-is-layout-28f84493 wp-block-columns-is-layout-flex\">\n<div class=\"wp-block-column is-layout-flow wp-block-column-is-layout-flow\" style=\"flex-basis:100%\">\n<figure class=\"wp-block-gallery has-nested-images columns-default is-cropped wp-block-gallery-1 is-layout-flex wp-block-gallery-is-layout-flex\">\n<figure class=\"wp-block-image size-large\"><img loading=\"lazy\" decoding=\"async\" width=\"2560\" height=\"1599\" data-id=\"7592\" src=\"https:\/\/www.kliinikum.ee\/yhendlabor\/wp-content\/uploads\/2023\/09\/IMG_7073-edited-scaled.jpg\" alt=\"\" class=\"wp-image-7592\" srcset=\"https:\/\/www.kliinikum.ee\/yhendlabor\/wp-content\/uploads\/2023\/09\/IMG_7073-edited-scaled.jpg 2560w, https:\/\/www.kliinikum.ee\/yhendlabor\/wp-content\/uploads\/2023\/09\/IMG_7073-edited-300x187.jpg 300w, https:\/\/www.kliinikum.ee\/yhendlabor\/wp-content\/uploads\/2023\/09\/IMG_7073-edited-1024x640.jpg 1024w, https:\/\/www.kliinikum.ee\/yhendlabor\/wp-content\/uploads\/2023\/09\/IMG_7073-edited-768x480.jpg 768w, https:\/\/www.kliinikum.ee\/yhendlabor\/wp-content\/uploads\/2023\/09\/IMG_7073-edited-1536x960.jpg 1536w, https:\/\/www.kliinikum.ee\/yhendlabor\/wp-content\/uploads\/2023\/09\/IMG_7073-edited-2048x1279.jpg 2048w\" sizes=\"auto, (max-width: 2560px) 100vw, 2560px\" \/><\/figure>\n<\/figure>\n<\/div>\n<\/div>\n","protected":false},"excerpt":{"rendered":"<p>SA Tartu \u00dclikooli kliinikumi \u00fchendlabor on \u00fcks Eesti juhtivatest laborikeskustest pakkudes kvaliteetset laboriteenust tervishoiuvaldkonnas. \u00dchendlabor pakub laia valikut anal\u00fc\u00fcse v\u00e4ga erinevates valdkondades, nagu n\u00e4iteks kliiniline keemia, hematoloogia, mikrobioloogia, koesobivus ja palju muud. Teame, et tervishoiuvaldkonnas on kiirus ja t\u00e4psus kriitilise t\u00e4htsusega. Seet\u00f5ttu on \u00fchendlabor orienteeritud anal\u00fc\u00fcsitulemuste kiirele edastamisele, lisaks pakume elektroonset ligip\u00e4\u00e4su anal\u00fc\u00fcside tulemustele, mis [&hellip;]<\/p>\n","protected":false},"author":36,"featured_media":0,"parent":0,"menu_order":0,"comment_status":"closed","ping_status":"closed","template":"","meta":{"_uag_custom_page_level_css":"","footnotes":""},"class_list":["post-5856","page","type-page","status-publish","hentry"],"acf":[],"yoast_head":"<!-- This site is optimized with the Yoast SEO plugin v27.3 - https:\/\/yoast.com\/product\/yoast-seo-wordpress\/ -->\n<title>Anal\u00fc\u00fcsid - \u00dchendlabor<\/title>\n<meta name=\"robots\" content=\"index, follow, max-snippet:-1, max-image-preview:large, max-video-preview:-1\" \/>\n<link rel=\"canonical\" href=\"https:\/\/www.kliinikum.ee\/yhendlabor\/analuusid\/\" \/>\n<meta property=\"og:locale\" content=\"et_EE\" \/>\n<meta property=\"og:type\" content=\"article\" \/>\n<meta property=\"og:title\" content=\"Anal\u00fc\u00fcsid - \u00dchendlabor\" \/>\n<meta property=\"og:description\" content=\"SA Tartu \u00dclikooli kliinikumi \u00fchendlabor on \u00fcks Eesti juhtivatest laborikeskustest pakkudes kvaliteetset laboriteenust tervishoiuvaldkonnas. \u00dchendlabor pakub laia valikut anal\u00fc\u00fcse v\u00e4ga erinevates valdkondades, nagu n\u00e4iteks kliiniline keemia, hematoloogia, mikrobioloogia, koesobivus ja palju muud. Teame, et tervishoiuvaldkonnas on kiirus ja t\u00e4psus kriitilise t\u00e4htsusega. Seet\u00f5ttu on \u00fchendlabor orienteeritud anal\u00fc\u00fcsitulemuste kiirele edastamisele, lisaks pakume elektroonset ligip\u00e4\u00e4su anal\u00fc\u00fcside tulemustele, mis [&hellip;]\" \/>\n<meta property=\"og:url\" content=\"https:\/\/www.kliinikum.ee\/yhendlabor\/analuusid\/\" \/>\n<meta property=\"og:site_name\" content=\"\u00dchendlabor\" \/>\n<meta property=\"article:modified_time\" content=\"2023-09-12T07:31:20+00:00\" \/>\n<meta property=\"og:image\" content=\"https:\/\/www.kliinikum.ee\/yhendlabor\/wp-content\/uploads\/2023\/09\/IMG_7073-edited-scaled.jpg\" \/>\n<meta name=\"twitter:card\" content=\"summary_large_image\" \/>\n<meta name=\"twitter:label1\" content=\"Est. reading time\" \/>\n\t<meta name=\"twitter:data1\" content=\"1 minut\" \/>\n<script type=\"application\/ld+json\" class=\"yoast-schema-graph\">{\"@context\":\"https:\\\/\\\/schema.org\",\"@graph\":[{\"@type\":\"WebPage\",\"@id\":\"https:\\\/\\\/www.kliinikum.ee\\\/yhendlabor\\\/analuusid\\\/\",\"url\":\"https:\\\/\\\/www.kliinikum.ee\\\/yhendlabor\\\/analuusid\\\/\",\"name\":\"Anal\u00fc\u00fcsid - \u00dchendlabor\",\"isPartOf\":{\"@id\":\"https:\\\/\\\/www.kliinikum.ee\\\/yhendlabor\\\/#website\"},\"primaryImageOfPage\":{\"@id\":\"https:\\\/\\\/www.kliinikum.ee\\\/yhendlabor\\\/analuusid\\\/#primaryimage\"},\"image\":{\"@id\":\"https:\\\/\\\/www.kliinikum.ee\\\/yhendlabor\\\/analuusid\\\/#primaryimage\"},\"thumbnailUrl\":\"https:\\\/\\\/www.kliinikum.ee\\\/yhendlabor\\\/wp-content\\\/uploads\\\/2023\\\/09\\\/IMG_7073-edited-scaled.jpg\",\"datePublished\":\"2023-04-21T10:50:02+00:00\",\"dateModified\":\"2023-09-12T07:31:20+00:00\",\"breadcrumb\":{\"@id\":\"https:\\\/\\\/www.kliinikum.ee\\\/yhendlabor\\\/analuusid\\\/#breadcrumb\"},\"inLanguage\":\"et\",\"potentialAction\":[{\"@type\":\"ReadAction\",\"target\":[\"https:\\\/\\\/www.kliinikum.ee\\\/yhendlabor\\\/analuusid\\\/\"]}]},{\"@type\":\"ImageObject\",\"inLanguage\":\"et\",\"@id\":\"https:\\\/\\\/www.kliinikum.ee\\\/yhendlabor\\\/analuusid\\\/#primaryimage\",\"url\":\"https:\\\/\\\/www.kliinikum.ee\\\/yhendlabor\\\/wp-content\\\/uploads\\\/2023\\\/09\\\/IMG_7073-edited-scaled.jpg\",\"contentUrl\":\"https:\\\/\\\/www.kliinikum.ee\\\/yhendlabor\\\/wp-content\\\/uploads\\\/2023\\\/09\\\/IMG_7073-edited-scaled.jpg\",\"width\":2560,\"height\":1599},{\"@type\":\"BreadcrumbList\",\"@id\":\"https:\\\/\\\/www.kliinikum.ee\\\/yhendlabor\\\/analuusid\\\/#breadcrumb\",\"itemListElement\":[{\"@type\":\"ListItem\",\"position\":1,\"name\":\"Home\",\"item\":\"https:\\\/\\\/www.kliinikum.ee\\\/yhendlabor\\\/\"},{\"@type\":\"ListItem\",\"position\":2,\"name\":\"Anal\u00fc\u00fcsid\"}]},{\"@type\":\"WebSite\",\"@id\":\"https:\\\/\\\/www.kliinikum.ee\\\/yhendlabor\\\/#website\",\"url\":\"https:\\\/\\\/www.kliinikum.ee\\\/yhendlabor\\\/\",\"name\":\"\u00dchendlabor\",\"description\":\"Hoolivus, Uuendusmeelsus, P\u00e4devus ja Usaldusv\u00e4\u00e4rsus\",\"potentialAction\":[{\"@type\":\"SearchAction\",\"target\":{\"@type\":\"EntryPoint\",\"urlTemplate\":\"https:\\\/\\\/www.kliinikum.ee\\\/yhendlabor\\\/?s={search_term_string}\"},\"query-input\":{\"@type\":\"PropertyValueSpecification\",\"valueRequired\":true,\"valueName\":\"search_term_string\"}}],\"inLanguage\":\"et\"}]}<\/script>\n<!-- \/ Yoast SEO plugin. -->","yoast_head_json":{"title":"Anal\u00fc\u00fcsid - \u00dchendlabor","robots":{"index":"index","follow":"follow","max-snippet":"max-snippet:-1","max-image-preview":"max-image-preview:large","max-video-preview":"max-video-preview:-1"},"canonical":"https:\/\/www.kliinikum.ee\/yhendlabor\/analuusid\/","og_locale":"et_EE","og_type":"article","og_title":"Anal\u00fc\u00fcsid - \u00dchendlabor","og_description":"SA Tartu \u00dclikooli kliinikumi \u00fchendlabor on \u00fcks Eesti juhtivatest laborikeskustest pakkudes kvaliteetset laboriteenust tervishoiuvaldkonnas. \u00dchendlabor pakub laia valikut anal\u00fc\u00fcse v\u00e4ga erinevates valdkondades, nagu n\u00e4iteks kliiniline keemia, hematoloogia, mikrobioloogia, koesobivus ja palju muud. Teame, et tervishoiuvaldkonnas on kiirus ja t\u00e4psus kriitilise t\u00e4htsusega. Seet\u00f5ttu on \u00fchendlabor orienteeritud anal\u00fc\u00fcsitulemuste kiirele edastamisele, lisaks pakume elektroonset ligip\u00e4\u00e4su anal\u00fc\u00fcside tulemustele, mis [&hellip;]","og_url":"https:\/\/www.kliinikum.ee\/yhendlabor\/analuusid\/","og_site_name":"\u00dchendlabor","article_modified_time":"2023-09-12T07:31:20+00:00","og_image":[{"url":"https:\/\/www.kliinikum.ee\/yhendlabor\/wp-content\/uploads\/2023\/09\/IMG_7073-edited-scaled.jpg","type":"","width":"","height":""}],"twitter_card":"summary_large_image","twitter_misc":{"Est. reading time":"1 minut"},"schema":{"@context":"https:\/\/schema.org","@graph":[{"@type":"WebPage","@id":"https:\/\/www.kliinikum.ee\/yhendlabor\/analuusid\/","url":"https:\/\/www.kliinikum.ee\/yhendlabor\/analuusid\/","name":"Anal\u00fc\u00fcsid - \u00dchendlabor","isPartOf":{"@id":"https:\/\/www.kliinikum.ee\/yhendlabor\/#website"},"primaryImageOfPage":{"@id":"https:\/\/www.kliinikum.ee\/yhendlabor\/analuusid\/#primaryimage"},"image":{"@id":"https:\/\/www.kliinikum.ee\/yhendlabor\/analuusid\/#primaryimage"},"thumbnailUrl":"https:\/\/www.kliinikum.ee\/yhendlabor\/wp-content\/uploads\/2023\/09\/IMG_7073-edited-scaled.jpg","datePublished":"2023-04-21T10:50:02+00:00","dateModified":"2023-09-12T07:31:20+00:00","breadcrumb":{"@id":"https:\/\/www.kliinikum.ee\/yhendlabor\/analuusid\/#breadcrumb"},"inLanguage":"et","potentialAction":[{"@type":"ReadAction","target":["https:\/\/www.kliinikum.ee\/yhendlabor\/analuusid\/"]}]},{"@type":"ImageObject","inLanguage":"et","@id":"https:\/\/www.kliinikum.ee\/yhendlabor\/analuusid\/#primaryimage","url":"https:\/\/www.kliinikum.ee\/yhendlabor\/wp-content\/uploads\/2023\/09\/IMG_7073-edited-scaled.jpg","contentUrl":"https:\/\/www.kliinikum.ee\/yhendlabor\/wp-content\/uploads\/2023\/09\/IMG_7073-edited-scaled.jpg","width":2560,"height":1599},{"@type":"BreadcrumbList","@id":"https:\/\/www.kliinikum.ee\/yhendlabor\/analuusid\/#breadcrumb","itemListElement":[{"@type":"ListItem","position":1,"name":"Home","item":"https:\/\/www.kliinikum.ee\/yhendlabor\/"},{"@type":"ListItem","position":2,"name":"Anal\u00fc\u00fcsid"}]},{"@type":"WebSite","@id":"https:\/\/www.kliinikum.ee\/yhendlabor\/#website","url":"https:\/\/www.kliinikum.ee\/yhendlabor\/","name":"\u00dchendlabor","description":"Hoolivus, Uuendusmeelsus, P\u00e4devus ja Usaldusv\u00e4\u00e4rsus","potentialAction":[{"@type":"SearchAction","target":{"@type":"EntryPoint","urlTemplate":"https:\/\/www.kliinikum.ee\/yhendlabor\/?s={search_term_string}"},"query-input":{"@type":"PropertyValueSpecification","valueRequired":true,"valueName":"search_term_string"}}],"inLanguage":"et"}]}},"uagb_featured_image_src":{"full":false,"thumbnail":false,"medium":false,"medium_large":false,"large":false,"1536x1536":false,"2048x2048":false},"uagb_author_info":{"display_name":"Jane Freimann","author_link":"https:\/\/www.kliinikum.ee\/yhendlabor\/author\/janef\/"},"uagb_comment_info":0,"uagb_excerpt":"SA Tartu \u00dclikooli kliinikumi \u00fchendlabor on \u00fcks Eesti juhtivatest laborikeskustest pakkudes kvaliteetset laboriteenust tervishoiuvaldkonnas. \u00dchendlabor pakub laia valikut anal\u00fc\u00fcse v\u00e4ga erinevates valdkondades, nagu n\u00e4iteks kliiniline keemia, hematoloogia, mikrobioloogia, koesobivus ja palju muud. Teame, et tervishoiuvaldkonnas on kiirus ja t\u00e4psus kriitilise t\u00e4htsusega. Seet\u00f5ttu on \u00fchendlabor orienteeritud anal\u00fc\u00fcsitulemuste kiirele edastamisele, lisaks pakume elektroonset ligip\u00e4\u00e4su anal\u00fc\u00fcside tulemustele, mis&hellip;","_links":{"self":[{"href":"https:\/\/www.kliinikum.ee\/yhendlabor\/wp-json\/wp\/v2\/pages\/5856","targetHints":{"allow":["GET"]}}],"collection":[{"href":"https:\/\/www.kliinikum.ee\/yhendlabor\/wp-json\/wp\/v2\/pages"}],"about":[{"href":"https:\/\/www.kliinikum.ee\/yhendlabor\/wp-json\/wp\/v2\/types\/page"}],"author":[{"embeddable":true,"href":"https:\/\/www.kliinikum.ee\/yhendlabor\/wp-json\/wp\/v2\/users\/36"}],"replies":[{"embeddable":true,"href":"https:\/\/www.kliinikum.ee\/yhendlabor\/wp-json\/wp\/v2\/comments?post=5856"}],"version-history":[{"count":0,"href":"https:\/\/www.kliinikum.ee\/yhendlabor\/wp-json\/wp\/v2\/pages\/5856\/revisions"}],"wp:attachment":[{"href":"https:\/\/www.kliinikum.ee\/yhendlabor\/wp-json\/wp\/v2\/media?parent=5856"}],"curies":[{"name":"wp","href":"https:\/\/api.w.org\/{rel}","templated":true}]}}