{"id":5859,"date":"2023-04-21T12:51:01","date_gmt":"2023-04-21T10:51:01","guid":{"rendered":"https:\/\/www.kliinikum.ee\/yhendlabor\/?page_id=5859"},"modified":"2023-09-12T09:18:52","modified_gmt":"2023-09-12T07:18:52","slug":"kvaliteet","status":"publish","type":"page","link":"https:\/\/www.kliinikum.ee\/yhendlabor\/kvaliteet\/","title":{"rendered":"Kvaliteet"},"content":{"rendered":"\n<p>Tartu \u00dclikooli Kliinikumi \u00dchendlabor on EAK poolt akrediteeritud meditsiinilabor M005 standardi EVS-EN ISO 15189:2012 n\u00f5uete suhtes. See tunnustus kinnitab meie labori k\u00f5rget kvaliteeti ja p\u00e4devust meditsiinilaborite valdkonnas. <\/p>\n\n\n\n<p><\/p>\n\n\n\n<p>Tartu \u00dclikooli Kliinikumi \u00fchendlabori koesobivuslabor on akrediteeritud Euroopa Immuungeneetika F\u00f6deratsiooni (<em>European Federation for Immunogenetics<\/em>, EFI) poolt olles esimene EFI akrediteeringu saanud labor Balti riikides.<\/p>\n","protected":false},"excerpt":{"rendered":"<p>Tartu \u00dclikooli Kliinikumi \u00dchendlabor on EAK poolt akrediteeritud meditsiinilabor M005 standardi EVS-EN ISO 15189:2012 n\u00f5uete suhtes. See tunnustus kinnitab meie labori k\u00f5rget kvaliteeti ja p\u00e4devust meditsiinilaborite valdkonnas. Tartu \u00dclikooli Kliinikumi \u00fchendlabori koesobivuslabor on akrediteeritud Euroopa Immuungeneetika F\u00f6deratsiooni (European Federation for Immunogenetics, EFI) poolt olles esimene EFI akrediteeringu saanud labor Balti riikides.<\/p>\n","protected":false},"author":36,"featured_media":0,"parent":0,"menu_order":0,"comment_status":"closed","ping_status":"closed","template":"","meta":{"_uag_custom_page_level_css":"","footnotes":""},"class_list":["post-5859","page","type-page","status-publish","hentry"],"acf":[],"yoast_head":"<!-- This site is optimized with the Yoast SEO plugin v27.3 - https:\/\/yoast.com\/product\/yoast-seo-wordpress\/ -->\n<title>Kvaliteet - \u00dchendlabor<\/title>\n<meta name=\"robots\" content=\"index, follow, max-snippet:-1, max-image-preview:large, max-video-preview:-1\" \/>\n<link rel=\"canonical\" href=\"https:\/\/www.kliinikum.ee\/yhendlabor\/kvaliteet\/\" \/>\n<meta property=\"og:locale\" content=\"et_EE\" \/>\n<meta property=\"og:type\" content=\"article\" \/>\n<meta property=\"og:title\" content=\"Kvaliteet - \u00dchendlabor\" \/>\n<meta property=\"og:description\" content=\"Tartu \u00dclikooli Kliinikumi \u00dchendlabor on EAK poolt akrediteeritud meditsiinilabor M005 standardi EVS-EN ISO 15189:2012 n\u00f5uete suhtes. See tunnustus kinnitab meie labori k\u00f5rget kvaliteeti ja p\u00e4devust meditsiinilaborite valdkonnas. Tartu \u00dclikooli Kliinikumi \u00fchendlabori koesobivuslabor on akrediteeritud Euroopa Immuungeneetika F\u00f6deratsiooni (European Federation for Immunogenetics, EFI) poolt olles esimene EFI akrediteeringu saanud labor Balti riikides.\" \/>\n<meta property=\"og:url\" content=\"https:\/\/www.kliinikum.ee\/yhendlabor\/kvaliteet\/\" \/>\n<meta property=\"og:site_name\" content=\"\u00dchendlabor\" \/>\n<meta property=\"article:modified_time\" content=\"2023-09-12T07:18:52+00:00\" \/>\n<meta name=\"twitter:card\" content=\"summary_large_image\" \/>\n<meta name=\"twitter:label1\" content=\"Est. reading time\" \/>\n\t<meta name=\"twitter:data1\" content=\"1 minut\" \/>\n<script type=\"application\/ld+json\" class=\"yoast-schema-graph\">{\"@context\":\"https:\\\/\\\/schema.org\",\"@graph\":[{\"@type\":\"WebPage\",\"@id\":\"https:\\\/\\\/www.kliinikum.ee\\\/yhendlabor\\\/kvaliteet\\\/\",\"url\":\"https:\\\/\\\/www.kliinikum.ee\\\/yhendlabor\\\/kvaliteet\\\/\",\"name\":\"Kvaliteet - \u00dchendlabor\",\"isPartOf\":{\"@id\":\"https:\\\/\\\/www.kliinikum.ee\\\/yhendlabor\\\/#website\"},\"datePublished\":\"2023-04-21T10:51:01+00:00\",\"dateModified\":\"2023-09-12T07:18:52+00:00\",\"breadcrumb\":{\"@id\":\"https:\\\/\\\/www.kliinikum.ee\\\/yhendlabor\\\/kvaliteet\\\/#breadcrumb\"},\"inLanguage\":\"et\",\"potentialAction\":[{\"@type\":\"ReadAction\",\"target\":[\"https:\\\/\\\/www.kliinikum.ee\\\/yhendlabor\\\/kvaliteet\\\/\"]}]},{\"@type\":\"BreadcrumbList\",\"@id\":\"https:\\\/\\\/www.kliinikum.ee\\\/yhendlabor\\\/kvaliteet\\\/#breadcrumb\",\"itemListElement\":[{\"@type\":\"ListItem\",\"position\":1,\"name\":\"Home\",\"item\":\"https:\\\/\\\/www.kliinikum.ee\\\/yhendlabor\\\/\"},{\"@type\":\"ListItem\",\"position\":2,\"name\":\"Kvaliteet\"}]},{\"@type\":\"WebSite\",\"@id\":\"https:\\\/\\\/www.kliinikum.ee\\\/yhendlabor\\\/#website\",\"url\":\"https:\\\/\\\/www.kliinikum.ee\\\/yhendlabor\\\/\",\"name\":\"\u00dchendlabor\",\"description\":\"Hoolivus, Uuendusmeelsus, P\u00e4devus ja Usaldusv\u00e4\u00e4rsus\",\"potentialAction\":[{\"@type\":\"SearchAction\",\"target\":{\"@type\":\"EntryPoint\",\"urlTemplate\":\"https:\\\/\\\/www.kliinikum.ee\\\/yhendlabor\\\/?s={search_term_string}\"},\"query-input\":{\"@type\":\"PropertyValueSpecification\",\"valueRequired\":true,\"valueName\":\"search_term_string\"}}],\"inLanguage\":\"et\"}]}<\/script>\n<!-- \/ Yoast SEO plugin. -->","yoast_head_json":{"title":"Kvaliteet - \u00dchendlabor","robots":{"index":"index","follow":"follow","max-snippet":"max-snippet:-1","max-image-preview":"max-image-preview:large","max-video-preview":"max-video-preview:-1"},"canonical":"https:\/\/www.kliinikum.ee\/yhendlabor\/kvaliteet\/","og_locale":"et_EE","og_type":"article","og_title":"Kvaliteet - \u00dchendlabor","og_description":"Tartu \u00dclikooli Kliinikumi \u00dchendlabor on EAK poolt akrediteeritud meditsiinilabor M005 standardi EVS-EN ISO 15189:2012 n\u00f5uete suhtes. See tunnustus kinnitab meie labori k\u00f5rget kvaliteeti ja p\u00e4devust meditsiinilaborite valdkonnas. Tartu \u00dclikooli Kliinikumi \u00fchendlabori koesobivuslabor on akrediteeritud Euroopa Immuungeneetika F\u00f6deratsiooni (European Federation for Immunogenetics, EFI) poolt olles esimene EFI akrediteeringu saanud labor Balti riikides.","og_url":"https:\/\/www.kliinikum.ee\/yhendlabor\/kvaliteet\/","og_site_name":"\u00dchendlabor","article_modified_time":"2023-09-12T07:18:52+00:00","twitter_card":"summary_large_image","twitter_misc":{"Est. reading time":"1 minut"},"schema":{"@context":"https:\/\/schema.org","@graph":[{"@type":"WebPage","@id":"https:\/\/www.kliinikum.ee\/yhendlabor\/kvaliteet\/","url":"https:\/\/www.kliinikum.ee\/yhendlabor\/kvaliteet\/","name":"Kvaliteet - \u00dchendlabor","isPartOf":{"@id":"https:\/\/www.kliinikum.ee\/yhendlabor\/#website"},"datePublished":"2023-04-21T10:51:01+00:00","dateModified":"2023-09-12T07:18:52+00:00","breadcrumb":{"@id":"https:\/\/www.kliinikum.ee\/yhendlabor\/kvaliteet\/#breadcrumb"},"inLanguage":"et","potentialAction":[{"@type":"ReadAction","target":["https:\/\/www.kliinikum.ee\/yhendlabor\/kvaliteet\/"]}]},{"@type":"BreadcrumbList","@id":"https:\/\/www.kliinikum.ee\/yhendlabor\/kvaliteet\/#breadcrumb","itemListElement":[{"@type":"ListItem","position":1,"name":"Home","item":"https:\/\/www.kliinikum.ee\/yhendlabor\/"},{"@type":"ListItem","position":2,"name":"Kvaliteet"}]},{"@type":"WebSite","@id":"https:\/\/www.kliinikum.ee\/yhendlabor\/#website","url":"https:\/\/www.kliinikum.ee\/yhendlabor\/","name":"\u00dchendlabor","description":"Hoolivus, Uuendusmeelsus, P\u00e4devus ja Usaldusv\u00e4\u00e4rsus","potentialAction":[{"@type":"SearchAction","target":{"@type":"EntryPoint","urlTemplate":"https:\/\/www.kliinikum.ee\/yhendlabor\/?s={search_term_string}"},"query-input":{"@type":"PropertyValueSpecification","valueRequired":true,"valueName":"search_term_string"}}],"inLanguage":"et"}]}},"uagb_featured_image_src":{"full":false,"thumbnail":false,"medium":false,"medium_large":false,"large":false,"1536x1536":false,"2048x2048":false},"uagb_author_info":{"display_name":"Jane Freimann","author_link":"https:\/\/www.kliinikum.ee\/yhendlabor\/author\/janef\/"},"uagb_comment_info":0,"uagb_excerpt":"Tartu \u00dclikooli Kliinikumi \u00dchendlabor on EAK poolt akrediteeritud meditsiinilabor M005 standardi EVS-EN ISO 15189:2012 n\u00f5uete suhtes. See tunnustus kinnitab meie labori k\u00f5rget kvaliteeti ja p\u00e4devust meditsiinilaborite valdkonnas. Tartu \u00dclikooli Kliinikumi \u00fchendlabori koesobivuslabor on akrediteeritud Euroopa Immuungeneetika F\u00f6deratsiooni (European Federation for Immunogenetics, EFI) poolt olles esimene EFI akrediteeringu saanud labor Balti riikides.","_links":{"self":[{"href":"https:\/\/www.kliinikum.ee\/yhendlabor\/wp-json\/wp\/v2\/pages\/5859","targetHints":{"allow":["GET"]}}],"collection":[{"href":"https:\/\/www.kliinikum.ee\/yhendlabor\/wp-json\/wp\/v2\/pages"}],"about":[{"href":"https:\/\/www.kliinikum.ee\/yhendlabor\/wp-json\/wp\/v2\/types\/page"}],"author":[{"embeddable":true,"href":"https:\/\/www.kliinikum.ee\/yhendlabor\/wp-json\/wp\/v2\/users\/36"}],"replies":[{"embeddable":true,"href":"https:\/\/www.kliinikum.ee\/yhendlabor\/wp-json\/wp\/v2\/comments?post=5859"}],"version-history":[{"count":0,"href":"https:\/\/www.kliinikum.ee\/yhendlabor\/wp-json\/wp\/v2\/pages\/5859\/revisions"}],"wp:attachment":[{"href":"https:\/\/www.kliinikum.ee\/yhendlabor\/wp-json\/wp\/v2\/media?parent=5859"}],"curies":[{"name":"wp","href":"https:\/\/api.w.org\/{rel}","templated":true}]}}