{"id":5867,"date":"2023-04-21T13:02:48","date_gmt":"2023-04-21T11:02:48","guid":{"rendered":"https:\/\/www.kliinikum.ee\/yhendlabor\/?page_id=5867"},"modified":"2024-01-10T15:01:38","modified_gmt":"2024-01-10T13:01:38","slug":"kontakt","status":"publish","type":"page","link":"https:\/\/www.kliinikum.ee\/yhendlabor\/uhendlaborist\/kontakt\/","title":{"rendered":"Kontakt"},"content":{"rendered":"\n<p style=\"font-size:clamp(14px, 0.875rem + ((1vw - 3.2px) * 0.227), 16px);\">SA T\u00dc Kliinikum \u00dchendlabor<br>L. Puusepa 8, 50406 TARTU<br>Tel: +372 731 9312<br><a href=\"mailto:yhendlabor@kliinikum.ee\">yhendlabor@kliinikum.ee<\/a><\/p>\n\n\n\n<figure class=\"wp-block-table\"><table><tbody><tr><td>Teenistuse juht<\/td><td>Anu Tamm<\/td><td>tel. 731 9322; 5331 9322<\/td><\/tr><tr><td>Teenistuse juhtiv bioanal\u00fc\u00fctik<\/td><td>Pille Mee<\/td><td>tel. 731 9330; 5331 9330<\/td><\/tr><tr><td>Sekret\u00e4r<\/td><td>Diana Liivat<\/td><td>tel. 731 9312<\/td><\/tr><\/tbody><\/table><\/figure>\n\n\n\n<p>Anal\u00fc\u00fcside juurdetellimine <strong>Vastuv\u00f5tu ja logistika osakond<\/strong> tel. 731 8316<br>Residentide, praktikantide koordinaator <strong>Anneli Aus<\/strong> tel. 731 8331<\/p>\n","protected":false},"excerpt":{"rendered":"<p>SA T\u00dc Kliinikum \u00dchendlaborL. Puusepa 8, 50406 TARTUTel: +372 731 9312yhendlabor@kliinikum.ee Teenistuse juht Anu Tamm tel. 731 9322; 5331 9322 Teenistuse juhtiv bioanal\u00fc\u00fctik Pille Mee tel. 731 9330; 5331 9330 Sekret\u00e4r Diana Liivat tel. 731 9312 Anal\u00fc\u00fcside juurdetellimine Vastuv\u00f5tu ja logistika osakond tel. 731 8316Residentide, praktikantide koordinaator Anneli Aus tel. 731 8331<\/p>\n","protected":false},"author":36,"featured_media":0,"parent":5847,"menu_order":1,"comment_status":"closed","ping_status":"closed","template":"","meta":{"_uag_custom_page_level_css":"","footnotes":""},"class_list":["post-5867","page","type-page","status-publish","hentry"],"acf":[],"yoast_head":"<!-- This site is optimized with the Yoast SEO plugin v27.3 - https:\/\/yoast.com\/product\/yoast-seo-wordpress\/ -->\n<title>Kontakt - \u00dchendlabor<\/title>\n<meta name=\"robots\" content=\"index, follow, max-snippet:-1, max-image-preview:large, max-video-preview:-1\" \/>\n<link rel=\"canonical\" href=\"https:\/\/www.kliinikum.ee\/yhendlabor\/uhendlaborist\/kontakt\/\" \/>\n<meta property=\"og:locale\" content=\"et_EE\" \/>\n<meta property=\"og:type\" content=\"article\" \/>\n<meta property=\"og:title\" content=\"Kontakt - \u00dchendlabor\" \/>\n<meta property=\"og:description\" content=\"SA T\u00dc Kliinikum \u00dchendlaborL. Puusepa 8, 50406 TARTUTel: +372 731 9312yhendlabor@kliinikum.ee Teenistuse juht Anu Tamm tel. 731 9322; 5331 9322 Teenistuse juhtiv bioanal\u00fc\u00fctik Pille Mee tel. 731 9330; 5331 9330 Sekret\u00e4r Diana Liivat tel. 731 9312 Anal\u00fc\u00fcside juurdetellimine Vastuv\u00f5tu ja logistika osakond tel. 731 8316Residentide, praktikantide koordinaator Anneli Aus tel. 731 8331\" \/>\n<meta property=\"og:url\" content=\"https:\/\/www.kliinikum.ee\/yhendlabor\/uhendlaborist\/kontakt\/\" \/>\n<meta property=\"og:site_name\" content=\"\u00dchendlabor\" \/>\n<meta property=\"article:modified_time\" content=\"2024-01-10T13:01:38+00:00\" \/>\n<meta name=\"twitter:card\" content=\"summary_large_image\" \/>\n<meta name=\"twitter:label1\" content=\"Est. reading time\" \/>\n\t<meta name=\"twitter:data1\" content=\"1 minut\" \/>\n<script type=\"application\/ld+json\" class=\"yoast-schema-graph\">{\"@context\":\"https:\\\/\\\/schema.org\",\"@graph\":[{\"@type\":\"WebPage\",\"@id\":\"https:\\\/\\\/www.kliinikum.ee\\\/yhendlabor\\\/uhendlaborist\\\/kontakt\\\/\",\"url\":\"https:\\\/\\\/www.kliinikum.ee\\\/yhendlabor\\\/uhendlaborist\\\/kontakt\\\/\",\"name\":\"Kontakt - \u00dchendlabor\",\"isPartOf\":{\"@id\":\"https:\\\/\\\/www.kliinikum.ee\\\/yhendlabor\\\/#website\"},\"datePublished\":\"2023-04-21T11:02:48+00:00\",\"dateModified\":\"2024-01-10T13:01:38+00:00\",\"breadcrumb\":{\"@id\":\"https:\\\/\\\/www.kliinikum.ee\\\/yhendlabor\\\/uhendlaborist\\\/kontakt\\\/#breadcrumb\"},\"inLanguage\":\"et\",\"potentialAction\":[{\"@type\":\"ReadAction\",\"target\":[\"https:\\\/\\\/www.kliinikum.ee\\\/yhendlabor\\\/uhendlaborist\\\/kontakt\\\/\"]}]},{\"@type\":\"BreadcrumbList\",\"@id\":\"https:\\\/\\\/www.kliinikum.ee\\\/yhendlabor\\\/uhendlaborist\\\/kontakt\\\/#breadcrumb\",\"itemListElement\":[{\"@type\":\"ListItem\",\"position\":1,\"name\":\"Home\",\"item\":\"https:\\\/\\\/www.kliinikum.ee\\\/yhendlabor\\\/\"},{\"@type\":\"ListItem\",\"position\":2,\"name\":\"\u00dchendlaborist\",\"item\":\"https:\\\/\\\/www.kliinikum.ee\\\/yhendlabor\\\/uhendlaborist\\\/\"},{\"@type\":\"ListItem\",\"position\":3,\"name\":\"Kontakt\"}]},{\"@type\":\"WebSite\",\"@id\":\"https:\\\/\\\/www.kliinikum.ee\\\/yhendlabor\\\/#website\",\"url\":\"https:\\\/\\\/www.kliinikum.ee\\\/yhendlabor\\\/\",\"name\":\"\u00dchendlabor\",\"description\":\"Hoolivus, Uuendusmeelsus, P\u00e4devus ja Usaldusv\u00e4\u00e4rsus\",\"potentialAction\":[{\"@type\":\"SearchAction\",\"target\":{\"@type\":\"EntryPoint\",\"urlTemplate\":\"https:\\\/\\\/www.kliinikum.ee\\\/yhendlabor\\\/?s={search_term_string}\"},\"query-input\":{\"@type\":\"PropertyValueSpecification\",\"valueRequired\":true,\"valueName\":\"search_term_string\"}}],\"inLanguage\":\"et\"}]}<\/script>\n<!-- \/ Yoast SEO plugin. -->","yoast_head_json":{"title":"Kontakt - \u00dchendlabor","robots":{"index":"index","follow":"follow","max-snippet":"max-snippet:-1","max-image-preview":"max-image-preview:large","max-video-preview":"max-video-preview:-1"},"canonical":"https:\/\/www.kliinikum.ee\/yhendlabor\/uhendlaborist\/kontakt\/","og_locale":"et_EE","og_type":"article","og_title":"Kontakt - \u00dchendlabor","og_description":"SA T\u00dc Kliinikum \u00dchendlaborL. Puusepa 8, 50406 TARTUTel: +372 731 9312yhendlabor@kliinikum.ee Teenistuse juht Anu Tamm tel. 731 9322; 5331 9322 Teenistuse juhtiv bioanal\u00fc\u00fctik Pille Mee tel. 731 9330; 5331 9330 Sekret\u00e4r Diana Liivat tel. 731 9312 Anal\u00fc\u00fcside juurdetellimine Vastuv\u00f5tu ja logistika osakond tel. 731 8316Residentide, praktikantide koordinaator Anneli Aus tel. 731 8331","og_url":"https:\/\/www.kliinikum.ee\/yhendlabor\/uhendlaborist\/kontakt\/","og_site_name":"\u00dchendlabor","article_modified_time":"2024-01-10T13:01:38+00:00","twitter_card":"summary_large_image","twitter_misc":{"Est. reading time":"1 minut"},"schema":{"@context":"https:\/\/schema.org","@graph":[{"@type":"WebPage","@id":"https:\/\/www.kliinikum.ee\/yhendlabor\/uhendlaborist\/kontakt\/","url":"https:\/\/www.kliinikum.ee\/yhendlabor\/uhendlaborist\/kontakt\/","name":"Kontakt - \u00dchendlabor","isPartOf":{"@id":"https:\/\/www.kliinikum.ee\/yhendlabor\/#website"},"datePublished":"2023-04-21T11:02:48+00:00","dateModified":"2024-01-10T13:01:38+00:00","breadcrumb":{"@id":"https:\/\/www.kliinikum.ee\/yhendlabor\/uhendlaborist\/kontakt\/#breadcrumb"},"inLanguage":"et","potentialAction":[{"@type":"ReadAction","target":["https:\/\/www.kliinikum.ee\/yhendlabor\/uhendlaborist\/kontakt\/"]}]},{"@type":"BreadcrumbList","@id":"https:\/\/www.kliinikum.ee\/yhendlabor\/uhendlaborist\/kontakt\/#breadcrumb","itemListElement":[{"@type":"ListItem","position":1,"name":"Home","item":"https:\/\/www.kliinikum.ee\/yhendlabor\/"},{"@type":"ListItem","position":2,"name":"\u00dchendlaborist","item":"https:\/\/www.kliinikum.ee\/yhendlabor\/uhendlaborist\/"},{"@type":"ListItem","position":3,"name":"Kontakt"}]},{"@type":"WebSite","@id":"https:\/\/www.kliinikum.ee\/yhendlabor\/#website","url":"https:\/\/www.kliinikum.ee\/yhendlabor\/","name":"\u00dchendlabor","description":"Hoolivus, Uuendusmeelsus, P\u00e4devus ja Usaldusv\u00e4\u00e4rsus","potentialAction":[{"@type":"SearchAction","target":{"@type":"EntryPoint","urlTemplate":"https:\/\/www.kliinikum.ee\/yhendlabor\/?s={search_term_string}"},"query-input":{"@type":"PropertyValueSpecification","valueRequired":true,"valueName":"search_term_string"}}],"inLanguage":"et"}]}},"uagb_featured_image_src":{"full":false,"thumbnail":false,"medium":false,"medium_large":false,"large":false,"1536x1536":false,"2048x2048":false},"uagb_author_info":{"display_name":"Jane Freimann","author_link":"https:\/\/www.kliinikum.ee\/yhendlabor\/author\/janef\/"},"uagb_comment_info":0,"uagb_excerpt":"SA T\u00dc Kliinikum \u00dchendlaborL. Puusepa 8, 50406 TARTUTel: +372 731 9312yhendlabor@kliinikum.ee Teenistuse juht Anu Tamm tel. 731 9322; 5331 9322 Teenistuse juhtiv bioanal\u00fc\u00fctik Pille Mee tel. 731 9330; 5331 9330 Sekret\u00e4r Diana Liivat tel. 731 9312 Anal\u00fc\u00fcside juurdetellimine Vastuv\u00f5tu ja logistika osakond tel. 731 8316Residentide, praktikantide koordinaator Anneli Aus tel. 731 8331","_links":{"self":[{"href":"https:\/\/www.kliinikum.ee\/yhendlabor\/wp-json\/wp\/v2\/pages\/5867","targetHints":{"allow":["GET"]}}],"collection":[{"href":"https:\/\/www.kliinikum.ee\/yhendlabor\/wp-json\/wp\/v2\/pages"}],"about":[{"href":"https:\/\/www.kliinikum.ee\/yhendlabor\/wp-json\/wp\/v2\/types\/page"}],"author":[{"embeddable":true,"href":"https:\/\/www.kliinikum.ee\/yhendlabor\/wp-json\/wp\/v2\/users\/36"}],"replies":[{"embeddable":true,"href":"https:\/\/www.kliinikum.ee\/yhendlabor\/wp-json\/wp\/v2\/comments?post=5867"}],"version-history":[{"count":0,"href":"https:\/\/www.kliinikum.ee\/yhendlabor\/wp-json\/wp\/v2\/pages\/5867\/revisions"}],"up":[{"embeddable":true,"href":"https:\/\/www.kliinikum.ee\/yhendlabor\/wp-json\/wp\/v2\/pages\/5847"}],"wp:attachment":[{"href":"https:\/\/www.kliinikum.ee\/yhendlabor\/wp-json\/wp\/v2\/media?parent=5867"}],"curies":[{"name":"wp","href":"https:\/\/api.w.org\/{rel}","templated":true}]}}