{"id":5871,"date":"2023-04-21T13:13:41","date_gmt":"2023-04-21T11:13:41","guid":{"rendered":"https:\/\/www.kliinikum.ee\/yhendlabor\/?page_id=5871"},"modified":"2025-10-10T13:34:58","modified_gmt":"2025-10-10T11:34:58","slug":"konsultandid","status":"publish","type":"page","link":"https:\/\/www.kliinikum.ee\/yhendlabor\/uhendlaborist\/konsultandid\/","title":{"rendered":"Konsultandid"},"content":{"rendered":"\n<div class=\"wp-block-group has-global-padding\"><div class=\"wp-block-group__inner-container is-layout-constrained wp-block-group-is-layout-constrained\">\n<div class=\"wp-block-columns is-layout-flex wp-container-core-columns-is-layout-28f84493 wp-block-columns-is-layout-flex\">\n<div class=\"wp-block-column is-layout-flow wp-block-column-is-layout-flow\" style=\"flex-basis:100%\">\n<div class=\"wp-block-columns is-layout-flex wp-container-core-columns-is-layout-28f84493 wp-block-columns-is-layout-flex\">\n<div class=\"wp-block-column is-layout-flow wp-block-column-is-layout-flow\" style=\"flex-basis:100%\"><\/div>\n<\/div>\n<\/div>\n<\/div>\n<\/div><\/div>\n\n\n\n<figure class=\"wp-block-table alignleft is-style-stripes\" style=\"margin-top:0;margin-right:0;margin-bottom:0;margin-left:0;font-size:clamp(0.875rem, 0.875rem + ((1vw - 0.2rem) * 0.227), 1rem);font-style:normal;font-weight:400;line-height:1.5\"><table style=\"border-style:none;border-width:0px\"><thead><tr><th class=\"has-text-align-left\" data-align=\"left\">TARTU \u00dcLIKOOLI KLIINIKUMI \u00dcHENDLABORI KONSULTANDID<\/th><th class=\"has-text-align-left\" data-align=\"left\">Vastutaja<\/th><th class=\"has-text-align-center\" data-align=\"center\">Telefon<\/th><\/tr><\/thead><tbody><tr><td class=\"has-text-align-left\" data-align=\"left\">Prenal\u00fc\u00fctika k.a proovimaterjali v\u00f5tmine<\/td><td class=\"has-text-align-left\" data-align=\"left\">Pille Mee<\/td><td class=\"has-text-align-center\" data-align=\"center\">731 9330<\/td><\/tr><tr><td class=\"has-text-align-left\" data-align=\"left\">\u00dcldk\u00fcsimused k.a prooviv\u00f5tutarvikute tellimine<\/td><td class=\"has-text-align-left\" data-align=\"left\">K\u00fclli Kuus<\/td><td class=\"has-text-align-center\" data-align=\"center\">731 8316<\/td><\/tr><tr><td class=\"has-text-align-left\" data-align=\"left\">Allergiauuringud<\/td><td class=\"has-text-align-left\" data-align=\"left\">Tiina Rebane<\/td><td class=\"has-text-align-center\" data-align=\"center\">731 9311<\/td><\/tr><tr><td class=\"has-text-align-left\" data-align=\"left\">Autoimmuunuuringud<\/td><td class=\"has-text-align-left\" data-align=\"left\">Kaja Metsk\u00fcla<\/td><td class=\"has-text-align-center\" data-align=\"center\">731 9336<\/td><\/tr><tr><td class=\"has-text-align-left\" data-align=\"left\">Viiruste ja bakterite molekulaardiagnostilised uuringud (sh. doonorid)<\/td><td class=\"has-text-align-left\" data-align=\"left\">Merle Vahter<br>Mildred Mustkivi<\/td><td class=\"has-text-align-center\" data-align=\"center\">731 9315<\/td><\/tr><tr><td class=\"has-text-align-left\" data-align=\"left\">Viiruste ja bakterite seroloogilised uuringud (sh. doonorid)<\/td><td class=\"has-text-align-left\" data-align=\"left\">Kaja Vaagen<br>Mildred Mustkivi<\/td><td class=\"has-text-align-center\" data-align=\"center\">731 8810<br>731 9315<\/td><\/tr><tr><td class=\"has-text-align-left\" data-align=\"left\">Koesobivus-, HLA uuringud<\/td><td class=\"has-text-align-left\" data-align=\"left\">Kaie Lokk<br>Ingrid Tagen <\/td><td class=\"has-text-align-center\" data-align=\"center\">731 9337<br>731 9317 <\/td><\/tr><tr><td class=\"has-text-align-left\" data-align=\"left\">Vereloomekasvajate molekulaardiagnostilised uuringud<\/td><td class=\"has-text-align-left\" data-align=\"left\">Maria Keernik<\/td><td class=\"has-text-align-center\" data-align=\"center\">731 9496<\/td><\/tr><tr><td class=\"has-text-align-left\" data-align=\"left\">Vooluts\u00fctomeetrilised uuringud<\/td><td class=\"has-text-align-left\" data-align=\"left\">Eva Reinmaa <br>Ain R\u00e4hni<\/td><td class=\"has-text-align-center\" data-align=\"center\">731 9317<br>731 9321<\/td><\/tr><tr><td class=\"has-text-align-left\" data-align=\"left\">Hematoloogilised uuringud (hemogramm, er\u00fctrots\u00fc\u00fctide settekiiruse m\u00e4\u00e4ramine)<\/td><td class=\"has-text-align-left\" data-align=\"left\">Anneli Aus<br>Piret Mihkelson<\/td><td class=\"has-text-align-center\" data-align=\"center\">731 8331 <br>731 8319<\/td><\/tr><tr><td class=\"has-text-align-left\" data-align=\"left\">Hematomorfoloogilised uuringud<\/td><td class=\"has-text-align-left\" data-align=\"left\">Ain R\u00e4hni <br>Signe T\u00e4kker<\/td><td class=\"has-text-align-center\" data-align=\"center\">731 9321 <br>731 9309<\/td><\/tr><tr><td class=\"has-text-align-left\" data-align=\"left\">H\u00fc\u00fcbimisuuringud<\/td><td class=\"has-text-align-left\" data-align=\"left\">Kaja Vaagen<\/td><td class=\"has-text-align-center\" data-align=\"center\">731 8810<\/td><\/tr><tr><td class=\"has-text-align-left\" data-align=\"left\">Tromboelastomeetrilised uuringud<\/td><td class=\"has-text-align-left\" data-align=\"left\">Anneli Aus<\/td><td class=\"has-text-align-center\" data-align=\"center\">731 8331<\/td><\/tr><tr><td class=\"has-text-align-left\" data-align=\"left\">Hormoonide ja kasvajamarkerite uuringud<\/td><td class=\"has-text-align-left\" data-align=\"left\">Kaja Vaagen<\/td><td class=\"has-text-align-center\" data-align=\"center\">731 8810<\/td><\/tr><tr><td class=\"has-text-align-left\" data-align=\"left\">Uriini ja rooja uuringud<\/td><td class=\"has-text-align-left\" data-align=\"left\">Anneli Aus <br>Piret Mihkelson<\/td><td class=\"has-text-align-center\" data-align=\"center\">731 8331 <br>731 8319<\/td><\/tr><tr><td class=\"has-text-align-left\" data-align=\"left\">J\u00e4mesoolev\u00e4hi s\u00f5eluuring<\/td><td class=\"has-text-align-left\" data-align=\"left\">Katrin Reimand<\/td><td class=\"has-text-align-center\" data-align=\"center\">731 8312<\/td><\/tr><tr><td class=\"has-text-align-left\" data-align=\"left\">Kehavedelike rakkude uuringud<\/td><td class=\"has-text-align-left\" data-align=\"left\">Ingrid Orav<\/td><td class=\"has-text-align-center\" data-align=\"center\">731 9599<\/td><\/tr><tr><td class=\"has-text-align-left\" data-align=\"left\">Kliinilise keemia uuringud<\/td><td class=\"has-text-align-left\" data-align=\"left\">Katrin Reimand <br>Kaja Vaagen<br>Sirje Leed<\/td><td class=\"has-text-align-center\" data-align=\"center\">731 8312 <br>731 8810<br>731 8810<\/td><\/tr><tr><td class=\"has-text-align-left\" data-align=\"left\">Happe-aluse tasakaalu uuringud sh laboriv\u00e4lised uuringud<\/td><td class=\"has-text-align-left\" data-align=\"left\">Aivar Orav<\/td><td class=\"has-text-align-center\" data-align=\"center\">731 8312<\/td><\/tr><tr><td class=\"has-text-align-left\" data-align=\"left\">Laboriv\u00e4lised uuringud, gl\u00fckomeetrite kvaliteedi kontroll ja v\u00e4lja\u00f5pe<\/td><td class=\"has-text-align-left\" data-align=\"left\">Agnes Ivanov <br>Aivar Orav<\/td><td class=\"has-text-align-center\" data-align=\"center\">731 8308 <br>731 8312<\/td><\/tr><tr><td class=\"has-text-align-left\" data-align=\"left\">Ravimite ja narkootiliste ainete uuringud<\/td><td class=\"has-text-align-left\" data-align=\"left\">Eliise-Rosalinda Raudm\u00e4e<br>Aivar Orav<\/td><td class=\"has-text-align-center\" data-align=\"center\">731 8332<br>731 8312<\/td><\/tr><tr><td class=\"has-text-align-left\" data-align=\"left\">Mikrobioloogilised uuringud<\/td><td class=\"has-text-align-left\" data-align=\"left\">Siiri K\u00f5ljalg <br>Kadri Kermes<\/td><td class=\"has-text-align-center\" data-align=\"center\">731 9340 <br>731 9339<\/td><\/tr><tr><td class=\"has-text-align-left\" data-align=\"left\">Seeninfektsioonide uuringud<\/td><td class=\"has-text-align-left\" data-align=\"left\">Olga Karhu<\/td><td class=\"has-text-align-center\" data-align=\"center\">731 9125<\/td><\/tr><tr><td class=\"has-text-align-left\" data-align=\"left\">Parasitoloogilised uuringud<\/td><td class=\"has-text-align-left\" data-align=\"left\">Olga Karhu<\/td><td class=\"has-text-align-center\" data-align=\"center\">731 9125<\/td><\/tr><tr><td class=\"has-text-align-left\" data-align=\"left\">M\u00fckobakterioloogilised, sh tuberkuloosi uuringud<\/td><td class=\"has-text-align-left\" data-align=\"left\">Kadri Klaos<\/td><td class=\"has-text-align-center\" data-align=\"center\">731 9219<\/td><\/tr><tr><td class=\"has-text-align-left\" data-align=\"left\"><br><br><strong>TARTU \u00dcLIKOOLI KLIINIKUMI GENEETIKA JA PERSONAALMEDITSIINI KLIINIKU KONSULTANDID<\/strong><\/td><td class=\"has-text-align-left\" data-align=\"left\"><\/td><td class=\"has-text-align-center\" data-align=\"center\"><\/td><\/tr><tr><td class=\"has-text-align-left\" data-align=\"left\">S\u00fcnnieelsed s\u00f5eluuringud (NIPT)<\/td><td class=\"has-text-align-left\" data-align=\"left\">Tiia Reimand<\/td><td class=\"has-text-align-center\" data-align=\"center\">731 9497<\/td><\/tr><tr><td class=\"has-text-align-left\" data-align=\"left\">Ts\u00fctogeneetilised uuringud Tartus<\/td><td class=\"has-text-align-left\" data-align=\"left\">Pille Tammur<\/td><td class=\"has-text-align-center\" data-align=\"center\">731 9496<\/td><\/tr><tr><td class=\"has-text-align-left\" data-align=\"left\">Ts\u00fctogeneetilised uuringud Tallinnas<\/td><td class=\"has-text-align-left\" data-align=\"left\">Tiiu Roovere&nbsp;<\/td><td class=\"has-text-align-center\" data-align=\"center\">731 9173<\/td><\/tr><tr><td class=\"has-text-align-left\" data-align=\"left\">Vasts\u00fcndinute s\u00f5eluuringud<\/td><td class=\"has-text-align-left\" data-align=\"left\">Hardo Lillev\u00e4li&nbsp; <br>Karit Reinson<\/td><td class=\"has-text-align-center\" data-align=\"center\">731 9485 <br>53319170<\/td><\/tr><tr><td class=\"has-text-align-left\" data-align=\"left\">P\u00e4rilike ainevahetushaiguste uuringud<\/td><td class=\"has-text-align-left\" data-align=\"left\">Katrin \u00d5unap<\/td><td class=\"has-text-align-center\" data-align=\"center\">731 9490<\/td><\/tr><tr><td class=\"has-text-align-left\" data-align=\"left\">Kasvajate molekulaardiagnostilised uuringud&nbsp;<\/td><td class=\"has-text-align-left\" data-align=\"left\">Kadri Rekker<\/td><td class=\"has-text-align-center\" data-align=\"center\">731 9487<\/td><\/tr><tr><td class=\"has-text-align-left\" data-align=\"left\">P\u00e4rilike haiguste ja kasvajate molekulaardiagnostilised uuringud<\/td><td class=\"has-text-align-left\" data-align=\"left\">Tiina Kahre <br>\u00dclle Murumets<\/td><td class=\"has-text-align-center\" data-align=\"center\">731 9488<br>731 9487<\/td><\/tr><\/tbody><\/table><\/figure>\n\n\n\n<p><\/p>\n","protected":false},"excerpt":{"rendered":"<p>TARTU \u00dcLIKOOLI KLIINIKUMI \u00dcHENDLABORI KONSULTANDID Vastutaja Telefon Prenal\u00fc\u00fctika k.a proovimaterjali v\u00f5tmine Pille Mee 731 9330 \u00dcldk\u00fcsimused k.a prooviv\u00f5tutarvikute tellimine K\u00fclli Kuus 731 8316 Allergiauuringud Tiina Rebane 731 9311 Autoimmuunuuringud Kaja Metsk\u00fcla 731 9336 Viiruste ja bakterite molekulaardiagnostilised uuringud (sh. doonorid) Merle VahterMildred Mustkivi 731 9315 Viiruste ja bakterite seroloogilised uuringud (sh. doonorid) Kaja VaagenMildred Mustkivi [&hellip;]<\/p>\n","protected":false},"author":36,"featured_media":0,"parent":5847,"menu_order":3,"comment_status":"closed","ping_status":"closed","template":"","meta":{"_uag_custom_page_level_css":"","footnotes":""},"class_list":["post-5871","page","type-page","status-publish","hentry"],"acf":[],"yoast_head":"<!-- This site is optimized with the Yoast SEO plugin v27.5 - https:\/\/yoast.com\/product\/yoast-seo-wordpress\/ -->\n<title>Konsultandid - \u00dchendlabor<\/title>\n<meta name=\"robots\" content=\"index, follow, max-snippet:-1, max-image-preview:large, max-video-preview:-1\" \/>\n<link rel=\"canonical\" href=\"https:\/\/www.kliinikum.ee\/yhendlabor\/uhendlaborist\/konsultandid\/\" \/>\n<meta property=\"og:locale\" content=\"et_EE\" \/>\n<meta property=\"og:type\" content=\"article\" \/>\n<meta property=\"og:title\" content=\"Konsultandid - \u00dchendlabor\" \/>\n<meta property=\"og:description\" content=\"TARTU \u00dcLIKOOLI KLIINIKUMI \u00dcHENDLABORI KONSULTANDID Vastutaja Telefon Prenal\u00fc\u00fctika k.a proovimaterjali v\u00f5tmine Pille Mee 731 9330 \u00dcldk\u00fcsimused k.a prooviv\u00f5tutarvikute tellimine K\u00fclli Kuus 731 8316 Allergiauuringud Tiina Rebane 731 9311 Autoimmuunuuringud Kaja Metsk\u00fcla 731 9336 Viiruste ja bakterite molekulaardiagnostilised uuringud (sh. doonorid) Merle VahterMildred Mustkivi 731 9315 Viiruste ja bakterite seroloogilised uuringud (sh. doonorid) Kaja VaagenMildred Mustkivi [&hellip;]\" \/>\n<meta property=\"og:url\" content=\"https:\/\/www.kliinikum.ee\/yhendlabor\/uhendlaborist\/konsultandid\/\" \/>\n<meta property=\"og:site_name\" content=\"\u00dchendlabor\" \/>\n<meta property=\"article:modified_time\" content=\"2025-10-10T11:34:58+00:00\" \/>\n<meta name=\"twitter:card\" content=\"summary_large_image\" \/>\n<meta name=\"twitter:label1\" content=\"Est. reading time\" \/>\n\t<meta name=\"twitter:data1\" content=\"2 minutit\" \/>\n<script type=\"application\/ld+json\" class=\"yoast-schema-graph\">{\"@context\":\"https:\\\/\\\/schema.org\",\"@graph\":[{\"@type\":\"WebPage\",\"@id\":\"https:\\\/\\\/www.kliinikum.ee\\\/yhendlabor\\\/uhendlaborist\\\/konsultandid\\\/\",\"url\":\"https:\\\/\\\/www.kliinikum.ee\\\/yhendlabor\\\/uhendlaborist\\\/konsultandid\\\/\",\"name\":\"Konsultandid - \u00dchendlabor\",\"isPartOf\":{\"@id\":\"https:\\\/\\\/www.kliinikum.ee\\\/yhendlabor\\\/#website\"},\"datePublished\":\"2023-04-21T11:13:41+00:00\",\"dateModified\":\"2025-10-10T11:34:58+00:00\",\"breadcrumb\":{\"@id\":\"https:\\\/\\\/www.kliinikum.ee\\\/yhendlabor\\\/uhendlaborist\\\/konsultandid\\\/#breadcrumb\"},\"inLanguage\":\"et\",\"potentialAction\":[{\"@type\":\"ReadAction\",\"target\":[\"https:\\\/\\\/www.kliinikum.ee\\\/yhendlabor\\\/uhendlaborist\\\/konsultandid\\\/\"]}]},{\"@type\":\"BreadcrumbList\",\"@id\":\"https:\\\/\\\/www.kliinikum.ee\\\/yhendlabor\\\/uhendlaborist\\\/konsultandid\\\/#breadcrumb\",\"itemListElement\":[{\"@type\":\"ListItem\",\"position\":1,\"name\":\"Home\",\"item\":\"https:\\\/\\\/www.kliinikum.ee\\\/yhendlabor\\\/\"},{\"@type\":\"ListItem\",\"position\":2,\"name\":\"\u00dchendlaborist\",\"item\":\"https:\\\/\\\/www.kliinikum.ee\\\/yhendlabor\\\/uhendlaborist\\\/\"},{\"@type\":\"ListItem\",\"position\":3,\"name\":\"Konsultandid\"}]},{\"@type\":\"WebSite\",\"@id\":\"https:\\\/\\\/www.kliinikum.ee\\\/yhendlabor\\\/#website\",\"url\":\"https:\\\/\\\/www.kliinikum.ee\\\/yhendlabor\\\/\",\"name\":\"\u00dchendlabor\",\"description\":\"Hoolivus, Uuendusmeelsus, P\u00e4devus ja Usaldusv\u00e4\u00e4rsus\",\"potentialAction\":[{\"@type\":\"SearchAction\",\"target\":{\"@type\":\"EntryPoint\",\"urlTemplate\":\"https:\\\/\\\/www.kliinikum.ee\\\/yhendlabor\\\/?s={search_term_string}\"},\"query-input\":{\"@type\":\"PropertyValueSpecification\",\"valueRequired\":true,\"valueName\":\"search_term_string\"}}],\"inLanguage\":\"et\"}]}<\/script>\n<!-- \/ Yoast SEO plugin. -->","yoast_head_json":{"title":"Konsultandid - \u00dchendlabor","robots":{"index":"index","follow":"follow","max-snippet":"max-snippet:-1","max-image-preview":"max-image-preview:large","max-video-preview":"max-video-preview:-1"},"canonical":"https:\/\/www.kliinikum.ee\/yhendlabor\/uhendlaborist\/konsultandid\/","og_locale":"et_EE","og_type":"article","og_title":"Konsultandid - \u00dchendlabor","og_description":"TARTU \u00dcLIKOOLI KLIINIKUMI \u00dcHENDLABORI KONSULTANDID Vastutaja Telefon Prenal\u00fc\u00fctika k.a proovimaterjali v\u00f5tmine Pille Mee 731 9330 \u00dcldk\u00fcsimused k.a prooviv\u00f5tutarvikute tellimine K\u00fclli Kuus 731 8316 Allergiauuringud Tiina Rebane 731 9311 Autoimmuunuuringud Kaja Metsk\u00fcla 731 9336 Viiruste ja bakterite molekulaardiagnostilised uuringud (sh. doonorid) Merle VahterMildred Mustkivi 731 9315 Viiruste ja bakterite seroloogilised uuringud (sh. doonorid) Kaja VaagenMildred Mustkivi [&hellip;]","og_url":"https:\/\/www.kliinikum.ee\/yhendlabor\/uhendlaborist\/konsultandid\/","og_site_name":"\u00dchendlabor","article_modified_time":"2025-10-10T11:34:58+00:00","twitter_card":"summary_large_image","twitter_misc":{"Est. reading time":"2 minutit"},"schema":{"@context":"https:\/\/schema.org","@graph":[{"@type":"WebPage","@id":"https:\/\/www.kliinikum.ee\/yhendlabor\/uhendlaborist\/konsultandid\/","url":"https:\/\/www.kliinikum.ee\/yhendlabor\/uhendlaborist\/konsultandid\/","name":"Konsultandid - \u00dchendlabor","isPartOf":{"@id":"https:\/\/www.kliinikum.ee\/yhendlabor\/#website"},"datePublished":"2023-04-21T11:13:41+00:00","dateModified":"2025-10-10T11:34:58+00:00","breadcrumb":{"@id":"https:\/\/www.kliinikum.ee\/yhendlabor\/uhendlaborist\/konsultandid\/#breadcrumb"},"inLanguage":"et","potentialAction":[{"@type":"ReadAction","target":["https:\/\/www.kliinikum.ee\/yhendlabor\/uhendlaborist\/konsultandid\/"]}]},{"@type":"BreadcrumbList","@id":"https:\/\/www.kliinikum.ee\/yhendlabor\/uhendlaborist\/konsultandid\/#breadcrumb","itemListElement":[{"@type":"ListItem","position":1,"name":"Home","item":"https:\/\/www.kliinikum.ee\/yhendlabor\/"},{"@type":"ListItem","position":2,"name":"\u00dchendlaborist","item":"https:\/\/www.kliinikum.ee\/yhendlabor\/uhendlaborist\/"},{"@type":"ListItem","position":3,"name":"Konsultandid"}]},{"@type":"WebSite","@id":"https:\/\/www.kliinikum.ee\/yhendlabor\/#website","url":"https:\/\/www.kliinikum.ee\/yhendlabor\/","name":"\u00dchendlabor","description":"Hoolivus, Uuendusmeelsus, P\u00e4devus ja Usaldusv\u00e4\u00e4rsus","potentialAction":[{"@type":"SearchAction","target":{"@type":"EntryPoint","urlTemplate":"https:\/\/www.kliinikum.ee\/yhendlabor\/?s={search_term_string}"},"query-input":{"@type":"PropertyValueSpecification","valueRequired":true,"valueName":"search_term_string"}}],"inLanguage":"et"}]}},"uagb_featured_image_src":{"full":false,"thumbnail":false,"medium":false,"medium_large":false,"large":false,"1536x1536":false,"2048x2048":false},"uagb_author_info":{"display_name":"Jane Freimann","author_link":"https:\/\/www.kliinikum.ee\/yhendlabor\/author\/janef\/"},"uagb_comment_info":0,"uagb_excerpt":"TARTU \u00dcLIKOOLI KLIINIKUMI \u00dcHENDLABORI KONSULTANDID Vastutaja Telefon Prenal\u00fc\u00fctika k.a proovimaterjali v\u00f5tmine Pille Mee 731 9330 \u00dcldk\u00fcsimused k.a prooviv\u00f5tutarvikute tellimine K\u00fclli Kuus 731 8316 Allergiauuringud Tiina Rebane 731 9311 Autoimmuunuuringud Kaja Metsk\u00fcla 731 9336 Viiruste ja bakterite molekulaardiagnostilised uuringud (sh. doonorid) Merle VahterMildred Mustkivi 731 9315 Viiruste ja bakterite seroloogilised uuringud (sh. doonorid) Kaja VaagenMildred Mustkivi&hellip;","_links":{"self":[{"href":"https:\/\/www.kliinikum.ee\/yhendlabor\/wp-json\/wp\/v2\/pages\/5871","targetHints":{"allow":["GET"]}}],"collection":[{"href":"https:\/\/www.kliinikum.ee\/yhendlabor\/wp-json\/wp\/v2\/pages"}],"about":[{"href":"https:\/\/www.kliinikum.ee\/yhendlabor\/wp-json\/wp\/v2\/types\/page"}],"author":[{"embeddable":true,"href":"https:\/\/www.kliinikum.ee\/yhendlabor\/wp-json\/wp\/v2\/users\/36"}],"replies":[{"embeddable":true,"href":"https:\/\/www.kliinikum.ee\/yhendlabor\/wp-json\/wp\/v2\/comments?post=5871"}],"version-history":[{"count":0,"href":"https:\/\/www.kliinikum.ee\/yhendlabor\/wp-json\/wp\/v2\/pages\/5871\/revisions"}],"up":[{"embeddable":true,"href":"https:\/\/www.kliinikum.ee\/yhendlabor\/wp-json\/wp\/v2\/pages\/5847"}],"wp:attachment":[{"href":"https:\/\/www.kliinikum.ee\/yhendlabor\/wp-json\/wp\/v2\/media?parent=5871"}],"curies":[{"name":"wp","href":"https:\/\/api.w.org\/{rel}","templated":true}]}}