{"id":5890,"date":"2023-04-21T13:34:29","date_gmt":"2023-04-21T11:34:29","guid":{"rendered":"https:\/\/www.kliinikum.ee\/yhendlabor\/?page_id=5890"},"modified":"2024-11-05T16:05:06","modified_gmt":"2024-11-05T14:05:06","slug":"tagasiside-ja-tanu","status":"publish","type":"page","link":"https:\/\/www.kliinikum.ee\/yhendlabor\/patsiendile\/tagasiside-ja-tanu\/","title":{"rendered":"Tagasiside"},"content":{"rendered":"\n<p>Meie eesm\u00e4rgiks on pakkuda kvaliteetseid laboriteenuseid ja tagada patsientidele parim v\u00f5imalik kogemus. Teie tagasiside aitab meil hinnata ja optimeerida meie protsesse ning teenuste kvaliteeti.<\/p>\n\n\n\n<p>Palun jagage meiega oma kogemust Tartu \u00dclikooli Kliinikumi \u00fchendlaboriga. Kuidas hindate meie teenuste k\u00e4ttesaadavust, personali s\u00f5bralikkust ja professionaalsust? Kas teenindus oli Teie ootustele vastav? Kas Teie k\u00fcsimustele ja muredele reageeriti viivitamatult ning t\u00f5husalt? Oleme huvitatud ka Teie ettepanekutest selle kohta, kuidas saaksime oma teenuseid veelgi parendada. Teie tagasiside on meile \u00e4\u00e4rmiselt oluline ja v\u00f5tame seda t\u00f5siselt. Oleme t\u00e4nulikud teie arvamuse ja tagasiside eest, kuna see aitab meil pidevalt parandada oma teenuseid.<\/p>\n\n\n\n<p>T\u00e4name teid veelkord meie teenuste hindamise eest ning me ootame p\u00f5nevusega teie tagasisidet.<\/p>\n\n\n\n<p class=\"has-text-align-right\"><\/p>\n\n\n\n<p class=\"has-text-color has-medium-font-size\" style=\"color:#cf332d\"><a href=\"https:\/\/www.kliinikum.ee\/patsiendile\/tagasiside\/\"><strong>Tagasiside ja t\u00e4nu vorm<\/strong><\/a><\/p>\n\n\n\n<p><\/p>\n\n\n\n<p><\/p>\n","protected":false},"excerpt":{"rendered":"<p>Meie eesm\u00e4rgiks on pakkuda kvaliteetseid laboriteenuseid ja tagada patsientidele parim v\u00f5imalik kogemus. Teie tagasiside aitab meil hinnata ja optimeerida meie protsesse ning teenuste kvaliteeti. Palun jagage meiega oma kogemust Tartu \u00dclikooli Kliinikumi \u00fchendlaboriga. Kuidas hindate meie teenuste k\u00e4ttesaadavust, personali s\u00f5bralikkust ja professionaalsust? Kas teenindus oli Teie ootustele vastav? Kas Teie k\u00fcsimustele ja muredele reageeriti viivitamatult [&hellip;]<\/p>\n","protected":false},"author":36,"featured_media":0,"parent":15,"menu_order":50,"comment_status":"closed","ping_status":"closed","template":"","meta":{"_uag_custom_page_level_css":"","footnotes":""},"class_list":["post-5890","page","type-page","status-publish","hentry"],"acf":[],"yoast_head":"<!-- This site is optimized with the Yoast SEO plugin v27.5 - https:\/\/yoast.com\/product\/yoast-seo-wordpress\/ -->\n<title>Tagasiside - \u00dchendlabor<\/title>\n<meta name=\"robots\" content=\"index, follow, max-snippet:-1, max-image-preview:large, max-video-preview:-1\" \/>\n<link rel=\"canonical\" href=\"https:\/\/www.kliinikum.ee\/yhendlabor\/patsiendile\/tagasiside-ja-tanu\/\" \/>\n<meta property=\"og:locale\" content=\"et_EE\" \/>\n<meta property=\"og:type\" content=\"article\" \/>\n<meta property=\"og:title\" content=\"Tagasiside - \u00dchendlabor\" \/>\n<meta property=\"og:description\" content=\"Meie eesm\u00e4rgiks on pakkuda kvaliteetseid laboriteenuseid ja tagada patsientidele parim v\u00f5imalik kogemus. Teie tagasiside aitab meil hinnata ja optimeerida meie protsesse ning teenuste kvaliteeti. Palun jagage meiega oma kogemust Tartu \u00dclikooli Kliinikumi \u00fchendlaboriga. Kuidas hindate meie teenuste k\u00e4ttesaadavust, personali s\u00f5bralikkust ja professionaalsust? Kas teenindus oli Teie ootustele vastav? Kas Teie k\u00fcsimustele ja muredele reageeriti viivitamatult [&hellip;]\" \/>\n<meta property=\"og:url\" content=\"https:\/\/www.kliinikum.ee\/yhendlabor\/patsiendile\/tagasiside-ja-tanu\/\" \/>\n<meta property=\"og:site_name\" content=\"\u00dchendlabor\" \/>\n<meta property=\"article:modified_time\" content=\"2024-11-05T14:05:06+00:00\" \/>\n<meta name=\"twitter:card\" content=\"summary_large_image\" \/>\n<meta name=\"twitter:label1\" content=\"Est. reading time\" \/>\n\t<meta name=\"twitter:data1\" content=\"1 minut\" \/>\n<script type=\"application\/ld+json\" class=\"yoast-schema-graph\">{\"@context\":\"https:\\\/\\\/schema.org\",\"@graph\":[{\"@type\":\"WebPage\",\"@id\":\"https:\\\/\\\/www.kliinikum.ee\\\/yhendlabor\\\/patsiendile\\\/tagasiside-ja-tanu\\\/\",\"url\":\"https:\\\/\\\/www.kliinikum.ee\\\/yhendlabor\\\/patsiendile\\\/tagasiside-ja-tanu\\\/\",\"name\":\"Tagasiside - \u00dchendlabor\",\"isPartOf\":{\"@id\":\"https:\\\/\\\/www.kliinikum.ee\\\/yhendlabor\\\/#website\"},\"datePublished\":\"2023-04-21T11:34:29+00:00\",\"dateModified\":\"2024-11-05T14:05:06+00:00\",\"breadcrumb\":{\"@id\":\"https:\\\/\\\/www.kliinikum.ee\\\/yhendlabor\\\/patsiendile\\\/tagasiside-ja-tanu\\\/#breadcrumb\"},\"inLanguage\":\"et\",\"potentialAction\":[{\"@type\":\"ReadAction\",\"target\":[\"https:\\\/\\\/www.kliinikum.ee\\\/yhendlabor\\\/patsiendile\\\/tagasiside-ja-tanu\\\/\"]}]},{\"@type\":\"BreadcrumbList\",\"@id\":\"https:\\\/\\\/www.kliinikum.ee\\\/yhendlabor\\\/patsiendile\\\/tagasiside-ja-tanu\\\/#breadcrumb\",\"itemListElement\":[{\"@type\":\"ListItem\",\"position\":1,\"name\":\"Home\",\"item\":\"https:\\\/\\\/www.kliinikum.ee\\\/yhendlabor\\\/\"},{\"@type\":\"ListItem\",\"position\":2,\"name\":\"Patsiendile\",\"item\":\"https:\\\/\\\/www.kliinikum.ee\\\/yhendlabor\\\/patsiendile\\\/\"},{\"@type\":\"ListItem\",\"position\":3,\"name\":\"Tagasiside\"}]},{\"@type\":\"WebSite\",\"@id\":\"https:\\\/\\\/www.kliinikum.ee\\\/yhendlabor\\\/#website\",\"url\":\"https:\\\/\\\/www.kliinikum.ee\\\/yhendlabor\\\/\",\"name\":\"\u00dchendlabor\",\"description\":\"Hoolivus, Uuendusmeelsus, P\u00e4devus ja Usaldusv\u00e4\u00e4rsus\",\"potentialAction\":[{\"@type\":\"SearchAction\",\"target\":{\"@type\":\"EntryPoint\",\"urlTemplate\":\"https:\\\/\\\/www.kliinikum.ee\\\/yhendlabor\\\/?s={search_term_string}\"},\"query-input\":{\"@type\":\"PropertyValueSpecification\",\"valueRequired\":true,\"valueName\":\"search_term_string\"}}],\"inLanguage\":\"et\"}]}<\/script>\n<!-- \/ Yoast SEO plugin. -->","yoast_head_json":{"title":"Tagasiside - \u00dchendlabor","robots":{"index":"index","follow":"follow","max-snippet":"max-snippet:-1","max-image-preview":"max-image-preview:large","max-video-preview":"max-video-preview:-1"},"canonical":"https:\/\/www.kliinikum.ee\/yhendlabor\/patsiendile\/tagasiside-ja-tanu\/","og_locale":"et_EE","og_type":"article","og_title":"Tagasiside - \u00dchendlabor","og_description":"Meie eesm\u00e4rgiks on pakkuda kvaliteetseid laboriteenuseid ja tagada patsientidele parim v\u00f5imalik kogemus. Teie tagasiside aitab meil hinnata ja optimeerida meie protsesse ning teenuste kvaliteeti. Palun jagage meiega oma kogemust Tartu \u00dclikooli Kliinikumi \u00fchendlaboriga. Kuidas hindate meie teenuste k\u00e4ttesaadavust, personali s\u00f5bralikkust ja professionaalsust? Kas teenindus oli Teie ootustele vastav? Kas Teie k\u00fcsimustele ja muredele reageeriti viivitamatult [&hellip;]","og_url":"https:\/\/www.kliinikum.ee\/yhendlabor\/patsiendile\/tagasiside-ja-tanu\/","og_site_name":"\u00dchendlabor","article_modified_time":"2024-11-05T14:05:06+00:00","twitter_card":"summary_large_image","twitter_misc":{"Est. reading time":"1 minut"},"schema":{"@context":"https:\/\/schema.org","@graph":[{"@type":"WebPage","@id":"https:\/\/www.kliinikum.ee\/yhendlabor\/patsiendile\/tagasiside-ja-tanu\/","url":"https:\/\/www.kliinikum.ee\/yhendlabor\/patsiendile\/tagasiside-ja-tanu\/","name":"Tagasiside - \u00dchendlabor","isPartOf":{"@id":"https:\/\/www.kliinikum.ee\/yhendlabor\/#website"},"datePublished":"2023-04-21T11:34:29+00:00","dateModified":"2024-11-05T14:05:06+00:00","breadcrumb":{"@id":"https:\/\/www.kliinikum.ee\/yhendlabor\/patsiendile\/tagasiside-ja-tanu\/#breadcrumb"},"inLanguage":"et","potentialAction":[{"@type":"ReadAction","target":["https:\/\/www.kliinikum.ee\/yhendlabor\/patsiendile\/tagasiside-ja-tanu\/"]}]},{"@type":"BreadcrumbList","@id":"https:\/\/www.kliinikum.ee\/yhendlabor\/patsiendile\/tagasiside-ja-tanu\/#breadcrumb","itemListElement":[{"@type":"ListItem","position":1,"name":"Home","item":"https:\/\/www.kliinikum.ee\/yhendlabor\/"},{"@type":"ListItem","position":2,"name":"Patsiendile","item":"https:\/\/www.kliinikum.ee\/yhendlabor\/patsiendile\/"},{"@type":"ListItem","position":3,"name":"Tagasiside"}]},{"@type":"WebSite","@id":"https:\/\/www.kliinikum.ee\/yhendlabor\/#website","url":"https:\/\/www.kliinikum.ee\/yhendlabor\/","name":"\u00dchendlabor","description":"Hoolivus, Uuendusmeelsus, P\u00e4devus ja Usaldusv\u00e4\u00e4rsus","potentialAction":[{"@type":"SearchAction","target":{"@type":"EntryPoint","urlTemplate":"https:\/\/www.kliinikum.ee\/yhendlabor\/?s={search_term_string}"},"query-input":{"@type":"PropertyValueSpecification","valueRequired":true,"valueName":"search_term_string"}}],"inLanguage":"et"}]}},"uagb_featured_image_src":{"full":false,"thumbnail":false,"medium":false,"medium_large":false,"large":false,"1536x1536":false,"2048x2048":false},"uagb_author_info":{"display_name":"Jane Freimann","author_link":"https:\/\/www.kliinikum.ee\/yhendlabor\/author\/janef\/"},"uagb_comment_info":0,"uagb_excerpt":"Meie eesm\u00e4rgiks on pakkuda kvaliteetseid laboriteenuseid ja tagada patsientidele parim v\u00f5imalik kogemus. Teie tagasiside aitab meil hinnata ja optimeerida meie protsesse ning teenuste kvaliteeti. Palun jagage meiega oma kogemust Tartu \u00dclikooli Kliinikumi \u00fchendlaboriga. Kuidas hindate meie teenuste k\u00e4ttesaadavust, personali s\u00f5bralikkust ja professionaalsust? Kas teenindus oli Teie ootustele vastav? Kas Teie k\u00fcsimustele ja muredele reageeriti viivitamatult&hellip;","_links":{"self":[{"href":"https:\/\/www.kliinikum.ee\/yhendlabor\/wp-json\/wp\/v2\/pages\/5890","targetHints":{"allow":["GET"]}}],"collection":[{"href":"https:\/\/www.kliinikum.ee\/yhendlabor\/wp-json\/wp\/v2\/pages"}],"about":[{"href":"https:\/\/www.kliinikum.ee\/yhendlabor\/wp-json\/wp\/v2\/types\/page"}],"author":[{"embeddable":true,"href":"https:\/\/www.kliinikum.ee\/yhendlabor\/wp-json\/wp\/v2\/users\/36"}],"replies":[{"embeddable":true,"href":"https:\/\/www.kliinikum.ee\/yhendlabor\/wp-json\/wp\/v2\/comments?post=5890"}],"version-history":[{"count":0,"href":"https:\/\/www.kliinikum.ee\/yhendlabor\/wp-json\/wp\/v2\/pages\/5890\/revisions"}],"up":[{"embeddable":true,"href":"https:\/\/www.kliinikum.ee\/yhendlabor\/wp-json\/wp\/v2\/pages\/15"}],"wp:attachment":[{"href":"https:\/\/www.kliinikum.ee\/yhendlabor\/wp-json\/wp\/v2\/media?parent=5890"}],"curies":[{"name":"wp","href":"https:\/\/api.w.org\/{rel}","templated":true}]}}