{"id":5894,"date":"2023-04-21T13:36:47","date_gmt":"2023-04-21T11:36:47","guid":{"rendered":"https:\/\/www.kliinikum.ee\/yhendlabor\/?page_id=5894"},"modified":"2026-04-02T09:28:08","modified_gmt":"2026-04-02T07:28:08","slug":"akrediteeringud-sertifikaadid","status":"publish","type":"page","link":"https:\/\/www.kliinikum.ee\/yhendlabor\/kvaliteet\/akrediteeringud-sertifikaadid\/","title":{"rendered":"Akrediteeringud ja tunnistused"},"content":{"rendered":"\n<div class=\"wp-block-uagb-advanced-heading uagb-block-94c4e0d2\"><h4 class=\"uagb-heading-text\"><strong>6. ja 7.aprillil <\/strong>2026. <strong>toimub \u00fchendlaboris ning geneetika ja personaalmeditsiini kliinikus \u00a0Eesti Akrediteerimiskeskuse j\u00e4relevalvevisiit, mille k\u00e4igus toimub m\u00f5lemas \u00fcksuses akrediteerimisulatuse laiendamine ja kvaliteedijuhtimiss\u00fcsteemi \u00fclevaatus<\/strong>.<\/h4><\/div>\n\n\n\n<p><a href=\"https:\/\/www.kliinikum.ee\/yhendlabor\/wp-content\/uploads\/2025\/10\/EFI-Certificate-2025.pdf\" target=\"_blank\" rel=\"noreferrer noopener nofollow\">European Federation For Immunogenetics Certificate<\/a><\/p>\n\n\n\n<p><a href=\"https:\/\/www.kliinikum.ee\/yhendlabor\/wp-content\/uploads\/2025\/05\/2025.05.29-M005-tunnistus.pdf\" target=\"_blank\" rel=\"noreferrer noopener nofollow\">EAK akrediteerimistunnistus<\/a><\/p>\n\n\n\n<p><a href=\"https:\/\/www.kliinikum.ee\/yhendlabor\/wp-content\/uploads\/2025\/05\/2025.05.29-M005-lisa.pdf\" target=\"_blank\" rel=\"noreferrer noopener nofollow\"> EAK lisa M005 <\/a><\/p>\n\n\n\n<figure class=\"wp-block-image size-medium\"><img loading=\"lazy\" decoding=\"async\" width=\"300\" height=\"214\" src=\"https:\/\/www.kliinikum.ee\/yhendlabor\/wp-content\/uploads\/2023\/09\/EAK-logo-09.23-300x214.jpg\" alt=\"\" class=\"wp-image-8239\" srcset=\"https:\/\/www.kliinikum.ee\/yhendlabor\/wp-content\/uploads\/2023\/09\/EAK-logo-09.23-300x214.jpg 300w, https:\/\/www.kliinikum.ee\/yhendlabor\/wp-content\/uploads\/2023\/09\/EAK-logo-09.23-1024x731.jpg 1024w, https:\/\/www.kliinikum.ee\/yhendlabor\/wp-content\/uploads\/2023\/09\/EAK-logo-09.23-768x549.jpg 768w, https:\/\/www.kliinikum.ee\/yhendlabor\/wp-content\/uploads\/2023\/09\/EAK-logo-09.23.jpg 1176w\" sizes=\"auto, (max-width: 300px) 100vw, 300px\" \/><\/figure>\n","protected":false},"excerpt":{"rendered":"<p>6. ja 7.aprillil 2026. toimub \u00fchendlaboris ning geneetika ja personaalmeditsiini kliinikus \u00a0Eesti Akrediteerimiskeskuse j\u00e4relevalvevisiit, mille k\u00e4igus toimub m\u00f5lemas \u00fcksuses akrediteerimisulatuse laiendamine ja kvaliteedijuhtimiss\u00fcsteemi \u00fclevaatus. European Federation For Immunogenetics Certificate EAK akrediteerimistunnistus EAK lisa M005<\/p>\n","protected":false},"author":36,"featured_media":0,"parent":5859,"menu_order":1,"comment_status":"closed","ping_status":"closed","template":"","meta":{"_uag_custom_page_level_css":"","footnotes":""},"class_list":["post-5894","page","type-page","status-publish","hentry"],"acf":[],"yoast_head":"<!-- This site is optimized with the Yoast SEO plugin v27.3 - https:\/\/yoast.com\/product\/yoast-seo-wordpress\/ -->\n<title>Akrediteeringud ja tunnistused - \u00dchendlabor<\/title>\n<meta name=\"robots\" content=\"index, follow, max-snippet:-1, max-image-preview:large, max-video-preview:-1\" \/>\n<link rel=\"canonical\" href=\"https:\/\/www.kliinikum.ee\/yhendlabor\/kvaliteet\/akrediteeringud-sertifikaadid\/\" \/>\n<meta property=\"og:locale\" content=\"et_EE\" \/>\n<meta property=\"og:type\" content=\"article\" \/>\n<meta property=\"og:title\" content=\"Akrediteeringud ja tunnistused - \u00dchendlabor\" \/>\n<meta property=\"og:description\" content=\"6. ja 7.aprillil 2026. toimub \u00fchendlaboris ning geneetika ja personaalmeditsiini kliinikus \u00a0Eesti Akrediteerimiskeskuse j\u00e4relevalvevisiit, mille k\u00e4igus toimub m\u00f5lemas \u00fcksuses akrediteerimisulatuse laiendamine ja kvaliteedijuhtimiss\u00fcsteemi \u00fclevaatus. European Federation For Immunogenetics Certificate EAK akrediteerimistunnistus EAK lisa M005\" \/>\n<meta property=\"og:url\" content=\"https:\/\/www.kliinikum.ee\/yhendlabor\/kvaliteet\/akrediteeringud-sertifikaadid\/\" \/>\n<meta property=\"og:site_name\" content=\"\u00dchendlabor\" \/>\n<meta property=\"article:modified_time\" content=\"2026-04-02T07:28:08+00:00\" \/>\n<meta property=\"og:image\" content=\"https:\/\/www.kliinikum.ee\/yhendlabor\/wp-content\/uploads\/2023\/09\/EAK-logo-09.23.jpg\" \/>\n\t<meta property=\"og:image:width\" content=\"1176\" \/>\n\t<meta property=\"og:image:height\" content=\"840\" \/>\n\t<meta property=\"og:image:type\" content=\"image\/jpeg\" \/>\n<meta name=\"twitter:card\" content=\"summary_large_image\" \/>\n<meta name=\"twitter:label1\" content=\"Est. reading time\" \/>\n\t<meta name=\"twitter:data1\" content=\"1 minut\" \/>\n<script type=\"application\/ld+json\" class=\"yoast-schema-graph\">{\"@context\":\"https:\\\/\\\/schema.org\",\"@graph\":[{\"@type\":\"WebPage\",\"@id\":\"https:\\\/\\\/www.kliinikum.ee\\\/yhendlabor\\\/kvaliteet\\\/akrediteeringud-sertifikaadid\\\/\",\"url\":\"https:\\\/\\\/www.kliinikum.ee\\\/yhendlabor\\\/kvaliteet\\\/akrediteeringud-sertifikaadid\\\/\",\"name\":\"Akrediteeringud ja tunnistused - \u00dchendlabor\",\"isPartOf\":{\"@id\":\"https:\\\/\\\/www.kliinikum.ee\\\/yhendlabor\\\/#website\"},\"primaryImageOfPage\":{\"@id\":\"https:\\\/\\\/www.kliinikum.ee\\\/yhendlabor\\\/kvaliteet\\\/akrediteeringud-sertifikaadid\\\/#primaryimage\"},\"image\":{\"@id\":\"https:\\\/\\\/www.kliinikum.ee\\\/yhendlabor\\\/kvaliteet\\\/akrediteeringud-sertifikaadid\\\/#primaryimage\"},\"thumbnailUrl\":\"https:\\\/\\\/www.kliinikum.ee\\\/yhendlabor\\\/wp-content\\\/uploads\\\/2023\\\/09\\\/EAK-logo-09.23-300x214.jpg\",\"datePublished\":\"2023-04-21T11:36:47+00:00\",\"dateModified\":\"2026-04-02T07:28:08+00:00\",\"breadcrumb\":{\"@id\":\"https:\\\/\\\/www.kliinikum.ee\\\/yhendlabor\\\/kvaliteet\\\/akrediteeringud-sertifikaadid\\\/#breadcrumb\"},\"inLanguage\":\"et\",\"potentialAction\":[{\"@type\":\"ReadAction\",\"target\":[\"https:\\\/\\\/www.kliinikum.ee\\\/yhendlabor\\\/kvaliteet\\\/akrediteeringud-sertifikaadid\\\/\"]}]},{\"@type\":\"ImageObject\",\"inLanguage\":\"et\",\"@id\":\"https:\\\/\\\/www.kliinikum.ee\\\/yhendlabor\\\/kvaliteet\\\/akrediteeringud-sertifikaadid\\\/#primaryimage\",\"url\":\"https:\\\/\\\/www.kliinikum.ee\\\/yhendlabor\\\/wp-content\\\/uploads\\\/2023\\\/09\\\/EAK-logo-09.23.jpg\",\"contentUrl\":\"https:\\\/\\\/www.kliinikum.ee\\\/yhendlabor\\\/wp-content\\\/uploads\\\/2023\\\/09\\\/EAK-logo-09.23.jpg\",\"width\":1176,\"height\":840},{\"@type\":\"BreadcrumbList\",\"@id\":\"https:\\\/\\\/www.kliinikum.ee\\\/yhendlabor\\\/kvaliteet\\\/akrediteeringud-sertifikaadid\\\/#breadcrumb\",\"itemListElement\":[{\"@type\":\"ListItem\",\"position\":1,\"name\":\"Home\",\"item\":\"https:\\\/\\\/www.kliinikum.ee\\\/yhendlabor\\\/\"},{\"@type\":\"ListItem\",\"position\":2,\"name\":\"Kvaliteet\",\"item\":\"https:\\\/\\\/www.kliinikum.ee\\\/yhendlabor\\\/kvaliteet\\\/\"},{\"@type\":\"ListItem\",\"position\":3,\"name\":\"Akrediteeringud ja tunnistused\"}]},{\"@type\":\"WebSite\",\"@id\":\"https:\\\/\\\/www.kliinikum.ee\\\/yhendlabor\\\/#website\",\"url\":\"https:\\\/\\\/www.kliinikum.ee\\\/yhendlabor\\\/\",\"name\":\"\u00dchendlabor\",\"description\":\"Hoolivus, Uuendusmeelsus, P\u00e4devus ja Usaldusv\u00e4\u00e4rsus\",\"potentialAction\":[{\"@type\":\"SearchAction\",\"target\":{\"@type\":\"EntryPoint\",\"urlTemplate\":\"https:\\\/\\\/www.kliinikum.ee\\\/yhendlabor\\\/?s={search_term_string}\"},\"query-input\":{\"@type\":\"PropertyValueSpecification\",\"valueRequired\":true,\"valueName\":\"search_term_string\"}}],\"inLanguage\":\"et\"}]}<\/script>\n<!-- \/ Yoast SEO plugin. -->","yoast_head_json":{"title":"Akrediteeringud ja tunnistused - \u00dchendlabor","robots":{"index":"index","follow":"follow","max-snippet":"max-snippet:-1","max-image-preview":"max-image-preview:large","max-video-preview":"max-video-preview:-1"},"canonical":"https:\/\/www.kliinikum.ee\/yhendlabor\/kvaliteet\/akrediteeringud-sertifikaadid\/","og_locale":"et_EE","og_type":"article","og_title":"Akrediteeringud ja tunnistused - \u00dchendlabor","og_description":"6. ja 7.aprillil 2026. toimub \u00fchendlaboris ning geneetika ja personaalmeditsiini kliinikus \u00a0Eesti Akrediteerimiskeskuse j\u00e4relevalvevisiit, mille k\u00e4igus toimub m\u00f5lemas \u00fcksuses akrediteerimisulatuse laiendamine ja kvaliteedijuhtimiss\u00fcsteemi \u00fclevaatus. European Federation For Immunogenetics Certificate EAK akrediteerimistunnistus EAK lisa M005","og_url":"https:\/\/www.kliinikum.ee\/yhendlabor\/kvaliteet\/akrediteeringud-sertifikaadid\/","og_site_name":"\u00dchendlabor","article_modified_time":"2026-04-02T07:28:08+00:00","og_image":[{"width":1176,"height":840,"url":"https:\/\/www.kliinikum.ee\/yhendlabor\/wp-content\/uploads\/2023\/09\/EAK-logo-09.23.jpg","type":"image\/jpeg"}],"twitter_card":"summary_large_image","twitter_misc":{"Est. reading time":"1 minut"},"schema":{"@context":"https:\/\/schema.org","@graph":[{"@type":"WebPage","@id":"https:\/\/www.kliinikum.ee\/yhendlabor\/kvaliteet\/akrediteeringud-sertifikaadid\/","url":"https:\/\/www.kliinikum.ee\/yhendlabor\/kvaliteet\/akrediteeringud-sertifikaadid\/","name":"Akrediteeringud ja tunnistused - \u00dchendlabor","isPartOf":{"@id":"https:\/\/www.kliinikum.ee\/yhendlabor\/#website"},"primaryImageOfPage":{"@id":"https:\/\/www.kliinikum.ee\/yhendlabor\/kvaliteet\/akrediteeringud-sertifikaadid\/#primaryimage"},"image":{"@id":"https:\/\/www.kliinikum.ee\/yhendlabor\/kvaliteet\/akrediteeringud-sertifikaadid\/#primaryimage"},"thumbnailUrl":"https:\/\/www.kliinikum.ee\/yhendlabor\/wp-content\/uploads\/2023\/09\/EAK-logo-09.23-300x214.jpg","datePublished":"2023-04-21T11:36:47+00:00","dateModified":"2026-04-02T07:28:08+00:00","breadcrumb":{"@id":"https:\/\/www.kliinikum.ee\/yhendlabor\/kvaliteet\/akrediteeringud-sertifikaadid\/#breadcrumb"},"inLanguage":"et","potentialAction":[{"@type":"ReadAction","target":["https:\/\/www.kliinikum.ee\/yhendlabor\/kvaliteet\/akrediteeringud-sertifikaadid\/"]}]},{"@type":"ImageObject","inLanguage":"et","@id":"https:\/\/www.kliinikum.ee\/yhendlabor\/kvaliteet\/akrediteeringud-sertifikaadid\/#primaryimage","url":"https:\/\/www.kliinikum.ee\/yhendlabor\/wp-content\/uploads\/2023\/09\/EAK-logo-09.23.jpg","contentUrl":"https:\/\/www.kliinikum.ee\/yhendlabor\/wp-content\/uploads\/2023\/09\/EAK-logo-09.23.jpg","width":1176,"height":840},{"@type":"BreadcrumbList","@id":"https:\/\/www.kliinikum.ee\/yhendlabor\/kvaliteet\/akrediteeringud-sertifikaadid\/#breadcrumb","itemListElement":[{"@type":"ListItem","position":1,"name":"Home","item":"https:\/\/www.kliinikum.ee\/yhendlabor\/"},{"@type":"ListItem","position":2,"name":"Kvaliteet","item":"https:\/\/www.kliinikum.ee\/yhendlabor\/kvaliteet\/"},{"@type":"ListItem","position":3,"name":"Akrediteeringud ja tunnistused"}]},{"@type":"WebSite","@id":"https:\/\/www.kliinikum.ee\/yhendlabor\/#website","url":"https:\/\/www.kliinikum.ee\/yhendlabor\/","name":"\u00dchendlabor","description":"Hoolivus, Uuendusmeelsus, P\u00e4devus ja Usaldusv\u00e4\u00e4rsus","potentialAction":[{"@type":"SearchAction","target":{"@type":"EntryPoint","urlTemplate":"https:\/\/www.kliinikum.ee\/yhendlabor\/?s={search_term_string}"},"query-input":{"@type":"PropertyValueSpecification","valueRequired":true,"valueName":"search_term_string"}}],"inLanguage":"et"}]}},"uagb_featured_image_src":{"full":false,"thumbnail":false,"medium":false,"medium_large":false,"large":false,"1536x1536":false,"2048x2048":false},"uagb_author_info":{"display_name":"Jane Freimann","author_link":"https:\/\/www.kliinikum.ee\/yhendlabor\/author\/janef\/"},"uagb_comment_info":0,"uagb_excerpt":"6. ja 7.aprillil 2026. toimub \u00fchendlaboris ning geneetika ja personaalmeditsiini kliinikus \u00a0Eesti Akrediteerimiskeskuse j\u00e4relevalvevisiit, mille k\u00e4igus toimub m\u00f5lemas \u00fcksuses akrediteerimisulatuse laiendamine ja kvaliteedijuhtimiss\u00fcsteemi \u00fclevaatus. European Federation For Immunogenetics Certificate EAK akrediteerimistunnistus EAK lisa M005","_links":{"self":[{"href":"https:\/\/www.kliinikum.ee\/yhendlabor\/wp-json\/wp\/v2\/pages\/5894","targetHints":{"allow":["GET"]}}],"collection":[{"href":"https:\/\/www.kliinikum.ee\/yhendlabor\/wp-json\/wp\/v2\/pages"}],"about":[{"href":"https:\/\/www.kliinikum.ee\/yhendlabor\/wp-json\/wp\/v2\/types\/page"}],"author":[{"embeddable":true,"href":"https:\/\/www.kliinikum.ee\/yhendlabor\/wp-json\/wp\/v2\/users\/36"}],"replies":[{"embeddable":true,"href":"https:\/\/www.kliinikum.ee\/yhendlabor\/wp-json\/wp\/v2\/comments?post=5894"}],"version-history":[{"count":0,"href":"https:\/\/www.kliinikum.ee\/yhendlabor\/wp-json\/wp\/v2\/pages\/5894\/revisions"}],"up":[{"embeddable":true,"href":"https:\/\/www.kliinikum.ee\/yhendlabor\/wp-json\/wp\/v2\/pages\/5859"}],"wp:attachment":[{"href":"https:\/\/www.kliinikum.ee\/yhendlabor\/wp-json\/wp\/v2\/media?parent=5894"}],"curies":[{"name":"wp","href":"https:\/\/api.w.org\/{rel}","templated":true}]}}