{"id":5900,"date":"2023-04-21T13:44:35","date_gmt":"2023-04-21T11:44:35","guid":{"rendered":"https:\/\/www.kliinikum.ee\/yhendlabor\/?page_id=5900"},"modified":"2023-09-19T12:56:30","modified_gmt":"2023-09-19T10:56:30","slug":"hala-ehk-labori-ettepanekute-kiituste-ja-mittevastavuste-register","status":"publish","type":"page","link":"https:\/\/www.kliinikum.ee\/yhendlabor\/kvaliteet\/hala-ehk-labori-ettepanekute-kiituste-ja-mittevastavuste-register\/","title":{"rendered":"HALA ehk LABORI ettepanekute, kiituste ja mittevastavuste register"},"content":{"rendered":"\n<p>Kliinikumi \u00fchendlaboris ja geneetika ja personaalmeditsiini kliinikus on kasutusel andmebaas <a href=\"https:\/\/siseveeb.kliinikum.ee\/hala\/index.php?mod=mainpage\">HALA <\/a>(Heade\/Halbade Asjade Lahendamise Andmebaas), kuhu registreeritakse labori t\u00f6\u00f6d puudutavad ja k\u00e4sitlemist vajavad head ja halvad juhtumid.<\/p>\n\n\n\n<p>Selleks, et lihtsustada tellijatele tagasiside andmist, oleme loonud v\u00f5imaluse kasutada HALA ka k\u00f5igil teistel Tartu \u00dclikooli Kliinikumi t\u00f6\u00f6tajatel. HALA abil on v\u00f5imalik p\u00f6\u00f6rata t\u00e4helepanu laborites esile kerkinud probleemidele, esitada kaebusi, teha ettepanekuid v\u00f5i ka kiita laboreid ja nende t\u00f6\u00f6tajaid. Paljuski on see seni toimunud telefoni teel, kuid telefoni teel edasi antavad t\u00e4helepanekud l\u00e4hevad ajapikku meelest ja s\u00fcsteemset probleemide lahendust ei pruugi j\u00e4rgneda. Registreeri HALA <a href=\"https:\/\/siseveeb.kliinikum.ee\/hala\/index.php?mod=mainpage\">siit<\/a>.<\/p>\n","protected":false},"excerpt":{"rendered":"<p>Kliinikumi \u00fchendlaboris ja geneetika ja personaalmeditsiini kliinikus on kasutusel andmebaas HALA (Heade\/Halbade Asjade Lahendamise Andmebaas), kuhu registreeritakse labori t\u00f6\u00f6d puudutavad ja k\u00e4sitlemist vajavad head ja halvad juhtumid. Selleks, et lihtsustada tellijatele tagasiside andmist, oleme loonud v\u00f5imaluse kasutada HALA ka k\u00f5igil teistel Tartu \u00dclikooli Kliinikumi t\u00f6\u00f6tajatel. HALA abil on v\u00f5imalik p\u00f6\u00f6rata t\u00e4helepanu laborites esile kerkinud probleemidele, [&hellip;]<\/p>\n","protected":false},"author":36,"featured_media":0,"parent":5859,"menu_order":3,"comment_status":"closed","ping_status":"closed","template":"","meta":{"_uag_custom_page_level_css":"","footnotes":""},"class_list":["post-5900","page","type-page","status-publish","hentry"],"acf":[],"yoast_head":"<!-- This site is optimized with the Yoast SEO plugin v27.3 - https:\/\/yoast.com\/product\/yoast-seo-wordpress\/ -->\n<title>HALA ehk LABORI ettepanekute, kiituste ja mittevastavuste register - \u00dchendlabor<\/title>\n<meta name=\"robots\" content=\"index, follow, max-snippet:-1, max-image-preview:large, max-video-preview:-1\" \/>\n<link rel=\"canonical\" href=\"https:\/\/www.kliinikum.ee\/yhendlabor\/kvaliteet\/hala-ehk-labori-ettepanekute-kiituste-ja-mittevastavuste-register\/\" \/>\n<meta property=\"og:locale\" content=\"et_EE\" \/>\n<meta property=\"og:type\" content=\"article\" \/>\n<meta property=\"og:title\" content=\"HALA ehk LABORI ettepanekute, kiituste ja mittevastavuste register - \u00dchendlabor\" \/>\n<meta property=\"og:description\" content=\"Kliinikumi \u00fchendlaboris ja geneetika ja personaalmeditsiini kliinikus on kasutusel andmebaas HALA (Heade\/Halbade Asjade Lahendamise Andmebaas), kuhu registreeritakse labori t\u00f6\u00f6d puudutavad ja k\u00e4sitlemist vajavad head ja halvad juhtumid. Selleks, et lihtsustada tellijatele tagasiside andmist, oleme loonud v\u00f5imaluse kasutada HALA ka k\u00f5igil teistel Tartu \u00dclikooli Kliinikumi t\u00f6\u00f6tajatel. HALA abil on v\u00f5imalik p\u00f6\u00f6rata t\u00e4helepanu laborites esile kerkinud probleemidele, [&hellip;]\" \/>\n<meta property=\"og:url\" content=\"https:\/\/www.kliinikum.ee\/yhendlabor\/kvaliteet\/hala-ehk-labori-ettepanekute-kiituste-ja-mittevastavuste-register\/\" \/>\n<meta property=\"og:site_name\" content=\"\u00dchendlabor\" \/>\n<meta property=\"article:modified_time\" content=\"2023-09-19T10:56:30+00:00\" \/>\n<meta name=\"twitter:card\" content=\"summary_large_image\" \/>\n<meta name=\"twitter:label1\" content=\"Est. reading time\" \/>\n\t<meta name=\"twitter:data1\" content=\"1 minut\" \/>\n<script type=\"application\/ld+json\" class=\"yoast-schema-graph\">{\"@context\":\"https:\\\/\\\/schema.org\",\"@graph\":[{\"@type\":\"WebPage\",\"@id\":\"https:\\\/\\\/www.kliinikum.ee\\\/yhendlabor\\\/kvaliteet\\\/hala-ehk-labori-ettepanekute-kiituste-ja-mittevastavuste-register\\\/\",\"url\":\"https:\\\/\\\/www.kliinikum.ee\\\/yhendlabor\\\/kvaliteet\\\/hala-ehk-labori-ettepanekute-kiituste-ja-mittevastavuste-register\\\/\",\"name\":\"HALA ehk LABORI ettepanekute, kiituste ja mittevastavuste register - \u00dchendlabor\",\"isPartOf\":{\"@id\":\"https:\\\/\\\/www.kliinikum.ee\\\/yhendlabor\\\/#website\"},\"datePublished\":\"2023-04-21T11:44:35+00:00\",\"dateModified\":\"2023-09-19T10:56:30+00:00\",\"breadcrumb\":{\"@id\":\"https:\\\/\\\/www.kliinikum.ee\\\/yhendlabor\\\/kvaliteet\\\/hala-ehk-labori-ettepanekute-kiituste-ja-mittevastavuste-register\\\/#breadcrumb\"},\"inLanguage\":\"et\",\"potentialAction\":[{\"@type\":\"ReadAction\",\"target\":[\"https:\\\/\\\/www.kliinikum.ee\\\/yhendlabor\\\/kvaliteet\\\/hala-ehk-labori-ettepanekute-kiituste-ja-mittevastavuste-register\\\/\"]}]},{\"@type\":\"BreadcrumbList\",\"@id\":\"https:\\\/\\\/www.kliinikum.ee\\\/yhendlabor\\\/kvaliteet\\\/hala-ehk-labori-ettepanekute-kiituste-ja-mittevastavuste-register\\\/#breadcrumb\",\"itemListElement\":[{\"@type\":\"ListItem\",\"position\":1,\"name\":\"Home\",\"item\":\"https:\\\/\\\/www.kliinikum.ee\\\/yhendlabor\\\/\"},{\"@type\":\"ListItem\",\"position\":2,\"name\":\"Kvaliteet\",\"item\":\"https:\\\/\\\/www.kliinikum.ee\\\/yhendlabor\\\/kvaliteet\\\/\"},{\"@type\":\"ListItem\",\"position\":3,\"name\":\"HALA ehk LABORI ettepanekute, kiituste ja mittevastavuste register\"}]},{\"@type\":\"WebSite\",\"@id\":\"https:\\\/\\\/www.kliinikum.ee\\\/yhendlabor\\\/#website\",\"url\":\"https:\\\/\\\/www.kliinikum.ee\\\/yhendlabor\\\/\",\"name\":\"\u00dchendlabor\",\"description\":\"Hoolivus, Uuendusmeelsus, P\u00e4devus ja Usaldusv\u00e4\u00e4rsus\",\"potentialAction\":[{\"@type\":\"SearchAction\",\"target\":{\"@type\":\"EntryPoint\",\"urlTemplate\":\"https:\\\/\\\/www.kliinikum.ee\\\/yhendlabor\\\/?s={search_term_string}\"},\"query-input\":{\"@type\":\"PropertyValueSpecification\",\"valueRequired\":true,\"valueName\":\"search_term_string\"}}],\"inLanguage\":\"et\"}]}<\/script>\n<!-- \/ Yoast SEO plugin. -->","yoast_head_json":{"title":"HALA ehk LABORI ettepanekute, kiituste ja mittevastavuste register - \u00dchendlabor","robots":{"index":"index","follow":"follow","max-snippet":"max-snippet:-1","max-image-preview":"max-image-preview:large","max-video-preview":"max-video-preview:-1"},"canonical":"https:\/\/www.kliinikum.ee\/yhendlabor\/kvaliteet\/hala-ehk-labori-ettepanekute-kiituste-ja-mittevastavuste-register\/","og_locale":"et_EE","og_type":"article","og_title":"HALA ehk LABORI ettepanekute, kiituste ja mittevastavuste register - \u00dchendlabor","og_description":"Kliinikumi \u00fchendlaboris ja geneetika ja personaalmeditsiini kliinikus on kasutusel andmebaas HALA (Heade\/Halbade Asjade Lahendamise Andmebaas), kuhu registreeritakse labori t\u00f6\u00f6d puudutavad ja k\u00e4sitlemist vajavad head ja halvad juhtumid. Selleks, et lihtsustada tellijatele tagasiside andmist, oleme loonud v\u00f5imaluse kasutada HALA ka k\u00f5igil teistel Tartu \u00dclikooli Kliinikumi t\u00f6\u00f6tajatel. HALA abil on v\u00f5imalik p\u00f6\u00f6rata t\u00e4helepanu laborites esile kerkinud probleemidele, [&hellip;]","og_url":"https:\/\/www.kliinikum.ee\/yhendlabor\/kvaliteet\/hala-ehk-labori-ettepanekute-kiituste-ja-mittevastavuste-register\/","og_site_name":"\u00dchendlabor","article_modified_time":"2023-09-19T10:56:30+00:00","twitter_card":"summary_large_image","twitter_misc":{"Est. reading time":"1 minut"},"schema":{"@context":"https:\/\/schema.org","@graph":[{"@type":"WebPage","@id":"https:\/\/www.kliinikum.ee\/yhendlabor\/kvaliteet\/hala-ehk-labori-ettepanekute-kiituste-ja-mittevastavuste-register\/","url":"https:\/\/www.kliinikum.ee\/yhendlabor\/kvaliteet\/hala-ehk-labori-ettepanekute-kiituste-ja-mittevastavuste-register\/","name":"HALA ehk LABORI ettepanekute, kiituste ja mittevastavuste register - \u00dchendlabor","isPartOf":{"@id":"https:\/\/www.kliinikum.ee\/yhendlabor\/#website"},"datePublished":"2023-04-21T11:44:35+00:00","dateModified":"2023-09-19T10:56:30+00:00","breadcrumb":{"@id":"https:\/\/www.kliinikum.ee\/yhendlabor\/kvaliteet\/hala-ehk-labori-ettepanekute-kiituste-ja-mittevastavuste-register\/#breadcrumb"},"inLanguage":"et","potentialAction":[{"@type":"ReadAction","target":["https:\/\/www.kliinikum.ee\/yhendlabor\/kvaliteet\/hala-ehk-labori-ettepanekute-kiituste-ja-mittevastavuste-register\/"]}]},{"@type":"BreadcrumbList","@id":"https:\/\/www.kliinikum.ee\/yhendlabor\/kvaliteet\/hala-ehk-labori-ettepanekute-kiituste-ja-mittevastavuste-register\/#breadcrumb","itemListElement":[{"@type":"ListItem","position":1,"name":"Home","item":"https:\/\/www.kliinikum.ee\/yhendlabor\/"},{"@type":"ListItem","position":2,"name":"Kvaliteet","item":"https:\/\/www.kliinikum.ee\/yhendlabor\/kvaliteet\/"},{"@type":"ListItem","position":3,"name":"HALA ehk LABORI ettepanekute, kiituste ja mittevastavuste register"}]},{"@type":"WebSite","@id":"https:\/\/www.kliinikum.ee\/yhendlabor\/#website","url":"https:\/\/www.kliinikum.ee\/yhendlabor\/","name":"\u00dchendlabor","description":"Hoolivus, Uuendusmeelsus, P\u00e4devus ja Usaldusv\u00e4\u00e4rsus","potentialAction":[{"@type":"SearchAction","target":{"@type":"EntryPoint","urlTemplate":"https:\/\/www.kliinikum.ee\/yhendlabor\/?s={search_term_string}"},"query-input":{"@type":"PropertyValueSpecification","valueRequired":true,"valueName":"search_term_string"}}],"inLanguage":"et"}]}},"uagb_featured_image_src":{"full":false,"thumbnail":false,"medium":false,"medium_large":false,"large":false,"1536x1536":false,"2048x2048":false},"uagb_author_info":{"display_name":"Jane Freimann","author_link":"https:\/\/www.kliinikum.ee\/yhendlabor\/author\/janef\/"},"uagb_comment_info":0,"uagb_excerpt":"Kliinikumi \u00fchendlaboris ja geneetika ja personaalmeditsiini kliinikus on kasutusel andmebaas HALA (Heade\/Halbade Asjade Lahendamise Andmebaas), kuhu registreeritakse labori t\u00f6\u00f6d puudutavad ja k\u00e4sitlemist vajavad head ja halvad juhtumid. Selleks, et lihtsustada tellijatele tagasiside andmist, oleme loonud v\u00f5imaluse kasutada HALA ka k\u00f5igil teistel Tartu \u00dclikooli Kliinikumi t\u00f6\u00f6tajatel. HALA abil on v\u00f5imalik p\u00f6\u00f6rata t\u00e4helepanu laborites esile kerkinud probleemidele,&hellip;","_links":{"self":[{"href":"https:\/\/www.kliinikum.ee\/yhendlabor\/wp-json\/wp\/v2\/pages\/5900","targetHints":{"allow":["GET"]}}],"collection":[{"href":"https:\/\/www.kliinikum.ee\/yhendlabor\/wp-json\/wp\/v2\/pages"}],"about":[{"href":"https:\/\/www.kliinikum.ee\/yhendlabor\/wp-json\/wp\/v2\/types\/page"}],"author":[{"embeddable":true,"href":"https:\/\/www.kliinikum.ee\/yhendlabor\/wp-json\/wp\/v2\/users\/36"}],"replies":[{"embeddable":true,"href":"https:\/\/www.kliinikum.ee\/yhendlabor\/wp-json\/wp\/v2\/comments?post=5900"}],"version-history":[{"count":0,"href":"https:\/\/www.kliinikum.ee\/yhendlabor\/wp-json\/wp\/v2\/pages\/5900\/revisions"}],"up":[{"embeddable":true,"href":"https:\/\/www.kliinikum.ee\/yhendlabor\/wp-json\/wp\/v2\/pages\/5859"}],"wp:attachment":[{"href":"https:\/\/www.kliinikum.ee\/yhendlabor\/wp-json\/wp\/v2\/media?parent=5900"}],"curies":[{"name":"wp","href":"https:\/\/api.w.org\/{rel}","templated":true}]}}