{"id":5906,"date":"2023-04-21T13:49:02","date_gmt":"2023-04-21T11:49:02","guid":{"rendered":"https:\/\/www.kliinikum.ee\/yhendlabor\/?page_id=5906"},"modified":"2025-03-12T09:07:46","modified_gmt":"2025-03-12T07:07:46","slug":"laboriuuringute-algoritmid","status":"publish","type":"page","link":"https:\/\/www.kliinikum.ee\/yhendlabor\/analuusid\/laboriuuringute-algoritmid\/","title":{"rendered":"Laboriuuringute algoritmid"},"content":{"rendered":"\n<p class=\"has-vivid-cyan-blue-color has-text-color has-link-color wp-elements-932421c41c21760557071a0868872e0c\">Allergiauuringute algoritmid<\/p>\n\n\n\n<ul class=\"wp-block-list has-vivid-cyan-blue-color has-text-color has-link-color wp-elements-3206bbce875fa97c1f079f3734f93a10\">\n<li><a href=\"https:\/\/www.kliinikum.ee\/yhendlabor\/wp-content\/uploads\/2023\/05\/Herilase_ja_mesilasmrgi_IgE_algoritm_v3.pdf\" target=\"_blank\" rel=\"noreferrer noopener\">Allergiauuringute algoritm putukam\u00fcrgi allergeenide korral<\/a><\/li>\n\n\n\n<li><a href=\"https:\/\/www.kliinikum.ee\/yhendlabor\/wp-content\/uploads\/2023\/05\/Inhaleeritavate_IgE_segu_Phadiatop_algoritm_v5.pdf\" target=\"_blank\" rel=\"noreferrer noopener\">Allergiauuringute algoritm inhaleeritavate allergeenide korral<\/a><\/li>\n\n\n\n<li><a href=\"https:\/\/www.kliinikum.ee\/yhendlabor\/wp-content\/uploads\/2023\/05\/Toiduallergeenide_segu_fx1_algoritm_v5.pdf\" target=\"_blank\" rel=\"noreferrer noopener\">Allergiauuringute algoritm toiduallergeenide (Segu fx1) korral<\/a><\/li>\n\n\n\n<li><a href=\"https:\/\/www.kliinikum.ee\/yhendlabor\/wp-content\/uploads\/2023\/05\/Toiduallergeenide_segu_fx3_algoritm_v5.pdf\" target=\"_blank\" rel=\"noreferrer noopener\">Allergiauuringute algoritm toiduallergeenide (Segu fx3) korral<\/a><\/li>\n\n\n\n<li><a href=\"https:\/\/www.kliinikum.ee\/yhendlabor\/wp-content\/uploads\/2023\/05\/Toiduallergeenide_segu_fx5_algoritm_v5.pdf\" target=\"_blank\" rel=\"noreferrer noopener\">Allergiauuringute algoritm toiduallergeenide (Segu fx5) korral<\/a><\/li>\n\n\n\n<li><a href=\"https:\/\/www.kliinikum.ee\/yhendlabor\/wp-content\/uploads\/2023\/05\/Toiduallergeenide_segu_fx20_algoritm_v4.pdf\" target=\"_blank\" rel=\"noreferrer noopener\">Allergiauuringute algoritm toiduallergeenide (Segu fx20) korral<\/a><\/li>\n\n\n\n<li><a href=\"https:\/\/www.kliinikum.ee\/yhendlabor\/wp-content\/uploads\/2023\/05\/Tolmude_segu_hx2_algoritm_v3.pdf\" target=\"_blank\" rel=\"noreferrer noopener\">Allergiauuringute algoritm tolmuallergeenide (Segu hx2) korral<\/a><\/li>\n\n\n\n<li><a href=\"https:\/\/www.kliinikum.ee\/yhendlabor\/wp-content\/uploads\/2023\/05\/Krreliste_segu_gx1_algoritm_v1.pdf\" target=\"_blank\" rel=\"noreferrer noopener\">Allergiauuringute algoritm k\u00f5rreliste allergeenide (Segu gx1) korral<\/a><\/li>\n\n\n\n<li><a href=\"https:\/\/www.kliinikum.ee\/yhendlabor\/wp-content\/uploads\/2023\/05\/Puude_segu_tx9_algoritm_v1.pdf\" target=\"_blank\" rel=\"noreferrer noopener\">Allergiauuringute algoritm puude allergeenide (Segu fx9) korral<\/a><\/li>\n<\/ul>\n\n\n\n<p class=\"has-vivid-cyan-blue-color has-text-color has-link-color wp-elements-95cae18f39c56a1a4c5e50de0e6ef2cc\">ALLTogether algoritmid<\/p>\n\n\n\n<ul class=\"wp-block-list has-vivid-cyan-blue-color has-text-color has-link-color wp-elements-174a629f387e31c8b2e75225e1b24d23\">\n<li><a href=\"https:\/\/www.kliinikum.ee\/yhendlabor\/wp-content\/uploads\/2023\/05\/PLIM-7352_ALLTogether_analside_skeem_v01_Tartu.pdf\" target=\"_blank\" rel=\"noreferrer noopener\">Proovimaterjali v\u00f5tmise ja anal\u00fc\u00fcside skeem vastavalt ALLTogether protokollile - Tartu<\/a><\/li>\n\n\n\n<li><a href=\"https:\/\/www.kliinikum.ee\/yhendlabor\/wp-content\/uploads\/2023\/05\/PLIM-7351_ALLTogether_analside_skeem_v01_Tallinn.pdf\" target=\"_blank\" rel=\"noreferrer noopener\">Proovimaterjali v\u00f5tmise ja anal\u00fc\u00fcside skeem vastavalt ALLTogether protokollile - Tallinn<\/a><\/li>\n<\/ul>\n\n\n\n<p class=\"has-vivid-cyan-blue-color has-text-color has-link-color wp-elements-5736c4062b27faa15f5dbcaa592dfc03\"><a href=\"https:\/\/www.kliinikum.ee\/yhendlabor\/wp-content\/uploads\/2023\/05\/ALP_isoensyymide_teostamise_algoritm.pdf\" target=\"_blank\" rel=\"noreferrer noopener\">ALP isoens\u00fc\u00fcmide algoritm<\/a><\/p>\n\n\n\n<p class=\"has-vivid-cyan-blue-color has-text-color has-link-color wp-elements-649f309a87dc7ad3b84803b429aad545\"><a href=\"https:\/\/www.kliinikum.ee\/yhendlabor\/wp-content\/uploads\/2023\/05\/Konjugeeritud_bilirubiini_teostamise_algoritm.pdf\" target=\"_blank\" rel=\"noreferrer noopener\">Konjugeeritud bilirubiini algoritm<\/a><\/p>\n\n\n\n<p class=\"has-vivid-cyan-blue-color has-text-color has-link-color wp-elements-1d20dab00a8e41f3d7ecbe5e2598881d\"><a href=\"https:\/\/www.kliinikum.ee\/yhendlabor\/wp-content\/uploads\/2023\/05\/Luupusantikoagulantide_teostamise_algoritm.pdf\" target=\"_blank\" rel=\"noreferrer noopener\">Luupusantikoagulantide algoritm<\/a><\/p>\n\n\n\n<p class=\"has-vivid-cyan-blue-color has-text-color has-link-color wp-elements-2ee912aa56617e5efeda941855df6ac7\"><a href=\"https:\/\/www.kliinikum.ee\/yhendlabor\/wp-content\/uploads\/2023\/05\/Makroprolaktiini_teostamise_algoritm.pdf\" target=\"_blank\" rel=\"noreferrer noopener\">Makroprolaktiini algoritm<\/a><\/p>\n\n\n\n<p><a href=\"https:\/\/www.kliinikum.ee\/yhendlabor\/wp-content\/uploads\/2025\/03\/Dermatofuutide-laboratoorne-diagnostika-2025-v2.pdf\" target=\"_blank\" rel=\"noreferrer noopener\">DIAGNOSTIKA ALGORITM: Nahaseente diagnostika k\u00fc\u00fcnekaapest, nahakaapest ja juustest<\/a><\/p>\n\n\n\n<p class=\"has-vivid-cyan-blue-color has-text-color has-link-color wp-elements-5869e60bb2a2dfa2e241edcd41573ce5\"><a href=\"https:\/\/www.kliinikum.ee\/yhendlabor\/wp-content\/uploads\/2023\/05\/Systeemsed_sidekoehaigused_autoimmuunuuringute_teostamise_algoritm.pdf\" target=\"_blank\" rel=\"noreferrer noopener\">S\u00fcsteemsed sidekoehaigused: autoimmuunuuringute tellimise algoritm<\/a><\/p>\n\n\n\n<p class=\"has-vivid-cyan-blue-color has-text-color has-link-color wp-elements-481b46cbb78e052e5b9993597eff7eb2\"><a href=\"https:\/\/www.kliinikum.ee\/yhendlabor\/wp-content\/uploads\/2023\/05\/Systeemsed_sidekoehaigused_tulemuste_t6lgendamise_algoritm.pdf\" target=\"_blank\" rel=\"noreferrer noopener\">S\u00fcsteemsed sidekoehaigused: autoimmuunuuringute t\u00f5lgendamise algoritm<\/a><\/p>\n\n\n\n<p class=\"has-vivid-cyan-blue-color has-text-color has-link-color wp-elements-f76f526ad2644f795db5742c50833a9c\"><a href=\"https:\/\/www.kliinikum.ee\/yhendlabor\/wp-content\/uploads\/2023\/05\/Trombotsyytide_funktsiooni_uuringute_algoritm.pdf\" target=\"_blank\" rel=\"noreferrer noopener\">Trombots\u00fc\u00fctide funktsiooni uuringute algoritm<\/a><\/p>\n\n\n\n<p class=\"has-vivid-cyan-blue-color has-text-color has-link-color wp-elements-c3c2842272629a764bf9198b2e4c5928\"><a href=\"https:\/\/www.kliinikum.ee\/yhendlabor\/wp-content\/uploads\/2023\/05\/Valkude_uuringute_algoritm_monoklonaalse_gammopaatia_korral.pdf\" target=\"_blank\" rel=\"noreferrer noopener\">Valkude uuringute algoritm monoklonaalsete gammopaatiate korral<\/a><\/p>\n\n\n\n<p><\/p>\n","protected":false},"excerpt":{"rendered":"<p>Allergiauuringute algoritmid ALLTogether algoritmid ALP isoens\u00fc\u00fcmide algoritm Konjugeeritud bilirubiini algoritm Luupusantikoagulantide algoritm Makroprolaktiini algoritm DIAGNOSTIKA ALGORITM: Nahaseente diagnostika k\u00fc\u00fcnekaapest, nahakaapest ja juustest S\u00fcsteemsed sidekoehaigused: autoimmuunuuringute tellimise algoritm S\u00fcsteemsed sidekoehaigused: autoimmuunuuringute t\u00f5lgendamise algoritm Trombots\u00fc\u00fctide funktsiooni uuringute algoritm Valkude uuringute algoritm monoklonaalsete gammopaatiate korral<\/p>\n","protected":false},"author":36,"featured_media":0,"parent":5856,"menu_order":3,"comment_status":"closed","ping_status":"closed","template":"","meta":{"_uag_custom_page_level_css":"","footnotes":""},"class_list":["post-5906","page","type-page","status-publish","hentry"],"acf":[],"yoast_head":"<!-- This site is optimized with the Yoast SEO plugin v27.3 - https:\/\/yoast.com\/product\/yoast-seo-wordpress\/ -->\n<title>Laboriuuringute algoritmid - \u00dchendlabor<\/title>\n<meta name=\"robots\" content=\"index, follow, max-snippet:-1, max-image-preview:large, max-video-preview:-1\" \/>\n<link rel=\"canonical\" href=\"https:\/\/www.kliinikum.ee\/yhendlabor\/analuusid\/laboriuuringute-algoritmid\/\" \/>\n<meta property=\"og:locale\" content=\"et_EE\" \/>\n<meta property=\"og:type\" content=\"article\" \/>\n<meta property=\"og:title\" content=\"Laboriuuringute algoritmid - \u00dchendlabor\" \/>\n<meta property=\"og:description\" content=\"Allergiauuringute algoritmid ALLTogether algoritmid ALP isoens\u00fc\u00fcmide algoritm Konjugeeritud bilirubiini algoritm Luupusantikoagulantide algoritm Makroprolaktiini algoritm DIAGNOSTIKA ALGORITM: Nahaseente diagnostika k\u00fc\u00fcnekaapest, nahakaapest ja juustest S\u00fcsteemsed sidekoehaigused: autoimmuunuuringute tellimise algoritm S\u00fcsteemsed sidekoehaigused: autoimmuunuuringute t\u00f5lgendamise algoritm Trombots\u00fc\u00fctide funktsiooni uuringute algoritm Valkude uuringute algoritm monoklonaalsete gammopaatiate korral\" \/>\n<meta property=\"og:url\" content=\"https:\/\/www.kliinikum.ee\/yhendlabor\/analuusid\/laboriuuringute-algoritmid\/\" \/>\n<meta property=\"og:site_name\" content=\"\u00dchendlabor\" \/>\n<meta property=\"article:modified_time\" content=\"2025-03-12T07:07:46+00:00\" \/>\n<meta name=\"twitter:card\" content=\"summary_large_image\" \/>\n<meta name=\"twitter:label1\" content=\"Est. reading time\" \/>\n\t<meta name=\"twitter:data1\" content=\"1 minut\" \/>\n<script type=\"application\/ld+json\" class=\"yoast-schema-graph\">{\"@context\":\"https:\\\/\\\/schema.org\",\"@graph\":[{\"@type\":\"WebPage\",\"@id\":\"https:\\\/\\\/www.kliinikum.ee\\\/yhendlabor\\\/analuusid\\\/laboriuuringute-algoritmid\\\/\",\"url\":\"https:\\\/\\\/www.kliinikum.ee\\\/yhendlabor\\\/analuusid\\\/laboriuuringute-algoritmid\\\/\",\"name\":\"Laboriuuringute algoritmid - \u00dchendlabor\",\"isPartOf\":{\"@id\":\"https:\\\/\\\/www.kliinikum.ee\\\/yhendlabor\\\/#website\"},\"datePublished\":\"2023-04-21T11:49:02+00:00\",\"dateModified\":\"2025-03-12T07:07:46+00:00\",\"breadcrumb\":{\"@id\":\"https:\\\/\\\/www.kliinikum.ee\\\/yhendlabor\\\/analuusid\\\/laboriuuringute-algoritmid\\\/#breadcrumb\"},\"inLanguage\":\"et\",\"potentialAction\":[{\"@type\":\"ReadAction\",\"target\":[\"https:\\\/\\\/www.kliinikum.ee\\\/yhendlabor\\\/analuusid\\\/laboriuuringute-algoritmid\\\/\"]}]},{\"@type\":\"BreadcrumbList\",\"@id\":\"https:\\\/\\\/www.kliinikum.ee\\\/yhendlabor\\\/analuusid\\\/laboriuuringute-algoritmid\\\/#breadcrumb\",\"itemListElement\":[{\"@type\":\"ListItem\",\"position\":1,\"name\":\"Home\",\"item\":\"https:\\\/\\\/www.kliinikum.ee\\\/yhendlabor\\\/\"},{\"@type\":\"ListItem\",\"position\":2,\"name\":\"Anal\u00fc\u00fcsid\",\"item\":\"https:\\\/\\\/www.kliinikum.ee\\\/yhendlabor\\\/analuusid\\\/\"},{\"@type\":\"ListItem\",\"position\":3,\"name\":\"Laboriuuringute algoritmid\"}]},{\"@type\":\"WebSite\",\"@id\":\"https:\\\/\\\/www.kliinikum.ee\\\/yhendlabor\\\/#website\",\"url\":\"https:\\\/\\\/www.kliinikum.ee\\\/yhendlabor\\\/\",\"name\":\"\u00dchendlabor\",\"description\":\"Hoolivus, Uuendusmeelsus, P\u00e4devus ja Usaldusv\u00e4\u00e4rsus\",\"potentialAction\":[{\"@type\":\"SearchAction\",\"target\":{\"@type\":\"EntryPoint\",\"urlTemplate\":\"https:\\\/\\\/www.kliinikum.ee\\\/yhendlabor\\\/?s={search_term_string}\"},\"query-input\":{\"@type\":\"PropertyValueSpecification\",\"valueRequired\":true,\"valueName\":\"search_term_string\"}}],\"inLanguage\":\"et\"}]}<\/script>\n<!-- \/ Yoast SEO plugin. -->","yoast_head_json":{"title":"Laboriuuringute algoritmid - \u00dchendlabor","robots":{"index":"index","follow":"follow","max-snippet":"max-snippet:-1","max-image-preview":"max-image-preview:large","max-video-preview":"max-video-preview:-1"},"canonical":"https:\/\/www.kliinikum.ee\/yhendlabor\/analuusid\/laboriuuringute-algoritmid\/","og_locale":"et_EE","og_type":"article","og_title":"Laboriuuringute algoritmid - \u00dchendlabor","og_description":"Allergiauuringute algoritmid ALLTogether algoritmid ALP isoens\u00fc\u00fcmide algoritm Konjugeeritud bilirubiini algoritm Luupusantikoagulantide algoritm Makroprolaktiini algoritm DIAGNOSTIKA ALGORITM: Nahaseente diagnostika k\u00fc\u00fcnekaapest, nahakaapest ja juustest S\u00fcsteemsed sidekoehaigused: autoimmuunuuringute tellimise algoritm S\u00fcsteemsed sidekoehaigused: autoimmuunuuringute t\u00f5lgendamise algoritm Trombots\u00fc\u00fctide funktsiooni uuringute algoritm Valkude uuringute algoritm monoklonaalsete gammopaatiate korral","og_url":"https:\/\/www.kliinikum.ee\/yhendlabor\/analuusid\/laboriuuringute-algoritmid\/","og_site_name":"\u00dchendlabor","article_modified_time":"2025-03-12T07:07:46+00:00","twitter_card":"summary_large_image","twitter_misc":{"Est. reading time":"1 minut"},"schema":{"@context":"https:\/\/schema.org","@graph":[{"@type":"WebPage","@id":"https:\/\/www.kliinikum.ee\/yhendlabor\/analuusid\/laboriuuringute-algoritmid\/","url":"https:\/\/www.kliinikum.ee\/yhendlabor\/analuusid\/laboriuuringute-algoritmid\/","name":"Laboriuuringute algoritmid - \u00dchendlabor","isPartOf":{"@id":"https:\/\/www.kliinikum.ee\/yhendlabor\/#website"},"datePublished":"2023-04-21T11:49:02+00:00","dateModified":"2025-03-12T07:07:46+00:00","breadcrumb":{"@id":"https:\/\/www.kliinikum.ee\/yhendlabor\/analuusid\/laboriuuringute-algoritmid\/#breadcrumb"},"inLanguage":"et","potentialAction":[{"@type":"ReadAction","target":["https:\/\/www.kliinikum.ee\/yhendlabor\/analuusid\/laboriuuringute-algoritmid\/"]}]},{"@type":"BreadcrumbList","@id":"https:\/\/www.kliinikum.ee\/yhendlabor\/analuusid\/laboriuuringute-algoritmid\/#breadcrumb","itemListElement":[{"@type":"ListItem","position":1,"name":"Home","item":"https:\/\/www.kliinikum.ee\/yhendlabor\/"},{"@type":"ListItem","position":2,"name":"Anal\u00fc\u00fcsid","item":"https:\/\/www.kliinikum.ee\/yhendlabor\/analuusid\/"},{"@type":"ListItem","position":3,"name":"Laboriuuringute algoritmid"}]},{"@type":"WebSite","@id":"https:\/\/www.kliinikum.ee\/yhendlabor\/#website","url":"https:\/\/www.kliinikum.ee\/yhendlabor\/","name":"\u00dchendlabor","description":"Hoolivus, Uuendusmeelsus, P\u00e4devus ja Usaldusv\u00e4\u00e4rsus","potentialAction":[{"@type":"SearchAction","target":{"@type":"EntryPoint","urlTemplate":"https:\/\/www.kliinikum.ee\/yhendlabor\/?s={search_term_string}"},"query-input":{"@type":"PropertyValueSpecification","valueRequired":true,"valueName":"search_term_string"}}],"inLanguage":"et"}]}},"uagb_featured_image_src":{"full":false,"thumbnail":false,"medium":false,"medium_large":false,"large":false,"1536x1536":false,"2048x2048":false},"uagb_author_info":{"display_name":"Jane Freimann","author_link":"https:\/\/www.kliinikum.ee\/yhendlabor\/author\/janef\/"},"uagb_comment_info":0,"uagb_excerpt":"Allergiauuringute algoritmid ALLTogether algoritmid ALP isoens\u00fc\u00fcmide algoritm Konjugeeritud bilirubiini algoritm Luupusantikoagulantide algoritm Makroprolaktiini algoritm DIAGNOSTIKA ALGORITM: Nahaseente diagnostika k\u00fc\u00fcnekaapest, nahakaapest ja juustest S\u00fcsteemsed sidekoehaigused: autoimmuunuuringute tellimise algoritm S\u00fcsteemsed sidekoehaigused: autoimmuunuuringute t\u00f5lgendamise algoritm Trombots\u00fc\u00fctide funktsiooni uuringute algoritm Valkude uuringute algoritm monoklonaalsete gammopaatiate korral","_links":{"self":[{"href":"https:\/\/www.kliinikum.ee\/yhendlabor\/wp-json\/wp\/v2\/pages\/5906","targetHints":{"allow":["GET"]}}],"collection":[{"href":"https:\/\/www.kliinikum.ee\/yhendlabor\/wp-json\/wp\/v2\/pages"}],"about":[{"href":"https:\/\/www.kliinikum.ee\/yhendlabor\/wp-json\/wp\/v2\/types\/page"}],"author":[{"embeddable":true,"href":"https:\/\/www.kliinikum.ee\/yhendlabor\/wp-json\/wp\/v2\/users\/36"}],"replies":[{"embeddable":true,"href":"https:\/\/www.kliinikum.ee\/yhendlabor\/wp-json\/wp\/v2\/comments?post=5906"}],"version-history":[{"count":0,"href":"https:\/\/www.kliinikum.ee\/yhendlabor\/wp-json\/wp\/v2\/pages\/5906\/revisions"}],"up":[{"embeddable":true,"href":"https:\/\/www.kliinikum.ee\/yhendlabor\/wp-json\/wp\/v2\/pages\/5856"}],"wp:attachment":[{"href":"https:\/\/www.kliinikum.ee\/yhendlabor\/wp-json\/wp\/v2\/media?parent=5906"}],"curies":[{"name":"wp","href":"https:\/\/api.w.org\/{rel}","templated":true}]}}