{"id":5915,"date":"2023-04-21T13:57:17","date_gmt":"2023-04-21T11:57:17","guid":{"rendered":"https:\/\/www.kliinikum.ee\/yhendlabor\/?page_id=5915"},"modified":"2026-03-27T08:37:08","modified_gmt":"2026-03-27T06:37:08","slug":"tellimislehed","status":"publish","type":"page","link":"https:\/\/www.kliinikum.ee\/yhendlabor\/partnerile-ja-kolleegile\/tellimislehed\/","title":{"rendered":"Tellimislehed"},"content":{"rendered":"\n<div style=\"height:30px\" aria-hidden=\"true\" class=\"wp-block-spacer\"><\/div>\n\n\n\n<details class=\"wp-block-details has-medium-font-size is-layout-flow wp-container-core-details-is-layout-8a368f38 wp-block-details-is-layout-flow\"><summary>Kliiniline keemia ja hematoloogia<\/summary>\n<p><a href=\"https:\/\/www.kliinikum.ee\/yhendlabor\/wp-content\/uploads\/2026\/01\/VUL-23v04.pdf\" target=\"_blank\" rel=\"noreferrer noopener\">Hematoloogiliste anal\u00fc\u00fcside tellimisleht<\/a><\/p>\n\n\n\n<p><a href=\"https:\/\/www.kliinikum.ee\/yhendlabor\/wp-content\/uploads\/2026\/01\/UL-28v15.pdf\" target=\"_blank\" rel=\"noreferrer noopener\">Vere biokeemiliste ja immuunuuringute tellimisleht<\/a><\/p>\n\n\n\n<p><a href=\"https:\/\/www.kliinikum.ee\/yhendlabor\/wp-content\/uploads\/2023\/09\/UL-29-Happe-aluse-tasakaalu-analuuside-tellimisleht-v03.pdf\" target=\"_blank\" rel=\"noreferrer noopener\">Happe-alus tasakaalu tellimisleht<\/a><\/p>\n\n\n\n<p><a href=\"https:\/\/www.kliinikum.ee\/yhendlabor\/wp-content\/uploads\/2025\/07\/UL-22v07.pdf\" target=\"_blank\" rel=\"noreferrer noopener\">Hemostaasi s\u00fcsteemi uuringute tellimisleht<\/a><\/p>\n\n\n\n<p><a href=\"https:\/\/www.kliinikum.ee\/yhendlabor\/wp-content\/uploads\/2023\/09\/UL-129-Uriini-ja-rooja-uuringute-tellimisleht-v01.pdf\" target=\"_blank\" rel=\"noreferrer noopener\">Uriini ja rooja uuringute tellimisleht<\/a><\/p>\n\n\n\n<p><a href=\"https:\/\/www.kliinikum.ee\/yhendlabor\/wp-content\/uploads\/2024\/03\/UL-12v09.pdf\" target=\"_blank\" rel=\"noreferrer noopener\">Liikvori anal\u00fc\u00fcside tellimisleht<\/a><\/p>\n\n\n\n<p><a href=\"https:\/\/www.kliinikum.ee\/yhendlabor\/wp-content\/uploads\/2025\/01\/UL-130v1.pdf\" target=\"_blank\" rel=\"noreferrer noopener\">Pleura-, k\u00f5hu\u00f5\u00f5ne-, perikardi, liigesevedeliku anal\u00fc\u00fcside tellimisleht<\/a><\/p>\n\n\n\n<p><a href=\"https:\/\/www.kliinikum.ee\/yhendlabor\/wp-content\/uploads\/2023\/09\/UL-108-IGFBP-1-analuusi-tellimisleht-v03.pdf\" target=\"_blank\" rel=\"noreferrer noopener\">IGFBP-1 tupekaapes tellimisleht<\/a><\/p>\n\n\n\n<p><a href=\"https:\/\/www.kliinikum.ee\/yhendlabor\/wp-content\/uploads\/2023\/09\/UL-89-I-trimestri-sunnieelsete-kromosoomhaiguste-analuuside-tellimisleht-v04.pdf\" target=\"_blank\" rel=\"noreferrer noopener\">I trimestri s\u00fcnnieelsete kromosoomhaiguste anal\u00fc\u00fcside tellimisleht<\/a><\/p>\n\n\n\n<p><a href=\"https:\/\/www.kliinikum.ee\/yhendlabor\/wp-content\/uploads\/2024\/02\/UL-69-Kloriid-higis-tellimisleht-v03.pdf\" target=\"_blank\" rel=\"noreferrer noopener\">Kloriid higis tellimisleht<\/a><\/p>\n<\/details>\n\n\n\n<p><\/p>\n\n\n\n<details class=\"wp-block-details has-medium-font-size is-layout-flow wp-container-core-details-is-layout-8a368f38 wp-block-details-is-layout-flow\"><summary>Immuunanal\u00fc\u00fcs<\/summary>\n<p><a href=\"https:\/\/www.kliinikum.ee\/yhendlabor\/wp-content\/uploads\/2025\/01\/UL-131-HPV-DNA-ja-LBC-paneeli-tellimisleht-v01.pdf\" target=\"_blank\" rel=\"noreferrer noopener\">HPV DNA ja vedelikup\u00f5hise ts\u00fctoloogia (LBC) paneeli tellimisleht<\/a><\/p>\n\n\n\n<p><a href=\"https:\/\/www.kliinikum.ee\/yhendlabor\/wp-content\/uploads\/2025\/03\/VUL-100-HPV-soeluuringu-tellimisleht-v03.pdf\" target=\"_blank\" rel=\"noreferrer noopener\">HPV NAT paneel (EKV s\u00f5eluuring) tellimisleht<\/a><\/p>\n\n\n\n<p><a href=\"https:\/\/www.kliinikum.ee\/yhendlabor\/wp-content\/uploads\/2025\/03\/VUL-102-Esmase-ALL-geneetiliste-uuringute-tellimisleht-v06.pdf\" target=\"_blank\" rel=\"noreferrer noopener\">Esmane ALL geneetiliste uuringute paneel<\/a><\/p>\n\n\n\n<p><a href=\"https:\/\/www.kliinikum.ee\/yhendlabor\/wp-content\/uploads\/2026\/03\/VUL-103-Hemato-onko-NAT-analuuside-tellimisleht-v12-1.pdf\" target=\"_blank\" rel=\"noreferrer noopener\">Hemato-onkoloogiliste NAT anal\u00fc\u00fcside tellimisleht<\/a><\/p>\n\n\n\n<p><a href=\"https:\/\/www.kliinikum.ee\/yhendlabor\/wp-content\/uploads\/2025\/12\/UL-62-Koesobivusanaluuside-tellimisleht-v14.pdf\" target=\"_blank\" rel=\"noreferrer noopener\">Koesobivusanal\u00fc\u00fcside tellimisleht<\/a><\/p>\n\n\n\n<p><a href=\"https:\/\/www.kliinikum.ee\/yhendlabor\/wp-content\/uploads\/2025\/03\/UL-84-HLA-genotupiseerimise-tellimimisleht-p8-v07.pdf\" target=\"_blank\" rel=\"noreferrer noopener\">HLA genot\u00fcpiseerimise tellimisleht<\/a><\/p>\n\n\n\n<p><a href=\"https:\/\/www.kliinikum.ee\/yhendlabor\/wp-content\/uploads\/2024\/04\/UL-74-Voolutsutomeetriliste-analuuside-tellimisleht-v11.pdf\">Vooluts\u00fctomeetriliste anal\u00fc\u00fcside t<\/a><a href=\"https:\/\/www.kliinikum.ee\/yhendlabor\/wp-content\/uploads\/2024\/04\/UL-74-Voolutsutomeetriliste-analuuside-tellimisleht-v11.pdf\" target=\"_blank\" rel=\"noreferrer noopener\">ellimisleht<\/a><\/p>\n\n\n\n<p><a href=\"https:\/\/www.kliinikum.ee\/yhendlabor\/wp-content\/uploads\/2023\/05\/L-87_v09.pdf\" target=\"_blank\" rel=\"noreferrer noopener\">Infektsioonhaiguste tellimisleht 1<\/a><\/p>\n\n\n\n<p><a href=\"https:\/\/www.kliinikum.ee\/yhendlabor\/wp-content\/uploads\/2026\/03\/VUL-88-Infektsioonhaiguste-analuuside-tellimisleht2-v20.pdf\" target=\"_blank\" rel=\"noreferrer noopener\">Infektsioonhaiguste tellimisleht 2<\/a><\/p>\n\n\n\n<p><a href=\"https:\/\/www.kliinikum.ee\/yhendlabor\/wp-content\/uploads\/2026\/02\/VUL-72-STD-v09.pdf\" target=\"_blank\" rel=\"noreferrer noopener\">Sugulisel teel levivate haigustekitajate DNA m\u00e4\u00e4ramine<\/a><\/p>\n\n\n\n<p><a href=\"https:\/\/www.kliinikum.ee\/yhendlabor\/wp-content\/uploads\/2023\/05\/l-83-kudede-ja-tvirakkude-siirdamiseelse-viirusuuringu-tellimiseleht-v5.pdf\" target=\"_blank\" rel=\"noreferrer noopener\">Tellimisleht kudede ja t\u00fcvirakkude siirdamiseelsele viirusuuringule<\/a><\/p>\n\n\n\n<p><a href=\"https:\/\/www.kliinikum.ee\/yhendlabor\/wp-content\/uploads\/2025\/03\/UL-104-Kimaarsuse-saateleht-v02.pdf\" target=\"_blank\" rel=\"noreferrer noopener\">Kim\u00e4\u00e4rsuse anal\u00fc\u00fcside tellimisleht<\/a><\/p>\n\n\n\n<p><a href=\"https:\/\/www.kliinikum.ee\/yhendlabor\/wp-content\/uploads\/2024\/03\/UL-12v09.pdf\" target=\"_blank\" rel=\"noreferrer noopener\">Liikvori anal\u00fc\u00fcside tellimisleht<\/a><\/p>\n\n\n\n<p><a href=\"https:\/\/www.kliinikum.ee\/yhendlabor\/wp-content\/uploads\/2025\/06\/Autoantikehade-tellimisleht-v10.pdf\" target=\"_blank\" rel=\"noreferrer noopener\">Tellimisleht autoantikehade ja antikehade uuringuks<\/a><\/p>\n\n\n\n<p><a href=\"https:\/\/www.kliinikum.ee\/yhendlabor\/wp-content\/uploads\/2025\/03\/UL-73-Nahaseente-tellimisleht-v06.pdf\" target=\"_blank\" rel=\"noreferrer noopener\">Nahaseente tellimisleht<\/a><\/p>\n<\/details>\n\n\n\n<p><\/p>\n\n\n\n<details class=\"wp-block-details has-medium-font-size is-layout-flow wp-container-core-details-is-layout-8a368f38 wp-block-details-is-layout-flow\"><summary>Mikrobioloogia<\/summary>\n<p><a href=\"https:\/\/www.kliinikum.ee\/yhendlabor\/wp-content\/uploads\/2023\/05\/2018_L-46_A5.pdf\" target=\"_blank\" rel=\"noreferrer noopener\">Mikrobioloogia tellimisleht<\/a><\/p>\n\n\n\n<p><a href=\"https:\/\/www.kliinikum.ee\/yhendlabor\/wp-content\/uploads\/2023\/05\/yl-01_proovin6ude_tellimisleht-2013.pdf\" target=\"_blank\" rel=\"noreferrer noopener\">Taara tellimisleht<\/a><\/p>\n<\/details>\n\n\n\n<p><\/p>\n\n\n\n<details class=\"wp-block-details has-medium-font-size is-layout-flow wp-container-core-details-is-layout-8a368f38 wp-block-details-is-layout-flow\"><summary>M\u00fckobakterioloogia<\/summary>\n<p><\/p>\n<\/details>\n\n\n\n<p><a href=\"https:\/\/www.kliinikum.ee\/yhendlabor\/wp-content\/uploads\/2023\/05\/TellimislehtV04.pdf\" type=\"link\" id=\"https:\/\/www.kliinikum.ee\/yhendlabor\/wp-content\/uploads\/2023\/05\/TellimislehtV04.pdf\" target=\"_blank\" rel=\"noreferrer noopener\">M\u00fckobakterioloogiliste (sh. tuberkuloosi) anal\u00fc\u00fcside tellimisleht<\/a><\/p>\n\n\n\n<details class=\"wp-block-details has-medium-font-size is-layout-flow wp-container-core-details-is-layout-8a368f38 wp-block-details-is-layout-flow\"><summary>Allergoloogia<\/summary>\n<p><a href=\"https:\/\/www.kliinikum.ee\/yhendlabor\/wp-content\/uploads\/2025\/06\/VUL-99-Allergia-analuuside-tellimislehe-_v09.pdf\" target=\"_blank\" rel=\"noreferrer noopener\">Allergia Anal\u00fc\u00fcside tellimisleht<\/a><\/p>\n<\/details>\n\n\n\n<p><\/p>\n\n\n\n<details class=\"wp-block-details has-medium-font-size is-layout-flow wp-container-core-details-is-layout-8a368f38 wp-block-details-is-layout-flow\"><summary>Muud Tellimislehed<\/summary>\n<p><a href=\"https:\/\/www.kliinikum.ee\/yhendlabor\/wp-content\/uploads\/2025\/04\/VKL-92-Tasulised-analuusid-Tartu-Ulikooli-kliinikumi-uhendlaboris-v-40.pdf\" target=\"_blank\" rel=\"noreferrer noopener\">Tellimisleht tasuliseks laboratoorseks uuringuks<\/a><\/p>\n\n\n\n<p><a href=\"https:\/\/www.kliinikum.ee\/yhendlabor\/wp-content\/uploads\/2023\/05\/Vedolizumab_tellimisleht.pdf\" target=\"_blank\" rel=\"noreferrer noopener\">Vedolizumab (entyvio) tellimisleht<\/a><\/p>\n\n\n\n<p><a href=\"https:\/\/www.kliinikum.ee\/yhendlabor\/wp-content\/uploads\/2025\/03\/VUL-132.pdf\">Verekeskuse verekomponentide kvaliteedi kontrolli anal\u00fc\u00fcside tellimisleht<\/a><\/p>\n\n\n\n<p><\/p>\n\n\n\n<p><strong>T\u00dc Mikrobioloogia Instituut<\/strong><\/p>\n\n\n\n<p>aadress - Ravila 19, Tartu<\/p>\n\n\n\n<p><a href=\"https:\/\/www.kliinikum.ee\/yhendlabor\/wp-content\/uploads\/2023\/05\/hiv_resistentsused_saateleht_12.08.2014.pdf\" target=\"_blank\" rel=\"noreferrer noopener\">HIV resistentsustesti tellimisleht<\/a><\/p>\n\n\n\n<p><a href=\"https:\/\/www.kliinikum.ee\/yhendlabor\/wp-content\/uploads\/2023\/05\/031_hiv_resistentsustesti_vastusleht.pdf\" target=\"_blank\" rel=\"noreferrer noopener\">HIV resistentsustesti vastusleht<\/a><\/p>\n\n\n\n<p><\/p>\n\n\n\n<p><strong>Terviseamet<\/strong><\/p>\n\n\n\n<p><a href=\"https:\/\/www.kliinikum.ee\/yhendlabor\/wp-content\/uploads\/2023\/05\/Labori_saatekiri_Ahviruged.pdf\" target=\"_blank\" rel=\"noreferrer noopener\">Ahvir\u00f5uged tellimisleht<\/a><\/p>\n\n\n\n<p><a href=\"https:\/\/www.kliinikum.ee\/yhendlabor\/wp-content\/uploads\/2023\/05\/ahvirouged_juhend_1708.pdf\" target=\"_blank\" rel=\"noreferrer noopener\">Ahvir\u00f5uge kahtlusega proovide kogumine<\/a><\/p>\n\n\n\n<p><\/p>\n<\/details>\n\n\n\n<p><\/p>\n\n\n\n<details class=\"wp-block-details has-medium-font-size is-layout-flow wp-container-core-details-is-layout-8a368f38 wp-block-details-is-layout-flow\"><summary>Vahendatavate anal\u00fc\u00fcside tellimisleht<\/summary>\n<p><\/p>\n<\/details>\n\n\n\n<p><a href=\"https:\/\/www.kliinikum.ee\/yhendlabor\/wp-content\/uploads\/2025\/09\/Vahendatavate-analuuside-tellimisleht_V24.pdf\">Vahendatavate anal\u00fc\u00fcside tellimisleht<\/a><\/p>\n\n\n\n<p><\/p>\n","protected":false},"excerpt":{"rendered":"<p>M\u00fckobakterioloogiliste (sh. tuberkuloosi) anal\u00fc\u00fcside tellimisleht Vahendatavate anal\u00fc\u00fcside tellimisleht<\/p>\n","protected":false},"author":36,"featured_media":0,"parent":5850,"menu_order":1,"comment_status":"closed","ping_status":"closed","template":"","meta":{"_uag_custom_page_level_css":"","footnotes":""},"class_list":["post-5915","page","type-page","status-publish","hentry"],"acf":[],"yoast_head":"<!-- This site is optimized with the Yoast SEO plugin v27.3 - https:\/\/yoast.com\/product\/yoast-seo-wordpress\/ -->\n<title>Tellimislehed - \u00dchendlabor<\/title>\n<meta name=\"robots\" content=\"index, follow, max-snippet:-1, max-image-preview:large, max-video-preview:-1\" \/>\n<link rel=\"canonical\" href=\"https:\/\/www.kliinikum.ee\/yhendlabor\/partnerile-ja-kolleegile\/tellimislehed\/\" \/>\n<meta property=\"og:locale\" content=\"et_EE\" \/>\n<meta property=\"og:type\" content=\"article\" \/>\n<meta property=\"og:title\" content=\"Tellimislehed - \u00dchendlabor\" \/>\n<meta property=\"og:description\" content=\"M\u00fckobakterioloogiliste (sh. tuberkuloosi) anal\u00fc\u00fcside tellimisleht Vahendatavate anal\u00fc\u00fcside tellimisleht\" \/>\n<meta property=\"og:url\" content=\"https:\/\/www.kliinikum.ee\/yhendlabor\/partnerile-ja-kolleegile\/tellimislehed\/\" \/>\n<meta property=\"og:site_name\" content=\"\u00dchendlabor\" \/>\n<meta property=\"article:modified_time\" content=\"2026-03-27T06:37:08+00:00\" \/>\n<meta name=\"twitter:card\" content=\"summary_large_image\" \/>\n<meta name=\"twitter:label1\" content=\"Est. reading time\" \/>\n\t<meta name=\"twitter:data1\" content=\"1 minut\" \/>\n<script type=\"application\/ld+json\" class=\"yoast-schema-graph\">{\"@context\":\"https:\\\/\\\/schema.org\",\"@graph\":[{\"@type\":\"WebPage\",\"@id\":\"https:\\\/\\\/www.kliinikum.ee\\\/yhendlabor\\\/partnerile-ja-kolleegile\\\/tellimislehed\\\/\",\"url\":\"https:\\\/\\\/www.kliinikum.ee\\\/yhendlabor\\\/partnerile-ja-kolleegile\\\/tellimislehed\\\/\",\"name\":\"Tellimislehed - \u00dchendlabor\",\"isPartOf\":{\"@id\":\"https:\\\/\\\/www.kliinikum.ee\\\/yhendlabor\\\/#website\"},\"datePublished\":\"2023-04-21T11:57:17+00:00\",\"dateModified\":\"2026-03-27T06:37:08+00:00\",\"breadcrumb\":{\"@id\":\"https:\\\/\\\/www.kliinikum.ee\\\/yhendlabor\\\/partnerile-ja-kolleegile\\\/tellimislehed\\\/#breadcrumb\"},\"inLanguage\":\"et\",\"potentialAction\":[{\"@type\":\"ReadAction\",\"target\":[\"https:\\\/\\\/www.kliinikum.ee\\\/yhendlabor\\\/partnerile-ja-kolleegile\\\/tellimislehed\\\/\"]}]},{\"@type\":\"BreadcrumbList\",\"@id\":\"https:\\\/\\\/www.kliinikum.ee\\\/yhendlabor\\\/partnerile-ja-kolleegile\\\/tellimislehed\\\/#breadcrumb\",\"itemListElement\":[{\"@type\":\"ListItem\",\"position\":1,\"name\":\"Home\",\"item\":\"https:\\\/\\\/www.kliinikum.ee\\\/yhendlabor\\\/\"},{\"@type\":\"ListItem\",\"position\":2,\"name\":\"Partnerile ja kolleegile\",\"item\":\"https:\\\/\\\/www.kliinikum.ee\\\/yhendlabor\\\/partnerile-ja-kolleegile\\\/\"},{\"@type\":\"ListItem\",\"position\":3,\"name\":\"Tellimislehed\"}]},{\"@type\":\"WebSite\",\"@id\":\"https:\\\/\\\/www.kliinikum.ee\\\/yhendlabor\\\/#website\",\"url\":\"https:\\\/\\\/www.kliinikum.ee\\\/yhendlabor\\\/\",\"name\":\"\u00dchendlabor\",\"description\":\"Hoolivus, Uuendusmeelsus, P\u00e4devus ja Usaldusv\u00e4\u00e4rsus\",\"potentialAction\":[{\"@type\":\"SearchAction\",\"target\":{\"@type\":\"EntryPoint\",\"urlTemplate\":\"https:\\\/\\\/www.kliinikum.ee\\\/yhendlabor\\\/?s={search_term_string}\"},\"query-input\":{\"@type\":\"PropertyValueSpecification\",\"valueRequired\":true,\"valueName\":\"search_term_string\"}}],\"inLanguage\":\"et\"}]}<\/script>\n<!-- \/ Yoast SEO plugin. -->","yoast_head_json":{"title":"Tellimislehed - \u00dchendlabor","robots":{"index":"index","follow":"follow","max-snippet":"max-snippet:-1","max-image-preview":"max-image-preview:large","max-video-preview":"max-video-preview:-1"},"canonical":"https:\/\/www.kliinikum.ee\/yhendlabor\/partnerile-ja-kolleegile\/tellimislehed\/","og_locale":"et_EE","og_type":"article","og_title":"Tellimislehed - \u00dchendlabor","og_description":"M\u00fckobakterioloogiliste (sh. tuberkuloosi) anal\u00fc\u00fcside tellimisleht Vahendatavate anal\u00fc\u00fcside tellimisleht","og_url":"https:\/\/www.kliinikum.ee\/yhendlabor\/partnerile-ja-kolleegile\/tellimislehed\/","og_site_name":"\u00dchendlabor","article_modified_time":"2026-03-27T06:37:08+00:00","twitter_card":"summary_large_image","twitter_misc":{"Est. reading time":"1 minut"},"schema":{"@context":"https:\/\/schema.org","@graph":[{"@type":"WebPage","@id":"https:\/\/www.kliinikum.ee\/yhendlabor\/partnerile-ja-kolleegile\/tellimislehed\/","url":"https:\/\/www.kliinikum.ee\/yhendlabor\/partnerile-ja-kolleegile\/tellimislehed\/","name":"Tellimislehed - \u00dchendlabor","isPartOf":{"@id":"https:\/\/www.kliinikum.ee\/yhendlabor\/#website"},"datePublished":"2023-04-21T11:57:17+00:00","dateModified":"2026-03-27T06:37:08+00:00","breadcrumb":{"@id":"https:\/\/www.kliinikum.ee\/yhendlabor\/partnerile-ja-kolleegile\/tellimislehed\/#breadcrumb"},"inLanguage":"et","potentialAction":[{"@type":"ReadAction","target":["https:\/\/www.kliinikum.ee\/yhendlabor\/partnerile-ja-kolleegile\/tellimislehed\/"]}]},{"@type":"BreadcrumbList","@id":"https:\/\/www.kliinikum.ee\/yhendlabor\/partnerile-ja-kolleegile\/tellimislehed\/#breadcrumb","itemListElement":[{"@type":"ListItem","position":1,"name":"Home","item":"https:\/\/www.kliinikum.ee\/yhendlabor\/"},{"@type":"ListItem","position":2,"name":"Partnerile ja kolleegile","item":"https:\/\/www.kliinikum.ee\/yhendlabor\/partnerile-ja-kolleegile\/"},{"@type":"ListItem","position":3,"name":"Tellimislehed"}]},{"@type":"WebSite","@id":"https:\/\/www.kliinikum.ee\/yhendlabor\/#website","url":"https:\/\/www.kliinikum.ee\/yhendlabor\/","name":"\u00dchendlabor","description":"Hoolivus, Uuendusmeelsus, P\u00e4devus ja Usaldusv\u00e4\u00e4rsus","potentialAction":[{"@type":"SearchAction","target":{"@type":"EntryPoint","urlTemplate":"https:\/\/www.kliinikum.ee\/yhendlabor\/?s={search_term_string}"},"query-input":{"@type":"PropertyValueSpecification","valueRequired":true,"valueName":"search_term_string"}}],"inLanguage":"et"}]}},"uagb_featured_image_src":{"full":false,"thumbnail":false,"medium":false,"medium_large":false,"large":false,"1536x1536":false,"2048x2048":false},"uagb_author_info":{"display_name":"Jane Freimann","author_link":"https:\/\/www.kliinikum.ee\/yhendlabor\/author\/janef\/"},"uagb_comment_info":0,"uagb_excerpt":"M\u00fckobakterioloogiliste (sh. tuberkuloosi) anal\u00fc\u00fcside tellimisleht Vahendatavate anal\u00fc\u00fcside tellimisleht","_links":{"self":[{"href":"https:\/\/www.kliinikum.ee\/yhendlabor\/wp-json\/wp\/v2\/pages\/5915","targetHints":{"allow":["GET"]}}],"collection":[{"href":"https:\/\/www.kliinikum.ee\/yhendlabor\/wp-json\/wp\/v2\/pages"}],"about":[{"href":"https:\/\/www.kliinikum.ee\/yhendlabor\/wp-json\/wp\/v2\/types\/page"}],"author":[{"embeddable":true,"href":"https:\/\/www.kliinikum.ee\/yhendlabor\/wp-json\/wp\/v2\/users\/36"}],"replies":[{"embeddable":true,"href":"https:\/\/www.kliinikum.ee\/yhendlabor\/wp-json\/wp\/v2\/comments?post=5915"}],"version-history":[{"count":0,"href":"https:\/\/www.kliinikum.ee\/yhendlabor\/wp-json\/wp\/v2\/pages\/5915\/revisions"}],"up":[{"embeddable":true,"href":"https:\/\/www.kliinikum.ee\/yhendlabor\/wp-json\/wp\/v2\/pages\/5850"}],"wp:attachment":[{"href":"https:\/\/www.kliinikum.ee\/yhendlabor\/wp-json\/wp\/v2\/media?parent=5915"}],"curies":[{"name":"wp","href":"https:\/\/api.w.org\/{rel}","templated":true}]}}