{"id":5921,"date":"2023-04-21T13:59:31","date_gmt":"2023-04-21T11:59:31","guid":{"rendered":"https:\/\/www.kliinikum.ee\/yhendlabor\/?page_id=5921"},"modified":"2024-12-20T15:21:37","modified_gmt":"2024-12-20T13:21:37","slug":"analuuside-tuhistamise-taotlus","status":"publish","type":"page","link":"https:\/\/www.kliinikum.ee\/yhendlabor\/partnerile-ja-kolleegile\/analuuside-tuhistamise-taotlus\/","title":{"rendered":"Anal\u00fc\u00fcside t\u00fchistamise taotlus"},"content":{"rendered":"\n<div data-wp-interactive=\"core\/file\" class=\"wp-block-file\"><object data-wp-bind--hidden=\"!state.hasPdfPreview\" hidden class=\"wp-block-file__embed\" data=\"https:\/\/www.kliinikum.ee\/yhendlabor\/wp-content\/uploads\/2024\/12\/VUL-10.2.1-Analuusi-tuhistamise-taotlus-v04.pdf\" type=\"application\/pdf\" style=\"width:100%;height:600px\" aria-label=\"Lisa Analuusi-tuhistamise-taotlus-v04.pdf.\"><\/object><a id=\"wp-block-file--media-a4305159-b03f-42ea-94d6-70fc6ea2c3e2\" href=\"https:\/\/www.kliinikum.ee\/yhendlabor\/wp-content\/uploads\/2024\/12\/VUL-10.2.1-Analuusi-tuhistamise-taotlus-v04.pdf\">Analuusi-tuhistamise-taotlus-v04.pdf<\/a><\/div>\n\n\n\n<p><\/p>\n","protected":false},"excerpt":{"rendered":"","protected":false},"author":36,"featured_media":0,"parent":5850,"menu_order":4,"comment_status":"closed","ping_status":"closed","template":"","meta":{"_uag_custom_page_level_css":"","footnotes":""},"class_list":["post-5921","page","type-page","status-publish","hentry"],"acf":[],"yoast_head":"<!-- This site is optimized with the Yoast SEO plugin v27.3 - https:\/\/yoast.com\/product\/yoast-seo-wordpress\/ -->\n<title>Anal\u00fc\u00fcside t\u00fchistamise taotlus - \u00dchendlabor<\/title>\n<meta name=\"robots\" content=\"index, follow, max-snippet:-1, max-image-preview:large, max-video-preview:-1\" \/>\n<link rel=\"canonical\" href=\"https:\/\/www.kliinikum.ee\/yhendlabor\/partnerile-ja-kolleegile\/analuuside-tuhistamise-taotlus\/\" \/>\n<meta property=\"og:locale\" content=\"et_EE\" \/>\n<meta property=\"og:type\" content=\"article\" \/>\n<meta property=\"og:title\" content=\"Anal\u00fc\u00fcside t\u00fchistamise taotlus - \u00dchendlabor\" \/>\n<meta property=\"og:url\" content=\"https:\/\/www.kliinikum.ee\/yhendlabor\/partnerile-ja-kolleegile\/analuuside-tuhistamise-taotlus\/\" \/>\n<meta property=\"og:site_name\" content=\"\u00dchendlabor\" \/>\n<meta property=\"article:modified_time\" content=\"2024-12-20T13:21:37+00:00\" \/>\n<meta name=\"twitter:card\" content=\"summary_large_image\" \/>\n<meta name=\"twitter:label1\" content=\"Est. reading time\" \/>\n\t<meta name=\"twitter:data1\" content=\"1 minut\" \/>\n<script type=\"application\/ld+json\" class=\"yoast-schema-graph\">{\"@context\":\"https:\\\/\\\/schema.org\",\"@graph\":[{\"@type\":\"WebPage\",\"@id\":\"https:\\\/\\\/www.kliinikum.ee\\\/yhendlabor\\\/partnerile-ja-kolleegile\\\/analuuside-tuhistamise-taotlus\\\/\",\"url\":\"https:\\\/\\\/www.kliinikum.ee\\\/yhendlabor\\\/partnerile-ja-kolleegile\\\/analuuside-tuhistamise-taotlus\\\/\",\"name\":\"Anal\u00fc\u00fcside t\u00fchistamise taotlus - \u00dchendlabor\",\"isPartOf\":{\"@id\":\"https:\\\/\\\/www.kliinikum.ee\\\/yhendlabor\\\/#website\"},\"datePublished\":\"2023-04-21T11:59:31+00:00\",\"dateModified\":\"2024-12-20T13:21:37+00:00\",\"breadcrumb\":{\"@id\":\"https:\\\/\\\/www.kliinikum.ee\\\/yhendlabor\\\/partnerile-ja-kolleegile\\\/analuuside-tuhistamise-taotlus\\\/#breadcrumb\"},\"inLanguage\":\"et\",\"potentialAction\":[{\"@type\":\"ReadAction\",\"target\":[\"https:\\\/\\\/www.kliinikum.ee\\\/yhendlabor\\\/partnerile-ja-kolleegile\\\/analuuside-tuhistamise-taotlus\\\/\"]}]},{\"@type\":\"BreadcrumbList\",\"@id\":\"https:\\\/\\\/www.kliinikum.ee\\\/yhendlabor\\\/partnerile-ja-kolleegile\\\/analuuside-tuhistamise-taotlus\\\/#breadcrumb\",\"itemListElement\":[{\"@type\":\"ListItem\",\"position\":1,\"name\":\"Home\",\"item\":\"https:\\\/\\\/www.kliinikum.ee\\\/yhendlabor\\\/\"},{\"@type\":\"ListItem\",\"position\":2,\"name\":\"Partnerile ja kolleegile\",\"item\":\"https:\\\/\\\/www.kliinikum.ee\\\/yhendlabor\\\/partnerile-ja-kolleegile\\\/\"},{\"@type\":\"ListItem\",\"position\":3,\"name\":\"Anal\u00fc\u00fcside t\u00fchistamise taotlus\"}]},{\"@type\":\"WebSite\",\"@id\":\"https:\\\/\\\/www.kliinikum.ee\\\/yhendlabor\\\/#website\",\"url\":\"https:\\\/\\\/www.kliinikum.ee\\\/yhendlabor\\\/\",\"name\":\"\u00dchendlabor\",\"description\":\"Hoolivus, Uuendusmeelsus, P\u00e4devus ja Usaldusv\u00e4\u00e4rsus\",\"potentialAction\":[{\"@type\":\"SearchAction\",\"target\":{\"@type\":\"EntryPoint\",\"urlTemplate\":\"https:\\\/\\\/www.kliinikum.ee\\\/yhendlabor\\\/?s={search_term_string}\"},\"query-input\":{\"@type\":\"PropertyValueSpecification\",\"valueRequired\":true,\"valueName\":\"search_term_string\"}}],\"inLanguage\":\"et\"}]}<\/script>\n<!-- \/ Yoast SEO plugin. -->","yoast_head_json":{"title":"Anal\u00fc\u00fcside t\u00fchistamise taotlus - \u00dchendlabor","robots":{"index":"index","follow":"follow","max-snippet":"max-snippet:-1","max-image-preview":"max-image-preview:large","max-video-preview":"max-video-preview:-1"},"canonical":"https:\/\/www.kliinikum.ee\/yhendlabor\/partnerile-ja-kolleegile\/analuuside-tuhistamise-taotlus\/","og_locale":"et_EE","og_type":"article","og_title":"Anal\u00fc\u00fcside t\u00fchistamise taotlus - \u00dchendlabor","og_url":"https:\/\/www.kliinikum.ee\/yhendlabor\/partnerile-ja-kolleegile\/analuuside-tuhistamise-taotlus\/","og_site_name":"\u00dchendlabor","article_modified_time":"2024-12-20T13:21:37+00:00","twitter_card":"summary_large_image","twitter_misc":{"Est. reading time":"1 minut"},"schema":{"@context":"https:\/\/schema.org","@graph":[{"@type":"WebPage","@id":"https:\/\/www.kliinikum.ee\/yhendlabor\/partnerile-ja-kolleegile\/analuuside-tuhistamise-taotlus\/","url":"https:\/\/www.kliinikum.ee\/yhendlabor\/partnerile-ja-kolleegile\/analuuside-tuhistamise-taotlus\/","name":"Anal\u00fc\u00fcside t\u00fchistamise taotlus - \u00dchendlabor","isPartOf":{"@id":"https:\/\/www.kliinikum.ee\/yhendlabor\/#website"},"datePublished":"2023-04-21T11:59:31+00:00","dateModified":"2024-12-20T13:21:37+00:00","breadcrumb":{"@id":"https:\/\/www.kliinikum.ee\/yhendlabor\/partnerile-ja-kolleegile\/analuuside-tuhistamise-taotlus\/#breadcrumb"},"inLanguage":"et","potentialAction":[{"@type":"ReadAction","target":["https:\/\/www.kliinikum.ee\/yhendlabor\/partnerile-ja-kolleegile\/analuuside-tuhistamise-taotlus\/"]}]},{"@type":"BreadcrumbList","@id":"https:\/\/www.kliinikum.ee\/yhendlabor\/partnerile-ja-kolleegile\/analuuside-tuhistamise-taotlus\/#breadcrumb","itemListElement":[{"@type":"ListItem","position":1,"name":"Home","item":"https:\/\/www.kliinikum.ee\/yhendlabor\/"},{"@type":"ListItem","position":2,"name":"Partnerile ja kolleegile","item":"https:\/\/www.kliinikum.ee\/yhendlabor\/partnerile-ja-kolleegile\/"},{"@type":"ListItem","position":3,"name":"Anal\u00fc\u00fcside t\u00fchistamise taotlus"}]},{"@type":"WebSite","@id":"https:\/\/www.kliinikum.ee\/yhendlabor\/#website","url":"https:\/\/www.kliinikum.ee\/yhendlabor\/","name":"\u00dchendlabor","description":"Hoolivus, Uuendusmeelsus, P\u00e4devus ja Usaldusv\u00e4\u00e4rsus","potentialAction":[{"@type":"SearchAction","target":{"@type":"EntryPoint","urlTemplate":"https:\/\/www.kliinikum.ee\/yhendlabor\/?s={search_term_string}"},"query-input":{"@type":"PropertyValueSpecification","valueRequired":true,"valueName":"search_term_string"}}],"inLanguage":"et"}]}},"uagb_featured_image_src":{"full":false,"thumbnail":false,"medium":false,"medium_large":false,"large":false,"1536x1536":false,"2048x2048":false},"uagb_author_info":{"display_name":"Jane Freimann","author_link":"https:\/\/www.kliinikum.ee\/yhendlabor\/author\/janef\/"},"uagb_comment_info":0,"uagb_excerpt":null,"_links":{"self":[{"href":"https:\/\/www.kliinikum.ee\/yhendlabor\/wp-json\/wp\/v2\/pages\/5921","targetHints":{"allow":["GET"]}}],"collection":[{"href":"https:\/\/www.kliinikum.ee\/yhendlabor\/wp-json\/wp\/v2\/pages"}],"about":[{"href":"https:\/\/www.kliinikum.ee\/yhendlabor\/wp-json\/wp\/v2\/types\/page"}],"author":[{"embeddable":true,"href":"https:\/\/www.kliinikum.ee\/yhendlabor\/wp-json\/wp\/v2\/users\/36"}],"replies":[{"embeddable":true,"href":"https:\/\/www.kliinikum.ee\/yhendlabor\/wp-json\/wp\/v2\/comments?post=5921"}],"version-history":[{"count":0,"href":"https:\/\/www.kliinikum.ee\/yhendlabor\/wp-json\/wp\/v2\/pages\/5921\/revisions"}],"up":[{"embeddable":true,"href":"https:\/\/www.kliinikum.ee\/yhendlabor\/wp-json\/wp\/v2\/pages\/5850"}],"wp:attachment":[{"href":"https:\/\/www.kliinikum.ee\/yhendlabor\/wp-json\/wp\/v2\/media?parent=5921"}],"curies":[{"name":"wp","href":"https:\/\/api.w.org\/{rel}","templated":true}]}}