{"id":7268,"date":"2023-08-18T12:02:01","date_gmt":"2023-08-18T10:02:01","guid":{"rendered":"https:\/\/www.kliinikum.ee\/yhendlabor\/?page_id=7268"},"modified":"2025-11-26T18:12:35","modified_gmt":"2025-11-26T16:12:35","slug":"hla-ja-koesobivusuuringud","status":"publish","type":"page","link":"https:\/\/www.kliinikum.ee\/yhendlabor\/kasiraamat\/hla-ja-koesobivusuuringud\/","title":{"rendered":"HLA ja koesobivusuuringud"},"content":{"rendered":"\n<p><a href=\"https:\/\/www.kliinikum.ee\/yhendlabor\/kasiraamat\/hla-ja-koesobivusuuringud\/hla-alleelide-maaramine-koesobivuse-hindamiseks\/\">HLA alleelide m\u00e4\u00e4ramine koesobivuse hindamiseks<\/a><\/p>\n\n\n\n<p><a href=\"https:\/\/www.kliinikum.ee\/yhendlabor\/kasiraamat\/hla-ja-koesobivusuuringud\/hla-klass-i-ja-ii-antikehad-s-hla-class-i-ii-ab\/\">HLA klass I ja II antikehad<\/a><\/p>\n\n\n\n<p><a href=\"https:\/\/www.kliinikum.ee\/yhendlabor\/kasiraamat\/hla-ja-koesobivusuuringud\/hla-b27-alleel-b-hla-b27-dna\/\">HLA-B*27 alleel<\/a><\/p>\n\n\n\n<p><a href=\"https:\/\/www.kliinikum.ee\/yhendlabor\/kasiraamat\/hla-ja-koesobivusuuringud\/hla-b5701-alleel-b-hla-b5701-dna-2\/\">HLA-B*57:01 alleel<\/a><\/p>\n\n\n\n<p><a href=\"https:\/\/www.kliinikum.ee\/yhendlabor\/kasiraamat\/hla-ja-koesobivusuuringud\/narkolepsia-hla-dqb10602-ja-dqa10102-alleelid-b-hla-dqb10602-dqa10102-dna\/\">Narkolepsia \u2013 HLA-DQB1*06:02 ja DQA1*01:02 alleelid<\/a><\/p>\n\n\n\n<p><a href=\"https:\/\/www.kliinikum.ee\/yhendlabor\/kasiraamat\/hla-ja-koesobivusuuringud\/ristsobivustest-b-s-xm\/\">Ristsobivustest<\/a><\/p>\n\n\n\n<p><a href=\"https:\/\/www.kliinikum.ee\/yhendlabor\/kasiraamat\/hla-ja-koesobivusuuringud\/tsoliaakia-hla-antigeenide-paneel\/\">Ts\u00f6liaakia-HLA antigeenide paneel<\/a><\/p>\n\n\n\n<p><\/p>\n","protected":false},"excerpt":{"rendered":"<p>HLA alleelide m\u00e4\u00e4ramine koesobivuse hindamiseks HLA klass I ja II antikehad HLA-B*27 alleel HLA-B*57:01 alleel Narkolepsia \u2013 HLA-DQB1*06:02 ja DQA1*01:02 alleelid Ristsobivustest Ts\u00f6liaakia-HLA antigeenide paneel<\/p>\n","protected":false},"author":26,"featured_media":0,"parent":5853,"menu_order":9,"comment_status":"closed","ping_status":"closed","template":"","meta":{"_uag_custom_page_level_css":"","footnotes":""},"class_list":["post-7268","page","type-page","status-publish","hentry"],"acf":[],"yoast_head":"<!-- This site is optimized with the Yoast SEO plugin v27.3 - https:\/\/yoast.com\/product\/yoast-seo-wordpress\/ -->\n<title>HLA ja koesobivusuuringud - \u00dchendlabor<\/title>\n<meta name=\"robots\" content=\"index, follow, max-snippet:-1, max-image-preview:large, max-video-preview:-1\" \/>\n<link rel=\"canonical\" href=\"https:\/\/www.kliinikum.ee\/yhendlabor\/kasiraamat\/hla-ja-koesobivusuuringud\/\" \/>\n<meta property=\"og:locale\" content=\"et_EE\" \/>\n<meta property=\"og:type\" content=\"article\" \/>\n<meta property=\"og:title\" content=\"HLA ja koesobivusuuringud - \u00dchendlabor\" \/>\n<meta property=\"og:description\" content=\"HLA alleelide m\u00e4\u00e4ramine koesobivuse hindamiseks HLA klass I ja II antikehad HLA-B*27 alleel HLA-B*57:01 alleel Narkolepsia \u2013 HLA-DQB1*06:02 ja DQA1*01:02 alleelid Ristsobivustest Ts\u00f6liaakia-HLA antigeenide paneel\" \/>\n<meta property=\"og:url\" content=\"https:\/\/www.kliinikum.ee\/yhendlabor\/kasiraamat\/hla-ja-koesobivusuuringud\/\" \/>\n<meta property=\"og:site_name\" content=\"\u00dchendlabor\" \/>\n<meta property=\"article:modified_time\" content=\"2025-11-26T16:12:35+00:00\" \/>\n<meta name=\"twitter:card\" content=\"summary_large_image\" \/>\n<meta name=\"twitter:label1\" content=\"Est. reading time\" \/>\n\t<meta name=\"twitter:data1\" content=\"1 minut\" \/>\n<script type=\"application\/ld+json\" class=\"yoast-schema-graph\">{\"@context\":\"https:\\\/\\\/schema.org\",\"@graph\":[{\"@type\":\"WebPage\",\"@id\":\"https:\\\/\\\/www.kliinikum.ee\\\/yhendlabor\\\/kasiraamat\\\/hla-ja-koesobivusuuringud\\\/\",\"url\":\"https:\\\/\\\/www.kliinikum.ee\\\/yhendlabor\\\/kasiraamat\\\/hla-ja-koesobivusuuringud\\\/\",\"name\":\"HLA ja koesobivusuuringud - \u00dchendlabor\",\"isPartOf\":{\"@id\":\"https:\\\/\\\/www.kliinikum.ee\\\/yhendlabor\\\/#website\"},\"datePublished\":\"2023-08-18T10:02:01+00:00\",\"dateModified\":\"2025-11-26T16:12:35+00:00\",\"breadcrumb\":{\"@id\":\"https:\\\/\\\/www.kliinikum.ee\\\/yhendlabor\\\/kasiraamat\\\/hla-ja-koesobivusuuringud\\\/#breadcrumb\"},\"inLanguage\":\"et\",\"potentialAction\":[{\"@type\":\"ReadAction\",\"target\":[\"https:\\\/\\\/www.kliinikum.ee\\\/yhendlabor\\\/kasiraamat\\\/hla-ja-koesobivusuuringud\\\/\"]}]},{\"@type\":\"BreadcrumbList\",\"@id\":\"https:\\\/\\\/www.kliinikum.ee\\\/yhendlabor\\\/kasiraamat\\\/hla-ja-koesobivusuuringud\\\/#breadcrumb\",\"itemListElement\":[{\"@type\":\"ListItem\",\"position\":1,\"name\":\"Home\",\"item\":\"https:\\\/\\\/www.kliinikum.ee\\\/yhendlabor\\\/\"},{\"@type\":\"ListItem\",\"position\":2,\"name\":\"K\u00e4siraamat\",\"item\":\"https:\\\/\\\/www.kliinikum.ee\\\/yhendlabor\\\/kasiraamat\\\/\"},{\"@type\":\"ListItem\",\"position\":3,\"name\":\"HLA ja koesobivusuuringud\"}]},{\"@type\":\"WebSite\",\"@id\":\"https:\\\/\\\/www.kliinikum.ee\\\/yhendlabor\\\/#website\",\"url\":\"https:\\\/\\\/www.kliinikum.ee\\\/yhendlabor\\\/\",\"name\":\"\u00dchendlabor\",\"description\":\"Hoolivus, Uuendusmeelsus, P\u00e4devus ja Usaldusv\u00e4\u00e4rsus\",\"potentialAction\":[{\"@type\":\"SearchAction\",\"target\":{\"@type\":\"EntryPoint\",\"urlTemplate\":\"https:\\\/\\\/www.kliinikum.ee\\\/yhendlabor\\\/?s={search_term_string}\"},\"query-input\":{\"@type\":\"PropertyValueSpecification\",\"valueRequired\":true,\"valueName\":\"search_term_string\"}}],\"inLanguage\":\"et\"}]}<\/script>\n<!-- \/ Yoast SEO plugin. -->","yoast_head_json":{"title":"HLA ja koesobivusuuringud - \u00dchendlabor","robots":{"index":"index","follow":"follow","max-snippet":"max-snippet:-1","max-image-preview":"max-image-preview:large","max-video-preview":"max-video-preview:-1"},"canonical":"https:\/\/www.kliinikum.ee\/yhendlabor\/kasiraamat\/hla-ja-koesobivusuuringud\/","og_locale":"et_EE","og_type":"article","og_title":"HLA ja koesobivusuuringud - \u00dchendlabor","og_description":"HLA alleelide m\u00e4\u00e4ramine koesobivuse hindamiseks HLA klass I ja II antikehad HLA-B*27 alleel HLA-B*57:01 alleel Narkolepsia \u2013 HLA-DQB1*06:02 ja DQA1*01:02 alleelid Ristsobivustest Ts\u00f6liaakia-HLA antigeenide paneel","og_url":"https:\/\/www.kliinikum.ee\/yhendlabor\/kasiraamat\/hla-ja-koesobivusuuringud\/","og_site_name":"\u00dchendlabor","article_modified_time":"2025-11-26T16:12:35+00:00","twitter_card":"summary_large_image","twitter_misc":{"Est. reading time":"1 minut"},"schema":{"@context":"https:\/\/schema.org","@graph":[{"@type":"WebPage","@id":"https:\/\/www.kliinikum.ee\/yhendlabor\/kasiraamat\/hla-ja-koesobivusuuringud\/","url":"https:\/\/www.kliinikum.ee\/yhendlabor\/kasiraamat\/hla-ja-koesobivusuuringud\/","name":"HLA ja koesobivusuuringud - \u00dchendlabor","isPartOf":{"@id":"https:\/\/www.kliinikum.ee\/yhendlabor\/#website"},"datePublished":"2023-08-18T10:02:01+00:00","dateModified":"2025-11-26T16:12:35+00:00","breadcrumb":{"@id":"https:\/\/www.kliinikum.ee\/yhendlabor\/kasiraamat\/hla-ja-koesobivusuuringud\/#breadcrumb"},"inLanguage":"et","potentialAction":[{"@type":"ReadAction","target":["https:\/\/www.kliinikum.ee\/yhendlabor\/kasiraamat\/hla-ja-koesobivusuuringud\/"]}]},{"@type":"BreadcrumbList","@id":"https:\/\/www.kliinikum.ee\/yhendlabor\/kasiraamat\/hla-ja-koesobivusuuringud\/#breadcrumb","itemListElement":[{"@type":"ListItem","position":1,"name":"Home","item":"https:\/\/www.kliinikum.ee\/yhendlabor\/"},{"@type":"ListItem","position":2,"name":"K\u00e4siraamat","item":"https:\/\/www.kliinikum.ee\/yhendlabor\/kasiraamat\/"},{"@type":"ListItem","position":3,"name":"HLA ja koesobivusuuringud"}]},{"@type":"WebSite","@id":"https:\/\/www.kliinikum.ee\/yhendlabor\/#website","url":"https:\/\/www.kliinikum.ee\/yhendlabor\/","name":"\u00dchendlabor","description":"Hoolivus, Uuendusmeelsus, P\u00e4devus ja Usaldusv\u00e4\u00e4rsus","potentialAction":[{"@type":"SearchAction","target":{"@type":"EntryPoint","urlTemplate":"https:\/\/www.kliinikum.ee\/yhendlabor\/?s={search_term_string}"},"query-input":{"@type":"PropertyValueSpecification","valueRequired":true,"valueName":"search_term_string"}}],"inLanguage":"et"}]}},"uagb_featured_image_src":{"full":false,"thumbnail":false,"medium":false,"medium_large":false,"large":false,"1536x1536":false,"2048x2048":false},"uagb_author_info":{"display_name":"Tarmo Sulg","author_link":"https:\/\/www.kliinikum.ee\/yhendlabor\/author\/tarmos\/"},"uagb_comment_info":0,"uagb_excerpt":"HLA alleelide m\u00e4\u00e4ramine koesobivuse hindamiseks HLA klass I ja II antikehad HLA-B*27 alleel HLA-B*57:01 alleel Narkolepsia \u2013 HLA-DQB1*06:02 ja DQA1*01:02 alleelid Ristsobivustest Ts\u00f6liaakia-HLA antigeenide paneel","_links":{"self":[{"href":"https:\/\/www.kliinikum.ee\/yhendlabor\/wp-json\/wp\/v2\/pages\/7268","targetHints":{"allow":["GET"]}}],"collection":[{"href":"https:\/\/www.kliinikum.ee\/yhendlabor\/wp-json\/wp\/v2\/pages"}],"about":[{"href":"https:\/\/www.kliinikum.ee\/yhendlabor\/wp-json\/wp\/v2\/types\/page"}],"author":[{"embeddable":true,"href":"https:\/\/www.kliinikum.ee\/yhendlabor\/wp-json\/wp\/v2\/users\/26"}],"replies":[{"embeddable":true,"href":"https:\/\/www.kliinikum.ee\/yhendlabor\/wp-json\/wp\/v2\/comments?post=7268"}],"version-history":[{"count":0,"href":"https:\/\/www.kliinikum.ee\/yhendlabor\/wp-json\/wp\/v2\/pages\/7268\/revisions"}],"up":[{"embeddable":true,"href":"https:\/\/www.kliinikum.ee\/yhendlabor\/wp-json\/wp\/v2\/pages\/5853"}],"wp:attachment":[{"href":"https:\/\/www.kliinikum.ee\/yhendlabor\/wp-json\/wp\/v2\/media?parent=7268"}],"curies":[{"name":"wp","href":"https:\/\/api.w.org\/{rel}","templated":true}]}}