{"id":7271,"date":"2023-08-18T12:03:15","date_gmt":"2023-08-18T10:03:15","guid":{"rendered":"https:\/\/www.kliinikum.ee\/yhendlabor\/?page_id=7271"},"modified":"2025-11-26T19:31:39","modified_gmt":"2025-11-26T17:31:39","slug":"hormoonid-jm-immuunuuringud","status":"publish","type":"page","link":"https:\/\/www.kliinikum.ee\/yhendlabor\/kasiraamat\/hormoonid-jm-immuunuuringud\/","title":{"rendered":"Hormoonid jm immuunuuringud"},"content":{"rendered":"\n<p><a href=\"https:\/\/www.kliinikum.ee\/yhendlabor\/kasiraamat\/hormoonid-jm-immuunuuringud\/adrenokortikotroopne-hormoon-p-acth\/\">Adrenokortikotroopne hormoon<\/a><\/p>\n\n\n\n<p><a href=\"https:\/\/www.kliinikum.ee\/yhendlabor\/kasiraamat\/hormoonid-jm-immuunuuringud\/aldosteroon-p-aldo-aldosterooni-ja-reniini-suhe-p-aldo-p-renin\/\">Aldosteroon<\/a><\/p>\n\n\n\n<p><a href=\"https:\/\/www.kliinikum.ee\/yhendlabor\/kasiraamat\/hormoonid-jm-immuunuuringud\/androsteendioon-sp-androst\/\">Androsteendioon<\/a><\/p>\n\n\n\n<p><a href=\"https:\/\/www.kliinikum.ee\/yhendlabor\/kasiraamat\/hormoonid-jm-immuunuuringud\/anti-mulleri-hormoon-sp-amh\/\">Anti-M\u00fclleri hormoon<\/a><\/p>\n\n\n\n<p><a href=\"https:\/\/www.kliinikum.ee\/yhendlabor\/kasiraamat\/hormoonid-jm-immuunuuringud\/c-peptiid-sp-c-pept\/\">C-peptiid<\/a><\/p>\n\n\n\n<p><a href=\"https:\/\/www.kliinikum.ee\/yhendlabor\/kasiraamat\/hormoonid-jm-immuunuuringud\/dehudroepiandrosteroonsulfaat-sp-dheas\/\">Deh\u00fcdroepiandrosteroonsulfaat<\/a><\/p>\n\n\n\n<p><a href=\"https:\/\/www.kliinikum.ee\/yhendlabor\/kasiraamat\/hormoonid-jm-immuunuuringud\/folliikuleid-stimuleeriv-hormoon-sp-fsh\/\">Folliikuleid stimuleeriv hormoon<\/a><\/p>\n\n\n\n<p><a href=\"https:\/\/www.kliinikum.ee\/yhendlabor\/kasiraamat\/hormoonid-jm-immuunuuringud\/insuliin-sp-ins\/\">Insuliin<\/a><\/p>\n\n\n\n<p><a href=\"https:\/\/www.kliinikum.ee\/yhendlabor\/kasiraamat\/hormoonid-jm-immuunuuringud\/insuliinisarnane-kasvufaktor-1-sp-igf-1\/\">Inusuliinisarnane kasvufaktor 1<\/a><\/p>\n\n\n\n<p><a href=\"https:\/\/www.kliinikum.ee\/yhendlabor\/kasiraamat\/hormoonid-jm-immuunuuringud\/kasvuhormoon-sp-gh\/\">Kasvuhormoon<\/a>\u00a0<\/p>\n\n\n\n<p><a href=\"https:\/\/www.kliinikum.ee\/yhendlabor\/kasiraamat\/hormoonid-jm-immuunuuringud\/kilpnaaret-stimuleeriv-hormoon-sp-tsh\/\">Kilpn\u00e4\u00e4ret stimuleeriv hormoon<\/a><\/p>\n\n\n\n<p><a href=\"https:\/\/www.kliinikum.ee\/yhendlabor\/kasiraamat\/hormoonid-jm-immuunuuringud\/koorioni-gonadotropiin-sp-hcg\/\">Koorioni gonadotropiin<\/a><\/p>\n\n\n\n<p><a href=\"https:\/\/www.kliinikum.ee\/yhendlabor\/kasiraamat\/hormoonid-jm-immuunuuringud\/kortisool-sp-cort\/\">Kortisool<\/a><\/p>\n\n\n\n<p><a href=\"https:\/\/www.kliinikum.ee\/yhendlabor\/kasiraamat\/hormoonid-jm-immuunuuringud\/luteiniseeriv-hormoon-sp-lh\/\">Luteiniseeriv hormoon<\/a><\/p>\n\n\n\n<p><a href=\"https:\/\/www.kliinikum.ee\/yhendlabor\/kasiraamat\/hormoonid-jm-immuunuuringud\/parathormoon-s-pth\/\">Parathormoon<\/a><\/p>\n\n\n\n<p><a href=\"https:\/\/www.kliinikum.ee\/yhendlabor\/kasiraamat\/hormoonid-jm-immuunuuringud\/preeklampsia-diagnostika-ja-riskihinnang\/\">Preeklampsia uuringud<\/a><\/p>\n\n\n\n<p><a href=\"https:\/\/www.kliinikum.ee\/yhendlabor\/kasiraamat\/hormoonid-jm-immuunuuringud\/progesteroon-sp-prog\/\">Progesteroon<\/a><\/p>\n\n\n\n<p><a href=\"https:\/\/www.kliinikum.ee\/yhendlabor\/kasiraamat\/hormoonid-jm-immuunuuringud\/prolaktiin-sp-prol\/\">Prolaktiin<\/a><\/p>\n\n\n\n<p><a href=\"https:\/\/www.kliinikum.ee\/yhendlabor\/kasiraamat\/hormoonid-jm-immuunuuringud\/reniin-p-renin\/\">Reniin<\/a><\/p>\n\n\n\n<p><a href=\"https:\/\/www.kliinikum.ee\/yhendlabor\/kasiraamat\/hormoonid-jm-immuunuuringud\/suguhormoone-siduv-globuliin-sp-shbg\/\">Suguhormoone siduv globuliin<\/a><\/p>\n\n\n\n<p><a href=\"https:\/\/www.kliinikum.ee\/yhendlabor\/kasiraamat\/hormoonid-jm-immuunuuringud\/testosteroon-sp-testo-vaba-testosteroon-sp-ftesto-calc\/\">Testosteroon<\/a><\/p>\n\n\n\n<p><a href=\"https:\/\/www.kliinikum.ee\/yhendlabor\/kasiraamat\/hormoonid-jm-immuunuuringud\/vaba-trijoodturoniin-sp-ft3\/\">Vaba trijoodt\u00fcroniin<\/a><\/p>\n\n\n\n<p><a href=\"https:\/\/www.kliinikum.ee\/yhendlabor\/kasiraamat\/hormoonid-jm-immuunuuringud\/vaba-turoksiin-sp-ft4\/\">Vaba t\u00fcroksiin<\/a><\/p>\n\n\n\n<p><a href=\"https:\/\/www.kliinikum.ee\/yhendlabor\/kasiraamat\/hormoonid-jm-immuunuuringud\/vitamiin-d-25-oh-sp-vit-d-25-oh\/\">Vitamiin D<\/a><\/p>\n\n\n\n<p><a href=\"https:\/\/www.kliinikum.ee\/yhendlabor\/kasiraamat\/hormoonid-jm-immuunuuringud\/vitamiinid-a-ja-e-sp-vit-a-sp-vit-e\/\">Vitamiinid A ja E<\/a><\/p>\n\n\n\n<p><a href=\"https:\/\/www.kliinikum.ee\/yhendlabor\/kasiraamat\/hormoonid-jm-immuunuuringud\/vitamiinid-b1-ja-b6-b-vit-b1-b-vit-b6\/\">Vitamiinid B1 ja B6<\/a><\/p>\n\n\n\n<p><a href=\"https:\/\/www.kliinikum.ee\/yhendlabor\/kasiraamat\/hormoonid-jm-immuunuuringud\/ostradiool-sp-e2\/\">\u00d6stradiool<\/a><\/p>\n\n\n\n<p><\/p>\n","protected":false},"excerpt":{"rendered":"<p>Adrenokortikotroopne hormoon Aldosteroon Androsteendioon Anti-M\u00fclleri hormoon C-peptiid Deh\u00fcdroepiandrosteroonsulfaat Folliikuleid stimuleeriv hormoon Insuliin Inusuliinisarnane kasvufaktor 1 Kasvuhormoon\u00a0 Kilpn\u00e4\u00e4ret stimuleeriv hormoon Koorioni gonadotropiin Kortisool Luteiniseeriv hormoon Parathormoon Preeklampsia uuringud Progesteroon Prolaktiin Reniin Suguhormoone siduv globuliin Testosteroon Vaba trijoodt\u00fcroniin Vaba t\u00fcroksiin Vitamiin D Vitamiinid A ja E Vitamiinid B1 ja B6 \u00d6stradiool<\/p>\n","protected":false},"author":26,"featured_media":0,"parent":5853,"menu_order":10,"comment_status":"closed","ping_status":"closed","template":"","meta":{"_uag_custom_page_level_css":"","footnotes":""},"class_list":["post-7271","page","type-page","status-publish","hentry"],"acf":[],"yoast_head":"<!-- This site is optimized with the Yoast SEO plugin v27.5 - https:\/\/yoast.com\/product\/yoast-seo-wordpress\/ -->\n<title>Hormoonid jm immuunuuringud - \u00dchendlabor<\/title>\n<meta name=\"robots\" content=\"index, follow, max-snippet:-1, max-image-preview:large, max-video-preview:-1\" \/>\n<link rel=\"canonical\" href=\"https:\/\/www.kliinikum.ee\/yhendlabor\/kasiraamat\/hormoonid-jm-immuunuuringud\/\" \/>\n<meta property=\"og:locale\" content=\"et_EE\" \/>\n<meta property=\"og:type\" content=\"article\" \/>\n<meta property=\"og:title\" content=\"Hormoonid jm immuunuuringud - \u00dchendlabor\" \/>\n<meta property=\"og:description\" content=\"Adrenokortikotroopne hormoon Aldosteroon Androsteendioon Anti-M\u00fclleri hormoon C-peptiid Deh\u00fcdroepiandrosteroonsulfaat Folliikuleid stimuleeriv hormoon Insuliin Inusuliinisarnane kasvufaktor 1 Kasvuhormoon\u00a0 Kilpn\u00e4\u00e4ret stimuleeriv hormoon Koorioni gonadotropiin Kortisool Luteiniseeriv hormoon Parathormoon Preeklampsia uuringud Progesteroon Prolaktiin Reniin Suguhormoone siduv globuliin Testosteroon Vaba trijoodt\u00fcroniin Vaba t\u00fcroksiin Vitamiin D Vitamiinid A ja E Vitamiinid B1 ja B6 \u00d6stradiool\" \/>\n<meta property=\"og:url\" content=\"https:\/\/www.kliinikum.ee\/yhendlabor\/kasiraamat\/hormoonid-jm-immuunuuringud\/\" \/>\n<meta property=\"og:site_name\" content=\"\u00dchendlabor\" \/>\n<meta property=\"article:modified_time\" content=\"2025-11-26T17:31:39+00:00\" \/>\n<meta name=\"twitter:card\" content=\"summary_large_image\" \/>\n<meta name=\"twitter:label1\" content=\"Est. reading time\" \/>\n\t<meta name=\"twitter:data1\" content=\"1 minut\" \/>\n<script type=\"application\/ld+json\" class=\"yoast-schema-graph\">{\"@context\":\"https:\\\/\\\/schema.org\",\"@graph\":[{\"@type\":\"WebPage\",\"@id\":\"https:\\\/\\\/www.kliinikum.ee\\\/yhendlabor\\\/kasiraamat\\\/hormoonid-jm-immuunuuringud\\\/\",\"url\":\"https:\\\/\\\/www.kliinikum.ee\\\/yhendlabor\\\/kasiraamat\\\/hormoonid-jm-immuunuuringud\\\/\",\"name\":\"Hormoonid jm immuunuuringud - \u00dchendlabor\",\"isPartOf\":{\"@id\":\"https:\\\/\\\/www.kliinikum.ee\\\/yhendlabor\\\/#website\"},\"datePublished\":\"2023-08-18T10:03:15+00:00\",\"dateModified\":\"2025-11-26T17:31:39+00:00\",\"breadcrumb\":{\"@id\":\"https:\\\/\\\/www.kliinikum.ee\\\/yhendlabor\\\/kasiraamat\\\/hormoonid-jm-immuunuuringud\\\/#breadcrumb\"},\"inLanguage\":\"et\",\"potentialAction\":[{\"@type\":\"ReadAction\",\"target\":[\"https:\\\/\\\/www.kliinikum.ee\\\/yhendlabor\\\/kasiraamat\\\/hormoonid-jm-immuunuuringud\\\/\"]}]},{\"@type\":\"BreadcrumbList\",\"@id\":\"https:\\\/\\\/www.kliinikum.ee\\\/yhendlabor\\\/kasiraamat\\\/hormoonid-jm-immuunuuringud\\\/#breadcrumb\",\"itemListElement\":[{\"@type\":\"ListItem\",\"position\":1,\"name\":\"Home\",\"item\":\"https:\\\/\\\/www.kliinikum.ee\\\/yhendlabor\\\/\"},{\"@type\":\"ListItem\",\"position\":2,\"name\":\"K\u00e4siraamat\",\"item\":\"https:\\\/\\\/www.kliinikum.ee\\\/yhendlabor\\\/kasiraamat\\\/\"},{\"@type\":\"ListItem\",\"position\":3,\"name\":\"Hormoonid jm immuunuuringud\"}]},{\"@type\":\"WebSite\",\"@id\":\"https:\\\/\\\/www.kliinikum.ee\\\/yhendlabor\\\/#website\",\"url\":\"https:\\\/\\\/www.kliinikum.ee\\\/yhendlabor\\\/\",\"name\":\"\u00dchendlabor\",\"description\":\"Hoolivus, Uuendusmeelsus, P\u00e4devus ja Usaldusv\u00e4\u00e4rsus\",\"potentialAction\":[{\"@type\":\"SearchAction\",\"target\":{\"@type\":\"EntryPoint\",\"urlTemplate\":\"https:\\\/\\\/www.kliinikum.ee\\\/yhendlabor\\\/?s={search_term_string}\"},\"query-input\":{\"@type\":\"PropertyValueSpecification\",\"valueRequired\":true,\"valueName\":\"search_term_string\"}}],\"inLanguage\":\"et\"}]}<\/script>\n<!-- \/ Yoast SEO plugin. -->","yoast_head_json":{"title":"Hormoonid jm immuunuuringud - \u00dchendlabor","robots":{"index":"index","follow":"follow","max-snippet":"max-snippet:-1","max-image-preview":"max-image-preview:large","max-video-preview":"max-video-preview:-1"},"canonical":"https:\/\/www.kliinikum.ee\/yhendlabor\/kasiraamat\/hormoonid-jm-immuunuuringud\/","og_locale":"et_EE","og_type":"article","og_title":"Hormoonid jm immuunuuringud - \u00dchendlabor","og_description":"Adrenokortikotroopne hormoon Aldosteroon Androsteendioon Anti-M\u00fclleri hormoon C-peptiid Deh\u00fcdroepiandrosteroonsulfaat Folliikuleid stimuleeriv hormoon Insuliin Inusuliinisarnane kasvufaktor 1 Kasvuhormoon\u00a0 Kilpn\u00e4\u00e4ret stimuleeriv hormoon Koorioni gonadotropiin Kortisool Luteiniseeriv hormoon Parathormoon Preeklampsia uuringud Progesteroon Prolaktiin Reniin Suguhormoone siduv globuliin Testosteroon Vaba trijoodt\u00fcroniin Vaba t\u00fcroksiin Vitamiin D Vitamiinid A ja E Vitamiinid B1 ja B6 \u00d6stradiool","og_url":"https:\/\/www.kliinikum.ee\/yhendlabor\/kasiraamat\/hormoonid-jm-immuunuuringud\/","og_site_name":"\u00dchendlabor","article_modified_time":"2025-11-26T17:31:39+00:00","twitter_card":"summary_large_image","twitter_misc":{"Est. reading time":"1 minut"},"schema":{"@context":"https:\/\/schema.org","@graph":[{"@type":"WebPage","@id":"https:\/\/www.kliinikum.ee\/yhendlabor\/kasiraamat\/hormoonid-jm-immuunuuringud\/","url":"https:\/\/www.kliinikum.ee\/yhendlabor\/kasiraamat\/hormoonid-jm-immuunuuringud\/","name":"Hormoonid jm immuunuuringud - \u00dchendlabor","isPartOf":{"@id":"https:\/\/www.kliinikum.ee\/yhendlabor\/#website"},"datePublished":"2023-08-18T10:03:15+00:00","dateModified":"2025-11-26T17:31:39+00:00","breadcrumb":{"@id":"https:\/\/www.kliinikum.ee\/yhendlabor\/kasiraamat\/hormoonid-jm-immuunuuringud\/#breadcrumb"},"inLanguage":"et","potentialAction":[{"@type":"ReadAction","target":["https:\/\/www.kliinikum.ee\/yhendlabor\/kasiraamat\/hormoonid-jm-immuunuuringud\/"]}]},{"@type":"BreadcrumbList","@id":"https:\/\/www.kliinikum.ee\/yhendlabor\/kasiraamat\/hormoonid-jm-immuunuuringud\/#breadcrumb","itemListElement":[{"@type":"ListItem","position":1,"name":"Home","item":"https:\/\/www.kliinikum.ee\/yhendlabor\/"},{"@type":"ListItem","position":2,"name":"K\u00e4siraamat","item":"https:\/\/www.kliinikum.ee\/yhendlabor\/kasiraamat\/"},{"@type":"ListItem","position":3,"name":"Hormoonid jm immuunuuringud"}]},{"@type":"WebSite","@id":"https:\/\/www.kliinikum.ee\/yhendlabor\/#website","url":"https:\/\/www.kliinikum.ee\/yhendlabor\/","name":"\u00dchendlabor","description":"Hoolivus, Uuendusmeelsus, P\u00e4devus ja Usaldusv\u00e4\u00e4rsus","potentialAction":[{"@type":"SearchAction","target":{"@type":"EntryPoint","urlTemplate":"https:\/\/www.kliinikum.ee\/yhendlabor\/?s={search_term_string}"},"query-input":{"@type":"PropertyValueSpecification","valueRequired":true,"valueName":"search_term_string"}}],"inLanguage":"et"}]}},"uagb_featured_image_src":{"full":false,"thumbnail":false,"medium":false,"medium_large":false,"large":false,"1536x1536":false,"2048x2048":false},"uagb_author_info":{"display_name":"Tarmo Sulg","author_link":"https:\/\/www.kliinikum.ee\/yhendlabor\/author\/tarmos\/"},"uagb_comment_info":0,"uagb_excerpt":"Adrenokortikotroopne hormoon Aldosteroon Androsteendioon Anti-M\u00fclleri hormoon C-peptiid Deh\u00fcdroepiandrosteroonsulfaat Folliikuleid stimuleeriv hormoon Insuliin Inusuliinisarnane kasvufaktor 1 Kasvuhormoon\u00a0 Kilpn\u00e4\u00e4ret stimuleeriv hormoon Koorioni gonadotropiin Kortisool Luteiniseeriv hormoon Parathormoon Preeklampsia uuringud Progesteroon Prolaktiin Reniin Suguhormoone siduv globuliin Testosteroon Vaba trijoodt\u00fcroniin Vaba t\u00fcroksiin Vitamiin D Vitamiinid A ja E Vitamiinid B1 ja B6 \u00d6stradiool","_links":{"self":[{"href":"https:\/\/www.kliinikum.ee\/yhendlabor\/wp-json\/wp\/v2\/pages\/7271","targetHints":{"allow":["GET"]}}],"collection":[{"href":"https:\/\/www.kliinikum.ee\/yhendlabor\/wp-json\/wp\/v2\/pages"}],"about":[{"href":"https:\/\/www.kliinikum.ee\/yhendlabor\/wp-json\/wp\/v2\/types\/page"}],"author":[{"embeddable":true,"href":"https:\/\/www.kliinikum.ee\/yhendlabor\/wp-json\/wp\/v2\/users\/26"}],"replies":[{"embeddable":true,"href":"https:\/\/www.kliinikum.ee\/yhendlabor\/wp-json\/wp\/v2\/comments?post=7271"}],"version-history":[{"count":0,"href":"https:\/\/www.kliinikum.ee\/yhendlabor\/wp-json\/wp\/v2\/pages\/7271\/revisions"}],"up":[{"embeddable":true,"href":"https:\/\/www.kliinikum.ee\/yhendlabor\/wp-json\/wp\/v2\/pages\/5853"}],"wp:attachment":[{"href":"https:\/\/www.kliinikum.ee\/yhendlabor\/wp-json\/wp\/v2\/media?parent=7271"}],"curies":[{"name":"wp","href":"https:\/\/api.w.org\/{rel}","templated":true}]}}