{"id":7274,"date":"2023-08-18T12:04:11","date_gmt":"2023-08-18T10:04:11","guid":{"rendered":"https:\/\/www.kliinikum.ee\/yhendlabor\/?page_id=7274"},"modified":"2025-11-09T19:46:48","modified_gmt":"2025-11-09T17:46:48","slug":"huubimisuuringud","status":"publish","type":"page","link":"https:\/\/www.kliinikum.ee\/yhendlabor\/kasiraamat\/huubimisuuringud\/","title":{"rendered":"H\u00fc\u00fcbimisuuringud"},"content":{"rendered":"\n<p><a href=\"https:\/\/www.kliinikum.ee\/yhendlabor\/kasiraamat\/huubimisuuringud\/aktiveeritud-osalise-tromboplastiini-aeg-p-aptt\/\">Aktiveeritud osalise tromboplastiini aeg<\/a><\/p>\n\n\n\n<p><a href=\"https:\/\/www.kliinikum.ee\/yhendlabor\/kasiraamat\/huubimisuuringud\/aktiveeritud-proteiin-c-resistentsus-p-apc-r\/\">Aktiveeritud proteiin C resistentsus<\/a><\/p>\n\n\n\n<p><a href=\"https:\/\/www.kliinikum.ee\/yhendlabor\/kasiraamat\/huubimisuuringud\/antitrombiin-iii-p-at-iii\/\">Antitrombiin III<\/a><\/p>\n\n\n\n<p><a href=\"https:\/\/www.kliinikum.ee\/yhendlabor\/kasiraamat\/huubimisuuringud\/apiksabaan-p-apbn\/\">Apiksabaan<\/a><\/p>\n\n\n\n<p><a href=\"https:\/\/www.kliinikum.ee\/yhendlabor\/kasiraamat\/huubimisuuringud\/dabigatraan-p-dbtn\/\">Dabigatraan<\/a><\/p>\n\n\n\n<p><a href=\"https:\/\/www.kliinikum.ee\/yhendlabor\/kasiraamat\/huubimisuuringud\/d-dimeerid-p-d-di\/\">D-dimeerid<\/a><\/p>\n\n\n\n<p><a href=\"https:\/\/www.kliinikum.ee\/yhendlabor\/kasiraamat\/huubimisuuringud\/edoksabaan-p-edbn\/\">Edoksabaan<\/a><\/p>\n\n\n\n<p><a href=\"https:\/\/www.kliinikum.ee\/yhendlabor\/kasiraamat\/huubimisuuringud\/fibrinogeen-p-fibr\/\">Fibrinogeen<\/a><\/p>\n\n\n\n<p><a href=\"https:\/\/www.kliinikum.ee\/yhendlabor\/kasiraamat\/huubimisuuringud\/hepariini-pf4-kompleksi-vastased-antikehad-s-hep-pf4-ab\/\">Hepariini\/PF4 kompleksi vastased antikehad<\/a><\/p>\n\n\n\n<p>H\u00fc\u00fcbimisfaktorid<\/p>\n\n\n\n<ul class=\"wp-block-list\">\n<li><a href=\"https:\/\/www.kliinikum.ee\/yhendlabor\/kasiraamat\/huubimisuuringud\/vii-faktor-p-fvii\/\">VII faktor<\/a><\/li>\n\n\n\n<li><a href=\"https:\/\/www.kliinikum.ee\/yhendlabor\/kasiraamat\/huubimisuuringud\/viii-faktor-p-fviiic\/\">VIII faktor<\/a><\/li>\n\n\n\n<li><a href=\"https:\/\/www.kliinikum.ee\/yhendlabor\/kasiraamat\/huubimisuuringud\/ix-faktor-p-fix\/\">IX faktor<\/a><\/li>\n\n\n\n<li><a href=\"https:\/\/www.kliinikum.ee\/yhendlabor\/kasiraamat\/huubimisuuringud\/xi-faktor-p-fxi\/\">XI faktor<\/a><\/li>\n<\/ul>\n\n\n\n<p><a href=\"https:\/\/www.kliinikum.ee\/yhendlabor\/kasiraamat\/huubimisuuringud\/huubimisfaktorite-inhibiitorite-soeluuring-aptt-mix-11-huubimisfaktorite-inhibiitorite-soeluuring-pt-mix-11\/\">H\u00fc\u00fcbimisfaktorite inhibiitorite s\u00f5eluuring<\/a><\/p>\n\n\n\n<p><a href=\"https:\/\/www.kliinikum.ee\/yhendlabor\/kasiraamat\/huubimisuuringud\/viii-voi-ix-faktori-inhibiitorid-p-fviii-inh-p-fix-inh\/\">VIII v\u00f5i IX faktori inhibiitorid<\/a><\/p>\n\n\n\n<p><a href=\"https:\/\/www.kliinikum.ee\/yhendlabor\/kasiraamat\/huubimisuuringud\/madalmolekuraarne-hepariin-p-lmwh-fraktsioneerimata-hepariin-p-ufh\/\">Madalmolekulaarne hepariin, fraktsioneerimata hepariin<\/a><\/p>\n\n\n\n<p><a href=\"https:\/\/www.kliinikum.ee\/yhendlabor\/kasiraamat\/huubimisuuringud\/proteiin-c-p-pc\/\">Proteiin C<\/a><\/p>\n\n\n\n<p><a href=\"https:\/\/www.kliinikum.ee\/yhendlabor\/kasiraamat\/huubimisuuringud\/protrombiini-aeg-p-pt-inr\/\">Protrombiini aeg<\/a><\/p>\n\n\n\n<p><a href=\"https:\/\/www.kliinikum.ee\/yhendlabor\/kasiraamat\/huubimisuuringud\/rivaroksabaan-p-rxn\/\">Rivaroksabaan<\/a><\/p>\n\n\n\n<p><a href=\"https:\/\/www.kliinikum.ee\/yhendlabor\/kasiraamat\/huubimisuuringud\/trombiini-aeg-p-tt\/\">Trombiini aeg<\/a><\/p>\n\n\n\n<p><a href=\"https:\/\/www.kliinikum.ee\/yhendlabor\/kasiraamat\/huubimisuuringud\/tromboelastomeetrilised-uuringud-b-rotem\/\">Tromboelastomeetrilised uuringud<\/a><\/p>\n\n\n\n<p><a href=\"https:\/\/www.kliinikum.ee\/yhendlabor\/kasiraamat\/huubimisuuringud\/trombotsuutide-funktsiooni-uuring-b-pfa-col-epi-b-pfa-col-adp-trombotsuutide-funktsiooni-uuring-p2y12-retseptorite-blokaadi-hindamiseks-b-pfa-p2y12\/\">Trombots\u00fc\u00fctide funktsiooni uuringud<\/a><\/p>\n\n\n\n<p><a href=\"https:\/\/www.kliinikum.ee\/yhendlabor\/kasiraamat\/huubimisuuringud\/vaba-proteiin-s-p-fps\/\">Vaba proteiin S<\/a><\/p>\n\n\n\n<p><a href=\"https:\/\/www.kliinikum.ee\/yhendlabor\/kasiraamat\/huubimisuuringud\/von-willebrandi-tove-uuringud\/\">Von Willebrandi t\u00f5ve uuringud<\/a><\/p>\n","protected":false},"excerpt":{"rendered":"<p>Aktiveeritud osalise tromboplastiini aeg Aktiveeritud proteiin C resistentsus Antitrombiin III Apiksabaan Dabigatraan D-dimeerid Edoksabaan Fibrinogeen Hepariini\/PF4 kompleksi vastased antikehad H\u00fc\u00fcbimisfaktorid H\u00fc\u00fcbimisfaktorite inhibiitorite s\u00f5eluuring VIII v\u00f5i IX faktori inhibiitorid Madalmolekulaarne hepariin, fraktsioneerimata hepariin Proteiin C Protrombiini aeg Rivaroksabaan Trombiini aeg Tromboelastomeetrilised uuringud Trombots\u00fc\u00fctide funktsiooni uuringud Vaba proteiin S Von Willebrandi t\u00f5ve uuringud<\/p>\n","protected":false},"author":26,"featured_media":0,"parent":5853,"menu_order":11,"comment_status":"closed","ping_status":"closed","template":"","meta":{"_uag_custom_page_level_css":"","footnotes":""},"class_list":["post-7274","page","type-page","status-publish","hentry"],"acf":[],"yoast_head":"<!-- This site is optimized with the Yoast SEO plugin v27.3 - https:\/\/yoast.com\/product\/yoast-seo-wordpress\/ -->\n<title>H\u00fc\u00fcbimisuuringud - \u00dchendlabor<\/title>\n<meta name=\"robots\" content=\"index, follow, max-snippet:-1, max-image-preview:large, max-video-preview:-1\" \/>\n<link rel=\"canonical\" href=\"https:\/\/www.kliinikum.ee\/yhendlabor\/kasiraamat\/huubimisuuringud\/\" \/>\n<meta property=\"og:locale\" content=\"et_EE\" \/>\n<meta property=\"og:type\" content=\"article\" \/>\n<meta property=\"og:title\" content=\"H\u00fc\u00fcbimisuuringud - \u00dchendlabor\" \/>\n<meta property=\"og:description\" content=\"Aktiveeritud osalise tromboplastiini aeg Aktiveeritud proteiin C resistentsus Antitrombiin III Apiksabaan Dabigatraan D-dimeerid Edoksabaan Fibrinogeen Hepariini\/PF4 kompleksi vastased antikehad H\u00fc\u00fcbimisfaktorid H\u00fc\u00fcbimisfaktorite inhibiitorite s\u00f5eluuring VIII v\u00f5i IX faktori inhibiitorid Madalmolekulaarne hepariin, fraktsioneerimata hepariin Proteiin C Protrombiini aeg Rivaroksabaan Trombiini aeg Tromboelastomeetrilised uuringud Trombots\u00fc\u00fctide funktsiooni uuringud Vaba proteiin S Von Willebrandi t\u00f5ve uuringud\" \/>\n<meta property=\"og:url\" content=\"https:\/\/www.kliinikum.ee\/yhendlabor\/kasiraamat\/huubimisuuringud\/\" \/>\n<meta property=\"og:site_name\" content=\"\u00dchendlabor\" \/>\n<meta property=\"article:modified_time\" content=\"2025-11-09T17:46:48+00:00\" \/>\n<meta name=\"twitter:card\" content=\"summary_large_image\" \/>\n<meta name=\"twitter:label1\" content=\"Est. reading time\" \/>\n\t<meta name=\"twitter:data1\" content=\"1 minut\" \/>\n<script type=\"application\/ld+json\" class=\"yoast-schema-graph\">{\"@context\":\"https:\\\/\\\/schema.org\",\"@graph\":[{\"@type\":\"WebPage\",\"@id\":\"https:\\\/\\\/www.kliinikum.ee\\\/yhendlabor\\\/kasiraamat\\\/huubimisuuringud\\\/\",\"url\":\"https:\\\/\\\/www.kliinikum.ee\\\/yhendlabor\\\/kasiraamat\\\/huubimisuuringud\\\/\",\"name\":\"H\u00fc\u00fcbimisuuringud - \u00dchendlabor\",\"isPartOf\":{\"@id\":\"https:\\\/\\\/www.kliinikum.ee\\\/yhendlabor\\\/#website\"},\"datePublished\":\"2023-08-18T10:04:11+00:00\",\"dateModified\":\"2025-11-09T17:46:48+00:00\",\"breadcrumb\":{\"@id\":\"https:\\\/\\\/www.kliinikum.ee\\\/yhendlabor\\\/kasiraamat\\\/huubimisuuringud\\\/#breadcrumb\"},\"inLanguage\":\"et\",\"potentialAction\":[{\"@type\":\"ReadAction\",\"target\":[\"https:\\\/\\\/www.kliinikum.ee\\\/yhendlabor\\\/kasiraamat\\\/huubimisuuringud\\\/\"]}]},{\"@type\":\"BreadcrumbList\",\"@id\":\"https:\\\/\\\/www.kliinikum.ee\\\/yhendlabor\\\/kasiraamat\\\/huubimisuuringud\\\/#breadcrumb\",\"itemListElement\":[{\"@type\":\"ListItem\",\"position\":1,\"name\":\"Home\",\"item\":\"https:\\\/\\\/www.kliinikum.ee\\\/yhendlabor\\\/\"},{\"@type\":\"ListItem\",\"position\":2,\"name\":\"K\u00e4siraamat\",\"item\":\"https:\\\/\\\/www.kliinikum.ee\\\/yhendlabor\\\/kasiraamat\\\/\"},{\"@type\":\"ListItem\",\"position\":3,\"name\":\"H\u00fc\u00fcbimisuuringud\"}]},{\"@type\":\"WebSite\",\"@id\":\"https:\\\/\\\/www.kliinikum.ee\\\/yhendlabor\\\/#website\",\"url\":\"https:\\\/\\\/www.kliinikum.ee\\\/yhendlabor\\\/\",\"name\":\"\u00dchendlabor\",\"description\":\"Hoolivus, Uuendusmeelsus, P\u00e4devus ja Usaldusv\u00e4\u00e4rsus\",\"potentialAction\":[{\"@type\":\"SearchAction\",\"target\":{\"@type\":\"EntryPoint\",\"urlTemplate\":\"https:\\\/\\\/www.kliinikum.ee\\\/yhendlabor\\\/?s={search_term_string}\"},\"query-input\":{\"@type\":\"PropertyValueSpecification\",\"valueRequired\":true,\"valueName\":\"search_term_string\"}}],\"inLanguage\":\"et\"}]}<\/script>\n<!-- \/ Yoast SEO plugin. -->","yoast_head_json":{"title":"H\u00fc\u00fcbimisuuringud - \u00dchendlabor","robots":{"index":"index","follow":"follow","max-snippet":"max-snippet:-1","max-image-preview":"max-image-preview:large","max-video-preview":"max-video-preview:-1"},"canonical":"https:\/\/www.kliinikum.ee\/yhendlabor\/kasiraamat\/huubimisuuringud\/","og_locale":"et_EE","og_type":"article","og_title":"H\u00fc\u00fcbimisuuringud - \u00dchendlabor","og_description":"Aktiveeritud osalise tromboplastiini aeg Aktiveeritud proteiin C resistentsus Antitrombiin III Apiksabaan Dabigatraan D-dimeerid Edoksabaan Fibrinogeen Hepariini\/PF4 kompleksi vastased antikehad H\u00fc\u00fcbimisfaktorid H\u00fc\u00fcbimisfaktorite inhibiitorite s\u00f5eluuring VIII v\u00f5i IX faktori inhibiitorid Madalmolekulaarne hepariin, fraktsioneerimata hepariin Proteiin C Protrombiini aeg Rivaroksabaan Trombiini aeg Tromboelastomeetrilised uuringud Trombots\u00fc\u00fctide funktsiooni uuringud Vaba proteiin S Von Willebrandi t\u00f5ve uuringud","og_url":"https:\/\/www.kliinikum.ee\/yhendlabor\/kasiraamat\/huubimisuuringud\/","og_site_name":"\u00dchendlabor","article_modified_time":"2025-11-09T17:46:48+00:00","twitter_card":"summary_large_image","twitter_misc":{"Est. reading time":"1 minut"},"schema":{"@context":"https:\/\/schema.org","@graph":[{"@type":"WebPage","@id":"https:\/\/www.kliinikum.ee\/yhendlabor\/kasiraamat\/huubimisuuringud\/","url":"https:\/\/www.kliinikum.ee\/yhendlabor\/kasiraamat\/huubimisuuringud\/","name":"H\u00fc\u00fcbimisuuringud - \u00dchendlabor","isPartOf":{"@id":"https:\/\/www.kliinikum.ee\/yhendlabor\/#website"},"datePublished":"2023-08-18T10:04:11+00:00","dateModified":"2025-11-09T17:46:48+00:00","breadcrumb":{"@id":"https:\/\/www.kliinikum.ee\/yhendlabor\/kasiraamat\/huubimisuuringud\/#breadcrumb"},"inLanguage":"et","potentialAction":[{"@type":"ReadAction","target":["https:\/\/www.kliinikum.ee\/yhendlabor\/kasiraamat\/huubimisuuringud\/"]}]},{"@type":"BreadcrumbList","@id":"https:\/\/www.kliinikum.ee\/yhendlabor\/kasiraamat\/huubimisuuringud\/#breadcrumb","itemListElement":[{"@type":"ListItem","position":1,"name":"Home","item":"https:\/\/www.kliinikum.ee\/yhendlabor\/"},{"@type":"ListItem","position":2,"name":"K\u00e4siraamat","item":"https:\/\/www.kliinikum.ee\/yhendlabor\/kasiraamat\/"},{"@type":"ListItem","position":3,"name":"H\u00fc\u00fcbimisuuringud"}]},{"@type":"WebSite","@id":"https:\/\/www.kliinikum.ee\/yhendlabor\/#website","url":"https:\/\/www.kliinikum.ee\/yhendlabor\/","name":"\u00dchendlabor","description":"Hoolivus, Uuendusmeelsus, P\u00e4devus ja Usaldusv\u00e4\u00e4rsus","potentialAction":[{"@type":"SearchAction","target":{"@type":"EntryPoint","urlTemplate":"https:\/\/www.kliinikum.ee\/yhendlabor\/?s={search_term_string}"},"query-input":{"@type":"PropertyValueSpecification","valueRequired":true,"valueName":"search_term_string"}}],"inLanguage":"et"}]}},"uagb_featured_image_src":{"full":false,"thumbnail":false,"medium":false,"medium_large":false,"large":false,"1536x1536":false,"2048x2048":false},"uagb_author_info":{"display_name":"Tarmo Sulg","author_link":"https:\/\/www.kliinikum.ee\/yhendlabor\/author\/tarmos\/"},"uagb_comment_info":0,"uagb_excerpt":"Aktiveeritud osalise tromboplastiini aeg Aktiveeritud proteiin C resistentsus Antitrombiin III Apiksabaan Dabigatraan D-dimeerid Edoksabaan Fibrinogeen Hepariini\/PF4 kompleksi vastased antikehad H\u00fc\u00fcbimisfaktorid H\u00fc\u00fcbimisfaktorite inhibiitorite s\u00f5eluuring VIII v\u00f5i IX faktori inhibiitorid Madalmolekulaarne hepariin, fraktsioneerimata hepariin Proteiin C Protrombiini aeg Rivaroksabaan Trombiini aeg Tromboelastomeetrilised uuringud Trombots\u00fc\u00fctide funktsiooni uuringud Vaba proteiin S Von Willebrandi t\u00f5ve uuringud","_links":{"self":[{"href":"https:\/\/www.kliinikum.ee\/yhendlabor\/wp-json\/wp\/v2\/pages\/7274","targetHints":{"allow":["GET"]}}],"collection":[{"href":"https:\/\/www.kliinikum.ee\/yhendlabor\/wp-json\/wp\/v2\/pages"}],"about":[{"href":"https:\/\/www.kliinikum.ee\/yhendlabor\/wp-json\/wp\/v2\/types\/page"}],"author":[{"embeddable":true,"href":"https:\/\/www.kliinikum.ee\/yhendlabor\/wp-json\/wp\/v2\/users\/26"}],"replies":[{"embeddable":true,"href":"https:\/\/www.kliinikum.ee\/yhendlabor\/wp-json\/wp\/v2\/comments?post=7274"}],"version-history":[{"count":0,"href":"https:\/\/www.kliinikum.ee\/yhendlabor\/wp-json\/wp\/v2\/pages\/7274\/revisions"}],"up":[{"embeddable":true,"href":"https:\/\/www.kliinikum.ee\/yhendlabor\/wp-json\/wp\/v2\/pages\/5853"}],"wp:attachment":[{"href":"https:\/\/www.kliinikum.ee\/yhendlabor\/wp-json\/wp\/v2\/media?parent=7274"}],"curies":[{"name":"wp","href":"https:\/\/api.w.org\/{rel}","templated":true}]}}