{"id":7280,"date":"2023-08-18T12:05:24","date_gmt":"2023-08-18T10:05:24","guid":{"rendered":"https:\/\/www.kliinikum.ee\/yhendlabor\/?page_id=7280"},"modified":"2025-11-26T21:58:20","modified_gmt":"2025-11-26T19:58:20","slug":"kasvajamarkerite-uuringud","status":"publish","type":"page","link":"https:\/\/www.kliinikum.ee\/yhendlabor\/kasiraamat\/kasvajamarkerite-uuringud\/","title":{"rendered":"Kasvajamarkerite uuringud"},"content":{"rendered":"\n<p><a href=\"https:\/\/www.kliinikum.ee\/yhendlabor\/kasiraamat\/kasvajamarkerite-uuringud\/5-hudroksuindoolaadikhape-oopaevases-uriinis-du-5-hiaa\/\">5-h\u00fcdroks\u00fcindool\u00e4\u00e4dikhape \u00f6\u00f6p\u00e4evases uriinis<\/a><\/p>\n\n\n\n<p><a href=\"https:\/\/www.kliinikum.ee\/yhendlabor\/kasiraamat\/kasvajamarkerite-uuringud\/alfafetoproteiin-sp-afp\/\">Alfafetoproteiin<\/a><\/p>\n\n\n\n<p><a href=\"https:\/\/www.kliinikum.ee\/yhendlabor\/kasiraamat\/kasvajamarkerite-uuringud\/egfr-geeni-mutatsioonid\/\">EGFR geeni mutatsioonid<\/a><\/p>\n\n\n\n<p><a href=\"https:\/\/www.kliinikum.ee\/yhendlabor\/kasiraamat\/kasvajamarkerite-uuringud\/fish-analuus-interfaasi-kromosoomidel-kasvajate-histoloogilistest-preparaatidest-tis-fish\/\">FISH anal\u00fc\u00fcs interfaasi kromosoomidel kasvajate histoloogilistest preparaatidest<\/a><\/p>\n\n\n\n<p><a href=\"https:\/\/www.kliinikum.ee\/yhendlabor\/kasiraamat\/kasvajamarkerite-uuringud\/gastriin-s-gastr\/\">Gastriin<\/a><\/p>\n\n\n\n<p><a href=\"https:\/\/www.kliinikum.ee\/yhendlabor\/kasiraamat\/kasvajamarkerite-uuringud\/her2-neu-geeni-amplifikatsioon-koematerjalis-fish\/\">HER2\/neu geeni amplifikatsioon koematerjalis (FISH)<\/a><\/p>\n\n\n\n<p><a href=\"https:\/\/www.kliinikum.ee\/yhendlabor\/kasiraamat\/kasvajamarkerite-uuringud\/kaltsitoniin-sp-ct\/\">Kaltsitoniin<\/a><\/p>\n\n\n\n<p><a href=\"https:\/\/www.kliinikum.ee\/yhendlabor\/kasiraamat\/kasvajamarkerite-uuringud\/kartsinoembruonaalne-antigeen-sp-cea\/\">Kartsinoembr\u00fconaalne antigeen<\/a><\/p>\n\n\n\n<p><a href=\"https:\/\/www.kliinikum.ee\/yhendlabor\/kasiraamat\/kasvajamarkerite-uuringud\/kasvajaantigeen-ca-125-sp-ca-125\/\">Kasvajaantigeen CA 125<\/a><\/p>\n\n\n\n<p><a href=\"https:\/\/www.kliinikum.ee\/yhendlabor\/kasiraamat\/kasvajamarkerite-uuringud\/kasvajaantigeen-ca-15-3-sp-ca-15-3\/\">Kasvajaantigeen CA 15-3<\/a><\/p>\n\n\n\n<p><a href=\"https:\/\/www.kliinikum.ee\/yhendlabor\/kasiraamat\/kasvajamarkerite-uuringud\/kasvajaantigeen-ca-19-9-sp-ca-19-9\/\">Kasvajaantigeen CA 19-9<\/a><\/p>\n\n\n\n<p><a href=\"https:\/\/www.kliinikum.ee\/yhendlabor\/kasiraamat\/kasvajamarkerite-uuringud\/kasvajaantigeen-ca-72-4-sp-ca-72-4\/\">Kasvajaantigeen CA 72-4<\/a><\/p>\n\n\n\n<p><a href=\"https:\/\/www.kliinikum.ee\/yhendlabor\/kasiraamat\/kasvajamarkerite-uuringud\/kasvajaantigeen-he4-sp-he4\/\">Kasvajaantigeen HE4<\/a><\/p>\n\n\n\n<p><a href=\"https:\/\/www.kliinikum.ee\/yhendlabor\/kasiraamat\/kasvajamarkerite-uuringud\/kasvajaantigeen-s-100-s-s-100\/\">Kasvajaantigeen S-100<\/a><\/p>\n\n\n\n<p><a href=\"https:\/\/www.kliinikum.ee\/yhendlabor\/kasiraamat\/kasvajamarkerite-uuringud\/kras-geeni-mutatsioonid-nras-braf-geenide-mutatsioonid\/\">KRAS, NRAS ja BRAF geenide mutatsioonid<\/a><\/p>\n\n\n\n<p><a href=\"https:\/\/www.kliinikum.ee\/yhendlabor\/kasiraamat\/kasvajamarkerite-uuringud\/mikrosatelliitide-ebastabiilsus-rt-pcr\/\">Mikrosatelliitide ebastabiilsus<\/a><\/p>\n\n\n\n<p><a href=\"https:\/\/www.kliinikum.ee\/yhendlabor\/kasiraamat\/kasvajamarkerite-uuringud\/neuronspetsiifiline-enolaas-s-nse\/\">Neuronspetsiifiline enolaas<\/a><\/p>\n\n\n\n<p><a href=\"https:\/\/www.kliinikum.ee\/yhendlabor\/kasiraamat\/kasvajamarkerite-uuringud\/prostataspetsiifiline-antigeen-sp-psa\/\">Prostataspetsiifiline antigeen<\/a><\/p>\n\n\n\n<p><a href=\"https:\/\/www.kliinikum.ee\/yhendlabor\/kasiraamat\/kasvajamarkerite-uuringud\/parilikud-kasvajad-geenipaneeli-sekveneerimine-113-geeni-ngs\/\">P\u00e4rilikud kasvajad - geenipaneeli sekveneerimine<\/a><\/p>\n\n\n\n<p><a href=\"https:\/\/www.kliinikum.ee\/yhendlabor\/kasiraamat\/kasvajamarkerite-uuringud\/somaatilised-muutused-kasvajakoest-ngs-ffpe\/\">Somaatilised muutused kasvajakoest<\/a><\/p>\n\n\n\n<p><a href=\"https:\/\/www.kliinikum.ee\/yhendlabor\/kasiraamat\/kasvajamarkerite-uuringud\/tureoglobuliin-sp-tg\/\">T\u00fcreoglobuliin<\/a><\/p>\n\n\n\n<p><a href=\"https:\/\/www.kliinikum.ee\/yhendlabor\/kasiraamat\/kasvajamarkerite-uuringud\/vaba-prostataspetsiifiline-antigeen-sp-fpsa-vaba-prostataspetsiifilise-antigeeni-sp-fpsa\/\">Vaba prostataspetsiifiline antigeen<\/a><\/p>\n","protected":false},"excerpt":{"rendered":"<p>5-h\u00fcdroks\u00fcindool\u00e4\u00e4dikhape \u00f6\u00f6p\u00e4evases uriinis Alfafetoproteiin EGFR geeni mutatsioonid FISH anal\u00fc\u00fcs interfaasi kromosoomidel kasvajate histoloogilistest preparaatidest Gastriin HER2\/neu geeni amplifikatsioon koematerjalis (FISH) Kaltsitoniin Kartsinoembr\u00fconaalne antigeen Kasvajaantigeen CA 125 Kasvajaantigeen CA 15-3 Kasvajaantigeen CA 19-9 Kasvajaantigeen CA 72-4 Kasvajaantigeen HE4 Kasvajaantigeen S-100 KRAS, NRAS ja BRAF geenide mutatsioonid Mikrosatelliitide ebastabiilsus Neuronspetsiifiline enolaas Prostataspetsiifiline antigeen P\u00e4rilikud kasvajad - geenipaneeli [&hellip;]<\/p>\n","protected":false},"author":26,"featured_media":0,"parent":5853,"menu_order":13,"comment_status":"closed","ping_status":"closed","template":"","meta":{"_uag_custom_page_level_css":"","footnotes":""},"class_list":["post-7280","page","type-page","status-publish","hentry"],"acf":[],"yoast_head":"<!-- This site is optimized with the Yoast SEO plugin v27.3 - https:\/\/yoast.com\/product\/yoast-seo-wordpress\/ -->\n<title>Kasvajamarkerite uuringud - \u00dchendlabor<\/title>\n<meta name=\"robots\" content=\"index, follow, max-snippet:-1, max-image-preview:large, max-video-preview:-1\" \/>\n<link rel=\"canonical\" href=\"https:\/\/www.kliinikum.ee\/yhendlabor\/kasiraamat\/kasvajamarkerite-uuringud\/\" \/>\n<meta property=\"og:locale\" content=\"et_EE\" \/>\n<meta property=\"og:type\" content=\"article\" \/>\n<meta property=\"og:title\" content=\"Kasvajamarkerite uuringud - \u00dchendlabor\" \/>\n<meta property=\"og:description\" content=\"5-h\u00fcdroks\u00fcindool\u00e4\u00e4dikhape \u00f6\u00f6p\u00e4evases uriinis Alfafetoproteiin EGFR geeni mutatsioonid FISH anal\u00fc\u00fcs interfaasi kromosoomidel kasvajate histoloogilistest preparaatidest Gastriin HER2\/neu geeni amplifikatsioon koematerjalis (FISH) Kaltsitoniin Kartsinoembr\u00fconaalne antigeen Kasvajaantigeen CA 125 Kasvajaantigeen CA 15-3 Kasvajaantigeen CA 19-9 Kasvajaantigeen CA 72-4 Kasvajaantigeen HE4 Kasvajaantigeen S-100 KRAS, NRAS ja BRAF geenide mutatsioonid Mikrosatelliitide ebastabiilsus Neuronspetsiifiline enolaas Prostataspetsiifiline antigeen P\u00e4rilikud kasvajad - geenipaneeli [&hellip;]\" \/>\n<meta property=\"og:url\" content=\"https:\/\/www.kliinikum.ee\/yhendlabor\/kasiraamat\/kasvajamarkerite-uuringud\/\" \/>\n<meta property=\"og:site_name\" content=\"\u00dchendlabor\" \/>\n<meta property=\"article:modified_time\" content=\"2025-11-26T19:58:20+00:00\" \/>\n<meta name=\"twitter:card\" content=\"summary_large_image\" \/>\n<meta name=\"twitter:label1\" content=\"Est. reading time\" \/>\n\t<meta name=\"twitter:data1\" content=\"1 minut\" \/>\n<script type=\"application\/ld+json\" class=\"yoast-schema-graph\">{\"@context\":\"https:\\\/\\\/schema.org\",\"@graph\":[{\"@type\":\"WebPage\",\"@id\":\"https:\\\/\\\/www.kliinikum.ee\\\/yhendlabor\\\/kasiraamat\\\/kasvajamarkerite-uuringud\\\/\",\"url\":\"https:\\\/\\\/www.kliinikum.ee\\\/yhendlabor\\\/kasiraamat\\\/kasvajamarkerite-uuringud\\\/\",\"name\":\"Kasvajamarkerite uuringud - \u00dchendlabor\",\"isPartOf\":{\"@id\":\"https:\\\/\\\/www.kliinikum.ee\\\/yhendlabor\\\/#website\"},\"datePublished\":\"2023-08-18T10:05:24+00:00\",\"dateModified\":\"2025-11-26T19:58:20+00:00\",\"breadcrumb\":{\"@id\":\"https:\\\/\\\/www.kliinikum.ee\\\/yhendlabor\\\/kasiraamat\\\/kasvajamarkerite-uuringud\\\/#breadcrumb\"},\"inLanguage\":\"et\",\"potentialAction\":[{\"@type\":\"ReadAction\",\"target\":[\"https:\\\/\\\/www.kliinikum.ee\\\/yhendlabor\\\/kasiraamat\\\/kasvajamarkerite-uuringud\\\/\"]}]},{\"@type\":\"BreadcrumbList\",\"@id\":\"https:\\\/\\\/www.kliinikum.ee\\\/yhendlabor\\\/kasiraamat\\\/kasvajamarkerite-uuringud\\\/#breadcrumb\",\"itemListElement\":[{\"@type\":\"ListItem\",\"position\":1,\"name\":\"Home\",\"item\":\"https:\\\/\\\/www.kliinikum.ee\\\/yhendlabor\\\/\"},{\"@type\":\"ListItem\",\"position\":2,\"name\":\"K\u00e4siraamat\",\"item\":\"https:\\\/\\\/www.kliinikum.ee\\\/yhendlabor\\\/kasiraamat\\\/\"},{\"@type\":\"ListItem\",\"position\":3,\"name\":\"Kasvajamarkerite uuringud\"}]},{\"@type\":\"WebSite\",\"@id\":\"https:\\\/\\\/www.kliinikum.ee\\\/yhendlabor\\\/#website\",\"url\":\"https:\\\/\\\/www.kliinikum.ee\\\/yhendlabor\\\/\",\"name\":\"\u00dchendlabor\",\"description\":\"Hoolivus, Uuendusmeelsus, P\u00e4devus ja Usaldusv\u00e4\u00e4rsus\",\"potentialAction\":[{\"@type\":\"SearchAction\",\"target\":{\"@type\":\"EntryPoint\",\"urlTemplate\":\"https:\\\/\\\/www.kliinikum.ee\\\/yhendlabor\\\/?s={search_term_string}\"},\"query-input\":{\"@type\":\"PropertyValueSpecification\",\"valueRequired\":true,\"valueName\":\"search_term_string\"}}],\"inLanguage\":\"et\"}]}<\/script>\n<!-- \/ Yoast SEO plugin. -->","yoast_head_json":{"title":"Kasvajamarkerite uuringud - \u00dchendlabor","robots":{"index":"index","follow":"follow","max-snippet":"max-snippet:-1","max-image-preview":"max-image-preview:large","max-video-preview":"max-video-preview:-1"},"canonical":"https:\/\/www.kliinikum.ee\/yhendlabor\/kasiraamat\/kasvajamarkerite-uuringud\/","og_locale":"et_EE","og_type":"article","og_title":"Kasvajamarkerite uuringud - \u00dchendlabor","og_description":"5-h\u00fcdroks\u00fcindool\u00e4\u00e4dikhape \u00f6\u00f6p\u00e4evases uriinis Alfafetoproteiin EGFR geeni mutatsioonid FISH anal\u00fc\u00fcs interfaasi kromosoomidel kasvajate histoloogilistest preparaatidest Gastriin HER2\/neu geeni amplifikatsioon koematerjalis (FISH) Kaltsitoniin Kartsinoembr\u00fconaalne antigeen Kasvajaantigeen CA 125 Kasvajaantigeen CA 15-3 Kasvajaantigeen CA 19-9 Kasvajaantigeen CA 72-4 Kasvajaantigeen HE4 Kasvajaantigeen S-100 KRAS, NRAS ja BRAF geenide mutatsioonid Mikrosatelliitide ebastabiilsus Neuronspetsiifiline enolaas Prostataspetsiifiline antigeen P\u00e4rilikud kasvajad - geenipaneeli [&hellip;]","og_url":"https:\/\/www.kliinikum.ee\/yhendlabor\/kasiraamat\/kasvajamarkerite-uuringud\/","og_site_name":"\u00dchendlabor","article_modified_time":"2025-11-26T19:58:20+00:00","twitter_card":"summary_large_image","twitter_misc":{"Est. reading time":"1 minut"},"schema":{"@context":"https:\/\/schema.org","@graph":[{"@type":"WebPage","@id":"https:\/\/www.kliinikum.ee\/yhendlabor\/kasiraamat\/kasvajamarkerite-uuringud\/","url":"https:\/\/www.kliinikum.ee\/yhendlabor\/kasiraamat\/kasvajamarkerite-uuringud\/","name":"Kasvajamarkerite uuringud - \u00dchendlabor","isPartOf":{"@id":"https:\/\/www.kliinikum.ee\/yhendlabor\/#website"},"datePublished":"2023-08-18T10:05:24+00:00","dateModified":"2025-11-26T19:58:20+00:00","breadcrumb":{"@id":"https:\/\/www.kliinikum.ee\/yhendlabor\/kasiraamat\/kasvajamarkerite-uuringud\/#breadcrumb"},"inLanguage":"et","potentialAction":[{"@type":"ReadAction","target":["https:\/\/www.kliinikum.ee\/yhendlabor\/kasiraamat\/kasvajamarkerite-uuringud\/"]}]},{"@type":"BreadcrumbList","@id":"https:\/\/www.kliinikum.ee\/yhendlabor\/kasiraamat\/kasvajamarkerite-uuringud\/#breadcrumb","itemListElement":[{"@type":"ListItem","position":1,"name":"Home","item":"https:\/\/www.kliinikum.ee\/yhendlabor\/"},{"@type":"ListItem","position":2,"name":"K\u00e4siraamat","item":"https:\/\/www.kliinikum.ee\/yhendlabor\/kasiraamat\/"},{"@type":"ListItem","position":3,"name":"Kasvajamarkerite uuringud"}]},{"@type":"WebSite","@id":"https:\/\/www.kliinikum.ee\/yhendlabor\/#website","url":"https:\/\/www.kliinikum.ee\/yhendlabor\/","name":"\u00dchendlabor","description":"Hoolivus, Uuendusmeelsus, P\u00e4devus ja Usaldusv\u00e4\u00e4rsus","potentialAction":[{"@type":"SearchAction","target":{"@type":"EntryPoint","urlTemplate":"https:\/\/www.kliinikum.ee\/yhendlabor\/?s={search_term_string}"},"query-input":{"@type":"PropertyValueSpecification","valueRequired":true,"valueName":"search_term_string"}}],"inLanguage":"et"}]}},"uagb_featured_image_src":{"full":false,"thumbnail":false,"medium":false,"medium_large":false,"large":false,"1536x1536":false,"2048x2048":false},"uagb_author_info":{"display_name":"Tarmo Sulg","author_link":"https:\/\/www.kliinikum.ee\/yhendlabor\/author\/tarmos\/"},"uagb_comment_info":0,"uagb_excerpt":"5-h\u00fcdroks\u00fcindool\u00e4\u00e4dikhape \u00f6\u00f6p\u00e4evases uriinis Alfafetoproteiin EGFR geeni mutatsioonid FISH anal\u00fc\u00fcs interfaasi kromosoomidel kasvajate histoloogilistest preparaatidest Gastriin HER2\/neu geeni amplifikatsioon koematerjalis (FISH) Kaltsitoniin Kartsinoembr\u00fconaalne antigeen Kasvajaantigeen CA 125 Kasvajaantigeen CA 15-3 Kasvajaantigeen CA 19-9 Kasvajaantigeen CA 72-4 Kasvajaantigeen HE4 Kasvajaantigeen S-100 KRAS, NRAS ja BRAF geenide mutatsioonid Mikrosatelliitide ebastabiilsus Neuronspetsiifiline enolaas Prostataspetsiifiline antigeen P\u00e4rilikud kasvajad - geenipaneeli&hellip;","_links":{"self":[{"href":"https:\/\/www.kliinikum.ee\/yhendlabor\/wp-json\/wp\/v2\/pages\/7280","targetHints":{"allow":["GET"]}}],"collection":[{"href":"https:\/\/www.kliinikum.ee\/yhendlabor\/wp-json\/wp\/v2\/pages"}],"about":[{"href":"https:\/\/www.kliinikum.ee\/yhendlabor\/wp-json\/wp\/v2\/types\/page"}],"author":[{"embeddable":true,"href":"https:\/\/www.kliinikum.ee\/yhendlabor\/wp-json\/wp\/v2\/users\/26"}],"replies":[{"embeddable":true,"href":"https:\/\/www.kliinikum.ee\/yhendlabor\/wp-json\/wp\/v2\/comments?post=7280"}],"version-history":[{"count":0,"href":"https:\/\/www.kliinikum.ee\/yhendlabor\/wp-json\/wp\/v2\/pages\/7280\/revisions"}],"up":[{"embeddable":true,"href":"https:\/\/www.kliinikum.ee\/yhendlabor\/wp-json\/wp\/v2\/pages\/5853"}],"wp:attachment":[{"href":"https:\/\/www.kliinikum.ee\/yhendlabor\/wp-json\/wp\/v2\/media?parent=7280"}],"curies":[{"name":"wp","href":"https:\/\/api.w.org\/{rel}","templated":true}]}}