{"id":7292,"date":"2023-08-18T12:08:00","date_gmt":"2023-08-18T10:08:00","guid":{"rendered":"https:\/\/www.kliinikum.ee\/yhendlabor\/?page_id=7292"},"modified":"2025-12-10T00:35:47","modified_gmt":"2025-12-09T22:35:47","slug":"mikrobioloogilised-uuringud","status":"publish","type":"page","link":"https:\/\/www.kliinikum.ee\/yhendlabor\/kasiraamat\/mikrobioloogilised-uuringud\/","title":{"rendered":"Mikrobioloogilised uuringud"},"content":{"rendered":"\n<p><a href=\"https:\/\/www.kliinikum.ee\/yhendlabor\/kasiraamat\/mikrobioloogilised-uuringud\/acanthamoeba-spp-mikroskoopia-silmamaterjalist-eye-acanthamoeba-m\/\"><em>Acanthamoeba spp.<\/em> uuringud<\/a><\/p>\n\n\n\n<p><a href=\"https:\/\/www.kliinikum.ee\/yhendlabor\/kasiraamat\/mikrobioloogilised-uuringud\/anaeroobne-kulv-haavaeritis-punktaadid-hambajuurekanali-materjal-koetukid\/\">Anaeroobne k\u00fclv<\/a><\/p>\n\n\n\n<p><a href=\"https:\/\/www.kliinikum.ee\/yhendlabor\/kasiraamat\/mikrobioloogilised-uuringud\/autoklaavi-steriliseerimisvoime-kontroll\/\">Autoklaavi steriliseerimisv\u00f5ime kontroll<\/a><\/p>\n\n\n\n<p><a href=\"https:\/\/www.kliinikum.ee\/yhendlabor\/kasiraamat\/mikrobioloogilised-uuringud\/bronhiaspiraadi-bronhoalveolaarloputuse-vedeliku-mikrobioloogiline-uuring\/\">Bronhiaspiraadi\/bronhoalveolaarloputuse vedeliku mikrobioloogiline uuring<\/a><\/p>\n\n\n\n<p><a href=\"https:\/\/www.kliinikum.ee\/yhendlabor\/kasiraamat\/mikrobioloogilised-uuringud\/candida-spp-ja-teiste-parmseente-kulv\/\"><em>Candida spp. <\/em>ja teiste p\u00e4rmseente k\u00fclv<\/a><\/p>\n\n\n\n<p><a href=\"https:\/\/www.kliinikum.ee\/yhendlabor\/kasiraamat\/mikrobioloogilised-uuringud\/emakakaelakanali-tupe-ja-ureetrakaape-mikroskoopia\/\">Emakakaelakanali-, tupe- ja ureetrakaape mikroskoopia<\/a><\/p>\n\n\n\n<p><a href=\"https:\/\/www.kliinikum.ee\/yhendlabor\/kasiraamat\/mikrobioloogilised-uuringud\/emakakaelakanalikaape-aeroobne-kulv\/\">Emakakaelakanalikaape aeroobne k\u00fclv<\/a><\/p>\n\n\n\n<p><a href=\"https:\/\/www.kliinikum.ee\/yhendlabor\/kasiraamat\/mikrobioloogilised-uuringud\/endoproteesi-infektsiooni-mikrobioloogiline-diagnostika\/\">Endoproteesi infektsiooni mikrobioloogiline uuring<\/a><\/p>\n\n\n\n<p><a href=\"https:\/\/www.kliinikum.ee\/yhendlabor\/kasiraamat\/mikrobioloogilised-uuringud\/enterobius-vermicularise-munade-mikroskoopia-anaalkaapest-an-e-vermicularis-m\/\"><em>Enterobius vermicualris<\/em>'e munade mikroskoopia anaalkaapest<\/a><\/p>\n\n\n\n<p><a href=\"https:\/\/www.kliinikum.ee\/yhendlabor\/kasiraamat\/mikrobioloogilised-uuringud\/gaas-sterilisatsiooni-kontroll\/\">Gaas-sterilisatsiooni kontroll<\/a><\/p>\n\n\n\n<p><a href=\"https:\/\/www.kliinikum.ee\/yhendlabor\/kasiraamat\/mikrobioloogilised-uuringud\/haavaeritise-mikrobioloogiline-uuring\/\">Haavaeritise mikrobioloogiline uuring<\/a><\/p>\n\n\n\n<p><a href=\"https:\/\/www.kliinikum.ee\/yhendlabor\/kasiraamat\/mikrobioloogilised-uuringud\/koetukkide-mikrobioloogiline-uuring\/\">Koet\u00fckkide mikrobioloogiline uuring<\/a><\/p>\n\n\n\n<p><a href=\"https:\/\/www.kliinikum.ee\/yhendlabor\/kasiraamat\/mikrobioloogilised-uuringud\/kurgukaape-mikrobioloogiline-uuring\/\">Kurgukaape mikrobioloogiline uuring<\/a><\/p>\n\n\n\n<p><a href=\"https:\/\/www.kliinikum.ee\/yhendlabor\/kasiraamat\/mikrobioloogilised-uuringud\/korvaeritise-mikrobioloogiline-uuring\/\">K\u00f5rvaeritise mikrobioloogiline uuring<\/a><\/p>\n\n\n\n<p><a href=\"https:\/\/www.kliinikum.ee\/yhendlabor\/kasiraamat\/mikrobioloogilised-uuringud\/malaariaplasmoodium-veres-ribaanaluus-b-plasmodium-strip\/\">Malaariaplasmoodium veres (ribaanal\u00fc\u00fcs)<\/a><\/p>\n\n\n\n<p><a href=\"https:\/\/www.kliinikum.ee\/yhendlabor\/kasiraamat\/mikrobioloogilised-uuringud\/metitsilliinresistentse-staphylococcus-aureuse-mrsa-kandluse-uuring\/\">Metitsilliinresistentse <em>Staphylococcus aureus<\/em>'e kandluse uuring<\/a><\/p>\n\n\n\n<p><a href=\"https:\/\/www.kliinikum.ee\/yhendlabor\/kasiraamat\/mikrobioloogilised-uuringud\/mukobakter-infektsioonide-s-h-tuberkuloosi-uuringud\/\">M\u00fckobakter-infektsioonide, s.h tuberkuloosi uuringud<\/a><\/p>\n\n\n\n<p><a href=\"https:\/\/www.kliinikum.ee\/yhendlabor\/kasiraamat\/mikrobioloogilised-uuringud\/ninakaape-mikrobioloogiline-uuring\/\">Ninakaape mikrobioloogiline uuring<\/a><\/p>\n\n\n\n<p><a href=\"https:\/\/www.kliinikum.ee\/yhendlabor\/kasiraamat\/mikrobioloogilised-uuringud\/parasiitide-mikroskoopia-roojast-st-parasites-m\/\">Parasiitide mikroskoopia roojast<\/a><\/p>\n\n\n\n<p><a href=\"https:\/\/www.kliinikum.ee\/yhendlabor\/kasiraamat\/mikrobioloogilised-uuringud\/punktsioonimaterjali-abstsessimaterjal-siinusepunktaat-liigesevedelik-pleuravedelik-kohuoonevedelik-perikardivedelik-sapp-jm-mikrobioloogiline-uuring\/\">Punktsioonimaterjali mikrobioloogiline uuring<\/a><\/p>\n\n\n\n<p><a href=\"https:\/\/www.kliinikum.ee\/yhendlabor\/kasiraamat\/mikrobioloogilised-uuringud\/ravikeskkonna-mikrobioloogiline-uuring\/\">Ravikeskkonna mikrobioloogiline uuring<\/a><\/p>\n\n\n\n<p><a href=\"https:\/\/www.kliinikum.ee\/yhendlabor\/kasiraamat\/mikrobioloogilised-uuringud\/rinnapiima-mikrobioloogiline-uuring\/\">Rinnapiima mikrobioloogiline uuring<\/a><\/p>\n\n\n\n<p><a href=\"https:\/\/www.kliinikum.ee\/yhendlabor\/kasiraamat\/mikrobioloogilised-uuringud\/roga-mikrobioloogiline-uuring\/\">R\u00f6ga mikrobioloogiline uuring<\/a><\/p>\n\n\n\n<p><a href=\"https:\/\/www.kliinikum.ee\/yhendlabor\/kasiraamat\/mikrobioloogilised-uuringud\/salmonella-spp-shigella-spp-ja-campylobacter-spp-kandluse-uuring\/\"><em>Salmonella spp., Shigella spp. ja Campylobacter spp. <\/em>kandluse uuring<\/a><\/p>\n\n\n\n<p><a href=\"https:\/\/www.kliinikum.ee\/yhendlabor\/kasiraamat\/mikrobioloogilised-uuringud\/silmamaterjali-mikrobioloogiline-uuring\/\">Silmamaterjali mikrobioloogiline uuring<\/a><\/p>\n\n\n\n<p><a href=\"https:\/\/www.kliinikum.ee\/yhendlabor\/kasiraamat\/mikrobioloogilised-uuringud\/sperma-mikrobioloogiline-uuring\/\">Sperma mikrobioloogiline uuring<\/a><\/p>\n\n\n\n<p><a href=\"https:\/\/www.kliinikum.ee\/yhendlabor\/kasiraamat\/mikrobioloogilised-uuringud\/trahheaaspiraadi-sondi-mikrobioloogiline-uuring\/\">Trahheaaspiraadi mikrobioloogiline uuring<\/a><a href=\"\/yhendlabor\/raamat\/UY\/Ureaplasma_parvum_DNA_Ureaplasma_urealyticum_DNA_ii.pdf\" target=\"_blank\" rel=\"noreferrer noopener\"><\/a><\/p>\n\n\n\n<p><a href=\"https:\/\/www.kliinikum.ee\/yhendlabor\/kasiraamat\/mikrobioloogilised-uuringud\/uriini-mikrobioloogiline-uuring\/\">Uriini mikrobioloogiline uuring<\/a><\/p>\n\n\n\n<p><a href=\"https:\/\/www.kliinikum.ee\/yhendlabor\/kasiraamat\/mikrobioloogilised-uuringud\/vankomutsiinresistentse-enterokoki-vre-kandluse-uuring-roojast\/\">Vankom\u00fctsiinresistentse enterokoki kandluse uuring<\/a><\/p>\n\n\n\n<p><a href=\"https:\/\/www.kliinikum.ee\/yhendlabor\/kasiraamat\/mikrobioloogilised-uuringud\/vere-mikrobioloogiline-uuring\/\">Vere mikrobioloogiline uuring<\/a><\/p>\n\n\n\n<p><a href=\"https:\/\/www.kliinikum.ee\/yhendlabor\/kasiraamat\/mikrobioloogilised-uuringud\/veresoonekateetri-mikrobioloogiline-uuring\/\">Veresoonekateetri mikrobioloogiline uuring<\/a><\/p>\n\n\n\n<p><\/p>\n","protected":false},"excerpt":{"rendered":"<p>Acanthamoeba spp. uuringud Anaeroobne k\u00fclv Autoklaavi steriliseerimisv\u00f5ime kontroll Bronhiaspiraadi\/bronhoalveolaarloputuse vedeliku mikrobioloogiline uuring Candida spp. ja teiste p\u00e4rmseente k\u00fclv Emakakaelakanali-, tupe- ja ureetrakaape mikroskoopia Emakakaelakanalikaape aeroobne k\u00fclv Endoproteesi infektsiooni mikrobioloogiline uuring Enterobius vermicualris'e munade mikroskoopia anaalkaapest Gaas-sterilisatsiooni kontroll Haavaeritise mikrobioloogiline uuring Koet\u00fckkide mikrobioloogiline uuring Kurgukaape mikrobioloogiline uuring K\u00f5rvaeritise mikrobioloogiline uuring Malaariaplasmoodium veres (ribaanal\u00fc\u00fcs) Metitsilliinresistentse Staphylococcus aureus'e [&hellip;]<\/p>\n","protected":false},"author":26,"featured_media":0,"parent":5853,"menu_order":17,"comment_status":"closed","ping_status":"closed","template":"","meta":{"_uag_custom_page_level_css":"","footnotes":""},"class_list":["post-7292","page","type-page","status-publish","hentry"],"acf":[],"yoast_head":"<!-- This site is optimized with the Yoast SEO plugin v27.3 - https:\/\/yoast.com\/product\/yoast-seo-wordpress\/ -->\n<title>Mikrobioloogilised uuringud - \u00dchendlabor<\/title>\n<meta name=\"robots\" content=\"index, follow, max-snippet:-1, max-image-preview:large, max-video-preview:-1\" \/>\n<link rel=\"canonical\" href=\"https:\/\/www.kliinikum.ee\/yhendlabor\/kasiraamat\/mikrobioloogilised-uuringud\/\" \/>\n<meta property=\"og:locale\" content=\"et_EE\" \/>\n<meta property=\"og:type\" content=\"article\" \/>\n<meta property=\"og:title\" content=\"Mikrobioloogilised uuringud - \u00dchendlabor\" \/>\n<meta property=\"og:description\" content=\"Acanthamoeba spp. uuringud Anaeroobne k\u00fclv Autoklaavi steriliseerimisv\u00f5ime kontroll Bronhiaspiraadi\/bronhoalveolaarloputuse vedeliku mikrobioloogiline uuring Candida spp. ja teiste p\u00e4rmseente k\u00fclv Emakakaelakanali-, tupe- ja ureetrakaape mikroskoopia Emakakaelakanalikaape aeroobne k\u00fclv Endoproteesi infektsiooni mikrobioloogiline uuring Enterobius vermicualris&#039;e munade mikroskoopia anaalkaapest Gaas-sterilisatsiooni kontroll Haavaeritise mikrobioloogiline uuring Koet\u00fckkide mikrobioloogiline uuring Kurgukaape mikrobioloogiline uuring K\u00f5rvaeritise mikrobioloogiline uuring Malaariaplasmoodium veres (ribaanal\u00fc\u00fcs) Metitsilliinresistentse Staphylococcus aureus&#039;e [&hellip;]\" \/>\n<meta property=\"og:url\" content=\"https:\/\/www.kliinikum.ee\/yhendlabor\/kasiraamat\/mikrobioloogilised-uuringud\/\" \/>\n<meta property=\"og:site_name\" content=\"\u00dchendlabor\" \/>\n<meta property=\"article:modified_time\" content=\"2025-12-09T22:35:47+00:00\" \/>\n<meta name=\"twitter:card\" content=\"summary_large_image\" \/>\n<meta name=\"twitter:label1\" content=\"Est. reading time\" \/>\n\t<meta name=\"twitter:data1\" content=\"1 minut\" \/>\n<script type=\"application\/ld+json\" class=\"yoast-schema-graph\">{\"@context\":\"https:\\\/\\\/schema.org\",\"@graph\":[{\"@type\":\"WebPage\",\"@id\":\"https:\\\/\\\/www.kliinikum.ee\\\/yhendlabor\\\/kasiraamat\\\/mikrobioloogilised-uuringud\\\/\",\"url\":\"https:\\\/\\\/www.kliinikum.ee\\\/yhendlabor\\\/kasiraamat\\\/mikrobioloogilised-uuringud\\\/\",\"name\":\"Mikrobioloogilised uuringud - \u00dchendlabor\",\"isPartOf\":{\"@id\":\"https:\\\/\\\/www.kliinikum.ee\\\/yhendlabor\\\/#website\"},\"datePublished\":\"2023-08-18T10:08:00+00:00\",\"dateModified\":\"2025-12-09T22:35:47+00:00\",\"breadcrumb\":{\"@id\":\"https:\\\/\\\/www.kliinikum.ee\\\/yhendlabor\\\/kasiraamat\\\/mikrobioloogilised-uuringud\\\/#breadcrumb\"},\"inLanguage\":\"et\",\"potentialAction\":[{\"@type\":\"ReadAction\",\"target\":[\"https:\\\/\\\/www.kliinikum.ee\\\/yhendlabor\\\/kasiraamat\\\/mikrobioloogilised-uuringud\\\/\"]}]},{\"@type\":\"BreadcrumbList\",\"@id\":\"https:\\\/\\\/www.kliinikum.ee\\\/yhendlabor\\\/kasiraamat\\\/mikrobioloogilised-uuringud\\\/#breadcrumb\",\"itemListElement\":[{\"@type\":\"ListItem\",\"position\":1,\"name\":\"Home\",\"item\":\"https:\\\/\\\/www.kliinikum.ee\\\/yhendlabor\\\/\"},{\"@type\":\"ListItem\",\"position\":2,\"name\":\"K\u00e4siraamat\",\"item\":\"https:\\\/\\\/www.kliinikum.ee\\\/yhendlabor\\\/kasiraamat\\\/\"},{\"@type\":\"ListItem\",\"position\":3,\"name\":\"Mikrobioloogilised uuringud\"}]},{\"@type\":\"WebSite\",\"@id\":\"https:\\\/\\\/www.kliinikum.ee\\\/yhendlabor\\\/#website\",\"url\":\"https:\\\/\\\/www.kliinikum.ee\\\/yhendlabor\\\/\",\"name\":\"\u00dchendlabor\",\"description\":\"Hoolivus, Uuendusmeelsus, P\u00e4devus ja Usaldusv\u00e4\u00e4rsus\",\"potentialAction\":[{\"@type\":\"SearchAction\",\"target\":{\"@type\":\"EntryPoint\",\"urlTemplate\":\"https:\\\/\\\/www.kliinikum.ee\\\/yhendlabor\\\/?s={search_term_string}\"},\"query-input\":{\"@type\":\"PropertyValueSpecification\",\"valueRequired\":true,\"valueName\":\"search_term_string\"}}],\"inLanguage\":\"et\"}]}<\/script>\n<!-- \/ Yoast SEO plugin. -->","yoast_head_json":{"title":"Mikrobioloogilised uuringud - \u00dchendlabor","robots":{"index":"index","follow":"follow","max-snippet":"max-snippet:-1","max-image-preview":"max-image-preview:large","max-video-preview":"max-video-preview:-1"},"canonical":"https:\/\/www.kliinikum.ee\/yhendlabor\/kasiraamat\/mikrobioloogilised-uuringud\/","og_locale":"et_EE","og_type":"article","og_title":"Mikrobioloogilised uuringud - \u00dchendlabor","og_description":"Acanthamoeba spp. uuringud Anaeroobne k\u00fclv Autoklaavi steriliseerimisv\u00f5ime kontroll Bronhiaspiraadi\/bronhoalveolaarloputuse vedeliku mikrobioloogiline uuring Candida spp. ja teiste p\u00e4rmseente k\u00fclv Emakakaelakanali-, tupe- ja ureetrakaape mikroskoopia Emakakaelakanalikaape aeroobne k\u00fclv Endoproteesi infektsiooni mikrobioloogiline uuring Enterobius vermicualris'e munade mikroskoopia anaalkaapest Gaas-sterilisatsiooni kontroll Haavaeritise mikrobioloogiline uuring Koet\u00fckkide mikrobioloogiline uuring Kurgukaape mikrobioloogiline uuring K\u00f5rvaeritise mikrobioloogiline uuring Malaariaplasmoodium veres (ribaanal\u00fc\u00fcs) Metitsilliinresistentse Staphylococcus aureus'e [&hellip;]","og_url":"https:\/\/www.kliinikum.ee\/yhendlabor\/kasiraamat\/mikrobioloogilised-uuringud\/","og_site_name":"\u00dchendlabor","article_modified_time":"2025-12-09T22:35:47+00:00","twitter_card":"summary_large_image","twitter_misc":{"Est. reading time":"1 minut"},"schema":{"@context":"https:\/\/schema.org","@graph":[{"@type":"WebPage","@id":"https:\/\/www.kliinikum.ee\/yhendlabor\/kasiraamat\/mikrobioloogilised-uuringud\/","url":"https:\/\/www.kliinikum.ee\/yhendlabor\/kasiraamat\/mikrobioloogilised-uuringud\/","name":"Mikrobioloogilised uuringud - \u00dchendlabor","isPartOf":{"@id":"https:\/\/www.kliinikum.ee\/yhendlabor\/#website"},"datePublished":"2023-08-18T10:08:00+00:00","dateModified":"2025-12-09T22:35:47+00:00","breadcrumb":{"@id":"https:\/\/www.kliinikum.ee\/yhendlabor\/kasiraamat\/mikrobioloogilised-uuringud\/#breadcrumb"},"inLanguage":"et","potentialAction":[{"@type":"ReadAction","target":["https:\/\/www.kliinikum.ee\/yhendlabor\/kasiraamat\/mikrobioloogilised-uuringud\/"]}]},{"@type":"BreadcrumbList","@id":"https:\/\/www.kliinikum.ee\/yhendlabor\/kasiraamat\/mikrobioloogilised-uuringud\/#breadcrumb","itemListElement":[{"@type":"ListItem","position":1,"name":"Home","item":"https:\/\/www.kliinikum.ee\/yhendlabor\/"},{"@type":"ListItem","position":2,"name":"K\u00e4siraamat","item":"https:\/\/www.kliinikum.ee\/yhendlabor\/kasiraamat\/"},{"@type":"ListItem","position":3,"name":"Mikrobioloogilised uuringud"}]},{"@type":"WebSite","@id":"https:\/\/www.kliinikum.ee\/yhendlabor\/#website","url":"https:\/\/www.kliinikum.ee\/yhendlabor\/","name":"\u00dchendlabor","description":"Hoolivus, Uuendusmeelsus, P\u00e4devus ja Usaldusv\u00e4\u00e4rsus","potentialAction":[{"@type":"SearchAction","target":{"@type":"EntryPoint","urlTemplate":"https:\/\/www.kliinikum.ee\/yhendlabor\/?s={search_term_string}"},"query-input":{"@type":"PropertyValueSpecification","valueRequired":true,"valueName":"search_term_string"}}],"inLanguage":"et"}]}},"uagb_featured_image_src":{"full":false,"thumbnail":false,"medium":false,"medium_large":false,"large":false,"1536x1536":false,"2048x2048":false},"uagb_author_info":{"display_name":"Tarmo Sulg","author_link":"https:\/\/www.kliinikum.ee\/yhendlabor\/author\/tarmos\/"},"uagb_comment_info":0,"uagb_excerpt":"Acanthamoeba spp. uuringud Anaeroobne k\u00fclv Autoklaavi steriliseerimisv\u00f5ime kontroll Bronhiaspiraadi\/bronhoalveolaarloputuse vedeliku mikrobioloogiline uuring Candida spp. ja teiste p\u00e4rmseente k\u00fclv Emakakaelakanali-, tupe- ja ureetrakaape mikroskoopia Emakakaelakanalikaape aeroobne k\u00fclv Endoproteesi infektsiooni mikrobioloogiline uuring Enterobius vermicualris'e munade mikroskoopia anaalkaapest Gaas-sterilisatsiooni kontroll Haavaeritise mikrobioloogiline uuring Koet\u00fckkide mikrobioloogiline uuring Kurgukaape mikrobioloogiline uuring K\u00f5rvaeritise mikrobioloogiline uuring Malaariaplasmoodium veres (ribaanal\u00fc\u00fcs) Metitsilliinresistentse Staphylococcus aureus'e&hellip;","_links":{"self":[{"href":"https:\/\/www.kliinikum.ee\/yhendlabor\/wp-json\/wp\/v2\/pages\/7292","targetHints":{"allow":["GET"]}}],"collection":[{"href":"https:\/\/www.kliinikum.ee\/yhendlabor\/wp-json\/wp\/v2\/pages"}],"about":[{"href":"https:\/\/www.kliinikum.ee\/yhendlabor\/wp-json\/wp\/v2\/types\/page"}],"author":[{"embeddable":true,"href":"https:\/\/www.kliinikum.ee\/yhendlabor\/wp-json\/wp\/v2\/users\/26"}],"replies":[{"embeddable":true,"href":"https:\/\/www.kliinikum.ee\/yhendlabor\/wp-json\/wp\/v2\/comments?post=7292"}],"version-history":[{"count":0,"href":"https:\/\/www.kliinikum.ee\/yhendlabor\/wp-json\/wp\/v2\/pages\/7292\/revisions"}],"up":[{"embeddable":true,"href":"https:\/\/www.kliinikum.ee\/yhendlabor\/wp-json\/wp\/v2\/pages\/5853"}],"wp:attachment":[{"href":"https:\/\/www.kliinikum.ee\/yhendlabor\/wp-json\/wp\/v2\/media?parent=7292"}],"curies":[{"name":"wp","href":"https:\/\/api.w.org\/{rel}","templated":true}]}}