{"id":7301,"date":"2023-08-18T12:10:03","date_gmt":"2023-08-18T10:10:03","guid":{"rendered":"https:\/\/www.kliinikum.ee\/yhendlabor\/?page_id=7301"},"modified":"2025-12-11T18:13:16","modified_gmt":"2025-12-11T16:13:16","slug":"ravimiseire-uuringud","status":"publish","type":"page","link":"https:\/\/www.kliinikum.ee\/yhendlabor\/kasiraamat\/ravimiseire-uuringud\/","title":{"rendered":"Ravimiseire uuringud"},"content":{"rendered":"\n<p><a href=\"https:\/\/www.kliinikum.ee\/yhendlabor\/kasiraamat\/ravimiseire-uuringud\/adalimumab-ja-adalimumabi-vastaste-antikehade-hulk-seerumis-s-adalimumab-s-adalimumab-ab-qn\/\">Adalimumab ja adalimumabi-vastaste antikehade hulk<\/a><\/p>\n\n\n\n<p><a href=\"https:\/\/www.kliinikum.ee\/yhendlabor\/kasiraamat\/ravimiseire-uuringud\/amikatsiin-sp-amic\/\">Amikatsiin<\/a><\/p>\n\n\n\n<p><a href=\"https:\/\/www.kliinikum.ee\/yhendlabor\/kasiraamat\/ravimiseire-uuringud\/aripiprasool-ja-dehudroaripiprasool-p-aripiprasoledehydroaripiprazole\/\">Aripiprasool ja deh\u00fcdroaripiprasool<\/a><\/p>\n\n\n\n<p><a href=\"https:\/\/www.kliinikum.ee\/yhendlabor\/kasiraamat\/ravimiseire-uuringud\/bensodiasepiinid-alprasolaam-bromasepaam-diasepaam-klonasepaam\/\">Bensodiasepiinid<\/a><\/p>\n\n\n\n<p><a href=\"https:\/\/www.kliinikum.ee\/yhendlabor\/kasiraamat\/ravimiseire-uuringud\/digoksiin-sp-digox\/\">Digoksiin<\/a><\/p>\n\n\n\n<p><a href=\"https:\/\/www.kliinikum.ee\/yhendlabor\/kasiraamat\/ravimiseire-uuringud\/fenobarbitaal-sp-phenobarb\/\">Fenobarbitaal<\/a><\/p>\n\n\n\n<p><a href=\"https:\/\/www.kliinikum.ee\/yhendlabor\/kasiraamat\/ravimiseire-uuringud\/gentamutsiin-sp-genta\/\">Gentam\u00fctsiin<\/a><\/p>\n\n\n\n<p><a href=\"https:\/\/www.kliinikum.ee\/yhendlabor\/kasiraamat\/ravimiseire-uuringud\/haloperidool-p-haloperidol\/\">Haloperidool<\/a><\/p>\n\n\n\n<p><a href=\"https:\/\/www.kliinikum.ee\/yhendlabor\/kasiraamat\/ravimiseire-uuringud\/infliximab-seerumis-ja-infliximabi-vastane-igg-seerumis-s-infliximab-s-infliximab-igg\/\">Infliksimab ja infliksimabi-vastaste antikehade hulk<\/a><\/p>\n\n\n\n<p><a href=\"https:\/\/www.kliinikum.ee\/yhendlabor\/kasiraamat\/ravimiseire-uuringud\/isoniasiid-sp-isoniazid\/\">Isoniasiid<\/a><\/p>\n\n\n\n<p><a href=\"https:\/\/www.kliinikum.ee\/yhendlabor\/kasiraamat\/ravimiseire-uuringud\/karbamasepiin-sp-carba\/\">Karbamasepiin<\/a><\/p>\n\n\n\n<p><a href=\"https:\/\/www.kliinikum.ee\/yhendlabor\/kasiraamat\/ravimiseire-uuringud\/klaritromutsiin-sp-clarithromycin\/\">Klaritrom\u00fctsiin<\/a><\/p>\n\n\n\n<p><a href=\"https:\/\/www.kliinikum.ee\/yhendlabor\/kasiraamat\/ravimiseire-uuringud\/klosapiin-sp-clozap\/\">Klosapiin<\/a><\/p>\n\n\n\n<p><a href=\"https:\/\/www.kliinikum.ee\/yhendlabor\/kasiraamat\/ravimiseire-uuringud\/kvetiapiin-p-quetiapine\/\">Kvetiapiin<\/a><\/p>\n\n\n\n<p><a href=\"https:\/\/www.kliinikum.ee\/yhendlabor\/kasiraamat\/ravimiseire-uuringud\/lamotrigiin-sp-lamotr\/\">Lamotrigiin<\/a><\/p>\n\n\n\n<p><a href=\"https:\/\/www.kliinikum.ee\/yhendlabor\/kasiraamat\/ravimiseire-uuringud\/leflunomiid-teriflunomiid-p-leflunomide\/\">Leflunomiid<\/a><\/p>\n\n\n\n<p><a href=\"https:\/\/www.kliinikum.ee\/yhendlabor\/kasiraamat\/ravimiseire-uuringud\/levetiratsetaam-sp-levetir\/\">Levetiratsetaam<\/a><\/p>\n\n\n\n<p><a href=\"https:\/\/www.kliinikum.ee\/yhendlabor\/kasiraamat\/ravimiseire-uuringud\/levofloksatsiin-sp-levofloxacin\/\">Levofloksatsiin<\/a><\/p>\n\n\n\n<p><a href=\"https:\/\/www.kliinikum.ee\/yhendlabor\/kasiraamat\/ravimiseire-uuringud\/liitium-s-li\/\">Liitium<\/a><\/p>\n\n\n\n<p><a href=\"https:\/\/www.kliinikum.ee\/yhendlabor\/kasiraamat\/ravimiseire-uuringud\/linesoliid-sp-linezolid\/\">Linesoliid<\/a><\/p>\n\n\n\n<p><a href=\"https:\/\/www.kliinikum.ee\/yhendlabor\/kasiraamat\/ravimiseire-uuringud\/meropeneem-p-meropenem\/\">Meropeneem<\/a><\/p>\n\n\n\n<p><a href=\"https:\/\/www.kliinikum.ee\/yhendlabor\/kasiraamat\/ravimiseire-uuringud\/metotreksaat-sp-mtx\/\">Metotreksaat<\/a><\/p>\n\n\n\n<p><a href=\"https:\/\/www.kliinikum.ee\/yhendlabor\/kasiraamat\/ravimiseire-uuringud\/moksifloksatsiin-sp-moxifloxacin\/\">Moksifloksatsiin<\/a><\/p>\n\n\n\n<p><a href=\"https:\/\/www.kliinikum.ee\/yhendlabor\/kasiraamat\/ravimiseire-uuringud\/mukofenoolhape-p-mpa\/\">M\u00fckofenoolhape<\/a><\/p>\n\n\n\n<p><a href=\"https:\/\/www.kliinikum.ee\/yhendlabor\/kasiraamat\/ravimiseire-uuringud\/okskarbasepiin-sp-oxcarb\/\">Okskarbasepiin<\/a><\/p>\n\n\n\n<p><a href=\"https:\/\/www.kliinikum.ee\/yhendlabor\/kasiraamat\/ravimiseire-uuringud\/olansapiin-p-olanzapine\/\">Olansapiin<\/a><\/p>\n\n\n\n<p><a href=\"https:\/\/www.kliinikum.ee\/yhendlabor\/kasiraamat\/ravimiseire-uuringud\/paratsetamool-sp-paracet\/\">Paratsetamool<\/a><\/p>\n\n\n\n<p><a href=\"https:\/\/www.kliinikum.ee\/yhendlabor\/kasiraamat\/ravimiseire-uuringud\/piperatsilliin-p-piperacillin\/\">Piperatsilliin<\/a><\/p>\n\n\n\n<p><a href=\"https:\/\/www.kliinikum.ee\/yhendlabor\/kasiraamat\/ravimiseire-uuringud\/posakonasool-p-posaconazole\/\">Posakonasool<\/a><\/p>\n\n\n\n<p><a href=\"https:\/\/www.kliinikum.ee\/yhendlabor\/kasiraamat\/ravimiseire-uuringud\/purasiinamiid-sp-pyrazinamide\/\">P\u00fcrasiinamiid<\/a><\/p>\n\n\n\n<p><a href=\"https:\/\/www.kliinikum.ee\/yhendlabor\/kasiraamat\/ravimiseire-uuringud\/risperidoon-ja-9-hudroksurisperidoon-p-risperidone9-hydroxyrisperidone\/\">Risperidoon ja 9-h\u00fcdroks\u00fcrisperidoon<\/a><\/p>\n\n\n\n<p><a href=\"https:\/\/www.kliinikum.ee\/yhendlabor\/kasiraamat\/ravimiseire-uuringud\/salitsulaadid-sp-salic\/\">Salits\u00fclaadid<\/a><\/p>\n\n\n\n<p><a href=\"https:\/\/www.kliinikum.ee\/yhendlabor\/kasiraamat\/ravimiseire-uuringud\/siroliimus-b-sirolimus\/\">Siroliimus<\/a><\/p>\n\n\n\n<p><a href=\"https:\/\/www.kliinikum.ee\/yhendlabor\/kasiraamat\/ravimiseire-uuringud\/takroliimus-b-tacrolimus\/\">Takroliimus<\/a><\/p>\n\n\n\n<p><a href=\"https:\/\/www.kliinikum.ee\/yhendlabor\/kasiraamat\/ravimiseire-uuringud\/teofulliin-sp-theoph\/\">Teof\u00fclliin<\/a><\/p>\n\n\n\n<p><a href=\"https:\/\/www.kliinikum.ee\/yhendlabor\/kasiraamat\/ravimiseire-uuringud\/tiopuriini-metuultransferaas-erutrotsuutides-rbc-tpmt\/\">Tiopuriini met\u00fc\u00fcltransferaas er\u00fctrots\u00fc\u00fctides<\/a>\u00a0Vahendatav (T\u00dc kliinilise farmakoloogia labor)<\/p>\n\n\n\n<p><a href=\"https:\/\/www.kliinikum.ee\/yhendlabor\/kasiraamat\/ravimiseire-uuringud\/tsukloseriin-sp-cycloserine\/\">Ts\u00fckloseriin<\/a><\/p>\n\n\n\n<p><a href=\"https:\/\/www.kliinikum.ee\/yhendlabor\/kasiraamat\/ravimiseire-uuringud\/tsuklosporiin-a-b-cya\/\">Ts\u00fcklosporiin A<\/a><\/p>\n\n\n\n<p><a href=\"https:\/\/www.kliinikum.ee\/yhendlabor\/kasiraamat\/ravimiseire-uuringud\/valproaat-sp-valpr-vaba-valproaat-s-fvalpr-vaba-valproaadi-osakaal-s-fvalpr\/\">Valproaat<\/a><\/p>\n\n\n\n<p><a href=\"https:\/\/www.kliinikum.ee\/yhendlabor\/kasiraamat\/ravimiseire-uuringud\/vankomutsiin-sp-vanco\/\">Vankom\u00fctsiin<\/a><\/p>\n\n\n\n<p><a href=\"https:\/\/www.kliinikum.ee\/yhendlabor\/kasiraamat\/ravimiseire-uuringud\/vorikonasool-p-voricon\/\">Vorikonasool<\/a><\/p>\n\n\n\n<p><\/p>\n","protected":false},"excerpt":{"rendered":"<p>Adalimumab ja adalimumabi-vastaste antikehade hulk Amikatsiin Aripiprasool ja deh\u00fcdroaripiprasool Bensodiasepiinid Digoksiin Fenobarbitaal Gentam\u00fctsiin Haloperidool Infliksimab ja infliksimabi-vastaste antikehade hulk Isoniasiid Karbamasepiin Klaritrom\u00fctsiin Klosapiin Kvetiapiin Lamotrigiin Leflunomiid Levetiratsetaam Levofloksatsiin Liitium Linesoliid Meropeneem Metotreksaat Moksifloksatsiin M\u00fckofenoolhape Okskarbasepiin Olansapiin Paratsetamool Piperatsilliin Posakonasool P\u00fcrasiinamiid Risperidoon ja 9-h\u00fcdroks\u00fcrisperidoon Salits\u00fclaadid Siroliimus Takroliimus Teof\u00fclliin Tiopuriini met\u00fc\u00fcltransferaas er\u00fctrots\u00fc\u00fctides\u00a0Vahendatav (T\u00dc kliinilise farmakoloogia labor) Ts\u00fckloseriin [&hellip;]<\/p>\n","protected":false},"author":26,"featured_media":0,"parent":5853,"menu_order":20,"comment_status":"closed","ping_status":"closed","template":"","meta":{"_uag_custom_page_level_css":"","footnotes":""},"class_list":["post-7301","page","type-page","status-publish","hentry"],"acf":[],"yoast_head":"<!-- This site is optimized with the Yoast SEO plugin v27.3 - https:\/\/yoast.com\/product\/yoast-seo-wordpress\/ -->\n<title>Ravimiseire uuringud - \u00dchendlabor<\/title>\n<meta name=\"robots\" content=\"index, follow, max-snippet:-1, max-image-preview:large, max-video-preview:-1\" \/>\n<link rel=\"canonical\" href=\"https:\/\/www.kliinikum.ee\/yhendlabor\/kasiraamat\/ravimiseire-uuringud\/\" \/>\n<meta property=\"og:locale\" content=\"et_EE\" \/>\n<meta property=\"og:type\" content=\"article\" \/>\n<meta property=\"og:title\" content=\"Ravimiseire uuringud - \u00dchendlabor\" \/>\n<meta property=\"og:description\" content=\"Adalimumab ja adalimumabi-vastaste antikehade hulk Amikatsiin Aripiprasool ja deh\u00fcdroaripiprasool Bensodiasepiinid Digoksiin Fenobarbitaal Gentam\u00fctsiin Haloperidool Infliksimab ja infliksimabi-vastaste antikehade hulk Isoniasiid Karbamasepiin Klaritrom\u00fctsiin Klosapiin Kvetiapiin Lamotrigiin Leflunomiid Levetiratsetaam Levofloksatsiin Liitium Linesoliid Meropeneem Metotreksaat Moksifloksatsiin M\u00fckofenoolhape Okskarbasepiin Olansapiin Paratsetamool Piperatsilliin Posakonasool P\u00fcrasiinamiid Risperidoon ja 9-h\u00fcdroks\u00fcrisperidoon Salits\u00fclaadid Siroliimus Takroliimus Teof\u00fclliin Tiopuriini met\u00fc\u00fcltransferaas er\u00fctrots\u00fc\u00fctides\u00a0Vahendatav (T\u00dc kliinilise farmakoloogia labor) Ts\u00fckloseriin [&hellip;]\" \/>\n<meta property=\"og:url\" content=\"https:\/\/www.kliinikum.ee\/yhendlabor\/kasiraamat\/ravimiseire-uuringud\/\" \/>\n<meta property=\"og:site_name\" content=\"\u00dchendlabor\" \/>\n<meta property=\"article:modified_time\" content=\"2025-12-11T16:13:16+00:00\" \/>\n<meta name=\"twitter:card\" content=\"summary_large_image\" \/>\n<meta name=\"twitter:label1\" content=\"Est. reading time\" \/>\n\t<meta name=\"twitter:data1\" content=\"1 minut\" \/>\n<script type=\"application\/ld+json\" class=\"yoast-schema-graph\">{\"@context\":\"https:\\\/\\\/schema.org\",\"@graph\":[{\"@type\":\"WebPage\",\"@id\":\"https:\\\/\\\/www.kliinikum.ee\\\/yhendlabor\\\/kasiraamat\\\/ravimiseire-uuringud\\\/\",\"url\":\"https:\\\/\\\/www.kliinikum.ee\\\/yhendlabor\\\/kasiraamat\\\/ravimiseire-uuringud\\\/\",\"name\":\"Ravimiseire uuringud - \u00dchendlabor\",\"isPartOf\":{\"@id\":\"https:\\\/\\\/www.kliinikum.ee\\\/yhendlabor\\\/#website\"},\"datePublished\":\"2023-08-18T10:10:03+00:00\",\"dateModified\":\"2025-12-11T16:13:16+00:00\",\"breadcrumb\":{\"@id\":\"https:\\\/\\\/www.kliinikum.ee\\\/yhendlabor\\\/kasiraamat\\\/ravimiseire-uuringud\\\/#breadcrumb\"},\"inLanguage\":\"et\",\"potentialAction\":[{\"@type\":\"ReadAction\",\"target\":[\"https:\\\/\\\/www.kliinikum.ee\\\/yhendlabor\\\/kasiraamat\\\/ravimiseire-uuringud\\\/\"]}]},{\"@type\":\"BreadcrumbList\",\"@id\":\"https:\\\/\\\/www.kliinikum.ee\\\/yhendlabor\\\/kasiraamat\\\/ravimiseire-uuringud\\\/#breadcrumb\",\"itemListElement\":[{\"@type\":\"ListItem\",\"position\":1,\"name\":\"Home\",\"item\":\"https:\\\/\\\/www.kliinikum.ee\\\/yhendlabor\\\/\"},{\"@type\":\"ListItem\",\"position\":2,\"name\":\"K\u00e4siraamat\",\"item\":\"https:\\\/\\\/www.kliinikum.ee\\\/yhendlabor\\\/kasiraamat\\\/\"},{\"@type\":\"ListItem\",\"position\":3,\"name\":\"Ravimiseire uuringud\"}]},{\"@type\":\"WebSite\",\"@id\":\"https:\\\/\\\/www.kliinikum.ee\\\/yhendlabor\\\/#website\",\"url\":\"https:\\\/\\\/www.kliinikum.ee\\\/yhendlabor\\\/\",\"name\":\"\u00dchendlabor\",\"description\":\"Hoolivus, Uuendusmeelsus, P\u00e4devus ja Usaldusv\u00e4\u00e4rsus\",\"potentialAction\":[{\"@type\":\"SearchAction\",\"target\":{\"@type\":\"EntryPoint\",\"urlTemplate\":\"https:\\\/\\\/www.kliinikum.ee\\\/yhendlabor\\\/?s={search_term_string}\"},\"query-input\":{\"@type\":\"PropertyValueSpecification\",\"valueRequired\":true,\"valueName\":\"search_term_string\"}}],\"inLanguage\":\"et\"}]}<\/script>\n<!-- \/ Yoast SEO plugin. -->","yoast_head_json":{"title":"Ravimiseire uuringud - \u00dchendlabor","robots":{"index":"index","follow":"follow","max-snippet":"max-snippet:-1","max-image-preview":"max-image-preview:large","max-video-preview":"max-video-preview:-1"},"canonical":"https:\/\/www.kliinikum.ee\/yhendlabor\/kasiraamat\/ravimiseire-uuringud\/","og_locale":"et_EE","og_type":"article","og_title":"Ravimiseire uuringud - \u00dchendlabor","og_description":"Adalimumab ja adalimumabi-vastaste antikehade hulk Amikatsiin Aripiprasool ja deh\u00fcdroaripiprasool Bensodiasepiinid Digoksiin Fenobarbitaal Gentam\u00fctsiin Haloperidool Infliksimab ja infliksimabi-vastaste antikehade hulk Isoniasiid Karbamasepiin Klaritrom\u00fctsiin Klosapiin Kvetiapiin Lamotrigiin Leflunomiid Levetiratsetaam Levofloksatsiin Liitium Linesoliid Meropeneem Metotreksaat Moksifloksatsiin M\u00fckofenoolhape Okskarbasepiin Olansapiin Paratsetamool Piperatsilliin Posakonasool P\u00fcrasiinamiid Risperidoon ja 9-h\u00fcdroks\u00fcrisperidoon Salits\u00fclaadid Siroliimus Takroliimus Teof\u00fclliin Tiopuriini met\u00fc\u00fcltransferaas er\u00fctrots\u00fc\u00fctides\u00a0Vahendatav (T\u00dc kliinilise farmakoloogia labor) Ts\u00fckloseriin [&hellip;]","og_url":"https:\/\/www.kliinikum.ee\/yhendlabor\/kasiraamat\/ravimiseire-uuringud\/","og_site_name":"\u00dchendlabor","article_modified_time":"2025-12-11T16:13:16+00:00","twitter_card":"summary_large_image","twitter_misc":{"Est. reading time":"1 minut"},"schema":{"@context":"https:\/\/schema.org","@graph":[{"@type":"WebPage","@id":"https:\/\/www.kliinikum.ee\/yhendlabor\/kasiraamat\/ravimiseire-uuringud\/","url":"https:\/\/www.kliinikum.ee\/yhendlabor\/kasiraamat\/ravimiseire-uuringud\/","name":"Ravimiseire uuringud - \u00dchendlabor","isPartOf":{"@id":"https:\/\/www.kliinikum.ee\/yhendlabor\/#website"},"datePublished":"2023-08-18T10:10:03+00:00","dateModified":"2025-12-11T16:13:16+00:00","breadcrumb":{"@id":"https:\/\/www.kliinikum.ee\/yhendlabor\/kasiraamat\/ravimiseire-uuringud\/#breadcrumb"},"inLanguage":"et","potentialAction":[{"@type":"ReadAction","target":["https:\/\/www.kliinikum.ee\/yhendlabor\/kasiraamat\/ravimiseire-uuringud\/"]}]},{"@type":"BreadcrumbList","@id":"https:\/\/www.kliinikum.ee\/yhendlabor\/kasiraamat\/ravimiseire-uuringud\/#breadcrumb","itemListElement":[{"@type":"ListItem","position":1,"name":"Home","item":"https:\/\/www.kliinikum.ee\/yhendlabor\/"},{"@type":"ListItem","position":2,"name":"K\u00e4siraamat","item":"https:\/\/www.kliinikum.ee\/yhendlabor\/kasiraamat\/"},{"@type":"ListItem","position":3,"name":"Ravimiseire uuringud"}]},{"@type":"WebSite","@id":"https:\/\/www.kliinikum.ee\/yhendlabor\/#website","url":"https:\/\/www.kliinikum.ee\/yhendlabor\/","name":"\u00dchendlabor","description":"Hoolivus, Uuendusmeelsus, P\u00e4devus ja Usaldusv\u00e4\u00e4rsus","potentialAction":[{"@type":"SearchAction","target":{"@type":"EntryPoint","urlTemplate":"https:\/\/www.kliinikum.ee\/yhendlabor\/?s={search_term_string}"},"query-input":{"@type":"PropertyValueSpecification","valueRequired":true,"valueName":"search_term_string"}}],"inLanguage":"et"}]}},"uagb_featured_image_src":{"full":false,"thumbnail":false,"medium":false,"medium_large":false,"large":false,"1536x1536":false,"2048x2048":false},"uagb_author_info":{"display_name":"Tarmo Sulg","author_link":"https:\/\/www.kliinikum.ee\/yhendlabor\/author\/tarmos\/"},"uagb_comment_info":0,"uagb_excerpt":"Adalimumab ja adalimumabi-vastaste antikehade hulk Amikatsiin Aripiprasool ja deh\u00fcdroaripiprasool Bensodiasepiinid Digoksiin Fenobarbitaal Gentam\u00fctsiin Haloperidool Infliksimab ja infliksimabi-vastaste antikehade hulk Isoniasiid Karbamasepiin Klaritrom\u00fctsiin Klosapiin Kvetiapiin Lamotrigiin Leflunomiid Levetiratsetaam Levofloksatsiin Liitium Linesoliid Meropeneem Metotreksaat Moksifloksatsiin M\u00fckofenoolhape Okskarbasepiin Olansapiin Paratsetamool Piperatsilliin Posakonasool P\u00fcrasiinamiid Risperidoon ja 9-h\u00fcdroks\u00fcrisperidoon Salits\u00fclaadid Siroliimus Takroliimus Teof\u00fclliin Tiopuriini met\u00fc\u00fcltransferaas er\u00fctrots\u00fc\u00fctides\u00a0Vahendatav (T\u00dc kliinilise farmakoloogia labor) Ts\u00fckloseriin&hellip;","_links":{"self":[{"href":"https:\/\/www.kliinikum.ee\/yhendlabor\/wp-json\/wp\/v2\/pages\/7301","targetHints":{"allow":["GET"]}}],"collection":[{"href":"https:\/\/www.kliinikum.ee\/yhendlabor\/wp-json\/wp\/v2\/pages"}],"about":[{"href":"https:\/\/www.kliinikum.ee\/yhendlabor\/wp-json\/wp\/v2\/types\/page"}],"author":[{"embeddable":true,"href":"https:\/\/www.kliinikum.ee\/yhendlabor\/wp-json\/wp\/v2\/users\/26"}],"replies":[{"embeddable":true,"href":"https:\/\/www.kliinikum.ee\/yhendlabor\/wp-json\/wp\/v2\/comments?post=7301"}],"version-history":[{"count":0,"href":"https:\/\/www.kliinikum.ee\/yhendlabor\/wp-json\/wp\/v2\/pages\/7301\/revisions"}],"up":[{"embeddable":true,"href":"https:\/\/www.kliinikum.ee\/yhendlabor\/wp-json\/wp\/v2\/pages\/5853"}],"wp:attachment":[{"href":"https:\/\/www.kliinikum.ee\/yhendlabor\/wp-json\/wp\/v2\/media?parent=7301"}],"curies":[{"name":"wp","href":"https:\/\/api.w.org\/{rel}","templated":true}]}}