{"id":7308,"date":"2023-08-18T12:11:59","date_gmt":"2023-08-18T10:11:59","guid":{"rendered":"https:\/\/www.kliinikum.ee\/yhendlabor\/?page_id=7308"},"modified":"2025-12-11T00:11:52","modified_gmt":"2025-12-10T22:11:52","slug":"sudamemarkerite-uuringud","status":"publish","type":"page","link":"https:\/\/www.kliinikum.ee\/yhendlabor\/kasiraamat\/sudamemarkerite-uuringud\/","title":{"rendered":"S\u00fcdamemarkerite uuringud"},"content":{"rendered":"\n<p><a href=\"https:\/\/www.kliinikum.ee\/yhendlabor\/kasiraamat\/sudamemarkerite-uuringud\/b-tuupi-natriureetilise-propeptiidi-n-fragment-sp-nt-probnp\/\">B-t\u00fc\u00fcpi natriureetilise propeptiidi N-fragment<\/a><\/p>\n\n\n\n<p><a href=\"https:\/\/www.kliinikum.ee\/yhendlabor\/kasiraamat\/sudamemarkerite-uuringud\/kreatiini-kinaasi-mb-isoensuumi-mass-sp-ck-mbm\/\">Kreatiini kinaasi MB isoens\u00fc\u00fcmi mass<\/a><\/p>\n\n\n\n<p><a href=\"https:\/\/www.kliinikum.ee\/yhendlabor\/kasiraamat\/sudamemarkerite-uuringud\/troponiin-t-korgtundlik-sp-ctnt-hs\/\">Troponiin T (k\u00f5rgtundlik)<\/a><\/p>\n\n\n\n<p><\/p>\n","protected":false},"excerpt":{"rendered":"<p>B-t\u00fc\u00fcpi natriureetilise propeptiidi N-fragment Kreatiini kinaasi MB isoens\u00fc\u00fcmi mass Troponiin T (k\u00f5rgtundlik)<\/p>\n","protected":false},"author":26,"featured_media":0,"parent":5853,"menu_order":22,"comment_status":"closed","ping_status":"closed","template":"","meta":{"_uag_custom_page_level_css":"","footnotes":""},"class_list":["post-7308","page","type-page","status-publish","hentry"],"acf":[],"yoast_head":"<!-- This site is optimized with the Yoast SEO plugin v27.3 - https:\/\/yoast.com\/product\/yoast-seo-wordpress\/ -->\n<title>S\u00fcdamemarkerite uuringud - \u00dchendlabor<\/title>\n<meta name=\"robots\" content=\"index, follow, max-snippet:-1, max-image-preview:large, max-video-preview:-1\" \/>\n<link rel=\"canonical\" href=\"https:\/\/www.kliinikum.ee\/yhendlabor\/kasiraamat\/sudamemarkerite-uuringud\/\" \/>\n<meta property=\"og:locale\" content=\"et_EE\" \/>\n<meta property=\"og:type\" content=\"article\" \/>\n<meta property=\"og:title\" content=\"S\u00fcdamemarkerite uuringud - \u00dchendlabor\" \/>\n<meta property=\"og:description\" content=\"B-t\u00fc\u00fcpi natriureetilise propeptiidi N-fragment Kreatiini kinaasi MB isoens\u00fc\u00fcmi mass Troponiin T (k\u00f5rgtundlik)\" \/>\n<meta property=\"og:url\" content=\"https:\/\/www.kliinikum.ee\/yhendlabor\/kasiraamat\/sudamemarkerite-uuringud\/\" \/>\n<meta property=\"og:site_name\" content=\"\u00dchendlabor\" \/>\n<meta property=\"article:modified_time\" content=\"2025-12-10T22:11:52+00:00\" \/>\n<meta name=\"twitter:card\" content=\"summary_large_image\" \/>\n<meta name=\"twitter:label1\" content=\"Est. reading time\" \/>\n\t<meta name=\"twitter:data1\" content=\"1 minut\" \/>\n<script type=\"application\/ld+json\" class=\"yoast-schema-graph\">{\"@context\":\"https:\\\/\\\/schema.org\",\"@graph\":[{\"@type\":\"WebPage\",\"@id\":\"https:\\\/\\\/www.kliinikum.ee\\\/yhendlabor\\\/kasiraamat\\\/sudamemarkerite-uuringud\\\/\",\"url\":\"https:\\\/\\\/www.kliinikum.ee\\\/yhendlabor\\\/kasiraamat\\\/sudamemarkerite-uuringud\\\/\",\"name\":\"S\u00fcdamemarkerite uuringud - \u00dchendlabor\",\"isPartOf\":{\"@id\":\"https:\\\/\\\/www.kliinikum.ee\\\/yhendlabor\\\/#website\"},\"datePublished\":\"2023-08-18T10:11:59+00:00\",\"dateModified\":\"2025-12-10T22:11:52+00:00\",\"breadcrumb\":{\"@id\":\"https:\\\/\\\/www.kliinikum.ee\\\/yhendlabor\\\/kasiraamat\\\/sudamemarkerite-uuringud\\\/#breadcrumb\"},\"inLanguage\":\"et\",\"potentialAction\":[{\"@type\":\"ReadAction\",\"target\":[\"https:\\\/\\\/www.kliinikum.ee\\\/yhendlabor\\\/kasiraamat\\\/sudamemarkerite-uuringud\\\/\"]}]},{\"@type\":\"BreadcrumbList\",\"@id\":\"https:\\\/\\\/www.kliinikum.ee\\\/yhendlabor\\\/kasiraamat\\\/sudamemarkerite-uuringud\\\/#breadcrumb\",\"itemListElement\":[{\"@type\":\"ListItem\",\"position\":1,\"name\":\"Home\",\"item\":\"https:\\\/\\\/www.kliinikum.ee\\\/yhendlabor\\\/\"},{\"@type\":\"ListItem\",\"position\":2,\"name\":\"K\u00e4siraamat\",\"item\":\"https:\\\/\\\/www.kliinikum.ee\\\/yhendlabor\\\/kasiraamat\\\/\"},{\"@type\":\"ListItem\",\"position\":3,\"name\":\"S\u00fcdamemarkerite uuringud\"}]},{\"@type\":\"WebSite\",\"@id\":\"https:\\\/\\\/www.kliinikum.ee\\\/yhendlabor\\\/#website\",\"url\":\"https:\\\/\\\/www.kliinikum.ee\\\/yhendlabor\\\/\",\"name\":\"\u00dchendlabor\",\"description\":\"Hoolivus, Uuendusmeelsus, P\u00e4devus ja Usaldusv\u00e4\u00e4rsus\",\"potentialAction\":[{\"@type\":\"SearchAction\",\"target\":{\"@type\":\"EntryPoint\",\"urlTemplate\":\"https:\\\/\\\/www.kliinikum.ee\\\/yhendlabor\\\/?s={search_term_string}\"},\"query-input\":{\"@type\":\"PropertyValueSpecification\",\"valueRequired\":true,\"valueName\":\"search_term_string\"}}],\"inLanguage\":\"et\"}]}<\/script>\n<!-- \/ Yoast SEO plugin. -->","yoast_head_json":{"title":"S\u00fcdamemarkerite uuringud - \u00dchendlabor","robots":{"index":"index","follow":"follow","max-snippet":"max-snippet:-1","max-image-preview":"max-image-preview:large","max-video-preview":"max-video-preview:-1"},"canonical":"https:\/\/www.kliinikum.ee\/yhendlabor\/kasiraamat\/sudamemarkerite-uuringud\/","og_locale":"et_EE","og_type":"article","og_title":"S\u00fcdamemarkerite uuringud - \u00dchendlabor","og_description":"B-t\u00fc\u00fcpi natriureetilise propeptiidi N-fragment Kreatiini kinaasi MB isoens\u00fc\u00fcmi mass Troponiin T (k\u00f5rgtundlik)","og_url":"https:\/\/www.kliinikum.ee\/yhendlabor\/kasiraamat\/sudamemarkerite-uuringud\/","og_site_name":"\u00dchendlabor","article_modified_time":"2025-12-10T22:11:52+00:00","twitter_card":"summary_large_image","twitter_misc":{"Est. reading time":"1 minut"},"schema":{"@context":"https:\/\/schema.org","@graph":[{"@type":"WebPage","@id":"https:\/\/www.kliinikum.ee\/yhendlabor\/kasiraamat\/sudamemarkerite-uuringud\/","url":"https:\/\/www.kliinikum.ee\/yhendlabor\/kasiraamat\/sudamemarkerite-uuringud\/","name":"S\u00fcdamemarkerite uuringud - \u00dchendlabor","isPartOf":{"@id":"https:\/\/www.kliinikum.ee\/yhendlabor\/#website"},"datePublished":"2023-08-18T10:11:59+00:00","dateModified":"2025-12-10T22:11:52+00:00","breadcrumb":{"@id":"https:\/\/www.kliinikum.ee\/yhendlabor\/kasiraamat\/sudamemarkerite-uuringud\/#breadcrumb"},"inLanguage":"et","potentialAction":[{"@type":"ReadAction","target":["https:\/\/www.kliinikum.ee\/yhendlabor\/kasiraamat\/sudamemarkerite-uuringud\/"]}]},{"@type":"BreadcrumbList","@id":"https:\/\/www.kliinikum.ee\/yhendlabor\/kasiraamat\/sudamemarkerite-uuringud\/#breadcrumb","itemListElement":[{"@type":"ListItem","position":1,"name":"Home","item":"https:\/\/www.kliinikum.ee\/yhendlabor\/"},{"@type":"ListItem","position":2,"name":"K\u00e4siraamat","item":"https:\/\/www.kliinikum.ee\/yhendlabor\/kasiraamat\/"},{"@type":"ListItem","position":3,"name":"S\u00fcdamemarkerite uuringud"}]},{"@type":"WebSite","@id":"https:\/\/www.kliinikum.ee\/yhendlabor\/#website","url":"https:\/\/www.kliinikum.ee\/yhendlabor\/","name":"\u00dchendlabor","description":"Hoolivus, Uuendusmeelsus, P\u00e4devus ja Usaldusv\u00e4\u00e4rsus","potentialAction":[{"@type":"SearchAction","target":{"@type":"EntryPoint","urlTemplate":"https:\/\/www.kliinikum.ee\/yhendlabor\/?s={search_term_string}"},"query-input":{"@type":"PropertyValueSpecification","valueRequired":true,"valueName":"search_term_string"}}],"inLanguage":"et"}]}},"uagb_featured_image_src":{"full":false,"thumbnail":false,"medium":false,"medium_large":false,"large":false,"1536x1536":false,"2048x2048":false},"uagb_author_info":{"display_name":"Tarmo Sulg","author_link":"https:\/\/www.kliinikum.ee\/yhendlabor\/author\/tarmos\/"},"uagb_comment_info":0,"uagb_excerpt":"B-t\u00fc\u00fcpi natriureetilise propeptiidi N-fragment Kreatiini kinaasi MB isoens\u00fc\u00fcmi mass Troponiin T (k\u00f5rgtundlik)","_links":{"self":[{"href":"https:\/\/www.kliinikum.ee\/yhendlabor\/wp-json\/wp\/v2\/pages\/7308","targetHints":{"allow":["GET"]}}],"collection":[{"href":"https:\/\/www.kliinikum.ee\/yhendlabor\/wp-json\/wp\/v2\/pages"}],"about":[{"href":"https:\/\/www.kliinikum.ee\/yhendlabor\/wp-json\/wp\/v2\/types\/page"}],"author":[{"embeddable":true,"href":"https:\/\/www.kliinikum.ee\/yhendlabor\/wp-json\/wp\/v2\/users\/26"}],"replies":[{"embeddable":true,"href":"https:\/\/www.kliinikum.ee\/yhendlabor\/wp-json\/wp\/v2\/comments?post=7308"}],"version-history":[{"count":0,"href":"https:\/\/www.kliinikum.ee\/yhendlabor\/wp-json\/wp\/v2\/pages\/7308\/revisions"}],"up":[{"embeddable":true,"href":"https:\/\/www.kliinikum.ee\/yhendlabor\/wp-json\/wp\/v2\/pages\/5853"}],"wp:attachment":[{"href":"https:\/\/www.kliinikum.ee\/yhendlabor\/wp-json\/wp\/v2\/media?parent=7308"}],"curies":[{"name":"wp","href":"https:\/\/api.w.org\/{rel}","templated":true}]}}