{"id":7320,"date":"2023-08-18T12:14:41","date_gmt":"2023-08-18T10:14:41","guid":{"rendered":"https:\/\/www.kliinikum.ee\/yhendlabor\/?page_id=7320"},"modified":"2026-03-31T15:09:47","modified_gmt":"2026-03-31T13:09:47","slug":"vereloome-kasvajate-uuringud","status":"publish","type":"page","link":"https:\/\/www.kliinikum.ee\/yhendlabor\/kasiraamat\/vereloome-kasvajate-uuringud\/","title":{"rendered":"Vereloome kasvajate uuringud"},"content":{"rendered":"\n<p><a href=\"https:\/\/www.kliinikum.ee\/yhendlabor\/kasiraamat\/vereloome-kasvajate-uuringud\/beeta-2-mikroglobuliin-sp-%ce%b22-m\/\">Beeta-2-mikroglobuliin<\/a><\/p>\n\n\n\n<p><a href=\"https:\/\/www.kliinikum.ee\/yhendlabor\/kasiraamat\/vereloome-kasvajate-uuringud\/b-ja-t-lumfotsuutide-klonaalsus\/\">B- ja T-l\u00fcmfots\u00fc\u00fctide klonaalsus<\/a><\/p>\n\n\n\n<p><a href=\"https:\/\/www.kliinikum.ee\/yhendlabor\/kasiraamat\/vereloome-kasvajate-uuringud\/hematoloogilised-kasvajad-somaatiliste-geenimutatsioonide-paneel-kroonilised-mueloproliferatiivsed-haigused-calr-jak2-mpl-geenimutatsioonide-paneel-tuumorsupressorgeeni-tp53-ko\/\">Hematoloogilised kasvajad - somaatiliste geenimutatsioonide paneel (NGS)<\/a><\/p>\n\n\n\n<p><a href=\"https:\/\/www.kliinikum.ee\/yhendlabor\/kasiraamat\/vereloome-kasvajate-uuringud\/immuunglobuliini-vabad-kapaahelad-s-ig-fkappa-ja-vabad-lambdaahelad-s-ig-flambda-vabade-kapa-ja-lambdaahelate-suhe-s-ig-fkappa-s-ig-flambda\/\">Immuunglobuliini vabad kapaahelad ja vabad lambdaahelad<\/a><\/p>\n\n\n\n<p><a href=\"https:\/\/www.kliinikum.ee\/yhendlabor\/kasiraamat\/vereloome-kasvajate-uuringud\/karuotuup-luuudist-bm-karyotype\/\">Kar\u00fcot\u00fc\u00fcp luu\u00fcdist<\/a><\/p>\n\n\n\n<p><a href=\"https:\/\/www.kliinikum.ee\/yhendlabor\/kasiraamat\/vereloome-kasvajate-uuringud\/kromosoomiaberratsioonid-interfaasi-kromosoomidel-luuudist-ja-verest-fish\/\">Kromosoomiaberratsioonid interfaasi kromosoomidel luu\u00fcdist ja verest (FISH)<\/a><\/p>\n\n\n\n<p><a href=\"https:\/\/www.kliinikum.ee\/yhendlabor\/kasiraamat\/vereloome-kasvajate-uuringud\/monoklonaalsed-immuunglobuliinid-seerumis-s-monoclon-ig\/\">Monoklonaalsed immuunglobuliinid seerumis<\/a><\/p>\n\n\n\n<p><a href=\"https:\/\/www.kliinikum.ee\/yhendlabor\/kasiraamat\/vereloome-kasvajate-uuringud\/monoklonaalsed-immuunglobuliinid-uriinis-u-monoclon-ig\/\">Monoklonaalsed immuunglobuliinid uriinis<\/a><\/p>\n\n\n\n<p><a href=\"https:\/\/www.kliinikum.ee\/yhendlabor\/kasiraamat\/vereloome-kasvajate-uuringud\/somaatilised-hupermutatsioonid-igh-geeni-variaabelses-piirkonnas\/\">Somaatilised h\u00fcpermutatsioonid IGH geeni variaabelses piirkonnas<\/a><\/p>\n\n\n\n<p><a href=\"https:\/\/www.kliinikum.ee\/yhendlabor\/kasiraamat\/vereloome-kasvajate-uuringud\/tuvirakkude-cd34-arv-ja-elujouliste-tuvirakkude-cd34-suhtarv\/\">T\u00fcvirakkude (CD34) arv ja eluj\u00f5uliste t\u00fcvirakkude (CD34) suhtarv<\/a><\/p>\n\n\n\n<p><a href=\"https:\/\/www.kliinikum.ee\/yhendlabor\/kasiraamat\/vereloome-kasvajate-uuringud\/valkude-fraktsioonid-seerumis-s-prot-fr\/\">Valkude fraktsioonid seerumis<\/a><\/p>\n\n\n\n<p><a href=\"https:\/\/www.kliinikum.ee\/yhendlabor\/kasiraamat\/vereloome-kasvajate-uuringud\/valkude-fraktsioonid-uriinis-u-prot-fr\/\">Valkude fraktsioonid uriinis<\/a><\/p>\n\n\n\n<p><a href=\"https:\/\/www.kliinikum.ee\/yhendlabor\/kasiraamat\/vereloome-kasvajate-uuringud\/vereloome-kasvajate-molekulaardiagnostilised-uuringud\/\">Vereloome kasvajate molekulaardiagnostilised uuringud<\/a><\/p>\n\n\n\n<p><a href=\"https:\/\/www.kliinikum.ee\/yhendlabor\/kasiraamat\/vereloome-kasvajate-uuringud\/vereloomehaiguste-immuunfenotupeerimine\/\">Vereloomehaiguste immuunfenot\u00fcpeerimine<\/a><\/p>\n\n\n\n<p><a href=\"https:\/\/www.kliinikum.ee\/yhendlabor\/kasiraamat\/vereloome-kasvajate-uuringud\/ageda-mueloidse-leukeemia-molekulaarsed-uuringud\/\">\u00c4geda m\u00fceloidse leukeemia molekulaardiagnostilised uuringud<\/a><\/p>\n","protected":false},"excerpt":{"rendered":"<p>Beeta-2-mikroglobuliin B- ja T-l\u00fcmfots\u00fc\u00fctide klonaalsus Hematoloogilised kasvajad - somaatiliste geenimutatsioonide paneel (NGS) Immuunglobuliini vabad kapaahelad ja vabad lambdaahelad Kar\u00fcot\u00fc\u00fcp luu\u00fcdist Kromosoomiaberratsioonid interfaasi kromosoomidel luu\u00fcdist ja verest (FISH) Monoklonaalsed immuunglobuliinid seerumis Monoklonaalsed immuunglobuliinid uriinis Somaatilised h\u00fcpermutatsioonid IGH geeni variaabelses piirkonnas T\u00fcvirakkude (CD34) arv ja eluj\u00f5uliste t\u00fcvirakkude (CD34) suhtarv Valkude fraktsioonid seerumis Valkude fraktsioonid uriinis Vereloome kasvajate [&hellip;]<\/p>\n","protected":false},"author":26,"featured_media":0,"parent":5853,"menu_order":26,"comment_status":"closed","ping_status":"closed","template":"","meta":{"_uag_custom_page_level_css":"","footnotes":""},"class_list":["post-7320","page","type-page","status-publish","hentry"],"acf":[],"yoast_head":"<!-- This site is optimized with the Yoast SEO plugin v27.5 - https:\/\/yoast.com\/product\/yoast-seo-wordpress\/ -->\n<title>Vereloome kasvajate uuringud - \u00dchendlabor<\/title>\n<meta name=\"robots\" content=\"index, follow, max-snippet:-1, max-image-preview:large, max-video-preview:-1\" \/>\n<link rel=\"canonical\" href=\"https:\/\/www.kliinikum.ee\/yhendlabor\/kasiraamat\/vereloome-kasvajate-uuringud\/\" \/>\n<meta property=\"og:locale\" content=\"et_EE\" \/>\n<meta property=\"og:type\" content=\"article\" \/>\n<meta property=\"og:title\" content=\"Vereloome kasvajate uuringud - \u00dchendlabor\" \/>\n<meta property=\"og:description\" content=\"Beeta-2-mikroglobuliin B- ja T-l\u00fcmfots\u00fc\u00fctide klonaalsus Hematoloogilised kasvajad - somaatiliste geenimutatsioonide paneel (NGS) Immuunglobuliini vabad kapaahelad ja vabad lambdaahelad Kar\u00fcot\u00fc\u00fcp luu\u00fcdist Kromosoomiaberratsioonid interfaasi kromosoomidel luu\u00fcdist ja verest (FISH) Monoklonaalsed immuunglobuliinid seerumis Monoklonaalsed immuunglobuliinid uriinis Somaatilised h\u00fcpermutatsioonid IGH geeni variaabelses piirkonnas T\u00fcvirakkude (CD34) arv ja eluj\u00f5uliste t\u00fcvirakkude (CD34) suhtarv Valkude fraktsioonid seerumis Valkude fraktsioonid uriinis Vereloome kasvajate [&hellip;]\" \/>\n<meta property=\"og:url\" content=\"https:\/\/www.kliinikum.ee\/yhendlabor\/kasiraamat\/vereloome-kasvajate-uuringud\/\" \/>\n<meta property=\"og:site_name\" content=\"\u00dchendlabor\" \/>\n<meta property=\"article:modified_time\" content=\"2026-03-31T13:09:47+00:00\" \/>\n<meta name=\"twitter:card\" content=\"summary_large_image\" \/>\n<meta name=\"twitter:label1\" content=\"Est. reading time\" \/>\n\t<meta name=\"twitter:data1\" content=\"1 minut\" \/>\n<script type=\"application\/ld+json\" class=\"yoast-schema-graph\">{\"@context\":\"https:\\\/\\\/schema.org\",\"@graph\":[{\"@type\":\"WebPage\",\"@id\":\"https:\\\/\\\/www.kliinikum.ee\\\/yhendlabor\\\/kasiraamat\\\/vereloome-kasvajate-uuringud\\\/\",\"url\":\"https:\\\/\\\/www.kliinikum.ee\\\/yhendlabor\\\/kasiraamat\\\/vereloome-kasvajate-uuringud\\\/\",\"name\":\"Vereloome kasvajate uuringud - \u00dchendlabor\",\"isPartOf\":{\"@id\":\"https:\\\/\\\/www.kliinikum.ee\\\/yhendlabor\\\/#website\"},\"datePublished\":\"2023-08-18T10:14:41+00:00\",\"dateModified\":\"2026-03-31T13:09:47+00:00\",\"breadcrumb\":{\"@id\":\"https:\\\/\\\/www.kliinikum.ee\\\/yhendlabor\\\/kasiraamat\\\/vereloome-kasvajate-uuringud\\\/#breadcrumb\"},\"inLanguage\":\"et\",\"potentialAction\":[{\"@type\":\"ReadAction\",\"target\":[\"https:\\\/\\\/www.kliinikum.ee\\\/yhendlabor\\\/kasiraamat\\\/vereloome-kasvajate-uuringud\\\/\"]}]},{\"@type\":\"BreadcrumbList\",\"@id\":\"https:\\\/\\\/www.kliinikum.ee\\\/yhendlabor\\\/kasiraamat\\\/vereloome-kasvajate-uuringud\\\/#breadcrumb\",\"itemListElement\":[{\"@type\":\"ListItem\",\"position\":1,\"name\":\"Home\",\"item\":\"https:\\\/\\\/www.kliinikum.ee\\\/yhendlabor\\\/\"},{\"@type\":\"ListItem\",\"position\":2,\"name\":\"K\u00e4siraamat\",\"item\":\"https:\\\/\\\/www.kliinikum.ee\\\/yhendlabor\\\/kasiraamat\\\/\"},{\"@type\":\"ListItem\",\"position\":3,\"name\":\"Vereloome kasvajate uuringud\"}]},{\"@type\":\"WebSite\",\"@id\":\"https:\\\/\\\/www.kliinikum.ee\\\/yhendlabor\\\/#website\",\"url\":\"https:\\\/\\\/www.kliinikum.ee\\\/yhendlabor\\\/\",\"name\":\"\u00dchendlabor\",\"description\":\"Hoolivus, Uuendusmeelsus, P\u00e4devus ja Usaldusv\u00e4\u00e4rsus\",\"potentialAction\":[{\"@type\":\"SearchAction\",\"target\":{\"@type\":\"EntryPoint\",\"urlTemplate\":\"https:\\\/\\\/www.kliinikum.ee\\\/yhendlabor\\\/?s={search_term_string}\"},\"query-input\":{\"@type\":\"PropertyValueSpecification\",\"valueRequired\":true,\"valueName\":\"search_term_string\"}}],\"inLanguage\":\"et\"}]}<\/script>\n<!-- \/ Yoast SEO plugin. -->","yoast_head_json":{"title":"Vereloome kasvajate uuringud - \u00dchendlabor","robots":{"index":"index","follow":"follow","max-snippet":"max-snippet:-1","max-image-preview":"max-image-preview:large","max-video-preview":"max-video-preview:-1"},"canonical":"https:\/\/www.kliinikum.ee\/yhendlabor\/kasiraamat\/vereloome-kasvajate-uuringud\/","og_locale":"et_EE","og_type":"article","og_title":"Vereloome kasvajate uuringud - \u00dchendlabor","og_description":"Beeta-2-mikroglobuliin B- ja T-l\u00fcmfots\u00fc\u00fctide klonaalsus Hematoloogilised kasvajad - somaatiliste geenimutatsioonide paneel (NGS) Immuunglobuliini vabad kapaahelad ja vabad lambdaahelad Kar\u00fcot\u00fc\u00fcp luu\u00fcdist Kromosoomiaberratsioonid interfaasi kromosoomidel luu\u00fcdist ja verest (FISH) Monoklonaalsed immuunglobuliinid seerumis Monoklonaalsed immuunglobuliinid uriinis Somaatilised h\u00fcpermutatsioonid IGH geeni variaabelses piirkonnas T\u00fcvirakkude (CD34) arv ja eluj\u00f5uliste t\u00fcvirakkude (CD34) suhtarv Valkude fraktsioonid seerumis Valkude fraktsioonid uriinis Vereloome kasvajate [&hellip;]","og_url":"https:\/\/www.kliinikum.ee\/yhendlabor\/kasiraamat\/vereloome-kasvajate-uuringud\/","og_site_name":"\u00dchendlabor","article_modified_time":"2026-03-31T13:09:47+00:00","twitter_card":"summary_large_image","twitter_misc":{"Est. reading time":"1 minut"},"schema":{"@context":"https:\/\/schema.org","@graph":[{"@type":"WebPage","@id":"https:\/\/www.kliinikum.ee\/yhendlabor\/kasiraamat\/vereloome-kasvajate-uuringud\/","url":"https:\/\/www.kliinikum.ee\/yhendlabor\/kasiraamat\/vereloome-kasvajate-uuringud\/","name":"Vereloome kasvajate uuringud - \u00dchendlabor","isPartOf":{"@id":"https:\/\/www.kliinikum.ee\/yhendlabor\/#website"},"datePublished":"2023-08-18T10:14:41+00:00","dateModified":"2026-03-31T13:09:47+00:00","breadcrumb":{"@id":"https:\/\/www.kliinikum.ee\/yhendlabor\/kasiraamat\/vereloome-kasvajate-uuringud\/#breadcrumb"},"inLanguage":"et","potentialAction":[{"@type":"ReadAction","target":["https:\/\/www.kliinikum.ee\/yhendlabor\/kasiraamat\/vereloome-kasvajate-uuringud\/"]}]},{"@type":"BreadcrumbList","@id":"https:\/\/www.kliinikum.ee\/yhendlabor\/kasiraamat\/vereloome-kasvajate-uuringud\/#breadcrumb","itemListElement":[{"@type":"ListItem","position":1,"name":"Home","item":"https:\/\/www.kliinikum.ee\/yhendlabor\/"},{"@type":"ListItem","position":2,"name":"K\u00e4siraamat","item":"https:\/\/www.kliinikum.ee\/yhendlabor\/kasiraamat\/"},{"@type":"ListItem","position":3,"name":"Vereloome kasvajate uuringud"}]},{"@type":"WebSite","@id":"https:\/\/www.kliinikum.ee\/yhendlabor\/#website","url":"https:\/\/www.kliinikum.ee\/yhendlabor\/","name":"\u00dchendlabor","description":"Hoolivus, Uuendusmeelsus, P\u00e4devus ja Usaldusv\u00e4\u00e4rsus","potentialAction":[{"@type":"SearchAction","target":{"@type":"EntryPoint","urlTemplate":"https:\/\/www.kliinikum.ee\/yhendlabor\/?s={search_term_string}"},"query-input":{"@type":"PropertyValueSpecification","valueRequired":true,"valueName":"search_term_string"}}],"inLanguage":"et"}]}},"uagb_featured_image_src":{"full":false,"thumbnail":false,"medium":false,"medium_large":false,"large":false,"1536x1536":false,"2048x2048":false},"uagb_author_info":{"display_name":"Tarmo Sulg","author_link":"https:\/\/www.kliinikum.ee\/yhendlabor\/author\/tarmos\/"},"uagb_comment_info":0,"uagb_excerpt":"Beeta-2-mikroglobuliin B- ja T-l\u00fcmfots\u00fc\u00fctide klonaalsus Hematoloogilised kasvajad - somaatiliste geenimutatsioonide paneel (NGS) Immuunglobuliini vabad kapaahelad ja vabad lambdaahelad Kar\u00fcot\u00fc\u00fcp luu\u00fcdist Kromosoomiaberratsioonid interfaasi kromosoomidel luu\u00fcdist ja verest (FISH) Monoklonaalsed immuunglobuliinid seerumis Monoklonaalsed immuunglobuliinid uriinis Somaatilised h\u00fcpermutatsioonid IGH geeni variaabelses piirkonnas T\u00fcvirakkude (CD34) arv ja eluj\u00f5uliste t\u00fcvirakkude (CD34) suhtarv Valkude fraktsioonid seerumis Valkude fraktsioonid uriinis Vereloome kasvajate&hellip;","_links":{"self":[{"href":"https:\/\/www.kliinikum.ee\/yhendlabor\/wp-json\/wp\/v2\/pages\/7320","targetHints":{"allow":["GET"]}}],"collection":[{"href":"https:\/\/www.kliinikum.ee\/yhendlabor\/wp-json\/wp\/v2\/pages"}],"about":[{"href":"https:\/\/www.kliinikum.ee\/yhendlabor\/wp-json\/wp\/v2\/types\/page"}],"author":[{"embeddable":true,"href":"https:\/\/www.kliinikum.ee\/yhendlabor\/wp-json\/wp\/v2\/users\/26"}],"replies":[{"embeddable":true,"href":"https:\/\/www.kliinikum.ee\/yhendlabor\/wp-json\/wp\/v2\/comments?post=7320"}],"version-history":[{"count":0,"href":"https:\/\/www.kliinikum.ee\/yhendlabor\/wp-json\/wp\/v2\/pages\/7320\/revisions"}],"up":[{"embeddable":true,"href":"https:\/\/www.kliinikum.ee\/yhendlabor\/wp-json\/wp\/v2\/pages\/5853"}],"wp:attachment":[{"href":"https:\/\/www.kliinikum.ee\/yhendlabor\/wp-json\/wp\/v2\/media?parent=7320"}],"curies":[{"name":"wp","href":"https:\/\/api.w.org\/{rel}","templated":true}]}}