{"id":7567,"date":"2023-09-12T08:27:41","date_gmt":"2023-09-12T06:27:41","guid":{"rendered":"https:\/\/www.kliinikum.ee\/yhendlabor\/?page_id=7567"},"modified":"2026-01-02T11:15:54","modified_gmt":"2026-01-02T09:15:54","slug":"uhendlabori-verevotukabinetid","status":"publish","type":"page","link":"https:\/\/www.kliinikum.ee\/yhendlabor\/partnerile-ja-kolleegile\/uhendlabori-verevotukabinetid\/","title":{"rendered":"\u00dchendlabori verev\u00f5tukabinetid"},"content":{"rendered":"\n<p><\/p>\n\n\n\n<p><strong>L\u00f5una-Eesti patsiendid saavad eriarsti m\u00e4\u00e4ratud laborianal\u00fc\u00fcse (vere-, uriini- v\u00f5i v\u00e4ljaheiteproov) anda nii Kliinikumis kui ka oma kodul\u00e4hedases haiglas: nt Kliinikumi patsient saab anda anal\u00fc\u00fcse P\u00f5lvas ja vastupidi. Proovimaterjali andmiseks minge m\u00e4\u00e4ratud kuup\u00e4eval Teile sobivasse v\u00f5i l\u00e4himasse kabinetti (eelnevalt aega pole vaja broneerida), tuvastage end ID-kaardiga ja kui Teil on, siis esitage arsti\/\u00f5e v\u00e4ljatr\u00fckitud meelespea. Anal\u00fc\u00fcsi tulemused edastatakse Teie eriarsti haigla infos\u00fcsteemi ja terviseportaali.<\/strong><\/p>\n\n\n\n<figure class=\"wp-block-table\"><table><tbody><tr><td>Asukoht<\/td><td>Vastuv\u00f5tu aeg<\/td><td><\/td><td>Telefon<\/td><\/tr><tr><td>L. Puusepa 1a, Tartu, I korrus, ruum 1159<\/td><td>E-R<br>08:00 - 15:45<br>NB! 23.02.2026 vastuv\u00f5tt: 08:00 - 13:00<\/td><td>laste, t\u00e4iskasvanute kapillaarvere v\u00f5tmine; t\u00e4iskasvanute veenivere v\u00f5tmine<\/td><td>731 9320<\/td><\/tr><tr><td>L. Puusepa 8, Tartu, I korrus, ruum J1177 ja J1178<\/td><td>E\u2013R<br>08:00 - 16:00<br>NB! 23.02.2026  vastuv\u00f5tt: 08:00 - 13:00<\/td><td>t\u00e4iskasvanute kapillaarvere ja veenivere v\u00f5tmine<\/td><td>731 9344<\/td><\/tr><tr><td>L. Puusepa 8, Tartu, I korrus, ruum M1026<\/td><td>E\u2013R<br>08:00 - 16:00<\/td><td>laste kapillaarvere v\u00f5tmine ja veenivere v\u00f5tmine<\/td><td>53319591<\/td><\/tr><tr><td><a><strong>UUS!<\/strong><\/a><strong> <\/strong>\u00dclemiste City Tervisemaja 2, Sepapaja 12\/1, Tallinn, ruum 6.044<\/td><td>E 11:00\u201315:00<br>T\u2013R\u00a008:00\u201315:00\u00a0<br><\/td><td>t\u00e4iskasvanute ja laste veenivere v\u00f5tmine<\/td><td>53319173<\/td><\/tr><tr><td><\/td><td><\/td><td><\/td><td><\/td><\/tr><\/tbody><\/table><figcaption class=\"wp-element-caption\"><br><\/figcaption><\/figure>\n\n\n\n<p><strong>P\u00f5lva Tervisekeskus<br><\/strong>Uus 2, I korrus, ruum 130<br>Vastuv\u00f5tuaeg E\u2013R 08.00\u201314.00 (l\u00f5una 11.30\u201312.00)<\/p>\n\n\n\n<p><strong>Valga haigla labor<br><\/strong>Peetri 2, 0 korrus, ruum C047<br>Vastuv\u00f5tuaeg E\u2013R 07.30\u201313.30 (l\u00f5una 11.00\u201311.30)<\/p>\n\n\n\n<p><strong>L\u00f5una-Eesti haigla labor<br><\/strong>Meegom\u00e4e k\u00fcla, V\u00f5ru maakond<br>B-korpus, IV korrus, ruum B413 (vereproovi andmiseks v\u00f5tke j\u00e4rjekorranumber)<br>Vastuv\u00f5tuaeg E\u2013R 08.00\u201315.00<\/p>\n\n\n\n<p><strong>Viljandi haigla Tervikum labor<br><\/strong>C. R. Jakobsoni 2a, Viljandi<br>I korrus A ooteala (vereproovi andmiseks v\u00f5tke j\u00e4rjekorranumber)<br>Vastuv\u00f5tuaeg E-R 07:30 - 16:00<\/p>\n\n\n\n<p>T\u00e4psem info:\u00a0<a href=\"mailto:yhendlabor@kliinikum.ee\">yhendlabor@kliinikum.ee<\/a><br>Tartu \u00dclikooli Kliinikumi \u00fchendlabor<br>Muudetud 02.01.2026<\/p>\n\n\n\n<p><\/p>\n","protected":false},"excerpt":{"rendered":"<p>L\u00f5una-Eesti patsiendid saavad eriarsti m\u00e4\u00e4ratud laborianal\u00fc\u00fcse (vere-, uriini- v\u00f5i v\u00e4ljaheiteproov) anda nii Kliinikumis kui ka oma kodul\u00e4hedases haiglas: nt Kliinikumi patsient saab anda anal\u00fc\u00fcse P\u00f5lvas ja vastupidi. Proovimaterjali andmiseks minge m\u00e4\u00e4ratud kuup\u00e4eval Teile sobivasse v\u00f5i l\u00e4himasse kabinetti (eelnevalt aega pole vaja broneerida), tuvastage end ID-kaardiga ja kui Teil on, siis esitage arsti\/\u00f5e v\u00e4ljatr\u00fckitud meelespea. Anal\u00fc\u00fcsi [&hellip;]<\/p>\n","protected":false},"author":32,"featured_media":0,"parent":5850,"menu_order":0,"comment_status":"closed","ping_status":"closed","template":"","meta":{"_uag_custom_page_level_css":"","footnotes":""},"class_list":["post-7567","page","type-page","status-publish","hentry"],"acf":[],"yoast_head":"<!-- This site is optimized with the Yoast SEO plugin v27.3 - https:\/\/yoast.com\/product\/yoast-seo-wordpress\/ -->\n<title>\u00dchendlabori verev\u00f5tukabinetid - \u00dchendlabor<\/title>\n<meta name=\"robots\" content=\"index, follow, max-snippet:-1, max-image-preview:large, max-video-preview:-1\" \/>\n<link rel=\"canonical\" href=\"https:\/\/www.kliinikum.ee\/yhendlabor\/partnerile-ja-kolleegile\/uhendlabori-verevotukabinetid\/\" \/>\n<meta property=\"og:locale\" content=\"et_EE\" \/>\n<meta property=\"og:type\" content=\"article\" \/>\n<meta property=\"og:title\" content=\"\u00dchendlabori verev\u00f5tukabinetid - \u00dchendlabor\" \/>\n<meta property=\"og:description\" content=\"L\u00f5una-Eesti patsiendid saavad eriarsti m\u00e4\u00e4ratud laborianal\u00fc\u00fcse (vere-, uriini- v\u00f5i v\u00e4ljaheiteproov) anda nii Kliinikumis kui ka oma kodul\u00e4hedases haiglas: nt Kliinikumi patsient saab anda anal\u00fc\u00fcse P\u00f5lvas ja vastupidi. Proovimaterjali andmiseks minge m\u00e4\u00e4ratud kuup\u00e4eval Teile sobivasse v\u00f5i l\u00e4himasse kabinetti (eelnevalt aega pole vaja broneerida), tuvastage end ID-kaardiga ja kui Teil on, siis esitage arsti\/\u00f5e v\u00e4ljatr\u00fckitud meelespea. Anal\u00fc\u00fcsi [&hellip;]\" \/>\n<meta property=\"og:url\" content=\"https:\/\/www.kliinikum.ee\/yhendlabor\/partnerile-ja-kolleegile\/uhendlabori-verevotukabinetid\/\" \/>\n<meta property=\"og:site_name\" content=\"\u00dchendlabor\" \/>\n<meta property=\"article:modified_time\" content=\"2026-01-02T09:15:54+00:00\" \/>\n<meta name=\"twitter:card\" content=\"summary_large_image\" \/>\n<meta name=\"twitter:label1\" content=\"Est. reading time\" \/>\n\t<meta name=\"twitter:data1\" content=\"2 minutit\" \/>\n<script type=\"application\/ld+json\" class=\"yoast-schema-graph\">{\"@context\":\"https:\\\/\\\/schema.org\",\"@graph\":[{\"@type\":\"WebPage\",\"@id\":\"https:\\\/\\\/www.kliinikum.ee\\\/yhendlabor\\\/partnerile-ja-kolleegile\\\/uhendlabori-verevotukabinetid\\\/\",\"url\":\"https:\\\/\\\/www.kliinikum.ee\\\/yhendlabor\\\/partnerile-ja-kolleegile\\\/uhendlabori-verevotukabinetid\\\/\",\"name\":\"\u00dchendlabori verev\u00f5tukabinetid - \u00dchendlabor\",\"isPartOf\":{\"@id\":\"https:\\\/\\\/www.kliinikum.ee\\\/yhendlabor\\\/#website\"},\"datePublished\":\"2023-09-12T06:27:41+00:00\",\"dateModified\":\"2026-01-02T09:15:54+00:00\",\"breadcrumb\":{\"@id\":\"https:\\\/\\\/www.kliinikum.ee\\\/yhendlabor\\\/partnerile-ja-kolleegile\\\/uhendlabori-verevotukabinetid\\\/#breadcrumb\"},\"inLanguage\":\"et\",\"potentialAction\":[{\"@type\":\"ReadAction\",\"target\":[\"https:\\\/\\\/www.kliinikum.ee\\\/yhendlabor\\\/partnerile-ja-kolleegile\\\/uhendlabori-verevotukabinetid\\\/\"]}]},{\"@type\":\"BreadcrumbList\",\"@id\":\"https:\\\/\\\/www.kliinikum.ee\\\/yhendlabor\\\/partnerile-ja-kolleegile\\\/uhendlabori-verevotukabinetid\\\/#breadcrumb\",\"itemListElement\":[{\"@type\":\"ListItem\",\"position\":1,\"name\":\"Home\",\"item\":\"https:\\\/\\\/www.kliinikum.ee\\\/yhendlabor\\\/\"},{\"@type\":\"ListItem\",\"position\":2,\"name\":\"Partnerile ja kolleegile\",\"item\":\"https:\\\/\\\/www.kliinikum.ee\\\/yhendlabor\\\/partnerile-ja-kolleegile\\\/\"},{\"@type\":\"ListItem\",\"position\":3,\"name\":\"\u00dchendlabori verev\u00f5tukabinetid\"}]},{\"@type\":\"WebSite\",\"@id\":\"https:\\\/\\\/www.kliinikum.ee\\\/yhendlabor\\\/#website\",\"url\":\"https:\\\/\\\/www.kliinikum.ee\\\/yhendlabor\\\/\",\"name\":\"\u00dchendlabor\",\"description\":\"Hoolivus, Uuendusmeelsus, P\u00e4devus ja Usaldusv\u00e4\u00e4rsus\",\"potentialAction\":[{\"@type\":\"SearchAction\",\"target\":{\"@type\":\"EntryPoint\",\"urlTemplate\":\"https:\\\/\\\/www.kliinikum.ee\\\/yhendlabor\\\/?s={search_term_string}\"},\"query-input\":{\"@type\":\"PropertyValueSpecification\",\"valueRequired\":true,\"valueName\":\"search_term_string\"}}],\"inLanguage\":\"et\"}]}<\/script>\n<!-- \/ Yoast SEO plugin. -->","yoast_head_json":{"title":"\u00dchendlabori verev\u00f5tukabinetid - \u00dchendlabor","robots":{"index":"index","follow":"follow","max-snippet":"max-snippet:-1","max-image-preview":"max-image-preview:large","max-video-preview":"max-video-preview:-1"},"canonical":"https:\/\/www.kliinikum.ee\/yhendlabor\/partnerile-ja-kolleegile\/uhendlabori-verevotukabinetid\/","og_locale":"et_EE","og_type":"article","og_title":"\u00dchendlabori verev\u00f5tukabinetid - \u00dchendlabor","og_description":"L\u00f5una-Eesti patsiendid saavad eriarsti m\u00e4\u00e4ratud laborianal\u00fc\u00fcse (vere-, uriini- v\u00f5i v\u00e4ljaheiteproov) anda nii Kliinikumis kui ka oma kodul\u00e4hedases haiglas: nt Kliinikumi patsient saab anda anal\u00fc\u00fcse P\u00f5lvas ja vastupidi. Proovimaterjali andmiseks minge m\u00e4\u00e4ratud kuup\u00e4eval Teile sobivasse v\u00f5i l\u00e4himasse kabinetti (eelnevalt aega pole vaja broneerida), tuvastage end ID-kaardiga ja kui Teil on, siis esitage arsti\/\u00f5e v\u00e4ljatr\u00fckitud meelespea. Anal\u00fc\u00fcsi [&hellip;]","og_url":"https:\/\/www.kliinikum.ee\/yhendlabor\/partnerile-ja-kolleegile\/uhendlabori-verevotukabinetid\/","og_site_name":"\u00dchendlabor","article_modified_time":"2026-01-02T09:15:54+00:00","twitter_card":"summary_large_image","twitter_misc":{"Est. reading time":"2 minutit"},"schema":{"@context":"https:\/\/schema.org","@graph":[{"@type":"WebPage","@id":"https:\/\/www.kliinikum.ee\/yhendlabor\/partnerile-ja-kolleegile\/uhendlabori-verevotukabinetid\/","url":"https:\/\/www.kliinikum.ee\/yhendlabor\/partnerile-ja-kolleegile\/uhendlabori-verevotukabinetid\/","name":"\u00dchendlabori verev\u00f5tukabinetid - \u00dchendlabor","isPartOf":{"@id":"https:\/\/www.kliinikum.ee\/yhendlabor\/#website"},"datePublished":"2023-09-12T06:27:41+00:00","dateModified":"2026-01-02T09:15:54+00:00","breadcrumb":{"@id":"https:\/\/www.kliinikum.ee\/yhendlabor\/partnerile-ja-kolleegile\/uhendlabori-verevotukabinetid\/#breadcrumb"},"inLanguage":"et","potentialAction":[{"@type":"ReadAction","target":["https:\/\/www.kliinikum.ee\/yhendlabor\/partnerile-ja-kolleegile\/uhendlabori-verevotukabinetid\/"]}]},{"@type":"BreadcrumbList","@id":"https:\/\/www.kliinikum.ee\/yhendlabor\/partnerile-ja-kolleegile\/uhendlabori-verevotukabinetid\/#breadcrumb","itemListElement":[{"@type":"ListItem","position":1,"name":"Home","item":"https:\/\/www.kliinikum.ee\/yhendlabor\/"},{"@type":"ListItem","position":2,"name":"Partnerile ja kolleegile","item":"https:\/\/www.kliinikum.ee\/yhendlabor\/partnerile-ja-kolleegile\/"},{"@type":"ListItem","position":3,"name":"\u00dchendlabori verev\u00f5tukabinetid"}]},{"@type":"WebSite","@id":"https:\/\/www.kliinikum.ee\/yhendlabor\/#website","url":"https:\/\/www.kliinikum.ee\/yhendlabor\/","name":"\u00dchendlabor","description":"Hoolivus, Uuendusmeelsus, P\u00e4devus ja Usaldusv\u00e4\u00e4rsus","potentialAction":[{"@type":"SearchAction","target":{"@type":"EntryPoint","urlTemplate":"https:\/\/www.kliinikum.ee\/yhendlabor\/?s={search_term_string}"},"query-input":{"@type":"PropertyValueSpecification","valueRequired":true,"valueName":"search_term_string"}}],"inLanguage":"et"}]}},"uagb_featured_image_src":{"full":false,"thumbnail":false,"medium":false,"medium_large":false,"large":false,"1536x1536":false,"2048x2048":false},"uagb_author_info":{"display_name":"Pille Mee","author_link":"https:\/\/www.kliinikum.ee\/yhendlabor\/author\/pille\/"},"uagb_comment_info":0,"uagb_excerpt":"L\u00f5una-Eesti patsiendid saavad eriarsti m\u00e4\u00e4ratud laborianal\u00fc\u00fcse (vere-, uriini- v\u00f5i v\u00e4ljaheiteproov) anda nii Kliinikumis kui ka oma kodul\u00e4hedases haiglas: nt Kliinikumi patsient saab anda anal\u00fc\u00fcse P\u00f5lvas ja vastupidi. Proovimaterjali andmiseks minge m\u00e4\u00e4ratud kuup\u00e4eval Teile sobivasse v\u00f5i l\u00e4himasse kabinetti (eelnevalt aega pole vaja broneerida), tuvastage end ID-kaardiga ja kui Teil on, siis esitage arsti\/\u00f5e v\u00e4ljatr\u00fckitud meelespea. Anal\u00fc\u00fcsi&hellip;","_links":{"self":[{"href":"https:\/\/www.kliinikum.ee\/yhendlabor\/wp-json\/wp\/v2\/pages\/7567","targetHints":{"allow":["GET"]}}],"collection":[{"href":"https:\/\/www.kliinikum.ee\/yhendlabor\/wp-json\/wp\/v2\/pages"}],"about":[{"href":"https:\/\/www.kliinikum.ee\/yhendlabor\/wp-json\/wp\/v2\/types\/page"}],"author":[{"embeddable":true,"href":"https:\/\/www.kliinikum.ee\/yhendlabor\/wp-json\/wp\/v2\/users\/32"}],"replies":[{"embeddable":true,"href":"https:\/\/www.kliinikum.ee\/yhendlabor\/wp-json\/wp\/v2\/comments?post=7567"}],"version-history":[{"count":0,"href":"https:\/\/www.kliinikum.ee\/yhendlabor\/wp-json\/wp\/v2\/pages\/7567\/revisions"}],"up":[{"embeddable":true,"href":"https:\/\/www.kliinikum.ee\/yhendlabor\/wp-json\/wp\/v2\/pages\/5850"}],"wp:attachment":[{"href":"https:\/\/www.kliinikum.ee\/yhendlabor\/wp-json\/wp\/v2\/media?parent=7567"}],"curies":[{"name":"wp","href":"https:\/\/api.w.org\/{rel}","templated":true}]}}