{"id":8231,"date":"2023-09-13T09:08:27","date_gmt":"2023-09-13T07:08:27","guid":{"rendered":"https:\/\/www.kliinikum.ee\/yhendlabor\/?page_id=8231"},"modified":"2024-01-10T09:37:55","modified_gmt":"2024-01-10T07:37:55","slug":"perearstile","status":"publish","type":"page","link":"https:\/\/www.kliinikum.ee\/yhendlabor\/partnerile-ja-kolleegile\/perearstile\/","title":{"rendered":"Perearstile"},"content":{"rendered":"\n<p><strong>Anal\u00fc\u00fcside teostamiseks kuluv aeg \u00fchendlaboris<\/strong><\/p>\n\n\n\n<div class=\"wp-block-file\"><a id=\"wp-block-file--media-8a9daa6e-22bf-46e5-9cc2-0e50d554ca6a\" href=\"https:\/\/www.kliinikum.ee\/yhendlabor\/wp-content\/uploads\/2023\/12\/TUL-14.3.1-Analuuside-teostamiseks-kuluv-aeg-uhendlaboris-v01.xlsx\">T\u00dcL-14.3.1 Anal\u00fc\u00fcside teostamiseks kuluv aeg \u00fchendlaboris v01<\/a><a href=\"https:\/\/www.kliinikum.ee\/yhendlabor\/wp-content\/uploads\/2023\/12\/TUL-14.3.1-Analuuside-teostamiseks-kuluv-aeg-uhendlaboris-v01.xlsx\" class=\"wp-block-file__button wp-element-button\" download aria-describedby=\"wp-block-file--media-8a9daa6e-22bf-46e5-9cc2-0e50d554ca6a\">Laadi alla<\/a><\/div>\n\n\n\n<p><strong>Perearstikeskustes teostatavate anal\u00fc\u00fcside (POCT-&nbsp;<em>point of care<\/em>) kvaliteet<\/strong><\/p>\n\n\n\n<p>T\u00e4nap\u00e4eval kasutatakse perearsti praksistes seadmeid, mis v\u00f5imaldavad l\u00e4bi viia labori uuringute hulka kuuluvaid anal\u00fc\u00fcse (nt gl\u00fckoos, CRP, INR jt), selliseid patsiendi vahetus l\u00e4heduses teostatavaid teste nimetatakse POCT uuringuteks (point of care testing). Paraku on perearstil k\u00fcllalt raske tagada kasutatava seadme kvaliteeti v\u00f5i hinnata selle sobivust kasutamiseks. \u00dchendlabor pakub siinkohal oma klientidele igak\u00fclgset abi POCT seadmete kvaliteedi tagamisel ja v\u00f5rdluskatsete korraldamisel.<\/p>\n\n\n\n<p>Kvaliteedi tagamise s\u00f5lmkohad on:<\/p>\n\n\n\n<ul class=\"wp-block-list\">\n<li>sobiva meetodi valik,<\/li>\n\n\n\n<li>igap\u00e4evane kvaliteedikontroll,<\/li>\n\n\n\n<li>v\u00f5rdluskatsed.<\/li>\n<\/ul>\n\n\n\n<p><strong>Sobiva seadme valik ja v\u00f5rdluskatsed.<\/strong>&nbsp;Esimene t\u00f5sine \u00fclesanne POCT seadme kasutusele v\u00f5tmisel on valida parim seade. Arvamus, et k\u00f5ik m\u00fc\u00fcgil olevad seadmed on \u00fchtviisi head ei vasta t\u00f5ele, vaatamata sellele, et neil on olemas k\u00f5ik vajalikud sertifikaadid. Samuti on ka juhtunud, et m\u00f5ni pakutav seade ei sobigi kasutamiseks. Siinkohal on v\u00e4ga oluline teada, milline on uue seadme (seadme t\u00fc\u00fcbi) kasutuskogemus, lihtsus ja v\u00f5rdlustulemus suure laboriga. P\u00e4ris uue seadme kasutusele v\u00f5tmisel soovitame viia l\u00e4bi 20...40 proovist koosnev v\u00f5rdlusuuring, kus m\u00e4\u00e4ratakse anal\u00fc\u00fcs nii perearsti seadmel kui ka labori meetodiga. Sellise v\u00f5rdluse tegemist v\u00f5ib n\u00f5uda toote pakkujalt. Edaspidi, kui seade on juba kasutusele v\u00f5etud, pakume omalt poolt regulaarset v\u00f5rdlust 3-4 korda aastas, kus viiakse l\u00e4bi kolmest proovist koosnev v\u00f5rdluskatse. Selline v\u00f5rdluskatse tagab perioodilise ja s\u00f5ltumatu kvaliteedikontrolli kasutatavale seadmele.<\/p>\n\n\n\n<p>Kui kavatsete kasutusele v\u00f5tta uut seadet, siis on kasulik uurida, milline on olnud teid huvitava seadme varasemalt tehtud v\u00f5rdlused laboriga ja\/v\u00f5i kasutuskogemus.<\/p>\n\n\n\n<p><strong>Igap\u00e4evane (regulaarne) sisemine kvaliteedikontroll.<\/strong>&nbsp;K\u00f5ikidele labori seadmetele (ka POCT seadmetele) on olemas kvaliteedikontrollmaterjalid, millega kontrollitakse regulaarselt nende t\u00f6\u00f6d. Need on patsiendi materjali (veri, plasma, uriin jne) imiteerivad lahused, kus on eelnevalt teada uuritava anal\u00fc\u00fcsi (nt gl\u00fckoosi) sisaldus ja kontrollvahemik. Kontrollmaterjali uuritakse t\u00e4pselt sama protseduuri j\u00e4rgi nagu patsiendi proovigi. N\u00e4iteks gl\u00fckomeetrite kontrolliks on olemas v\u00e4ikestesse pudelitesse villitud kontrolllahus, mida tilgutatakse gl\u00fckomeetri kontrollribale (vt t\u00e4pselt gl\u00fckomeetri juhendit!) ning gl\u00fckomeetrilt saadud m\u00f5\u00f5tetulemust v\u00f5rreldakse kontrollvahemikuga, mis on m\u00e4rgitud, kas gl\u00fckomeetri ribade purgile, kontrolllahuse pudelile v\u00f5i on eraldi kontrolllahuse sertifikaadil. T\u00e4helepanu! Kvaliteedikontrolllahused on gl\u00fckomeetri (vm seadme) spetsiifilised ja neid ei saa kasutada teise tootja gl\u00fckomeetrite (seadmete) kontrollimisel! Tutvu&nbsp;<strong>alati gl\u00fckomeetri v\u00f5i muu seadme juhendiga ja vii kontrollm\u00f5\u00f5tmine l\u00e4bi vastavalt juhendile!<\/strong><\/p>\n\n\n\n<p>Igap\u00e4evane sisemine kvaliteedikontroll v\u00f5imaldab avastada v\u00e4ga suuri vigu, kuid ei anna teadmist, kuidas ja millise kvaliteediga meetod t\u00f6\u00f6tab labori meetodi suhtes.<\/p>\n","protected":false},"excerpt":{"rendered":"<p>Anal\u00fc\u00fcside teostamiseks kuluv aeg \u00fchendlaboris Perearstikeskustes teostatavate anal\u00fc\u00fcside (POCT-&nbsp;point of care) kvaliteet T\u00e4nap\u00e4eval kasutatakse perearsti praksistes seadmeid, mis v\u00f5imaldavad l\u00e4bi viia labori uuringute hulka kuuluvaid anal\u00fc\u00fcse (nt gl\u00fckoos, CRP, INR jt), selliseid patsiendi vahetus l\u00e4heduses teostatavaid teste nimetatakse POCT uuringuteks (point of care testing). Paraku on perearstil k\u00fcllalt raske tagada kasutatava seadme kvaliteeti v\u00f5i hinnata [&hellip;]<\/p>\n","protected":false},"author":36,"featured_media":0,"parent":5850,"menu_order":8,"comment_status":"closed","ping_status":"closed","template":"","meta":{"_uag_custom_page_level_css":"","footnotes":""},"class_list":["post-8231","page","type-page","status-publish","hentry"],"acf":[],"yoast_head":"<!-- This site is optimized with the Yoast SEO plugin v27.3 - https:\/\/yoast.com\/product\/yoast-seo-wordpress\/ -->\n<title>Perearstile - \u00dchendlabor<\/title>\n<meta name=\"robots\" content=\"index, follow, max-snippet:-1, max-image-preview:large, max-video-preview:-1\" \/>\n<link rel=\"canonical\" href=\"https:\/\/www.kliinikum.ee\/yhendlabor\/partnerile-ja-kolleegile\/perearstile\/\" \/>\n<meta property=\"og:locale\" content=\"et_EE\" \/>\n<meta property=\"og:type\" content=\"article\" \/>\n<meta property=\"og:title\" content=\"Perearstile - \u00dchendlabor\" \/>\n<meta property=\"og:description\" content=\"Anal\u00fc\u00fcside teostamiseks kuluv aeg \u00fchendlaboris Perearstikeskustes teostatavate anal\u00fc\u00fcside (POCT-&nbsp;point of care) kvaliteet T\u00e4nap\u00e4eval kasutatakse perearsti praksistes seadmeid, mis v\u00f5imaldavad l\u00e4bi viia labori uuringute hulka kuuluvaid anal\u00fc\u00fcse (nt gl\u00fckoos, CRP, INR jt), selliseid patsiendi vahetus l\u00e4heduses teostatavaid teste nimetatakse POCT uuringuteks (point of care testing). Paraku on perearstil k\u00fcllalt raske tagada kasutatava seadme kvaliteeti v\u00f5i hinnata [&hellip;]\" \/>\n<meta property=\"og:url\" content=\"https:\/\/www.kliinikum.ee\/yhendlabor\/partnerile-ja-kolleegile\/perearstile\/\" \/>\n<meta property=\"og:site_name\" content=\"\u00dchendlabor\" \/>\n<meta property=\"article:modified_time\" content=\"2024-01-10T07:37:55+00:00\" \/>\n<meta name=\"twitter:card\" content=\"summary_large_image\" \/>\n<meta name=\"twitter:label1\" content=\"Est. reading time\" \/>\n\t<meta name=\"twitter:data1\" content=\"3 minutit\" \/>\n<script type=\"application\/ld+json\" class=\"yoast-schema-graph\">{\"@context\":\"https:\\\/\\\/schema.org\",\"@graph\":[{\"@type\":\"WebPage\",\"@id\":\"https:\\\/\\\/www.kliinikum.ee\\\/yhendlabor\\\/partnerile-ja-kolleegile\\\/perearstile\\\/\",\"url\":\"https:\\\/\\\/www.kliinikum.ee\\\/yhendlabor\\\/partnerile-ja-kolleegile\\\/perearstile\\\/\",\"name\":\"Perearstile - \u00dchendlabor\",\"isPartOf\":{\"@id\":\"https:\\\/\\\/www.kliinikum.ee\\\/yhendlabor\\\/#website\"},\"datePublished\":\"2023-09-13T07:08:27+00:00\",\"dateModified\":\"2024-01-10T07:37:55+00:00\",\"breadcrumb\":{\"@id\":\"https:\\\/\\\/www.kliinikum.ee\\\/yhendlabor\\\/partnerile-ja-kolleegile\\\/perearstile\\\/#breadcrumb\"},\"inLanguage\":\"et\",\"potentialAction\":[{\"@type\":\"ReadAction\",\"target\":[\"https:\\\/\\\/www.kliinikum.ee\\\/yhendlabor\\\/partnerile-ja-kolleegile\\\/perearstile\\\/\"]}]},{\"@type\":\"BreadcrumbList\",\"@id\":\"https:\\\/\\\/www.kliinikum.ee\\\/yhendlabor\\\/partnerile-ja-kolleegile\\\/perearstile\\\/#breadcrumb\",\"itemListElement\":[{\"@type\":\"ListItem\",\"position\":1,\"name\":\"Home\",\"item\":\"https:\\\/\\\/www.kliinikum.ee\\\/yhendlabor\\\/\"},{\"@type\":\"ListItem\",\"position\":2,\"name\":\"Partnerile ja kolleegile\",\"item\":\"https:\\\/\\\/www.kliinikum.ee\\\/yhendlabor\\\/partnerile-ja-kolleegile\\\/\"},{\"@type\":\"ListItem\",\"position\":3,\"name\":\"Perearstile\"}]},{\"@type\":\"WebSite\",\"@id\":\"https:\\\/\\\/www.kliinikum.ee\\\/yhendlabor\\\/#website\",\"url\":\"https:\\\/\\\/www.kliinikum.ee\\\/yhendlabor\\\/\",\"name\":\"\u00dchendlabor\",\"description\":\"Hoolivus, Uuendusmeelsus, P\u00e4devus ja Usaldusv\u00e4\u00e4rsus\",\"potentialAction\":[{\"@type\":\"SearchAction\",\"target\":{\"@type\":\"EntryPoint\",\"urlTemplate\":\"https:\\\/\\\/www.kliinikum.ee\\\/yhendlabor\\\/?s={search_term_string}\"},\"query-input\":{\"@type\":\"PropertyValueSpecification\",\"valueRequired\":true,\"valueName\":\"search_term_string\"}}],\"inLanguage\":\"et\"}]}<\/script>\n<!-- \/ Yoast SEO plugin. -->","yoast_head_json":{"title":"Perearstile - \u00dchendlabor","robots":{"index":"index","follow":"follow","max-snippet":"max-snippet:-1","max-image-preview":"max-image-preview:large","max-video-preview":"max-video-preview:-1"},"canonical":"https:\/\/www.kliinikum.ee\/yhendlabor\/partnerile-ja-kolleegile\/perearstile\/","og_locale":"et_EE","og_type":"article","og_title":"Perearstile - \u00dchendlabor","og_description":"Anal\u00fc\u00fcside teostamiseks kuluv aeg \u00fchendlaboris Perearstikeskustes teostatavate anal\u00fc\u00fcside (POCT-&nbsp;point of care) kvaliteet T\u00e4nap\u00e4eval kasutatakse perearsti praksistes seadmeid, mis v\u00f5imaldavad l\u00e4bi viia labori uuringute hulka kuuluvaid anal\u00fc\u00fcse (nt gl\u00fckoos, CRP, INR jt), selliseid patsiendi vahetus l\u00e4heduses teostatavaid teste nimetatakse POCT uuringuteks (point of care testing). Paraku on perearstil k\u00fcllalt raske tagada kasutatava seadme kvaliteeti v\u00f5i hinnata [&hellip;]","og_url":"https:\/\/www.kliinikum.ee\/yhendlabor\/partnerile-ja-kolleegile\/perearstile\/","og_site_name":"\u00dchendlabor","article_modified_time":"2024-01-10T07:37:55+00:00","twitter_card":"summary_large_image","twitter_misc":{"Est. reading time":"3 minutit"},"schema":{"@context":"https:\/\/schema.org","@graph":[{"@type":"WebPage","@id":"https:\/\/www.kliinikum.ee\/yhendlabor\/partnerile-ja-kolleegile\/perearstile\/","url":"https:\/\/www.kliinikum.ee\/yhendlabor\/partnerile-ja-kolleegile\/perearstile\/","name":"Perearstile - \u00dchendlabor","isPartOf":{"@id":"https:\/\/www.kliinikum.ee\/yhendlabor\/#website"},"datePublished":"2023-09-13T07:08:27+00:00","dateModified":"2024-01-10T07:37:55+00:00","breadcrumb":{"@id":"https:\/\/www.kliinikum.ee\/yhendlabor\/partnerile-ja-kolleegile\/perearstile\/#breadcrumb"},"inLanguage":"et","potentialAction":[{"@type":"ReadAction","target":["https:\/\/www.kliinikum.ee\/yhendlabor\/partnerile-ja-kolleegile\/perearstile\/"]}]},{"@type":"BreadcrumbList","@id":"https:\/\/www.kliinikum.ee\/yhendlabor\/partnerile-ja-kolleegile\/perearstile\/#breadcrumb","itemListElement":[{"@type":"ListItem","position":1,"name":"Home","item":"https:\/\/www.kliinikum.ee\/yhendlabor\/"},{"@type":"ListItem","position":2,"name":"Partnerile ja kolleegile","item":"https:\/\/www.kliinikum.ee\/yhendlabor\/partnerile-ja-kolleegile\/"},{"@type":"ListItem","position":3,"name":"Perearstile"}]},{"@type":"WebSite","@id":"https:\/\/www.kliinikum.ee\/yhendlabor\/#website","url":"https:\/\/www.kliinikum.ee\/yhendlabor\/","name":"\u00dchendlabor","description":"Hoolivus, Uuendusmeelsus, P\u00e4devus ja Usaldusv\u00e4\u00e4rsus","potentialAction":[{"@type":"SearchAction","target":{"@type":"EntryPoint","urlTemplate":"https:\/\/www.kliinikum.ee\/yhendlabor\/?s={search_term_string}"},"query-input":{"@type":"PropertyValueSpecification","valueRequired":true,"valueName":"search_term_string"}}],"inLanguage":"et"}]}},"uagb_featured_image_src":{"full":false,"thumbnail":false,"medium":false,"medium_large":false,"large":false,"1536x1536":false,"2048x2048":false},"uagb_author_info":{"display_name":"Jane Freimann","author_link":"https:\/\/www.kliinikum.ee\/yhendlabor\/author\/janef\/"},"uagb_comment_info":0,"uagb_excerpt":"Anal\u00fc\u00fcside teostamiseks kuluv aeg \u00fchendlaboris Perearstikeskustes teostatavate anal\u00fc\u00fcside (POCT-&nbsp;point of care) kvaliteet T\u00e4nap\u00e4eval kasutatakse perearsti praksistes seadmeid, mis v\u00f5imaldavad l\u00e4bi viia labori uuringute hulka kuuluvaid anal\u00fc\u00fcse (nt gl\u00fckoos, CRP, INR jt), selliseid patsiendi vahetus l\u00e4heduses teostatavaid teste nimetatakse POCT uuringuteks (point of care testing). Paraku on perearstil k\u00fcllalt raske tagada kasutatava seadme kvaliteeti v\u00f5i hinnata&hellip;","_links":{"self":[{"href":"https:\/\/www.kliinikum.ee\/yhendlabor\/wp-json\/wp\/v2\/pages\/8231","targetHints":{"allow":["GET"]}}],"collection":[{"href":"https:\/\/www.kliinikum.ee\/yhendlabor\/wp-json\/wp\/v2\/pages"}],"about":[{"href":"https:\/\/www.kliinikum.ee\/yhendlabor\/wp-json\/wp\/v2\/types\/page"}],"author":[{"embeddable":true,"href":"https:\/\/www.kliinikum.ee\/yhendlabor\/wp-json\/wp\/v2\/users\/36"}],"replies":[{"embeddable":true,"href":"https:\/\/www.kliinikum.ee\/yhendlabor\/wp-json\/wp\/v2\/comments?post=8231"}],"version-history":[{"count":0,"href":"https:\/\/www.kliinikum.ee\/yhendlabor\/wp-json\/wp\/v2\/pages\/8231\/revisions"}],"up":[{"embeddable":true,"href":"https:\/\/www.kliinikum.ee\/yhendlabor\/wp-json\/wp\/v2\/pages\/5850"}],"wp:attachment":[{"href":"https:\/\/www.kliinikum.ee\/yhendlabor\/wp-json\/wp\/v2\/media?parent=8231"}],"curies":[{"name":"wp","href":"https:\/\/api.w.org\/{rel}","templated":true}]}}