{"id":9538,"date":"2024-05-27T19:41:04","date_gmt":"2024-05-27T17:41:04","guid":{"rendered":"https:\/\/www.kliinikum.ee\/yhendlabor\/?page_id=9538"},"modified":"2024-07-04T07:09:48","modified_gmt":"2024-07-04T05:09:48","slug":"avalik-deklaratsioon-tervishoiuasutuses-valmistatud-ja-kasutuses-olevate-meditsiiniseadmete-kohta","status":"publish","type":"page","link":"https:\/\/www.kliinikum.ee\/yhendlabor\/partnerile-ja-kolleegile\/avalik-deklaratsioon-tervishoiuasutuses-valmistatud-ja-kasutuses-olevate-meditsiiniseadmete-kohta\/","title":{"rendered":"Avalik deklaratsioon tervishoiuasutuses valmistatud ja kasutuses olevate meditsiiniseadmete kohta"},"content":{"rendered":"\n<div class=\"wp-block-file\"><a id=\"wp-block-file--media-31031670-612b-4ac1-aab7-f4af09fec7de\" href=\"https:\/\/www.kliinikum.ee\/yhendlabor\/wp-content\/uploads\/2024\/07\/TUL-7.6.1-Avalik-deklaratsioon-tervishoiuasutuses-valmistatud-ja-kasutuses-olevate-meditsiiniseadmete-kohta-v03.pdf\" target=\"_blank\" rel=\"noreferrer noopener\">T\u00dcL-7.6.1 Avalik deklaratsioon tervishoiuasutuses valmistatud ja kasutuses olevate meditsiiniseadmete kohta v03<\/a><\/div>\n\n\n\n<p class=\"has-small-font-size\"><\/p>\n","protected":false},"excerpt":{"rendered":"","protected":false},"author":30,"featured_media":0,"parent":5850,"menu_order":9,"comment_status":"closed","ping_status":"closed","template":"","meta":{"_uag_custom_page_level_css":"","footnotes":""},"class_list":["post-9538","page","type-page","status-publish","hentry"],"acf":[],"yoast_head":"<!-- This site is optimized with the Yoast SEO plugin v27.1.1 - https:\/\/yoast.com\/product\/yoast-seo-wordpress\/ -->\n<title>Avalik deklaratsioon tervishoiuasutuses valmistatud ja kasutuses olevate meditsiiniseadmete kohta - \u00dchendlabor<\/title>\n<meta name=\"robots\" content=\"index, follow, max-snippet:-1, max-image-preview:large, max-video-preview:-1\" \/>\n<link rel=\"canonical\" href=\"https:\/\/www.kliinikum.ee\/yhendlabor\/partnerile-ja-kolleegile\/avalik-deklaratsioon-tervishoiuasutuses-valmistatud-ja-kasutuses-olevate-meditsiiniseadmete-kohta\/\" \/>\n<meta property=\"og:locale\" content=\"et_EE\" \/>\n<meta property=\"og:type\" content=\"article\" \/>\n<meta property=\"og:title\" content=\"Avalik deklaratsioon tervishoiuasutuses valmistatud ja kasutuses olevate meditsiiniseadmete kohta - \u00dchendlabor\" \/>\n<meta property=\"og:url\" content=\"https:\/\/www.kliinikum.ee\/yhendlabor\/partnerile-ja-kolleegile\/avalik-deklaratsioon-tervishoiuasutuses-valmistatud-ja-kasutuses-olevate-meditsiiniseadmete-kohta\/\" \/>\n<meta property=\"og:site_name\" content=\"\u00dchendlabor\" \/>\n<meta property=\"article:modified_time\" content=\"2024-07-04T05:09:48+00:00\" \/>\n<meta name=\"twitter:card\" content=\"summary_large_image\" \/>\n<meta name=\"twitter:label1\" content=\"Est. reading time\" \/>\n\t<meta name=\"twitter:data1\" content=\"1 minut\" \/>\n<script type=\"application\/ld+json\" class=\"yoast-schema-graph\">{\"@context\":\"https:\/\/schema.org\",\"@graph\":[{\"@type\":\"WebPage\",\"@id\":\"https:\/\/www.kliinikum.ee\/yhendlabor\/partnerile-ja-kolleegile\/avalik-deklaratsioon-tervishoiuasutuses-valmistatud-ja-kasutuses-olevate-meditsiiniseadmete-kohta\/\",\"url\":\"https:\/\/www.kliinikum.ee\/yhendlabor\/partnerile-ja-kolleegile\/avalik-deklaratsioon-tervishoiuasutuses-valmistatud-ja-kasutuses-olevate-meditsiiniseadmete-kohta\/\",\"name\":\"Avalik deklaratsioon tervishoiuasutuses valmistatud ja kasutuses olevate meditsiiniseadmete kohta - \u00dchendlabor\",\"isPartOf\":{\"@id\":\"https:\/\/www.kliinikum.ee\/yhendlabor\/#website\"},\"datePublished\":\"2024-05-27T17:41:04+00:00\",\"dateModified\":\"2024-07-04T05:09:48+00:00\",\"breadcrumb\":{\"@id\":\"https:\/\/www.kliinikum.ee\/yhendlabor\/partnerile-ja-kolleegile\/avalik-deklaratsioon-tervishoiuasutuses-valmistatud-ja-kasutuses-olevate-meditsiiniseadmete-kohta\/#breadcrumb\"},\"inLanguage\":\"et\",\"potentialAction\":[{\"@type\":\"ReadAction\",\"target\":[\"https:\/\/www.kliinikum.ee\/yhendlabor\/partnerile-ja-kolleegile\/avalik-deklaratsioon-tervishoiuasutuses-valmistatud-ja-kasutuses-olevate-meditsiiniseadmete-kohta\/\"]}]},{\"@type\":\"BreadcrumbList\",\"@id\":\"https:\/\/www.kliinikum.ee\/yhendlabor\/partnerile-ja-kolleegile\/avalik-deklaratsioon-tervishoiuasutuses-valmistatud-ja-kasutuses-olevate-meditsiiniseadmete-kohta\/#breadcrumb\",\"itemListElement\":[{\"@type\":\"ListItem\",\"position\":1,\"name\":\"Home\",\"item\":\"https:\/\/www.kliinikum.ee\/yhendlabor\/\"},{\"@type\":\"ListItem\",\"position\":2,\"name\":\"Partnerile ja kolleegile\",\"item\":\"https:\/\/www.kliinikum.ee\/yhendlabor\/partnerile-ja-kolleegile\/\"},{\"@type\":\"ListItem\",\"position\":3,\"name\":\"Avalik deklaratsioon tervishoiuasutuses valmistatud ja kasutuses olevate meditsiiniseadmete kohta\"}]},{\"@type\":\"WebSite\",\"@id\":\"https:\/\/www.kliinikum.ee\/yhendlabor\/#website\",\"url\":\"https:\/\/www.kliinikum.ee\/yhendlabor\/\",\"name\":\"\u00dchendlabor\",\"description\":\"Hoolivus, Uuendusmeelsus, P\u00e4devus ja Usaldusv\u00e4\u00e4rsus\",\"potentialAction\":[{\"@type\":\"SearchAction\",\"target\":{\"@type\":\"EntryPoint\",\"urlTemplate\":\"https:\/\/www.kliinikum.ee\/yhendlabor\/?s={search_term_string}\"},\"query-input\":{\"@type\":\"PropertyValueSpecification\",\"valueRequired\":true,\"valueName\":\"search_term_string\"}}],\"inLanguage\":\"et\"}]}<\/script>\n<!-- \/ Yoast SEO plugin. -->","yoast_head_json":{"title":"Avalik deklaratsioon tervishoiuasutuses valmistatud ja kasutuses olevate meditsiiniseadmete kohta - \u00dchendlabor","robots":{"index":"index","follow":"follow","max-snippet":"max-snippet:-1","max-image-preview":"max-image-preview:large","max-video-preview":"max-video-preview:-1"},"canonical":"https:\/\/www.kliinikum.ee\/yhendlabor\/partnerile-ja-kolleegile\/avalik-deklaratsioon-tervishoiuasutuses-valmistatud-ja-kasutuses-olevate-meditsiiniseadmete-kohta\/","og_locale":"et_EE","og_type":"article","og_title":"Avalik deklaratsioon tervishoiuasutuses valmistatud ja kasutuses olevate meditsiiniseadmete kohta - \u00dchendlabor","og_url":"https:\/\/www.kliinikum.ee\/yhendlabor\/partnerile-ja-kolleegile\/avalik-deklaratsioon-tervishoiuasutuses-valmistatud-ja-kasutuses-olevate-meditsiiniseadmete-kohta\/","og_site_name":"\u00dchendlabor","article_modified_time":"2024-07-04T05:09:48+00:00","twitter_card":"summary_large_image","twitter_misc":{"Est. reading time":"1 minut"},"schema":{"@context":"https:\/\/schema.org","@graph":[{"@type":"WebPage","@id":"https:\/\/www.kliinikum.ee\/yhendlabor\/partnerile-ja-kolleegile\/avalik-deklaratsioon-tervishoiuasutuses-valmistatud-ja-kasutuses-olevate-meditsiiniseadmete-kohta\/","url":"https:\/\/www.kliinikum.ee\/yhendlabor\/partnerile-ja-kolleegile\/avalik-deklaratsioon-tervishoiuasutuses-valmistatud-ja-kasutuses-olevate-meditsiiniseadmete-kohta\/","name":"Avalik deklaratsioon tervishoiuasutuses valmistatud ja kasutuses olevate meditsiiniseadmete kohta - \u00dchendlabor","isPartOf":{"@id":"https:\/\/www.kliinikum.ee\/yhendlabor\/#website"},"datePublished":"2024-05-27T17:41:04+00:00","dateModified":"2024-07-04T05:09:48+00:00","breadcrumb":{"@id":"https:\/\/www.kliinikum.ee\/yhendlabor\/partnerile-ja-kolleegile\/avalik-deklaratsioon-tervishoiuasutuses-valmistatud-ja-kasutuses-olevate-meditsiiniseadmete-kohta\/#breadcrumb"},"inLanguage":"et","potentialAction":[{"@type":"ReadAction","target":["https:\/\/www.kliinikum.ee\/yhendlabor\/partnerile-ja-kolleegile\/avalik-deklaratsioon-tervishoiuasutuses-valmistatud-ja-kasutuses-olevate-meditsiiniseadmete-kohta\/"]}]},{"@type":"BreadcrumbList","@id":"https:\/\/www.kliinikum.ee\/yhendlabor\/partnerile-ja-kolleegile\/avalik-deklaratsioon-tervishoiuasutuses-valmistatud-ja-kasutuses-olevate-meditsiiniseadmete-kohta\/#breadcrumb","itemListElement":[{"@type":"ListItem","position":1,"name":"Home","item":"https:\/\/www.kliinikum.ee\/yhendlabor\/"},{"@type":"ListItem","position":2,"name":"Partnerile ja kolleegile","item":"https:\/\/www.kliinikum.ee\/yhendlabor\/partnerile-ja-kolleegile\/"},{"@type":"ListItem","position":3,"name":"Avalik deklaratsioon tervishoiuasutuses valmistatud ja kasutuses olevate meditsiiniseadmete kohta"}]},{"@type":"WebSite","@id":"https:\/\/www.kliinikum.ee\/yhendlabor\/#website","url":"https:\/\/www.kliinikum.ee\/yhendlabor\/","name":"\u00dchendlabor","description":"Hoolivus, Uuendusmeelsus, P\u00e4devus ja Usaldusv\u00e4\u00e4rsus","potentialAction":[{"@type":"SearchAction","target":{"@type":"EntryPoint","urlTemplate":"https:\/\/www.kliinikum.ee\/yhendlabor\/?s={search_term_string}"},"query-input":{"@type":"PropertyValueSpecification","valueRequired":true,"valueName":"search_term_string"}}],"inLanguage":"et"}]}},"uagb_featured_image_src":{"full":false,"thumbnail":false,"medium":false,"medium_large":false,"large":false,"1536x1536":false,"2048x2048":false},"uagb_author_info":{"display_name":"Andres Arak","author_link":"https:\/\/www.kliinikum.ee\/yhendlabor\/author\/andrear\/"},"uagb_comment_info":0,"uagb_excerpt":null,"_links":{"self":[{"href":"https:\/\/www.kliinikum.ee\/yhendlabor\/wp-json\/wp\/v2\/pages\/9538","targetHints":{"allow":["GET"]}}],"collection":[{"href":"https:\/\/www.kliinikum.ee\/yhendlabor\/wp-json\/wp\/v2\/pages"}],"about":[{"href":"https:\/\/www.kliinikum.ee\/yhendlabor\/wp-json\/wp\/v2\/types\/page"}],"author":[{"embeddable":true,"href":"https:\/\/www.kliinikum.ee\/yhendlabor\/wp-json\/wp\/v2\/users\/30"}],"replies":[{"embeddable":true,"href":"https:\/\/www.kliinikum.ee\/yhendlabor\/wp-json\/wp\/v2\/comments?post=9538"}],"version-history":[{"count":13,"href":"https:\/\/www.kliinikum.ee\/yhendlabor\/wp-json\/wp\/v2\/pages\/9538\/revisions"}],"predecessor-version":[{"id":9590,"href":"https:\/\/www.kliinikum.ee\/yhendlabor\/wp-json\/wp\/v2\/pages\/9538\/revisions\/9590"}],"up":[{"embeddable":true,"href":"https:\/\/www.kliinikum.ee\/yhendlabor\/wp-json\/wp\/v2\/pages\/5850"}],"wp:attachment":[{"href":"https:\/\/www.kliinikum.ee\/yhendlabor\/wp-json\/wp\/v2\/media?parent=9538"}],"curies":[{"name":"wp","href":"https:\/\/api.w.org\/{rel}","templated":true}]}}