{"id":9949,"date":"2024-10-10T14:44:25","date_gmt":"2024-10-10T12:44:25","guid":{"rendered":"https:\/\/www.kliinikum.ee\/yhendlabor\/?page_id=9949"},"modified":"2025-12-21T17:25:51","modified_gmt":"2025-12-21T15:25:51","slug":"folaat-sp-fol","status":"publish","type":"page","link":"https:\/\/www.kliinikum.ee\/yhendlabor\/kasiraamat\/aneemia-uuringud\/folaat-sp-fol\/","title":{"rendered":"Folaat (S,P-Fol)"},"content":{"rendered":"\n<p><em>Kliinilise keemia ja laboratoorse hematoloogia osakond<\/em><\/p>\n\n\n\n<p><strong>Folaat <\/strong>(foolhape ja tema derivaadid) on B-r\u00fchma vitamiin, mis konverteeritakse vitamiin B12 abil bioloogiliselt aktiivseks koens\u00fc\u00fcmiks \u2013 tetrah\u00fcdrofolaadiks (THF). THF osaleb mitmetes elut\u00e4htsates protsessides: on vajalik aju ainevahetuses, er\u00fctropoeesil, soolhappe tekkel maos. Folaadi tasemest s\u00f5ltub naise rasestumisv\u00f5ime ja v\u00f5imalik raseduspatoloogia, samuti meeste sperma kvaliteet. Vitamiin B12 puuduse korral j\u00e4\u00e4b folaat inaktiivseks 5-met\u00fc\u00fcltetrah\u00fcdrofolaadiks (5-MTHF) ja ei osale metaboolsetes protsessides. Koos vitamiin B12 ja vitamiin B6-ga on folaat vajalik aminohapete (ts\u00fcsteiin, metioniin) ning DNA ja RNA l\u00e4mmastikaluste s\u00fcnteesil, see toimub ens\u00fc\u00fcm met\u00fcleentetrah\u00fcdrofolaadi reduktaasi (MTHFR) vahendusel. Folaadi, vitamiin B12 ja B6 puuduse ning MTHFR geenimutatsiooni korral suureneb seerumi homots\u00fcsteiinisisaldus.<\/p>\n\n\n\n<p>Inimorganismile vajalik folaat saadakse toiduga, normaalse toitumise korral folaadivaegust ei teki, reservid maksas on piisavad neljaks kuuks. \u00d6\u00f6p\u00e4evane folaadivajadus on ~150 \u00b5g, rasedatel ~400 \u00b5g.<\/p>\n\n\n\n<p>Enamasti p\u00f5hjustab folaadipuudus megaloblastilise aneemia tekke, selle p\u00f5hjuseks on DNA bios\u00fcnteesi aeglustumine, mis p\u00e4rsib er\u00fctropoeesi. V\u00f5ivad kaasneda tundlikkuse- ja ps\u00fc\u00fchikah\u00e4ired.<\/p>\n\n\n\n<p class=\"has-medium-font-size\"><strong>Uuritav materjal, selle v\u00f5tmine, saatmine ja s\u00e4ilitamine<\/strong><\/p>\n\n\n\n<p>Proov ei tohi olla hemol\u00fc\u00fctiline! Prooviv\u00f5tule peab eelnema 12-tunnine paast!<\/p>\n\n\n\n<figure class=\"wp-block-table is-style-stripes\"><table width=\"100%\"><tbody><tr><td width=\"1%\"><\/td><td width=\"15%\"><strong>Katsuti<\/strong><\/td><td width=\"84%\">Geeli ja h\u00fc\u00fcbimisaktivaatoriga katsuti (punane kollase r\u00f5ngaga v\u00f5i kollane kork) v\u00f5i geeliga LH-katsuti (roheline kollase r\u00f5ngaga v\u00f5i heleroheline kork)<\/td><\/tr><tr><td width=\"1%\"><\/td><td width=\"15%\"><strong>S\u00e4ilivus<\/strong><\/td><td width=\"84%\">Seerum\/plasma toatemperatuuril kaks tundi, +4 \u00b0C kaks p\u00e4eva, -20 \u00b0C \u00fcks kuu<\/td><\/tr><\/tbody><\/table><\/figure>\n\n\n\n<p class=\"has-medium-font-size\"><strong>Anal\u00fc\u00fcsi tegemise aeg:<\/strong> t\u00f6\u00f6p\u00e4eviti<\/p>\n\n\n\n<p class=\"has-medium-font-size\"><strong>Anal\u00fc\u00fcsimeetod:<\/strong> elektrokemoluminestsents-immuunmeetod (ECLIA)<\/p>\n\n\n\n<p class=\"has-medium-font-size\"><strong>Referentsv\u00e4\u00e4rtused<\/strong><\/p>\n\n\n\n<figure class=\"wp-block-table is-style-regular\"><table style=\"border-style:none;border-width:0px\" width=\"100%\"><tbody><tr><td width=\"1%\"><\/td><td width=\"30%\"><strong>&lt; 7 a<\/strong><\/td><td width=\"69%\">&gt; 17,3 nmol\/L<\/td><\/tr><tr><td width=\"1%\"><\/td><td width=\"30%\"><strong>7 a \u2013 &lt; 12 a<\/strong><\/td><td width=\"69%\">&gt; 37,9 nmol\/L<\/td><\/tr><tr><td width=\"1%\"><\/td><td width=\"30%\"><strong>12 a \u2013 &lt; 18 a<\/strong><\/td><td width=\"69%\">&gt; 17,8 nmol\/L<\/td><\/tr><tr><td width=\"1%\"><\/td><td width=\"30%\"><strong>18 a \u2013 &lt; 66 a<\/strong><\/td><td width=\"69%\">8,8\u201360,8 nmol\/L<\/td><\/tr><\/tbody><\/table><\/figure>\n\n\n\n<p class=\"has-medium-font-size\"><strong>N\u00e4idustus ja kliiniline t\u00e4hendus<\/strong><\/p>\n\n\n\n<p>Makrots\u00fctaarsete (megaloblastiliste) aneemiate diagnostika ja diferentsiaaldiagnostika. Rasestumis- ja raseduskomplikatsiooniriski hindamine. Folaadipuuduse seire pikaajalise folaadi metabolismi m\u00f5jutava ravi (ts\u00fctostaatikumid, krambivastased ravimid) korral.<\/p>\n\n\n\n<p>Soovitav m\u00e4\u00e4rata koos vitamiin B12-ga ja homots\u00fcsteiiniga.<\/p>\n\n\n\n<p><em>Folaadi kontsentratsiooni v\u00e4henemine<\/em><\/p>\n\n\n\n<p>Folaadipuuduse peamisteks p\u00f5hjusteks on toitumisega seotud h\u00e4ired (n\u00e4lgimine, <em>anorexia nervosa<\/em>, folaatide v\u00e4hesus toidus, alkoholism), v\u00e4henenud imendumine soolest (sooleresektsioon, Crohni t\u00f5bi, ts\u00f6liaakia), suurenenud tarbimine (maksahaigused, dissemineerunud kasvajad, vereloome proliferatsioon), suurenenud kadu (hemodial\u00fc\u00fcs), samuti ravi antikonvulsantide ja folaadi antagonistidega.<\/p>\n\n\n\n<p>Folaadi defitsiit v\u00f5ib olla tingitud suurenenud tarbimisest raseduse ja laktatsiooni ajal, see esineb tavaliselt koos rauavaegusega. Folaadivaegusega kaasnev h\u00fcperhomots\u00fcsteineemia ja ens\u00fc\u00fcm MTHFR geenimutatsioon v\u00f5ivad soodustada lootel neuraaltoru defekte (<em>spina<\/em> <em>bifida <\/em>jt), aga v\u00f5ivad olla ka naise viljatuse ja raseduse korduvate katkemiste p\u00f5hjuseks. Folaatidevaene dieet ja ens\u00fc\u00fcm MTHFR geeni pol\u00fcformismid meestel v\u00f5ivad h\u00e4irida normaalset spermatogeneesi ja olla mehe viljatuse \u00fcheks p\u00f5hjuseks.<\/p>\n\n\n\n<p>Antikonvulsantide (fen\u00fctoiin, fenobarbitaal, karbamasepiin) ja folaadi antagonistide (metotreksaat) pikajalise ravi korral h\u00e4irub folaadi ainevahetus, mis viib megaloblastilise aneemia tekkele. Folaadi taset v\u00f5ivad v\u00e4hendada antibiootikumid, sulfoonamiidid (sulfasalasiin), peroraalsed kontratseptiivid jpt.<\/p>\n\n\n\n<p><em>Folaadi kontsentratsiooni suurenemine<\/em><\/p>\n\n\n\n<p>Vitamiin B12defitsiidist tingitud megaloblastilise aneemia korral v\u00f5ivad seerumi folaadi v\u00e4\u00e4rtused olla normaalsed v\u00f5i veidi suurenenud.<\/p>\n\n\n\n<p>Folaadisisaldus seerumis v\u00f5ib suureneda folaatiderohke toidu tarbimisel (taimetoitlus), hemol\u00fc\u00fcsi ja rauapuuduse korral, ravimitest t\u00f5stab taset metformiin.<\/p>\n\n\n\n<p>Vt ka: <a href=\"https:\/\/www.kliinikum.ee\/yhendlabor\/kasiraamat\/aneemia-uuringud\/vitamiin-b12-sp-vit-b12-holotranskobalamiin-s-holotc\/\">Vitamiin B12<\/a><\/p>\n\n\n\n<p>Koostajad: Ly Aru, Kaja Vaagen<br>Muudetud 08.03.2021<\/p>\n\n\n\n<p><\/p>\n","protected":false},"excerpt":{"rendered":"<p>Kliinilise keemia ja laboratoorse hematoloogia osakond Folaat (foolhape ja tema derivaadid) on B-r\u00fchma vitamiin, mis konverteeritakse vitamiin B12 abil bioloogiliselt aktiivseks koens\u00fc\u00fcmiks \u2013 tetrah\u00fcdrofolaadiks (THF). THF osaleb mitmetes elut\u00e4htsates protsessides: on vajalik aju ainevahetuses, er\u00fctropoeesil, soolhappe tekkel maos. Folaadi tasemest s\u00f5ltub naise rasestumisv\u00f5ime ja v\u00f5imalik raseduspatoloogia, samuti meeste sperma kvaliteet. Vitamiin B12 puuduse korral j\u00e4\u00e4b [&hellip;]<\/p>\n","protected":false},"author":36,"featured_media":0,"parent":7023,"menu_order":0,"comment_status":"closed","ping_status":"closed","template":"","meta":{"_uag_custom_page_level_css":"","footnotes":""},"class_list":["post-9949","page","type-page","status-publish","hentry"],"acf":[],"yoast_head":"<!-- This site is optimized with the Yoast SEO plugin v27.3 - https:\/\/yoast.com\/product\/yoast-seo-wordpress\/ -->\n<title>Folaat (S,P-Fol) - \u00dchendlabor<\/title>\n<meta name=\"robots\" content=\"index, follow, max-snippet:-1, max-image-preview:large, max-video-preview:-1\" \/>\n<link rel=\"canonical\" href=\"https:\/\/www.kliinikum.ee\/yhendlabor\/kasiraamat\/aneemia-uuringud\/folaat-sp-fol\/\" \/>\n<meta property=\"og:locale\" content=\"et_EE\" \/>\n<meta property=\"og:type\" content=\"article\" \/>\n<meta property=\"og:title\" content=\"Folaat (S,P-Fol) - \u00dchendlabor\" \/>\n<meta property=\"og:description\" content=\"Kliinilise keemia ja laboratoorse hematoloogia osakond Folaat (foolhape ja tema derivaadid) on B-r\u00fchma vitamiin, mis konverteeritakse vitamiin B12 abil bioloogiliselt aktiivseks koens\u00fc\u00fcmiks \u2013 tetrah\u00fcdrofolaadiks (THF). THF osaleb mitmetes elut\u00e4htsates protsessides: on vajalik aju ainevahetuses, er\u00fctropoeesil, soolhappe tekkel maos. Folaadi tasemest s\u00f5ltub naise rasestumisv\u00f5ime ja v\u00f5imalik raseduspatoloogia, samuti meeste sperma kvaliteet. Vitamiin B12 puuduse korral j\u00e4\u00e4b [&hellip;]\" \/>\n<meta property=\"og:url\" content=\"https:\/\/www.kliinikum.ee\/yhendlabor\/kasiraamat\/aneemia-uuringud\/folaat-sp-fol\/\" \/>\n<meta property=\"og:site_name\" content=\"\u00dchendlabor\" \/>\n<meta property=\"article:modified_time\" content=\"2025-12-21T15:25:51+00:00\" \/>\n<meta name=\"twitter:card\" content=\"summary_large_image\" \/>\n<meta name=\"twitter:label1\" content=\"Est. reading time\" \/>\n\t<meta name=\"twitter:data1\" content=\"3 minutit\" \/>\n<script type=\"application\/ld+json\" class=\"yoast-schema-graph\">{\"@context\":\"https:\\\/\\\/schema.org\",\"@graph\":[{\"@type\":\"WebPage\",\"@id\":\"https:\\\/\\\/www.kliinikum.ee\\\/yhendlabor\\\/kasiraamat\\\/aneemia-uuringud\\\/folaat-sp-fol\\\/\",\"url\":\"https:\\\/\\\/www.kliinikum.ee\\\/yhendlabor\\\/kasiraamat\\\/aneemia-uuringud\\\/folaat-sp-fol\\\/\",\"name\":\"Folaat (S,P-Fol) - \u00dchendlabor\",\"isPartOf\":{\"@id\":\"https:\\\/\\\/www.kliinikum.ee\\\/yhendlabor\\\/#website\"},\"datePublished\":\"2024-10-10T12:44:25+00:00\",\"dateModified\":\"2025-12-21T15:25:51+00:00\",\"breadcrumb\":{\"@id\":\"https:\\\/\\\/www.kliinikum.ee\\\/yhendlabor\\\/kasiraamat\\\/aneemia-uuringud\\\/folaat-sp-fol\\\/#breadcrumb\"},\"inLanguage\":\"et\",\"potentialAction\":[{\"@type\":\"ReadAction\",\"target\":[\"https:\\\/\\\/www.kliinikum.ee\\\/yhendlabor\\\/kasiraamat\\\/aneemia-uuringud\\\/folaat-sp-fol\\\/\"]}]},{\"@type\":\"BreadcrumbList\",\"@id\":\"https:\\\/\\\/www.kliinikum.ee\\\/yhendlabor\\\/kasiraamat\\\/aneemia-uuringud\\\/folaat-sp-fol\\\/#breadcrumb\",\"itemListElement\":[{\"@type\":\"ListItem\",\"position\":1,\"name\":\"Home\",\"item\":\"https:\\\/\\\/www.kliinikum.ee\\\/yhendlabor\\\/\"},{\"@type\":\"ListItem\",\"position\":2,\"name\":\"K\u00e4siraamat\",\"item\":\"https:\\\/\\\/www.kliinikum.ee\\\/yhendlabor\\\/kasiraamat\\\/\"},{\"@type\":\"ListItem\",\"position\":3,\"name\":\"Aneemia uuringud\",\"item\":\"https:\\\/\\\/www.kliinikum.ee\\\/yhendlabor\\\/kasiraamat\\\/aneemia-uuringud\\\/\"},{\"@type\":\"ListItem\",\"position\":4,\"name\":\"Folaat (S,P-Fol)\"}]},{\"@type\":\"WebSite\",\"@id\":\"https:\\\/\\\/www.kliinikum.ee\\\/yhendlabor\\\/#website\",\"url\":\"https:\\\/\\\/www.kliinikum.ee\\\/yhendlabor\\\/\",\"name\":\"\u00dchendlabor\",\"description\":\"Hoolivus, Uuendusmeelsus, P\u00e4devus ja Usaldusv\u00e4\u00e4rsus\",\"potentialAction\":[{\"@type\":\"SearchAction\",\"target\":{\"@type\":\"EntryPoint\",\"urlTemplate\":\"https:\\\/\\\/www.kliinikum.ee\\\/yhendlabor\\\/?s={search_term_string}\"},\"query-input\":{\"@type\":\"PropertyValueSpecification\",\"valueRequired\":true,\"valueName\":\"search_term_string\"}}],\"inLanguage\":\"et\"}]}<\/script>\n<!-- \/ Yoast SEO plugin. -->","yoast_head_json":{"title":"Folaat (S,P-Fol) - \u00dchendlabor","robots":{"index":"index","follow":"follow","max-snippet":"max-snippet:-1","max-image-preview":"max-image-preview:large","max-video-preview":"max-video-preview:-1"},"canonical":"https:\/\/www.kliinikum.ee\/yhendlabor\/kasiraamat\/aneemia-uuringud\/folaat-sp-fol\/","og_locale":"et_EE","og_type":"article","og_title":"Folaat (S,P-Fol) - \u00dchendlabor","og_description":"Kliinilise keemia ja laboratoorse hematoloogia osakond Folaat (foolhape ja tema derivaadid) on B-r\u00fchma vitamiin, mis konverteeritakse vitamiin B12 abil bioloogiliselt aktiivseks koens\u00fc\u00fcmiks \u2013 tetrah\u00fcdrofolaadiks (THF). THF osaleb mitmetes elut\u00e4htsates protsessides: on vajalik aju ainevahetuses, er\u00fctropoeesil, soolhappe tekkel maos. Folaadi tasemest s\u00f5ltub naise rasestumisv\u00f5ime ja v\u00f5imalik raseduspatoloogia, samuti meeste sperma kvaliteet. Vitamiin B12 puuduse korral j\u00e4\u00e4b [&hellip;]","og_url":"https:\/\/www.kliinikum.ee\/yhendlabor\/kasiraamat\/aneemia-uuringud\/folaat-sp-fol\/","og_site_name":"\u00dchendlabor","article_modified_time":"2025-12-21T15:25:51+00:00","twitter_card":"summary_large_image","twitter_misc":{"Est. reading time":"3 minutit"},"schema":{"@context":"https:\/\/schema.org","@graph":[{"@type":"WebPage","@id":"https:\/\/www.kliinikum.ee\/yhendlabor\/kasiraamat\/aneemia-uuringud\/folaat-sp-fol\/","url":"https:\/\/www.kliinikum.ee\/yhendlabor\/kasiraamat\/aneemia-uuringud\/folaat-sp-fol\/","name":"Folaat (S,P-Fol) - \u00dchendlabor","isPartOf":{"@id":"https:\/\/www.kliinikum.ee\/yhendlabor\/#website"},"datePublished":"2024-10-10T12:44:25+00:00","dateModified":"2025-12-21T15:25:51+00:00","breadcrumb":{"@id":"https:\/\/www.kliinikum.ee\/yhendlabor\/kasiraamat\/aneemia-uuringud\/folaat-sp-fol\/#breadcrumb"},"inLanguage":"et","potentialAction":[{"@type":"ReadAction","target":["https:\/\/www.kliinikum.ee\/yhendlabor\/kasiraamat\/aneemia-uuringud\/folaat-sp-fol\/"]}]},{"@type":"BreadcrumbList","@id":"https:\/\/www.kliinikum.ee\/yhendlabor\/kasiraamat\/aneemia-uuringud\/folaat-sp-fol\/#breadcrumb","itemListElement":[{"@type":"ListItem","position":1,"name":"Home","item":"https:\/\/www.kliinikum.ee\/yhendlabor\/"},{"@type":"ListItem","position":2,"name":"K\u00e4siraamat","item":"https:\/\/www.kliinikum.ee\/yhendlabor\/kasiraamat\/"},{"@type":"ListItem","position":3,"name":"Aneemia uuringud","item":"https:\/\/www.kliinikum.ee\/yhendlabor\/kasiraamat\/aneemia-uuringud\/"},{"@type":"ListItem","position":4,"name":"Folaat (S,P-Fol)"}]},{"@type":"WebSite","@id":"https:\/\/www.kliinikum.ee\/yhendlabor\/#website","url":"https:\/\/www.kliinikum.ee\/yhendlabor\/","name":"\u00dchendlabor","description":"Hoolivus, Uuendusmeelsus, P\u00e4devus ja Usaldusv\u00e4\u00e4rsus","potentialAction":[{"@type":"SearchAction","target":{"@type":"EntryPoint","urlTemplate":"https:\/\/www.kliinikum.ee\/yhendlabor\/?s={search_term_string}"},"query-input":{"@type":"PropertyValueSpecification","valueRequired":true,"valueName":"search_term_string"}}],"inLanguage":"et"}]}},"uagb_featured_image_src":{"full":false,"thumbnail":false,"medium":false,"medium_large":false,"large":false,"1536x1536":false,"2048x2048":false},"uagb_author_info":{"display_name":"Jane Freimann","author_link":"https:\/\/www.kliinikum.ee\/yhendlabor\/author\/janef\/"},"uagb_comment_info":0,"uagb_excerpt":"Kliinilise keemia ja laboratoorse hematoloogia osakond Folaat (foolhape ja tema derivaadid) on B-r\u00fchma vitamiin, mis konverteeritakse vitamiin B12 abil bioloogiliselt aktiivseks koens\u00fc\u00fcmiks \u2013 tetrah\u00fcdrofolaadiks (THF). THF osaleb mitmetes elut\u00e4htsates protsessides: on vajalik aju ainevahetuses, er\u00fctropoeesil, soolhappe tekkel maos. Folaadi tasemest s\u00f5ltub naise rasestumisv\u00f5ime ja v\u00f5imalik raseduspatoloogia, samuti meeste sperma kvaliteet. Vitamiin B12 puuduse korral j\u00e4\u00e4b&hellip;","_links":{"self":[{"href":"https:\/\/www.kliinikum.ee\/yhendlabor\/wp-json\/wp\/v2\/pages\/9949","targetHints":{"allow":["GET"]}}],"collection":[{"href":"https:\/\/www.kliinikum.ee\/yhendlabor\/wp-json\/wp\/v2\/pages"}],"about":[{"href":"https:\/\/www.kliinikum.ee\/yhendlabor\/wp-json\/wp\/v2\/types\/page"}],"author":[{"embeddable":true,"href":"https:\/\/www.kliinikum.ee\/yhendlabor\/wp-json\/wp\/v2\/users\/36"}],"replies":[{"embeddable":true,"href":"https:\/\/www.kliinikum.ee\/yhendlabor\/wp-json\/wp\/v2\/comments?post=9949"}],"version-history":[{"count":0,"href":"https:\/\/www.kliinikum.ee\/yhendlabor\/wp-json\/wp\/v2\/pages\/9949\/revisions"}],"up":[{"embeddable":true,"href":"https:\/\/www.kliinikum.ee\/yhendlabor\/wp-json\/wp\/v2\/pages\/7023"}],"wp:attachment":[{"href":"https:\/\/www.kliinikum.ee\/yhendlabor\/wp-json\/wp\/v2\/media?parent=9949"}],"curies":[{"name":"wp","href":"https:\/\/api.w.org\/{rel}","templated":true}]}}