{"id":9956,"date":"2024-10-10T14:51:40","date_gmt":"2024-10-10T12:51:40","guid":{"rendered":"https:\/\/www.kliinikum.ee\/yhendlabor\/?page_id=9956"},"modified":"2025-10-29T20:58:23","modified_gmt":"2025-10-29T18:58:23","slug":"glukoos-6-fosfaadi-dehudrogenaas-rbc-g6pd","status":"publish","type":"page","link":"https:\/\/www.kliinikum.ee\/yhendlabor\/kasiraamat\/aneemia-uuringud\/glukoos-6-fosfaadi-dehudrogenaas-rbc-g6pd\/","title":{"rendered":"Gl\u00fckoos-6-fosfaadi deh\u00fcdrogenaas (RBC-G6PD)"},"content":{"rendered":"\n<p><\/p>\n\n\n\n<p><em>Kliinilise keemia ja laboratoorse hematoloogia osakond<\/em><\/p>\n\n\n\n<p><strong>Gl\u00fckoos-6-fosfaadi deh\u00fcdrogenaas (G6PD)<\/strong> on organismis toimuva gl\u00fckol\u00fc\u00fcsi spetsiaalse raja\u00a0 pentoosfosfaadits\u00fckli (PFT) ens\u00fc\u00fcm, mis deh\u00fcdrogeenib gl\u00fckoos-6-fosfaati 6-fosfogl\u00fckonaadiks. PFT on v\u00e4ga olulise t\u00e4htsusega, kuna selle k\u00e4igus toodetakse rida vajalikke vahe\u00fchendeid, sh NADPH-d, mis hoiab glutatiooni redutseeritud vormis. Redutseeritud glutatioon takistab hemoglobiini denaturatsiooni, redutseerib methemoglobiini tagasi hemoglobiiniks, samuti on ta antioks\u00fcdantsete omadustega, takistades nii oks\u00fcdatiivseid raku kahjustusi. Kuigi PFT toimimisel osaleb ka palju teisi ens\u00fc\u00fcme, on G6PD PFT olulisem ens\u00fc\u00fcm, mille kaudu toimub kogu PFT raja regulatsioon. G6PD defitsiit p\u00f5hjustab seet\u00f5ttu k\u00f5igi organismi rakkude kahjustusi, kuid t\u00e4nu asjaolule, et er\u00fctrots\u00fc\u00fctidele on PFT ainus NADPH allikas, avaldub eesk\u00e4tt er\u00fctrots\u00fc\u00fctide kahjustusena, mis v\u00e4ljendub hemol\u00fc\u00fctilise aneemiana.<\/p>\n\n\n\n<p class=\"has-medium-font-size\"><strong>Uuritav materjal, selle v\u00f5tmine, saatmine ja s\u00e4ilitamine<\/strong><\/p>\n\n\n\n<figure class=\"wp-block-table is-style-stripes\"><table width=\"100%\"><tbody><tr><td width=\"1%\"><\/td><td width=\"15%\"><strong>Katsuti<\/strong><\/td><td width=\"84%\">K2E\/K3E-katsuti (lilla kork)<\/td><\/tr><tr><td width=\"1%\"><\/td><td width=\"15%\"><strong>S\u00e4ilivus<\/strong><\/td><td width=\"84%\">Veri +4 \u00b0C \u00fcks n\u00e4dal. Proovi k\u00fclmutamine pole lubatud.<\/td><\/tr><\/tbody><\/table><\/figure>\n\n\n\n<p class=\"has-medium-font-size\"><strong>Anal\u00fc\u00fcsi tegemise aeg: <\/strong>t\u00f6\u00f6p\u00e4eviti (vastus 7 p\u00e4eva jooksul)<\/p>\n\n\n\n<p class=\"has-medium-font-size\"><strong>Anal\u00fc\u00fcsimeetod: <\/strong>kolorimeetriline meetod<\/p>\n\n\n\n<p class=\"has-medium-font-size\"><strong>Referentsv\u00e4\u00e4rtused<\/strong><\/p>\n\n\n\n<p>RBC-G6PD\/B-Hb<\/p>\n\n\n\n<figure class=\"wp-block-table is-style-stripes\"><table width=\"100%\"><tbody><tr><td width=\"1%\"><\/td><td width=\"30%\"><strong>\u2265 18 a<\/strong><\/td><td width=\"69%\">8,0\u201314,5 U\/g<\/td><\/tr><\/tbody><\/table><\/figure>\n\n\n\n<p class=\"has-medium-font-size\"><strong>N\u00e4idustus ja kliiniline t\u00e4hendus<\/strong><\/p>\n\n\n\n<p>G6PD defitsiitse hemol\u00fc\u00fctilise aneemia diagnoosimine.<\/p>\n\n\n\n<p><em>G6PD aktiivsuse v\u00e4henemine<\/em> esineb G6PD defitsiidi puhul, mida p\u00f5hjustab &nbsp;G6PD geeni mutatsioon. G6PD defitsiit on levinuim ens\u00fc\u00fcmdefekt inimesel. P\u00e4randumist\u00fc\u00fcbilt on G6PD defitsiit x-liiteline retsessiivne tunnus. Mutatsioon v\u00f5ib esineda ka mittep\u00e4randunult, s.t v\u00f5ib esineda ka geeni juhuslikku mutatsiooni. Erinevad mutatsioonid v\u00f5ivad p\u00f5hjustada erineval tasemel G6PD defitsiiti, mist\u00f5ttu haiguse raskusaste on v\u00e4ga erinev: s\u00fcmptomite puudumisest kuni t\u00f5sise hemol\u00fc\u00fctilise aneemiani. Viimane tekib G6PD defitsiitsetel indiviididel sageli just peale infektsiooni, kokkupuudet ravimite v\u00f5i kemikaalidega v\u00f5i peale (tooreste) p\u00f5ldubade s\u00f6\u00f6mist. Ka vasts\u00fcndinute hemol\u00fc\u00fctiline t\u00f5bi v\u00f5ib olla seotud G6PD defitsiidiga. G6PD geenimutatsiooni esinemissagedus on tihedalt seotud etnilise p\u00e4ritoluga: esinemissagedus on suur Aafrikas, L\u00e4his-Idas ja Vahemeremaades.<\/p>\n\n\n\n<p><em>G6PD aktiivsuse suurenemine<\/em> ei oma kliinilist t\u00e4hendust, kuid kaasneb retikulots\u00fctoosi, leukots\u00fctoosi v\u00f5i trombots\u00fctoosiga.<\/p>\n\n\n\n<p>G6PD defitsiidi diagnoosimise teeb keeruliseks asjaolu, et er\u00fctots\u00fc\u00fctide nooremates vormides (retikulots\u00fc\u00fcdid, normoblastid) on G6PD aktiivsus suurem kui k\u00fcpsetes er\u00fctrots\u00fc\u00fctides. Seet\u00f5ttu hemol\u00fc\u00fcsi \u00e4gedas faasis (kaasneb retikulots\u00fctoos!) saadakse valek\u00f5rged G6PD aktiivsuse m\u00f5\u00f5tetulemused. Proovi tuleks korrata aktiivse hemol\u00fc\u00fcsi taandumisel.<\/p>\n\n\n\n<p>Tulemuste t\u00f5lgendamisel tuleb arvestada, et selgelt v\u00e4ljendunud aktiivsuse v\u00e4henemine esineb G6PD geeni mutatsiooniga meestel ja homos\u00fcgootsetel naistel. Heteros\u00fcgootsetel naistel v\u00f5ib aga G6PD aktiivsus j\u00e4\u00e4da referentspiiridesse v\u00f5i olla piiripealne.<\/p>\n\n\n\n<p>Koostaja: Aivar Orav<br>Muudetud 07.02.2023<\/p>\n","protected":false},"excerpt":{"rendered":"<p>Kliinilise keemia ja laboratoorse hematoloogia osakond Gl\u00fckoos-6-fosfaadi deh\u00fcdrogenaas (G6PD) on organismis toimuva gl\u00fckol\u00fc\u00fcsi spetsiaalse raja\u00a0 pentoosfosfaadits\u00fckli (PFT) ens\u00fc\u00fcm, mis deh\u00fcdrogeenib gl\u00fckoos-6-fosfaati 6-fosfogl\u00fckonaadiks. PFT on v\u00e4ga olulise t\u00e4htsusega, kuna selle k\u00e4igus toodetakse rida vajalikke vahe\u00fchendeid, sh NADPH-d, mis hoiab glutatiooni redutseeritud vormis. Redutseeritud glutatioon takistab hemoglobiini denaturatsiooni, redutseerib methemoglobiini tagasi hemoglobiiniks, samuti on ta antioks\u00fcdantsete omadustega, [&hellip;]<\/p>\n","protected":false},"author":36,"featured_media":0,"parent":7023,"menu_order":0,"comment_status":"closed","ping_status":"closed","template":"","meta":{"_uag_custom_page_level_css":"","footnotes":""},"class_list":["post-9956","page","type-page","status-publish","hentry"],"acf":[],"yoast_head":"<!-- This site is optimized with the Yoast SEO plugin v27.3 - https:\/\/yoast.com\/product\/yoast-seo-wordpress\/ -->\n<title>Gl\u00fckoos-6-fosfaadi deh\u00fcdrogenaas (RBC-G6PD) - \u00dchendlabor<\/title>\n<meta name=\"robots\" content=\"index, follow, max-snippet:-1, max-image-preview:large, max-video-preview:-1\" \/>\n<link rel=\"canonical\" href=\"https:\/\/www.kliinikum.ee\/yhendlabor\/kasiraamat\/aneemia-uuringud\/glukoos-6-fosfaadi-dehudrogenaas-rbc-g6pd\/\" \/>\n<meta property=\"og:locale\" content=\"et_EE\" \/>\n<meta property=\"og:type\" content=\"article\" \/>\n<meta property=\"og:title\" content=\"Gl\u00fckoos-6-fosfaadi deh\u00fcdrogenaas (RBC-G6PD) - \u00dchendlabor\" \/>\n<meta property=\"og:description\" content=\"Kliinilise keemia ja laboratoorse hematoloogia osakond Gl\u00fckoos-6-fosfaadi deh\u00fcdrogenaas (G6PD) on organismis toimuva gl\u00fckol\u00fc\u00fcsi spetsiaalse raja\u00a0 pentoosfosfaadits\u00fckli (PFT) ens\u00fc\u00fcm, mis deh\u00fcdrogeenib gl\u00fckoos-6-fosfaati 6-fosfogl\u00fckonaadiks. PFT on v\u00e4ga olulise t\u00e4htsusega, kuna selle k\u00e4igus toodetakse rida vajalikke vahe\u00fchendeid, sh NADPH-d, mis hoiab glutatiooni redutseeritud vormis. Redutseeritud glutatioon takistab hemoglobiini denaturatsiooni, redutseerib methemoglobiini tagasi hemoglobiiniks, samuti on ta antioks\u00fcdantsete omadustega, [&hellip;]\" \/>\n<meta property=\"og:url\" content=\"https:\/\/www.kliinikum.ee\/yhendlabor\/kasiraamat\/aneemia-uuringud\/glukoos-6-fosfaadi-dehudrogenaas-rbc-g6pd\/\" \/>\n<meta property=\"og:site_name\" content=\"\u00dchendlabor\" \/>\n<meta property=\"article:modified_time\" content=\"2025-10-29T18:58:23+00:00\" \/>\n<meta name=\"twitter:card\" content=\"summary_large_image\" \/>\n<meta name=\"twitter:label1\" content=\"Est. reading time\" \/>\n\t<meta name=\"twitter:data1\" content=\"2 minutit\" \/>\n<script type=\"application\/ld+json\" class=\"yoast-schema-graph\">{\"@context\":\"https:\\\/\\\/schema.org\",\"@graph\":[{\"@type\":\"WebPage\",\"@id\":\"https:\\\/\\\/www.kliinikum.ee\\\/yhendlabor\\\/kasiraamat\\\/aneemia-uuringud\\\/glukoos-6-fosfaadi-dehudrogenaas-rbc-g6pd\\\/\",\"url\":\"https:\\\/\\\/www.kliinikum.ee\\\/yhendlabor\\\/kasiraamat\\\/aneemia-uuringud\\\/glukoos-6-fosfaadi-dehudrogenaas-rbc-g6pd\\\/\",\"name\":\"Gl\u00fckoos-6-fosfaadi deh\u00fcdrogenaas (RBC-G6PD) - \u00dchendlabor\",\"isPartOf\":{\"@id\":\"https:\\\/\\\/www.kliinikum.ee\\\/yhendlabor\\\/#website\"},\"datePublished\":\"2024-10-10T12:51:40+00:00\",\"dateModified\":\"2025-10-29T18:58:23+00:00\",\"breadcrumb\":{\"@id\":\"https:\\\/\\\/www.kliinikum.ee\\\/yhendlabor\\\/kasiraamat\\\/aneemia-uuringud\\\/glukoos-6-fosfaadi-dehudrogenaas-rbc-g6pd\\\/#breadcrumb\"},\"inLanguage\":\"et\",\"potentialAction\":[{\"@type\":\"ReadAction\",\"target\":[\"https:\\\/\\\/www.kliinikum.ee\\\/yhendlabor\\\/kasiraamat\\\/aneemia-uuringud\\\/glukoos-6-fosfaadi-dehudrogenaas-rbc-g6pd\\\/\"]}]},{\"@type\":\"BreadcrumbList\",\"@id\":\"https:\\\/\\\/www.kliinikum.ee\\\/yhendlabor\\\/kasiraamat\\\/aneemia-uuringud\\\/glukoos-6-fosfaadi-dehudrogenaas-rbc-g6pd\\\/#breadcrumb\",\"itemListElement\":[{\"@type\":\"ListItem\",\"position\":1,\"name\":\"Home\",\"item\":\"https:\\\/\\\/www.kliinikum.ee\\\/yhendlabor\\\/\"},{\"@type\":\"ListItem\",\"position\":2,\"name\":\"K\u00e4siraamat\",\"item\":\"https:\\\/\\\/www.kliinikum.ee\\\/yhendlabor\\\/kasiraamat\\\/\"},{\"@type\":\"ListItem\",\"position\":3,\"name\":\"Aneemia uuringud\",\"item\":\"https:\\\/\\\/www.kliinikum.ee\\\/yhendlabor\\\/kasiraamat\\\/aneemia-uuringud\\\/\"},{\"@type\":\"ListItem\",\"position\":4,\"name\":\"Gl\u00fckoos-6-fosfaadi deh\u00fcdrogenaas (RBC-G6PD)\"}]},{\"@type\":\"WebSite\",\"@id\":\"https:\\\/\\\/www.kliinikum.ee\\\/yhendlabor\\\/#website\",\"url\":\"https:\\\/\\\/www.kliinikum.ee\\\/yhendlabor\\\/\",\"name\":\"\u00dchendlabor\",\"description\":\"Hoolivus, Uuendusmeelsus, P\u00e4devus ja Usaldusv\u00e4\u00e4rsus\",\"potentialAction\":[{\"@type\":\"SearchAction\",\"target\":{\"@type\":\"EntryPoint\",\"urlTemplate\":\"https:\\\/\\\/www.kliinikum.ee\\\/yhendlabor\\\/?s={search_term_string}\"},\"query-input\":{\"@type\":\"PropertyValueSpecification\",\"valueRequired\":true,\"valueName\":\"search_term_string\"}}],\"inLanguage\":\"et\"}]}<\/script>\n<!-- \/ Yoast SEO plugin. -->","yoast_head_json":{"title":"Gl\u00fckoos-6-fosfaadi deh\u00fcdrogenaas (RBC-G6PD) - \u00dchendlabor","robots":{"index":"index","follow":"follow","max-snippet":"max-snippet:-1","max-image-preview":"max-image-preview:large","max-video-preview":"max-video-preview:-1"},"canonical":"https:\/\/www.kliinikum.ee\/yhendlabor\/kasiraamat\/aneemia-uuringud\/glukoos-6-fosfaadi-dehudrogenaas-rbc-g6pd\/","og_locale":"et_EE","og_type":"article","og_title":"Gl\u00fckoos-6-fosfaadi deh\u00fcdrogenaas (RBC-G6PD) - \u00dchendlabor","og_description":"Kliinilise keemia ja laboratoorse hematoloogia osakond Gl\u00fckoos-6-fosfaadi deh\u00fcdrogenaas (G6PD) on organismis toimuva gl\u00fckol\u00fc\u00fcsi spetsiaalse raja\u00a0 pentoosfosfaadits\u00fckli (PFT) ens\u00fc\u00fcm, mis deh\u00fcdrogeenib gl\u00fckoos-6-fosfaati 6-fosfogl\u00fckonaadiks. PFT on v\u00e4ga olulise t\u00e4htsusega, kuna selle k\u00e4igus toodetakse rida vajalikke vahe\u00fchendeid, sh NADPH-d, mis hoiab glutatiooni redutseeritud vormis. Redutseeritud glutatioon takistab hemoglobiini denaturatsiooni, redutseerib methemoglobiini tagasi hemoglobiiniks, samuti on ta antioks\u00fcdantsete omadustega, [&hellip;]","og_url":"https:\/\/www.kliinikum.ee\/yhendlabor\/kasiraamat\/aneemia-uuringud\/glukoos-6-fosfaadi-dehudrogenaas-rbc-g6pd\/","og_site_name":"\u00dchendlabor","article_modified_time":"2025-10-29T18:58:23+00:00","twitter_card":"summary_large_image","twitter_misc":{"Est. reading time":"2 minutit"},"schema":{"@context":"https:\/\/schema.org","@graph":[{"@type":"WebPage","@id":"https:\/\/www.kliinikum.ee\/yhendlabor\/kasiraamat\/aneemia-uuringud\/glukoos-6-fosfaadi-dehudrogenaas-rbc-g6pd\/","url":"https:\/\/www.kliinikum.ee\/yhendlabor\/kasiraamat\/aneemia-uuringud\/glukoos-6-fosfaadi-dehudrogenaas-rbc-g6pd\/","name":"Gl\u00fckoos-6-fosfaadi deh\u00fcdrogenaas (RBC-G6PD) - \u00dchendlabor","isPartOf":{"@id":"https:\/\/www.kliinikum.ee\/yhendlabor\/#website"},"datePublished":"2024-10-10T12:51:40+00:00","dateModified":"2025-10-29T18:58:23+00:00","breadcrumb":{"@id":"https:\/\/www.kliinikum.ee\/yhendlabor\/kasiraamat\/aneemia-uuringud\/glukoos-6-fosfaadi-dehudrogenaas-rbc-g6pd\/#breadcrumb"},"inLanguage":"et","potentialAction":[{"@type":"ReadAction","target":["https:\/\/www.kliinikum.ee\/yhendlabor\/kasiraamat\/aneemia-uuringud\/glukoos-6-fosfaadi-dehudrogenaas-rbc-g6pd\/"]}]},{"@type":"BreadcrumbList","@id":"https:\/\/www.kliinikum.ee\/yhendlabor\/kasiraamat\/aneemia-uuringud\/glukoos-6-fosfaadi-dehudrogenaas-rbc-g6pd\/#breadcrumb","itemListElement":[{"@type":"ListItem","position":1,"name":"Home","item":"https:\/\/www.kliinikum.ee\/yhendlabor\/"},{"@type":"ListItem","position":2,"name":"K\u00e4siraamat","item":"https:\/\/www.kliinikum.ee\/yhendlabor\/kasiraamat\/"},{"@type":"ListItem","position":3,"name":"Aneemia uuringud","item":"https:\/\/www.kliinikum.ee\/yhendlabor\/kasiraamat\/aneemia-uuringud\/"},{"@type":"ListItem","position":4,"name":"Gl\u00fckoos-6-fosfaadi deh\u00fcdrogenaas (RBC-G6PD)"}]},{"@type":"WebSite","@id":"https:\/\/www.kliinikum.ee\/yhendlabor\/#website","url":"https:\/\/www.kliinikum.ee\/yhendlabor\/","name":"\u00dchendlabor","description":"Hoolivus, Uuendusmeelsus, P\u00e4devus ja Usaldusv\u00e4\u00e4rsus","potentialAction":[{"@type":"SearchAction","target":{"@type":"EntryPoint","urlTemplate":"https:\/\/www.kliinikum.ee\/yhendlabor\/?s={search_term_string}"},"query-input":{"@type":"PropertyValueSpecification","valueRequired":true,"valueName":"search_term_string"}}],"inLanguage":"et"}]}},"uagb_featured_image_src":{"full":false,"thumbnail":false,"medium":false,"medium_large":false,"large":false,"1536x1536":false,"2048x2048":false},"uagb_author_info":{"display_name":"Jane Freimann","author_link":"https:\/\/www.kliinikum.ee\/yhendlabor\/author\/janef\/"},"uagb_comment_info":0,"uagb_excerpt":"Kliinilise keemia ja laboratoorse hematoloogia osakond Gl\u00fckoos-6-fosfaadi deh\u00fcdrogenaas (G6PD) on organismis toimuva gl\u00fckol\u00fc\u00fcsi spetsiaalse raja\u00a0 pentoosfosfaadits\u00fckli (PFT) ens\u00fc\u00fcm, mis deh\u00fcdrogeenib gl\u00fckoos-6-fosfaati 6-fosfogl\u00fckonaadiks. PFT on v\u00e4ga olulise t\u00e4htsusega, kuna selle k\u00e4igus toodetakse rida vajalikke vahe\u00fchendeid, sh NADPH-d, mis hoiab glutatiooni redutseeritud vormis. Redutseeritud glutatioon takistab hemoglobiini denaturatsiooni, redutseerib methemoglobiini tagasi hemoglobiiniks, samuti on ta antioks\u00fcdantsete omadustega,&hellip;","_links":{"self":[{"href":"https:\/\/www.kliinikum.ee\/yhendlabor\/wp-json\/wp\/v2\/pages\/9956","targetHints":{"allow":["GET"]}}],"collection":[{"href":"https:\/\/www.kliinikum.ee\/yhendlabor\/wp-json\/wp\/v2\/pages"}],"about":[{"href":"https:\/\/www.kliinikum.ee\/yhendlabor\/wp-json\/wp\/v2\/types\/page"}],"author":[{"embeddable":true,"href":"https:\/\/www.kliinikum.ee\/yhendlabor\/wp-json\/wp\/v2\/users\/36"}],"replies":[{"embeddable":true,"href":"https:\/\/www.kliinikum.ee\/yhendlabor\/wp-json\/wp\/v2\/comments?post=9956"}],"version-history":[{"count":0,"href":"https:\/\/www.kliinikum.ee\/yhendlabor\/wp-json\/wp\/v2\/pages\/9956\/revisions"}],"up":[{"embeddable":true,"href":"https:\/\/www.kliinikum.ee\/yhendlabor\/wp-json\/wp\/v2\/pages\/7023"}],"wp:attachment":[{"href":"https:\/\/www.kliinikum.ee\/yhendlabor\/wp-json\/wp\/v2\/media?parent=9956"}],"curies":[{"name":"wp","href":"https:\/\/api.w.org\/{rel}","templated":true}]}}