{"id":9965,"date":"2024-10-10T15:00:01","date_gmt":"2024-10-10T13:00:01","guid":{"rendered":"https:\/\/www.kliinikum.ee\/yhendlabor\/?page_id=9965"},"modified":"2025-10-29T21:00:26","modified_gmt":"2025-10-29T19:00:26","slug":"paroksusmaalse-nokturnaalse-hemoglobinuuria-paneel-voolutsutomeetria","status":"publish","type":"page","link":"https:\/\/www.kliinikum.ee\/yhendlabor\/kasiraamat\/aneemia-uuringud\/paroksusmaalse-nokturnaalse-hemoglobinuuria-paneel-voolutsutomeetria\/","title":{"rendered":"Paroks\u00fcsmaalse nokturnaalse hemoglobinuuria paneel (vooluts\u00fctomeetria)"},"content":{"rendered":"\n<p><em>Immuunanal\u00fc\u00fcsi osakond<\/em><\/p>\n\n\n\n<p><strong>Paroks\u00fcsmaalne nokturnaale hemoglobinuuria (PNH)<\/strong> on hematoloogiline haigus, mida p\u00f5hjustab \u00fchte v\u00f5i mitut hematoloogilist rakuliini haarav somaatiline mutatsioon <em>PIGA<\/em> geenis. Mutatsiooni tulemusena h\u00e4irub gl\u00fckos\u00fc\u00fcl-fosfatid\u00fc\u00fcl-inositooli (GPI) s\u00fcntees, mis takistab komplementi reguleerivate valkude seondumist vererakkude pinnale.<\/p>\n\n\n\n<p>Vooluts\u00fctomeetria kasutab PNH klooni tuvastamiseks GPI-ga seonduvaid valke, mille ekspressiooni hinnatakse kolmes vereloome rakuliinis: er\u00fctrots\u00fc\u00fctides (CD59), monots\u00fc\u00fctides (CD14) ja neutrofiilides (CD24). Lisaks pinnavalkude vastastele antikehadele kasutatakse leukots\u00fc\u00fctide j\u00e4lgimisel vahetult GPI-ga seonduvat ja fluorestsentsm\u00e4rgisega konjugeeritud bakteri aerol\u00fcsiini (FLAER) ja CD157 antikeha. Er\u00fctrots\u00fc\u00fcdid ja leukots\u00fc\u00fcdid v\u00f5ivad olla GPI-puudulikud kas t\u00e4ielikult (t\u00fc\u00fcp 3) v\u00f5i osaliselt (t\u00fc\u00fcp 2).<\/p>\n\n\n\n<p class=\"has-medium-font-size\"><strong>Uuritav materjal, selle v\u00f5tmine, saatmine ja s\u00e4ilitamine<\/strong><\/p>\n\n\n\n<p>Veri<\/p>\n\n\n\n<figure class=\"wp-block-table is-style-stripes\"><table style=\"border-width:1px\" width=\"100%\"><tbody><tr><td width=\"1%\"><\/td><td width=\"20%\"><strong>Katsuti<\/strong><\/td><td width=\"79%\">Eelistatult K2E\/K3E-katsuti (lilla kork), sobib ka LH-katsuti (roheline musta r\u00f5ngaga kork)<\/td><\/tr><tr><td width=\"1%\"><\/td><td width=\"20%\"><strong>Anal\u00fc\u00fcsitav kogus<\/strong><\/td><td width=\"79%\">3 mL verd<\/td><\/tr><tr><td width=\"1%\"><\/td><td width=\"20%\"><strong>S\u00e4ilivus<\/strong><\/td><td width=\"79%\">Toatemperatuuril kuni 24 tundi. Mitte k\u00fclmutada!<\/td><\/tr><\/tbody><\/table><\/figure>\n\n\n\n<p class=\"has-medium-font-size\"><strong>Anal\u00fc\u00fcsi tegemise aeg:<\/strong> t\u00f6\u00f6p\u00e4eviti, vastus 3 t\u00f6\u00f6p\u00e4eva jooksul<\/p>\n\n\n\n<p class=\"has-medium-font-size\"><strong>Anal\u00fc\u00fcsimeetod:<\/strong> vooluts\u00fctomeetria<\/p>\n\n\n\n<p>Er\u00fctrots\u00fc\u00fctide immuunfenot\u00fcpeerimisel kasutatavad antikehad CD235a, CD59; monots\u00fc\u00fctidel CD45, CD64, CD14, FLAER, CD157; neutrofiilidel CD45, CD15, CD24, FLAER, CD157.<\/p>\n\n\n\n<p class=\"has-medium-font-size\"><strong>Vastuse vorm<\/strong><\/p>\n\n\n\n<p>PNH klooni suurus (%) er\u00fctrots\u00fc\u00fctidest, monots\u00fc\u00fctidest ja neutrofiilidest.<\/p>\n\n\n\n<p class=\"has-medium-font-size\"><strong>N\u00e4idustus ja kliiniline t\u00e4hendus<\/strong><\/p>\n\n\n\n<p>Vooluts\u00fctomeetrilist uuringut kasutatakse PNH diagnoosimiseks ja haiguskulu j\u00e4lgimiseks.<\/p>\n\n\n\n<p>K\u00f5rgema PNH riskiga gruppi kuuluvad patsiendid, kellel on leitud selgitamata p\u00f5hjusega ts\u00fctopeenia, aplastiline aneemia (AA), m\u00fcelod\u00fcsplaasia (MDS), selgitamata p\u00f5hjustega tromboosid noores eas v\u00f5i tromboos haruldases paikmes (intraabdominaalsed veenid ja arterid, ajuveenid, nahaveenid), Coombs-negatiivne hemol\u00fc\u00fctiline aneemia, hemoglobinuuria.<\/p>\n\n\n\n<p>V\u00e4ike GPI-puudulike rakkude kloon leitakse 40\u201357% omandatud AA diagnoosiga patsientidelt. AA patsiendid vajavad j\u00e4lgimist, sest kloon v\u00f5ib ajas muutuda ning v\u00e4lja kujuneda kliiniline PNH. MDS puhul leidub GPI-puudulikke rakke ligikaudu 2% patsientidest. Kuna MDS patsientidel tekivad GPI-puudulikud rakud kolooniaid formeerivatest rakkudest (CFC), et kujune neil kliinilist PNH-d. Tervetel indiviididel esineb GPI-puudulikke er\u00fctrots\u00fc\u00fcte kuni 0,006%.<\/p>\n\n\n\n<p>Kliinilise PNH korral moodustavad GPI-puudulikud rakud uuritud rakupopulatsioonidest tavaliselt \u00fcle 10%, MDS ja AA korral j\u00e4\u00e4b vastavate rakkude hulk alla 10%. V\u00e4ga v\u00e4iksed (alla 1%) PNH kloonid v\u00f5ivad olla p\u00f5hjustatud ka immuunsupressiivsest ravist.<\/p>\n\n\n\n<p>Ebak\u00f5la GPI-puudulike er\u00fctrots\u00fc\u00fctide ja leukots\u00fc\u00fctide arvu vahel v\u00f5ib tuleneda hemol\u00fc\u00fcsist v\u00f5i uuringule eelnenud transfusioonist. \u00dcldjuhul monots\u00fc\u00fctide ja neutrofiilide GPI-puudulike rakkude kloonid korreleeruvad h\u00e4sti, kuid ka nendel puhul v\u00f5ib esineda lahknevusi.<\/p>\n\n\n\n<p>Koostajad: Eva Reinmaa, Maria Kaare<br>Muudetud 27.03.2024<\/p>\n","protected":false},"excerpt":{"rendered":"<p>Immuunanal\u00fc\u00fcsi osakond Paroks\u00fcsmaalne nokturnaale hemoglobinuuria (PNH) on hematoloogiline haigus, mida p\u00f5hjustab \u00fchte v\u00f5i mitut hematoloogilist rakuliini haarav somaatiline mutatsioon PIGA geenis. Mutatsiooni tulemusena h\u00e4irub gl\u00fckos\u00fc\u00fcl-fosfatid\u00fc\u00fcl-inositooli (GPI) s\u00fcntees, mis takistab komplementi reguleerivate valkude seondumist vererakkude pinnale. Vooluts\u00fctomeetria kasutab PNH klooni tuvastamiseks GPI-ga seonduvaid valke, mille ekspressiooni hinnatakse kolmes vereloome rakuliinis: er\u00fctrots\u00fc\u00fctides (CD59), monots\u00fc\u00fctides (CD14) ja neutrofiilides [&hellip;]<\/p>\n","protected":false},"author":36,"featured_media":0,"parent":7023,"menu_order":0,"comment_status":"closed","ping_status":"closed","template":"","meta":{"_uag_custom_page_level_css":"","footnotes":""},"class_list":["post-9965","page","type-page","status-publish","hentry"],"acf":[],"yoast_head":"<!-- This site is optimized with the Yoast SEO plugin v27.3 - https:\/\/yoast.com\/product\/yoast-seo-wordpress\/ -->\n<title>Paroks\u00fcsmaalse nokturnaalse hemoglobinuuria paneel (vooluts\u00fctomeetria) - \u00dchendlabor<\/title>\n<meta name=\"robots\" content=\"index, follow, max-snippet:-1, max-image-preview:large, max-video-preview:-1\" \/>\n<link rel=\"canonical\" href=\"https:\/\/www.kliinikum.ee\/yhendlabor\/kasiraamat\/aneemia-uuringud\/paroksusmaalse-nokturnaalse-hemoglobinuuria-paneel-voolutsutomeetria\/\" \/>\n<meta property=\"og:locale\" content=\"et_EE\" \/>\n<meta property=\"og:type\" content=\"article\" \/>\n<meta property=\"og:title\" content=\"Paroks\u00fcsmaalse nokturnaalse hemoglobinuuria paneel (vooluts\u00fctomeetria) - \u00dchendlabor\" \/>\n<meta property=\"og:description\" content=\"Immuunanal\u00fc\u00fcsi osakond Paroks\u00fcsmaalne nokturnaale hemoglobinuuria (PNH) on hematoloogiline haigus, mida p\u00f5hjustab \u00fchte v\u00f5i mitut hematoloogilist rakuliini haarav somaatiline mutatsioon PIGA geenis. Mutatsiooni tulemusena h\u00e4irub gl\u00fckos\u00fc\u00fcl-fosfatid\u00fc\u00fcl-inositooli (GPI) s\u00fcntees, mis takistab komplementi reguleerivate valkude seondumist vererakkude pinnale. Vooluts\u00fctomeetria kasutab PNH klooni tuvastamiseks GPI-ga seonduvaid valke, mille ekspressiooni hinnatakse kolmes vereloome rakuliinis: er\u00fctrots\u00fc\u00fctides (CD59), monots\u00fc\u00fctides (CD14) ja neutrofiilides [&hellip;]\" \/>\n<meta property=\"og:url\" content=\"https:\/\/www.kliinikum.ee\/yhendlabor\/kasiraamat\/aneemia-uuringud\/paroksusmaalse-nokturnaalse-hemoglobinuuria-paneel-voolutsutomeetria\/\" \/>\n<meta property=\"og:site_name\" content=\"\u00dchendlabor\" \/>\n<meta property=\"article:modified_time\" content=\"2025-10-29T19:00:26+00:00\" \/>\n<meta name=\"twitter:card\" content=\"summary_large_image\" \/>\n<meta name=\"twitter:label1\" content=\"Est. reading time\" \/>\n\t<meta name=\"twitter:data1\" content=\"2 minutit\" \/>\n<script type=\"application\/ld+json\" class=\"yoast-schema-graph\">{\"@context\":\"https:\\\/\\\/schema.org\",\"@graph\":[{\"@type\":\"WebPage\",\"@id\":\"https:\\\/\\\/www.kliinikum.ee\\\/yhendlabor\\\/kasiraamat\\\/aneemia-uuringud\\\/paroksusmaalse-nokturnaalse-hemoglobinuuria-paneel-voolutsutomeetria\\\/\",\"url\":\"https:\\\/\\\/www.kliinikum.ee\\\/yhendlabor\\\/kasiraamat\\\/aneemia-uuringud\\\/paroksusmaalse-nokturnaalse-hemoglobinuuria-paneel-voolutsutomeetria\\\/\",\"name\":\"Paroks\u00fcsmaalse nokturnaalse hemoglobinuuria paneel (vooluts\u00fctomeetria) - \u00dchendlabor\",\"isPartOf\":{\"@id\":\"https:\\\/\\\/www.kliinikum.ee\\\/yhendlabor\\\/#website\"},\"datePublished\":\"2024-10-10T13:00:01+00:00\",\"dateModified\":\"2025-10-29T19:00:26+00:00\",\"breadcrumb\":{\"@id\":\"https:\\\/\\\/www.kliinikum.ee\\\/yhendlabor\\\/kasiraamat\\\/aneemia-uuringud\\\/paroksusmaalse-nokturnaalse-hemoglobinuuria-paneel-voolutsutomeetria\\\/#breadcrumb\"},\"inLanguage\":\"et\",\"potentialAction\":[{\"@type\":\"ReadAction\",\"target\":[\"https:\\\/\\\/www.kliinikum.ee\\\/yhendlabor\\\/kasiraamat\\\/aneemia-uuringud\\\/paroksusmaalse-nokturnaalse-hemoglobinuuria-paneel-voolutsutomeetria\\\/\"]}]},{\"@type\":\"BreadcrumbList\",\"@id\":\"https:\\\/\\\/www.kliinikum.ee\\\/yhendlabor\\\/kasiraamat\\\/aneemia-uuringud\\\/paroksusmaalse-nokturnaalse-hemoglobinuuria-paneel-voolutsutomeetria\\\/#breadcrumb\",\"itemListElement\":[{\"@type\":\"ListItem\",\"position\":1,\"name\":\"Home\",\"item\":\"https:\\\/\\\/www.kliinikum.ee\\\/yhendlabor\\\/\"},{\"@type\":\"ListItem\",\"position\":2,\"name\":\"K\u00e4siraamat\",\"item\":\"https:\\\/\\\/www.kliinikum.ee\\\/yhendlabor\\\/kasiraamat\\\/\"},{\"@type\":\"ListItem\",\"position\":3,\"name\":\"Aneemia uuringud\",\"item\":\"https:\\\/\\\/www.kliinikum.ee\\\/yhendlabor\\\/kasiraamat\\\/aneemia-uuringud\\\/\"},{\"@type\":\"ListItem\",\"position\":4,\"name\":\"Paroks\u00fcsmaalse nokturnaalse hemoglobinuuria paneel (vooluts\u00fctomeetria)\"}]},{\"@type\":\"WebSite\",\"@id\":\"https:\\\/\\\/www.kliinikum.ee\\\/yhendlabor\\\/#website\",\"url\":\"https:\\\/\\\/www.kliinikum.ee\\\/yhendlabor\\\/\",\"name\":\"\u00dchendlabor\",\"description\":\"Hoolivus, Uuendusmeelsus, P\u00e4devus ja Usaldusv\u00e4\u00e4rsus\",\"potentialAction\":[{\"@type\":\"SearchAction\",\"target\":{\"@type\":\"EntryPoint\",\"urlTemplate\":\"https:\\\/\\\/www.kliinikum.ee\\\/yhendlabor\\\/?s={search_term_string}\"},\"query-input\":{\"@type\":\"PropertyValueSpecification\",\"valueRequired\":true,\"valueName\":\"search_term_string\"}}],\"inLanguage\":\"et\"}]}<\/script>\n<!-- \/ Yoast SEO plugin. -->","yoast_head_json":{"title":"Paroks\u00fcsmaalse nokturnaalse hemoglobinuuria paneel (vooluts\u00fctomeetria) - \u00dchendlabor","robots":{"index":"index","follow":"follow","max-snippet":"max-snippet:-1","max-image-preview":"max-image-preview:large","max-video-preview":"max-video-preview:-1"},"canonical":"https:\/\/www.kliinikum.ee\/yhendlabor\/kasiraamat\/aneemia-uuringud\/paroksusmaalse-nokturnaalse-hemoglobinuuria-paneel-voolutsutomeetria\/","og_locale":"et_EE","og_type":"article","og_title":"Paroks\u00fcsmaalse nokturnaalse hemoglobinuuria paneel (vooluts\u00fctomeetria) - \u00dchendlabor","og_description":"Immuunanal\u00fc\u00fcsi osakond Paroks\u00fcsmaalne nokturnaale hemoglobinuuria (PNH) on hematoloogiline haigus, mida p\u00f5hjustab \u00fchte v\u00f5i mitut hematoloogilist rakuliini haarav somaatiline mutatsioon PIGA geenis. Mutatsiooni tulemusena h\u00e4irub gl\u00fckos\u00fc\u00fcl-fosfatid\u00fc\u00fcl-inositooli (GPI) s\u00fcntees, mis takistab komplementi reguleerivate valkude seondumist vererakkude pinnale. Vooluts\u00fctomeetria kasutab PNH klooni tuvastamiseks GPI-ga seonduvaid valke, mille ekspressiooni hinnatakse kolmes vereloome rakuliinis: er\u00fctrots\u00fc\u00fctides (CD59), monots\u00fc\u00fctides (CD14) ja neutrofiilides [&hellip;]","og_url":"https:\/\/www.kliinikum.ee\/yhendlabor\/kasiraamat\/aneemia-uuringud\/paroksusmaalse-nokturnaalse-hemoglobinuuria-paneel-voolutsutomeetria\/","og_site_name":"\u00dchendlabor","article_modified_time":"2025-10-29T19:00:26+00:00","twitter_card":"summary_large_image","twitter_misc":{"Est. reading time":"2 minutit"},"schema":{"@context":"https:\/\/schema.org","@graph":[{"@type":"WebPage","@id":"https:\/\/www.kliinikum.ee\/yhendlabor\/kasiraamat\/aneemia-uuringud\/paroksusmaalse-nokturnaalse-hemoglobinuuria-paneel-voolutsutomeetria\/","url":"https:\/\/www.kliinikum.ee\/yhendlabor\/kasiraamat\/aneemia-uuringud\/paroksusmaalse-nokturnaalse-hemoglobinuuria-paneel-voolutsutomeetria\/","name":"Paroks\u00fcsmaalse nokturnaalse hemoglobinuuria paneel (vooluts\u00fctomeetria) - \u00dchendlabor","isPartOf":{"@id":"https:\/\/www.kliinikum.ee\/yhendlabor\/#website"},"datePublished":"2024-10-10T13:00:01+00:00","dateModified":"2025-10-29T19:00:26+00:00","breadcrumb":{"@id":"https:\/\/www.kliinikum.ee\/yhendlabor\/kasiraamat\/aneemia-uuringud\/paroksusmaalse-nokturnaalse-hemoglobinuuria-paneel-voolutsutomeetria\/#breadcrumb"},"inLanguage":"et","potentialAction":[{"@type":"ReadAction","target":["https:\/\/www.kliinikum.ee\/yhendlabor\/kasiraamat\/aneemia-uuringud\/paroksusmaalse-nokturnaalse-hemoglobinuuria-paneel-voolutsutomeetria\/"]}]},{"@type":"BreadcrumbList","@id":"https:\/\/www.kliinikum.ee\/yhendlabor\/kasiraamat\/aneemia-uuringud\/paroksusmaalse-nokturnaalse-hemoglobinuuria-paneel-voolutsutomeetria\/#breadcrumb","itemListElement":[{"@type":"ListItem","position":1,"name":"Home","item":"https:\/\/www.kliinikum.ee\/yhendlabor\/"},{"@type":"ListItem","position":2,"name":"K\u00e4siraamat","item":"https:\/\/www.kliinikum.ee\/yhendlabor\/kasiraamat\/"},{"@type":"ListItem","position":3,"name":"Aneemia uuringud","item":"https:\/\/www.kliinikum.ee\/yhendlabor\/kasiraamat\/aneemia-uuringud\/"},{"@type":"ListItem","position":4,"name":"Paroks\u00fcsmaalse nokturnaalse hemoglobinuuria paneel (vooluts\u00fctomeetria)"}]},{"@type":"WebSite","@id":"https:\/\/www.kliinikum.ee\/yhendlabor\/#website","url":"https:\/\/www.kliinikum.ee\/yhendlabor\/","name":"\u00dchendlabor","description":"Hoolivus, Uuendusmeelsus, P\u00e4devus ja Usaldusv\u00e4\u00e4rsus","potentialAction":[{"@type":"SearchAction","target":{"@type":"EntryPoint","urlTemplate":"https:\/\/www.kliinikum.ee\/yhendlabor\/?s={search_term_string}"},"query-input":{"@type":"PropertyValueSpecification","valueRequired":true,"valueName":"search_term_string"}}],"inLanguage":"et"}]}},"uagb_featured_image_src":{"full":false,"thumbnail":false,"medium":false,"medium_large":false,"large":false,"1536x1536":false,"2048x2048":false},"uagb_author_info":{"display_name":"Jane Freimann","author_link":"https:\/\/www.kliinikum.ee\/yhendlabor\/author\/janef\/"},"uagb_comment_info":0,"uagb_excerpt":"Immuunanal\u00fc\u00fcsi osakond Paroks\u00fcsmaalne nokturnaale hemoglobinuuria (PNH) on hematoloogiline haigus, mida p\u00f5hjustab \u00fchte v\u00f5i mitut hematoloogilist rakuliini haarav somaatiline mutatsioon PIGA geenis. Mutatsiooni tulemusena h\u00e4irub gl\u00fckos\u00fc\u00fcl-fosfatid\u00fc\u00fcl-inositooli (GPI) s\u00fcntees, mis takistab komplementi reguleerivate valkude seondumist vererakkude pinnale. Vooluts\u00fctomeetria kasutab PNH klooni tuvastamiseks GPI-ga seonduvaid valke, mille ekspressiooni hinnatakse kolmes vereloome rakuliinis: er\u00fctrots\u00fc\u00fctides (CD59), monots\u00fc\u00fctides (CD14) ja neutrofiilides&hellip;","_links":{"self":[{"href":"https:\/\/www.kliinikum.ee\/yhendlabor\/wp-json\/wp\/v2\/pages\/9965","targetHints":{"allow":["GET"]}}],"collection":[{"href":"https:\/\/www.kliinikum.ee\/yhendlabor\/wp-json\/wp\/v2\/pages"}],"about":[{"href":"https:\/\/www.kliinikum.ee\/yhendlabor\/wp-json\/wp\/v2\/types\/page"}],"author":[{"embeddable":true,"href":"https:\/\/www.kliinikum.ee\/yhendlabor\/wp-json\/wp\/v2\/users\/36"}],"replies":[{"embeddable":true,"href":"https:\/\/www.kliinikum.ee\/yhendlabor\/wp-json\/wp\/v2\/comments?post=9965"}],"version-history":[{"count":0,"href":"https:\/\/www.kliinikum.ee\/yhendlabor\/wp-json\/wp\/v2\/pages\/9965\/revisions"}],"up":[{"embeddable":true,"href":"https:\/\/www.kliinikum.ee\/yhendlabor\/wp-json\/wp\/v2\/pages\/7023"}],"wp:attachment":[{"href":"https:\/\/www.kliinikum.ee\/yhendlabor\/wp-json\/wp\/v2\/media?parent=9965"}],"curies":[{"name":"wp","href":"https:\/\/api.w.org\/{rel}","templated":true}]}}