{"id":9971,"date":"2024-10-10T15:04:10","date_gmt":"2024-10-10T13:04:10","guid":{"rendered":"https:\/\/www.kliinikum.ee\/yhendlabor\/?page_id=9971"},"modified":"2025-12-21T17:26:20","modified_gmt":"2025-12-21T15:26:20","slug":"raud-sp-fe","status":"publish","type":"page","link":"https:\/\/www.kliinikum.ee\/yhendlabor\/kasiraamat\/aneemia-uuringud\/raud-sp-fe\/","title":{"rendered":"Raud (S,P-Fe)"},"content":{"rendered":"\n<p><em>Kliinilise keemia ja laboratoorse hematoloogia osakond<\/em><\/p>\n\n\n\n<p><strong>Raud (Fe)<\/strong> on organismis vajalik paljude ens\u00fc\u00fcmide ja muude valkude ehituses ning funktsioneerimises, nt hapniku transpordis ja koehingamises. Organism saab rauda toidust. Vaba raud on toksiline, normaalselt on kogu raud organismis seotud valkudega: plasmas transferriiniga, depoodes apoferritiini ja hemosideriiniga ning er\u00fctrots\u00fc\u00fctides hemoglobiiniga. Fe m\u00e4\u00e4ramisel seerumis m\u00f5\u00f5detakse ainult transferriiniga seotud (transportvorm) rauda. Fe kontsentratsioon varieerub f\u00fcsioloogilistes tingimustes suures vahemikus (bioloogilise variatsiooni koefitsient 23%), suurim kontsentratsioon esineb hommikuti. Fe \u00fcksinda ei iseloomusta rauadepoode suurust ega organismi k\u00fcllastatust rauaga. Informatiivseim on raua, ferritiini ja transferriini lahustuvate retseptorite kontsentratsiooni \u00fcheaegne m\u00e4\u00e4ramine. Rauapuudusaneemia eristamiseks kroonilise haiguse puhusest aneemiast on informatiivne transferriini saturatsiooni v\u00e4\u00e4rtus kombinatsioonis seerumi rauatasemega.<\/p>\n\n\n\n<p class=\"has-medium-font-size\"><strong>Uuritav materjal, selle v\u00f5tmine, saatmine ja s\u00e4ilitamine<\/strong><\/p>\n\n\n\n<p>Proov ei tohi olla hemol\u00fc\u00fctiline! Proov tuleb v\u00f5tta hommikul ja enne ravi alustamist rauapreparaatidega!<\/p>\n\n\n\n<figure class=\"wp-block-table is-style-stripes\"><table style=\"border-width:1px\" width=\"100%\"><tbody><tr><td width=\"1%\"><\/td><td width=\"15%\"><strong>Katsuti<\/strong><\/td><td width=\"84%\">Geeli ja h\u00fc\u00fcbimisaktivaatoriga katsuti (punane kollase r\u00f5ngaga v\u00f5i kollane kork) v\u00f5i geeliga LH-katsuti (roheline kollase r\u00f5ngaga v\u00f5i heleroheline kork)<\/td><\/tr><tr><td width=\"1%\"><\/td><td width=\"15%\"><strong>S\u00e4ilivus<\/strong><\/td><td width=\"84%\">Seerum\/plasma toatemperatuuril seitse p\u00e4eva, +4 \u00b0C kolm n\u00e4dalat, -20\u00b0C aastaid<\/td><\/tr><\/tbody><\/table><\/figure>\n\n\n\n<p class=\"has-medium-font-size\"><strong>Anal\u00fc\u00fcsi tegemise aeg:<\/strong> \u00f6\u00f6p\u00e4evaringselt<\/p>\n\n\n\n<p class=\"has-medium-font-size\"><strong>Anal\u00fc\u00fcsimeetod: <\/strong>kolorimeetriline meetod<\/p>\n\n\n\n<p class=\"has-medium-font-size\"><strong>Referentsv\u00e4\u00e4rtused<\/strong><\/p>\n\n\n\n<figure class=\"wp-block-table\"><table style=\"border-style:none;border-width:0px\" width=\"100%\"><tbody><tr><td width=\"1%\"><\/td><td width=\"30%\"><strong>&lt; 14 a<\/strong><\/td><td width=\"35%\">M, N<\/td><td width=\"34%\">5\u201325 \u00b5mol\/L<\/td><\/tr><tr><td width=\"1%\"><\/td><td width=\"30%\"><strong>14 a \u2013 &lt; 19 a<\/strong><\/td><td width=\"35%\">M<\/td><td width=\"34%\">8\u201331 \u00b5mol\/L<\/td><\/tr><tr><td width=\"1%\"><\/td><td width=\"30%\"><\/td><td width=\"35%\">N<\/td><td width=\"34%\">6\u201331 \u00b5mol\/L<\/td><\/tr><tr><td width=\"1%\"><\/td><td width=\"30%\"><strong>\u2265 19 a\u00a0<\/strong><\/td><td width=\"35%\">M<\/td><td width=\"34%\">11\u201328 \u00b5mol\/L<\/td><\/tr><tr><td width=\"1%\"><\/td><td width=\"30%\"><\/td><td width=\"35%\">N<\/td><td width=\"34%\">6,6\u201326 \u00b5mol\/L<\/td><\/tr><\/tbody><\/table><\/figure>\n\n\n\n<p class=\"has-medium-font-size\"><strong>N\u00e4idustus ja kliiniline t\u00e4hendus<\/strong><\/p>\n\n\n\n<p>Koos transferriini m\u00e4\u00e4ramise ja transferriini saturatsiooni arvutamisega rauapuudusaneemia eristamine kroonilise haiguse puhusest aneemiast; hemokromatoosi ja rauam\u00fcrgistuse diagnoosimine.<\/p>\n\n\n\n<p><em>Fe kontsentratsiooni v\u00e4henemine<\/em><\/p>\n\n\n\n<ul class=\"wp-block-list\">\n<li>Rauavaegus v\u00f5ib olla tingitud pikaajalisest v\u00f5i rohkest verekaotusest (vererikas menstruatsioon, s\u00fcnnitus, verejooks seedekulglast), kompenseerimata suurenenud vajadusest (rasedus, kasvuperiood), v\u00e4henenud imendumisest, \u00fchek\u00fclgsest toitumisest, p\u00f5hiliste rauadepoode (maks, p\u00f5rn, luu\u00fcdi) haigusest.<\/li>\n\n\n\n<li>Raua kontsentratsioon v\u00e4heneb ka p\u00f5letike, infektsioonide ja pahaloomuliste kasvajate puhul (nn kroonilise haiguse aneemia) ning seisundite korral, kus er\u00fctropoeesi kiirus \u00fcletab tunduvalt er\u00fctrots\u00fc\u00fctide lagunemise kiiruse (verejooksu j\u00e4rgselt, B12-vitamiinravi ajal).<\/li>\n<\/ul>\n\n\n\n<p><em>Fe kontsentratsiooni suurenemine<\/em><\/p>\n\n\n\n<ul class=\"wp-block-list\">\n<li>Fe kontsentratsioon suureneb ladestuss\u00fcndroomide (nt hemokromatoos ja -sideroos) ja rauam\u00fcrgistuse (ebakohane rauaravi, rauapreparaadi \u00fcledoos) korral.<\/li>\n\n\n\n<li>Fe taseme t\u00f5us v\u00f5ib esineda ka juhtudel, kui luu\u00fcdi ei saa rauda kasutada (h\u00fcpoplaasia, er\u00fctropoeetiliste faktorite (vitamiin B12, foolhape) defitsiit), hemol\u00fc\u00fctilise aneemia \u00e4gedas faasis, sideroblastilise aneemia ja \u00e4gedate maksahaiguste korral.<\/li>\n\n\n\n<li>Samuti esineb Fe taseme t\u00f5us m\u00f5nede ravimite kasutamisel (rauapreparaadid, \u00f6strogeenid, peroraalsed kontratseptiivid).<\/li>\n<\/ul>\n\n\n\n<p>Vt ka: <a href=\"https:\/\/www.kliinikum.ee\/yhendlabor\/kasiraamat\/aneemia-uuringud\/ferritiin-sp-fer\/\">Ferritiin<\/a><br><a href=\"https:\/\/www.kliinikum.ee\/yhendlabor\/kasiraamat\/aneemia-uuringud\/transferriin-sp-transf\/\">Transferriin<\/a><br><a href=\"https:\/\/www.kliinikum.ee\/yhendlabor\/kasiraamat\/aneemia-uuringud\/transferriini-lahustuvad-retseptorid-sp-transf-sr\/\">Transferriini lahustuvad retseptorid<\/a><\/p>\n\n\n\n<p><\/p>\n\n\n\n<p>Koostajad: Vivian Heek, Kaja Vaagen<br>Muudetud 12.03.2021<\/p>\n","protected":false},"excerpt":{"rendered":"<p>Kliinilise keemia ja laboratoorse hematoloogia osakond Raud (Fe) on organismis vajalik paljude ens\u00fc\u00fcmide ja muude valkude ehituses ning funktsioneerimises, nt hapniku transpordis ja koehingamises. Organism saab rauda toidust. Vaba raud on toksiline, normaalselt on kogu raud organismis seotud valkudega: plasmas transferriiniga, depoodes apoferritiini ja hemosideriiniga ning er\u00fctrots\u00fc\u00fctides hemoglobiiniga. Fe m\u00e4\u00e4ramisel seerumis m\u00f5\u00f5detakse ainult transferriiniga seotud [&hellip;]<\/p>\n","protected":false},"author":36,"featured_media":0,"parent":7023,"menu_order":0,"comment_status":"closed","ping_status":"closed","template":"","meta":{"_uag_custom_page_level_css":"","footnotes":""},"class_list":["post-9971","page","type-page","status-publish","hentry"],"acf":[],"yoast_head":"<!-- This site is optimized with the Yoast SEO plugin v27.3 - https:\/\/yoast.com\/product\/yoast-seo-wordpress\/ -->\n<title>Raud (S,P-Fe) - \u00dchendlabor<\/title>\n<meta name=\"robots\" content=\"index, follow, max-snippet:-1, max-image-preview:large, max-video-preview:-1\" \/>\n<link rel=\"canonical\" href=\"https:\/\/www.kliinikum.ee\/yhendlabor\/kasiraamat\/aneemia-uuringud\/raud-sp-fe\/\" \/>\n<meta property=\"og:locale\" content=\"et_EE\" \/>\n<meta property=\"og:type\" content=\"article\" \/>\n<meta property=\"og:title\" content=\"Raud (S,P-Fe) - \u00dchendlabor\" \/>\n<meta property=\"og:description\" content=\"Kliinilise keemia ja laboratoorse hematoloogia osakond Raud (Fe) on organismis vajalik paljude ens\u00fc\u00fcmide ja muude valkude ehituses ning funktsioneerimises, nt hapniku transpordis ja koehingamises. Organism saab rauda toidust. Vaba raud on toksiline, normaalselt on kogu raud organismis seotud valkudega: plasmas transferriiniga, depoodes apoferritiini ja hemosideriiniga ning er\u00fctrots\u00fc\u00fctides hemoglobiiniga. Fe m\u00e4\u00e4ramisel seerumis m\u00f5\u00f5detakse ainult transferriiniga seotud [&hellip;]\" \/>\n<meta property=\"og:url\" content=\"https:\/\/www.kliinikum.ee\/yhendlabor\/kasiraamat\/aneemia-uuringud\/raud-sp-fe\/\" \/>\n<meta property=\"og:site_name\" content=\"\u00dchendlabor\" \/>\n<meta property=\"article:modified_time\" content=\"2025-12-21T15:26:20+00:00\" \/>\n<meta name=\"twitter:card\" content=\"summary_large_image\" \/>\n<meta name=\"twitter:label1\" content=\"Est. reading time\" \/>\n\t<meta name=\"twitter:data1\" content=\"2 minutit\" \/>\n<script type=\"application\/ld+json\" class=\"yoast-schema-graph\">{\"@context\":\"https:\\\/\\\/schema.org\",\"@graph\":[{\"@type\":\"WebPage\",\"@id\":\"https:\\\/\\\/www.kliinikum.ee\\\/yhendlabor\\\/kasiraamat\\\/aneemia-uuringud\\\/raud-sp-fe\\\/\",\"url\":\"https:\\\/\\\/www.kliinikum.ee\\\/yhendlabor\\\/kasiraamat\\\/aneemia-uuringud\\\/raud-sp-fe\\\/\",\"name\":\"Raud (S,P-Fe) - \u00dchendlabor\",\"isPartOf\":{\"@id\":\"https:\\\/\\\/www.kliinikum.ee\\\/yhendlabor\\\/#website\"},\"datePublished\":\"2024-10-10T13:04:10+00:00\",\"dateModified\":\"2025-12-21T15:26:20+00:00\",\"breadcrumb\":{\"@id\":\"https:\\\/\\\/www.kliinikum.ee\\\/yhendlabor\\\/kasiraamat\\\/aneemia-uuringud\\\/raud-sp-fe\\\/#breadcrumb\"},\"inLanguage\":\"et\",\"potentialAction\":[{\"@type\":\"ReadAction\",\"target\":[\"https:\\\/\\\/www.kliinikum.ee\\\/yhendlabor\\\/kasiraamat\\\/aneemia-uuringud\\\/raud-sp-fe\\\/\"]}]},{\"@type\":\"BreadcrumbList\",\"@id\":\"https:\\\/\\\/www.kliinikum.ee\\\/yhendlabor\\\/kasiraamat\\\/aneemia-uuringud\\\/raud-sp-fe\\\/#breadcrumb\",\"itemListElement\":[{\"@type\":\"ListItem\",\"position\":1,\"name\":\"Home\",\"item\":\"https:\\\/\\\/www.kliinikum.ee\\\/yhendlabor\\\/\"},{\"@type\":\"ListItem\",\"position\":2,\"name\":\"K\u00e4siraamat\",\"item\":\"https:\\\/\\\/www.kliinikum.ee\\\/yhendlabor\\\/kasiraamat\\\/\"},{\"@type\":\"ListItem\",\"position\":3,\"name\":\"Aneemia uuringud\",\"item\":\"https:\\\/\\\/www.kliinikum.ee\\\/yhendlabor\\\/kasiraamat\\\/aneemia-uuringud\\\/\"},{\"@type\":\"ListItem\",\"position\":4,\"name\":\"Raud (S,P-Fe)\"}]},{\"@type\":\"WebSite\",\"@id\":\"https:\\\/\\\/www.kliinikum.ee\\\/yhendlabor\\\/#website\",\"url\":\"https:\\\/\\\/www.kliinikum.ee\\\/yhendlabor\\\/\",\"name\":\"\u00dchendlabor\",\"description\":\"Hoolivus, Uuendusmeelsus, P\u00e4devus ja Usaldusv\u00e4\u00e4rsus\",\"potentialAction\":[{\"@type\":\"SearchAction\",\"target\":{\"@type\":\"EntryPoint\",\"urlTemplate\":\"https:\\\/\\\/www.kliinikum.ee\\\/yhendlabor\\\/?s={search_term_string}\"},\"query-input\":{\"@type\":\"PropertyValueSpecification\",\"valueRequired\":true,\"valueName\":\"search_term_string\"}}],\"inLanguage\":\"et\"}]}<\/script>\n<!-- \/ Yoast SEO plugin. -->","yoast_head_json":{"title":"Raud (S,P-Fe) - \u00dchendlabor","robots":{"index":"index","follow":"follow","max-snippet":"max-snippet:-1","max-image-preview":"max-image-preview:large","max-video-preview":"max-video-preview:-1"},"canonical":"https:\/\/www.kliinikum.ee\/yhendlabor\/kasiraamat\/aneemia-uuringud\/raud-sp-fe\/","og_locale":"et_EE","og_type":"article","og_title":"Raud (S,P-Fe) - \u00dchendlabor","og_description":"Kliinilise keemia ja laboratoorse hematoloogia osakond Raud (Fe) on organismis vajalik paljude ens\u00fc\u00fcmide ja muude valkude ehituses ning funktsioneerimises, nt hapniku transpordis ja koehingamises. Organism saab rauda toidust. Vaba raud on toksiline, normaalselt on kogu raud organismis seotud valkudega: plasmas transferriiniga, depoodes apoferritiini ja hemosideriiniga ning er\u00fctrots\u00fc\u00fctides hemoglobiiniga. Fe m\u00e4\u00e4ramisel seerumis m\u00f5\u00f5detakse ainult transferriiniga seotud [&hellip;]","og_url":"https:\/\/www.kliinikum.ee\/yhendlabor\/kasiraamat\/aneemia-uuringud\/raud-sp-fe\/","og_site_name":"\u00dchendlabor","article_modified_time":"2025-12-21T15:26:20+00:00","twitter_card":"summary_large_image","twitter_misc":{"Est. reading time":"2 minutit"},"schema":{"@context":"https:\/\/schema.org","@graph":[{"@type":"WebPage","@id":"https:\/\/www.kliinikum.ee\/yhendlabor\/kasiraamat\/aneemia-uuringud\/raud-sp-fe\/","url":"https:\/\/www.kliinikum.ee\/yhendlabor\/kasiraamat\/aneemia-uuringud\/raud-sp-fe\/","name":"Raud (S,P-Fe) - \u00dchendlabor","isPartOf":{"@id":"https:\/\/www.kliinikum.ee\/yhendlabor\/#website"},"datePublished":"2024-10-10T13:04:10+00:00","dateModified":"2025-12-21T15:26:20+00:00","breadcrumb":{"@id":"https:\/\/www.kliinikum.ee\/yhendlabor\/kasiraamat\/aneemia-uuringud\/raud-sp-fe\/#breadcrumb"},"inLanguage":"et","potentialAction":[{"@type":"ReadAction","target":["https:\/\/www.kliinikum.ee\/yhendlabor\/kasiraamat\/aneemia-uuringud\/raud-sp-fe\/"]}]},{"@type":"BreadcrumbList","@id":"https:\/\/www.kliinikum.ee\/yhendlabor\/kasiraamat\/aneemia-uuringud\/raud-sp-fe\/#breadcrumb","itemListElement":[{"@type":"ListItem","position":1,"name":"Home","item":"https:\/\/www.kliinikum.ee\/yhendlabor\/"},{"@type":"ListItem","position":2,"name":"K\u00e4siraamat","item":"https:\/\/www.kliinikum.ee\/yhendlabor\/kasiraamat\/"},{"@type":"ListItem","position":3,"name":"Aneemia uuringud","item":"https:\/\/www.kliinikum.ee\/yhendlabor\/kasiraamat\/aneemia-uuringud\/"},{"@type":"ListItem","position":4,"name":"Raud (S,P-Fe)"}]},{"@type":"WebSite","@id":"https:\/\/www.kliinikum.ee\/yhendlabor\/#website","url":"https:\/\/www.kliinikum.ee\/yhendlabor\/","name":"\u00dchendlabor","description":"Hoolivus, Uuendusmeelsus, P\u00e4devus ja Usaldusv\u00e4\u00e4rsus","potentialAction":[{"@type":"SearchAction","target":{"@type":"EntryPoint","urlTemplate":"https:\/\/www.kliinikum.ee\/yhendlabor\/?s={search_term_string}"},"query-input":{"@type":"PropertyValueSpecification","valueRequired":true,"valueName":"search_term_string"}}],"inLanguage":"et"}]}},"uagb_featured_image_src":{"full":false,"thumbnail":false,"medium":false,"medium_large":false,"large":false,"1536x1536":false,"2048x2048":false},"uagb_author_info":{"display_name":"Jane Freimann","author_link":"https:\/\/www.kliinikum.ee\/yhendlabor\/author\/janef\/"},"uagb_comment_info":0,"uagb_excerpt":"Kliinilise keemia ja laboratoorse hematoloogia osakond Raud (Fe) on organismis vajalik paljude ens\u00fc\u00fcmide ja muude valkude ehituses ning funktsioneerimises, nt hapniku transpordis ja koehingamises. Organism saab rauda toidust. Vaba raud on toksiline, normaalselt on kogu raud organismis seotud valkudega: plasmas transferriiniga, depoodes apoferritiini ja hemosideriiniga ning er\u00fctrots\u00fc\u00fctides hemoglobiiniga. Fe m\u00e4\u00e4ramisel seerumis m\u00f5\u00f5detakse ainult transferriiniga seotud&hellip;","_links":{"self":[{"href":"https:\/\/www.kliinikum.ee\/yhendlabor\/wp-json\/wp\/v2\/pages\/9971","targetHints":{"allow":["GET"]}}],"collection":[{"href":"https:\/\/www.kliinikum.ee\/yhendlabor\/wp-json\/wp\/v2\/pages"}],"about":[{"href":"https:\/\/www.kliinikum.ee\/yhendlabor\/wp-json\/wp\/v2\/types\/page"}],"author":[{"embeddable":true,"href":"https:\/\/www.kliinikum.ee\/yhendlabor\/wp-json\/wp\/v2\/users\/36"}],"replies":[{"embeddable":true,"href":"https:\/\/www.kliinikum.ee\/yhendlabor\/wp-json\/wp\/v2\/comments?post=9971"}],"version-history":[{"count":0,"href":"https:\/\/www.kliinikum.ee\/yhendlabor\/wp-json\/wp\/v2\/pages\/9971\/revisions"}],"up":[{"embeddable":true,"href":"https:\/\/www.kliinikum.ee\/yhendlabor\/wp-json\/wp\/v2\/pages\/7023"}],"wp:attachment":[{"href":"https:\/\/www.kliinikum.ee\/yhendlabor\/wp-json\/wp\/v2\/media?parent=9971"}],"curies":[{"name":"wp","href":"https:\/\/api.w.org\/{rel}","templated":true}]}}