{"id":9988,"date":"2024-10-10T15:14:50","date_gmt":"2024-10-10T13:14:50","guid":{"rendered":"https:\/\/www.kliinikum.ee\/yhendlabor\/?page_id=9988"},"modified":"2025-12-21T17:27:27","modified_gmt":"2025-12-21T15:27:27","slug":"vitamiin-b12-sp-vit-b12-holotranskobalamiin-s-holotc","status":"publish","type":"page","link":"https:\/\/www.kliinikum.ee\/yhendlabor\/kasiraamat\/aneemia-uuringud\/vitamiin-b12-sp-vit-b12-holotranskobalamiin-s-holotc\/","title":{"rendered":"Vitamiin B12 (S,P-Vit B12), holotranskobalamiin (S-HoloTC)"},"content":{"rendered":"\n<p><\/p>\n\n\n\n<p><em>Kliinilise keemia ja laboratoorse hematoloogia osakond<\/em><\/p>\n\n\n\n<p><strong>Vitamiin B12 (ts\u00fcanokobalamiin)<\/strong> on veeslahustuv vitamiin, mis on vajalik normaalseks vereloomeks ja er\u00fctrots\u00fc\u00fctide arenguks, see osaleb met\u00fc\u00fclgruppide \u00fclekandel; nukleiinhapete ja valkude s\u00fcnteesis; aminohapete, s\u00fcsivesikute ja rasvade ainevahetuses. Inimese organismis vitamiin B12 ei s\u00fcnteesita.<\/p>\n\n\n\n<p>Vitamiin B12 imendumisel ja transpordil osalevad kolm kandjavalku: sisemine faktor, transkobalamiin ja haptokorriin. Enamus (80\u201394%) veres ringlevast B12 vitamiinist on seotud haptokorriiniga (holohaptokorriin), \u00fclej\u00e4\u00e4nu transkobalamiiniga &nbsp;(holotranskobalamiin, transkobalamiin II). <strong>Holotranskobalamiini <\/strong>kujul on vitamiin B12 v\u00f5imeline sisenema rakkudesse t\u00e4itmaks oma bioloogilist funktsiooni. Seet\u00f5ttu on holotranskobalamiin tuntud ka nime all \u201eaktiivne vitamiin B12\u201c.<\/p>\n\n\n\n<p>Ts\u00fcanokobalamiini koens\u00fc\u00fcmsed vormid on met\u00fc\u00fcl- ja 5-deoks\u00fcadenos\u00fc\u00fclkobalamiin. Met\u00fc\u00fclkobalamiin (metioniini s\u00fcntetaasi koostises) koos folaadiga on vajalik homots\u00fcsteiini remet\u00fc\u00fclimisel metioniiniks, puudus p\u00f5hjustab h\u00fcperhomots\u00fcsteineemiat. 5-deoks\u00fcadenos\u00fc\u00fclkobalamiin (met\u00fc\u00fclmalon\u00fc\u00fcl CoA mutaasi koostises) on kofaktorina vajalik met\u00fc\u00fclmalon\u00fc\u00fclkoens\u00fc\u00fcm A s\u00fcnteesil suktsin\u00fc\u00fclkoens\u00fc\u00fcm A-ks. Vitamiin B12 puudusel kuhjub met\u00fc\u00fclmaloonhape, h\u00e4irub rasvhapete s\u00fcntees ning ebanormaalsed rasvhapped \u00fchinedes neuronite lipiididega p\u00f5hjustavad dem\u00fcelinisatsiooni ja n\u00e4rvikahjustusi. Samuti viib met\u00fc\u00fclmaloonhappe kuhjumine megaloblastilise aneemia tekkele.<\/p>\n\n\n\n<p>Normaalse toitumise puhul vitamiin B12 defitsiiti ei teki (v.a v\u00e4ga rangelt taimetoitlased), kuna inimese \u00f6\u00f6p\u00e4evane vajadus on vaid 2\u20135 \u03bcg ja vitamiin B12 varud (peamiselt maksas) on piisavad 1\u20133 aastaks.<\/p>\n\n\n\n<p class=\"has-medium-font-size\"><strong>Uuritav materjal, selle v\u00f5tmine, saatmine ja s\u00e4ilitamine<\/strong><\/p>\n\n\n\n<p>Vitamiin B12<\/p>\n\n\n\n<p>Patsient peab paastuma 12 tundi enne proovi andmist! Proov ei tohi olla hemol\u00fc\u00fctiline!<\/p>\n\n\n\n<figure class=\"wp-block-table is-style-stripes\"><table width=\"100%\"><tbody><tr><td width=\"1%\"><\/td><td width=\"15%\"><strong>Katsuti<\/strong><\/td><td width=\"84%\">Geeli ja h\u00fc\u00fcbimisaktivaatoriga katsuti (punane kollase r\u00f5ngaga v\u00f5i kollane kork) v\u00f5i geeliga LH-katsuti (roheline kollase r\u00f5ngaga kork v\u00f5i heleroheline kork)<\/td><\/tr><tr><td width=\"1%\"><\/td><td width=\"15%\"><strong>S\u00e4ilivus<\/strong><\/td><td width=\"84%\">Seerum\/plasma toatemperatuuril kaks tundi, +4\u00b0C \u00fcks p\u00e4ev, -20\u00b0C kaks kuud<\/td><\/tr><\/tbody><\/table><\/figure>\n\n\n\n<p>Holotranskobalamiin<\/p>\n\n\n\n<figure class=\"wp-block-table is-style-stripes\"><table width=\"100%\"><tbody><tr><td width=\"1%\"><\/td><td width=\"15%\"><strong>Katsuti<\/strong><\/td><td width=\"84%\">Geeli ja h\u00fc\u00fcbimisaktivaatoriga katsuti (punane kollase r\u00f5ngaga v\u00f5i kollane kork)<\/td><\/tr><tr><td width=\"1%\"><\/td><td width=\"15%\"><strong>S\u00e4ilivus<\/strong><\/td><td width=\"84%\">Seerum toatemperatuuril viis p\u00e4eva, +4\u00b0C kaks n\u00e4dalat, -20\u00b0C kuus kuud<\/td><\/tr><\/tbody><\/table><\/figure>\n\n\n\n<p class=\"has-medium-font-size\"><strong>Anal\u00fc\u00fcsi tegemise aeg: <\/strong>t\u00f6\u00f6p\u00e4eviti<\/p>\n\n\n\n<p class=\"has-medium-font-size\"><strong>Anal\u00fc\u00fcsimeetod: <\/strong>elektrokemoluminestsents-immuunmeetod (ECLIA)<\/p>\n\n\n\n<p class=\"has-medium-font-size\"><strong>Referentsv\u00e4\u00e4rtused<\/strong><\/p>\n\n\n\n<p>Vitamiin B12<\/p>\n\n\n\n<figure class=\"wp-block-table\"><table style=\"border-style:none;border-width:0px\", width=\"100%\"><tbody><tr><td width=\"1%\"><\/td><td width=\"30%\"><strong>&lt; 1 k<\/strong><\/td><td width=\"69%\">138\u20131377 pmol\/L<\/td><\/tr><tr><td width=\"1%\"><\/td><td width=\"30%\"><strong>1 k \u2013 &lt; 1 a<\/strong><\/td><td width=\"69%\">124\u20131236 pmol\/L<\/td><\/tr><tr><td width=\"1%\"><\/td><td width=\"30%\"><strong>1 a \u2013 &lt; 12 a<\/strong><\/td><td width=\"69%\">261\u20131180 pmol\/L<\/td><\/tr><tr><td width=\"1%\"><\/td><td width=\"30%\"><strong>12 a \u2013 &lt; 19 a<\/strong><\/td><td width=\"69%\">199\u2013835 pmol\/L<\/td><\/tr><tr><td width=\"1%\"><\/td><td width=\"30%\"><strong>\u2265 19 a<\/strong><\/td><td width=\"69%\">145\u2013569 pmol\/L<\/td><\/tr><\/tbody><\/table><\/figure>\n\n\n\n<p>Holotranskobalamiin<\/p>\n\n\n\n<figure class=\"wp-block-table is-style-stripes\"><table style=\"border-style:none;border-width:0px\", width=\"100%\"><tbody><tr><td width=\"1%\"><\/td><td width=\"30%\"><strong>20 a \u2013 &lt; 80 a<\/strong><\/td><td width=\"69%\">37,5\u2013188 pmol\/L<\/td><\/tr><\/tbody><\/table><\/figure>\n\n\n\n<p class=\"has-medium-font-size\"><strong>N\u00e4idustus ja kliiniline t\u00e4hendus<\/strong><\/p>\n\n\n\n<p>Vitamiin B12 puuduse tuvastamine ja ravi j\u00e4lgimine. Makrots\u00fctaarsete (megaloblastiliste) aneemiate diagnostika ja diferentsiaaldiagnostika. Soovitav m\u00e4\u00e4rata koos homots\u00fcsteiini ja folaadiga. Vitamiin B12 puuduse varajaseks kindlakstegemiseks, eriti riskigruppidel (rasedad, rinnaga toitvad emad, eakad, taimetoitlased), on soovitav m\u00e4\u00e4rata holotranskobalamiini kui vitamiin B12 nn \u201eaktiivset vormi\u201c.<\/p>\n\n\n\n<p><em>Vitamiin B12 ja holotranskobalamiini kontsentratsiooni v\u00e4henemine<\/em><\/p>\n\n\n\n<p>Vitamiin B12 puuduse p\u00f5hjusteks v\u00f5ivad olla v\u00e4henenud imendumine sooles (mao parietaalrakkude kahjustus tingituna autoimmuunsest atroofilisest gastriidist ja sellest tulenev sisemise faktori puudus, sisemise faktori vastaste antikehade esinemine mis takistab vitamiin B12 ja sisemise faktori kompleksi moodustumist, gastrektoomia, <em>ileum<\/em>\u2019i resektsioon, ileiit, parasiithaigused, d\u00fcsbakterioos, Imerslund-Gr\u00e4sbeck\u00b4i s\u00fcndroom), toitumisega seotud h\u00e4ired (taimetoitlus, n\u00e4lgimine, alkoholism) ja suurenenud tarbimine (rasedus, imetamine, maliigsed haigused).<\/p>\n\n\n\n<p>Ravimitest v\u00f5ivad vitamiin B12 taseme langust p\u00f5hjustada biguaniidid (metformiin), H2-retseptori antagonistid (ranitidiin jt), prootonpumba inhibiitorid (omeprasool), folaadi antagonistid (metotreksaat), antikonvulsandid (fen\u00fctoiin jt), peroraalsed kontratseptiivid, antibiootikumid jpt.<\/p>\n\n\n\n<p>Kliiniliseks avalduseks on megaloblastiline aneemia, mille \u00fchtseks aluseks on vitamiin B12 ja\/v\u00f5i folaadi puudusest p\u00f5hjustatud defektne DNA s\u00fcntees, ilmnevad iseloomulikud megaloblastilised morfoloogilised muutused vere- ja vereloome tasandil. Kaugemale arenenud juhtudel lisanduvad vitamiin B12 defitsiidist tingitud neuroloogilised avaldused (s\u00fcvatundlikkuse\/vibratsioonitundlikkuse h\u00e4ired, ataksia, valulikud paresteesiad, spastilised pareesid jm perifeerse neuropaatia s\u00fcmptomid; &nbsp;kognitiivse funktsiooni langus; dementsus; depressioon). ~25%-l juhtudest v\u00f5ivad neuroloogilised s\u00fcmptomid olla ainsaks vitamiin B12 puuduse avalduseks.<\/p>\n\n\n\n<p><em>Vit B12 ja holotranskobalamiini kontsentratsiooni suurenemine<\/em> v\u00f5ib esineda leukeemiate, maksahaiguste (tsirroosi), maksametastaaside korral. Taset t\u00f5stavad ka \u00f6strogeenid, vitamiin A ja vitamiin C.<\/p>\n\n\n\n<p>Vt ka: <a href=\"https:\/\/www.kliinikum.ee\/yhendlabor\/kasiraamat\/aneemia-uuringud\/folaat-sp-fol\/\">Folaat<\/a><\/p>\n\n\n\n<p>Koostajad: Ly Aru, Katrin Reimand<br>Muudetud 19.03.2021<\/p>\n","protected":false},"excerpt":{"rendered":"<p>Kliinilise keemia ja laboratoorse hematoloogia osakond Vitamiin B12 (ts\u00fcanokobalamiin) on veeslahustuv vitamiin, mis on vajalik normaalseks vereloomeks ja er\u00fctrots\u00fc\u00fctide arenguks, see osaleb met\u00fc\u00fclgruppide \u00fclekandel; nukleiinhapete ja valkude s\u00fcnteesis; aminohapete, s\u00fcsivesikute ja rasvade ainevahetuses. Inimese organismis vitamiin B12 ei s\u00fcnteesita. Vitamiin B12 imendumisel ja transpordil osalevad kolm kandjavalku: sisemine faktor, transkobalamiin ja haptokorriin. Enamus (80\u201394%) veres [&hellip;]<\/p>\n","protected":false},"author":36,"featured_media":0,"parent":7023,"menu_order":0,"comment_status":"closed","ping_status":"closed","template":"","meta":{"_uag_custom_page_level_css":"","footnotes":""},"class_list":["post-9988","page","type-page","status-publish","hentry"],"acf":[],"yoast_head":"<!-- This site is optimized with the Yoast SEO plugin v27.3 - https:\/\/yoast.com\/product\/yoast-seo-wordpress\/ -->\n<title>Vitamiin B12 (S,P-Vit B12), holotranskobalamiin (S-HoloTC) - \u00dchendlabor<\/title>\n<meta name=\"robots\" content=\"index, follow, max-snippet:-1, max-image-preview:large, max-video-preview:-1\" \/>\n<link rel=\"canonical\" href=\"https:\/\/www.kliinikum.ee\/yhendlabor\/kasiraamat\/aneemia-uuringud\/vitamiin-b12-sp-vit-b12-holotranskobalamiin-s-holotc\/\" \/>\n<meta property=\"og:locale\" content=\"et_EE\" \/>\n<meta property=\"og:type\" content=\"article\" \/>\n<meta property=\"og:title\" content=\"Vitamiin B12 (S,P-Vit B12), holotranskobalamiin (S-HoloTC) - \u00dchendlabor\" \/>\n<meta property=\"og:description\" content=\"Kliinilise keemia ja laboratoorse hematoloogia osakond Vitamiin B12 (ts\u00fcanokobalamiin) on veeslahustuv vitamiin, mis on vajalik normaalseks vereloomeks ja er\u00fctrots\u00fc\u00fctide arenguks, see osaleb met\u00fc\u00fclgruppide \u00fclekandel; nukleiinhapete ja valkude s\u00fcnteesis; aminohapete, s\u00fcsivesikute ja rasvade ainevahetuses. Inimese organismis vitamiin B12 ei s\u00fcnteesita. Vitamiin B12 imendumisel ja transpordil osalevad kolm kandjavalku: sisemine faktor, transkobalamiin ja haptokorriin. Enamus (80\u201394%) veres [&hellip;]\" \/>\n<meta property=\"og:url\" content=\"https:\/\/www.kliinikum.ee\/yhendlabor\/kasiraamat\/aneemia-uuringud\/vitamiin-b12-sp-vit-b12-holotranskobalamiin-s-holotc\/\" \/>\n<meta property=\"og:site_name\" content=\"\u00dchendlabor\" \/>\n<meta property=\"article:modified_time\" content=\"2025-12-21T15:27:27+00:00\" \/>\n<meta name=\"twitter:card\" content=\"summary_large_image\" \/>\n<meta name=\"twitter:label1\" content=\"Est. reading time\" \/>\n\t<meta name=\"twitter:data1\" content=\"3 minutit\" \/>\n<script type=\"application\/ld+json\" class=\"yoast-schema-graph\">{\"@context\":\"https:\\\/\\\/schema.org\",\"@graph\":[{\"@type\":\"WebPage\",\"@id\":\"https:\\\/\\\/www.kliinikum.ee\\\/yhendlabor\\\/kasiraamat\\\/aneemia-uuringud\\\/vitamiin-b12-sp-vit-b12-holotranskobalamiin-s-holotc\\\/\",\"url\":\"https:\\\/\\\/www.kliinikum.ee\\\/yhendlabor\\\/kasiraamat\\\/aneemia-uuringud\\\/vitamiin-b12-sp-vit-b12-holotranskobalamiin-s-holotc\\\/\",\"name\":\"Vitamiin B12 (S,P-Vit B12), holotranskobalamiin (S-HoloTC) - \u00dchendlabor\",\"isPartOf\":{\"@id\":\"https:\\\/\\\/www.kliinikum.ee\\\/yhendlabor\\\/#website\"},\"datePublished\":\"2024-10-10T13:14:50+00:00\",\"dateModified\":\"2025-12-21T15:27:27+00:00\",\"breadcrumb\":{\"@id\":\"https:\\\/\\\/www.kliinikum.ee\\\/yhendlabor\\\/kasiraamat\\\/aneemia-uuringud\\\/vitamiin-b12-sp-vit-b12-holotranskobalamiin-s-holotc\\\/#breadcrumb\"},\"inLanguage\":\"et\",\"potentialAction\":[{\"@type\":\"ReadAction\",\"target\":[\"https:\\\/\\\/www.kliinikum.ee\\\/yhendlabor\\\/kasiraamat\\\/aneemia-uuringud\\\/vitamiin-b12-sp-vit-b12-holotranskobalamiin-s-holotc\\\/\"]}]},{\"@type\":\"BreadcrumbList\",\"@id\":\"https:\\\/\\\/www.kliinikum.ee\\\/yhendlabor\\\/kasiraamat\\\/aneemia-uuringud\\\/vitamiin-b12-sp-vit-b12-holotranskobalamiin-s-holotc\\\/#breadcrumb\",\"itemListElement\":[{\"@type\":\"ListItem\",\"position\":1,\"name\":\"Home\",\"item\":\"https:\\\/\\\/www.kliinikum.ee\\\/yhendlabor\\\/\"},{\"@type\":\"ListItem\",\"position\":2,\"name\":\"K\u00e4siraamat\",\"item\":\"https:\\\/\\\/www.kliinikum.ee\\\/yhendlabor\\\/kasiraamat\\\/\"},{\"@type\":\"ListItem\",\"position\":3,\"name\":\"Aneemia uuringud\",\"item\":\"https:\\\/\\\/www.kliinikum.ee\\\/yhendlabor\\\/kasiraamat\\\/aneemia-uuringud\\\/\"},{\"@type\":\"ListItem\",\"position\":4,\"name\":\"Vitamiin B12 (S,P-Vit B12), holotranskobalamiin (S-HoloTC)\"}]},{\"@type\":\"WebSite\",\"@id\":\"https:\\\/\\\/www.kliinikum.ee\\\/yhendlabor\\\/#website\",\"url\":\"https:\\\/\\\/www.kliinikum.ee\\\/yhendlabor\\\/\",\"name\":\"\u00dchendlabor\",\"description\":\"Hoolivus, Uuendusmeelsus, P\u00e4devus ja Usaldusv\u00e4\u00e4rsus\",\"potentialAction\":[{\"@type\":\"SearchAction\",\"target\":{\"@type\":\"EntryPoint\",\"urlTemplate\":\"https:\\\/\\\/www.kliinikum.ee\\\/yhendlabor\\\/?s={search_term_string}\"},\"query-input\":{\"@type\":\"PropertyValueSpecification\",\"valueRequired\":true,\"valueName\":\"search_term_string\"}}],\"inLanguage\":\"et\"}]}<\/script>\n<!-- \/ Yoast SEO plugin. -->","yoast_head_json":{"title":"Vitamiin B12 (S,P-Vit B12), holotranskobalamiin (S-HoloTC) - \u00dchendlabor","robots":{"index":"index","follow":"follow","max-snippet":"max-snippet:-1","max-image-preview":"max-image-preview:large","max-video-preview":"max-video-preview:-1"},"canonical":"https:\/\/www.kliinikum.ee\/yhendlabor\/kasiraamat\/aneemia-uuringud\/vitamiin-b12-sp-vit-b12-holotranskobalamiin-s-holotc\/","og_locale":"et_EE","og_type":"article","og_title":"Vitamiin B12 (S,P-Vit B12), holotranskobalamiin (S-HoloTC) - \u00dchendlabor","og_description":"Kliinilise keemia ja laboratoorse hematoloogia osakond Vitamiin B12 (ts\u00fcanokobalamiin) on veeslahustuv vitamiin, mis on vajalik normaalseks vereloomeks ja er\u00fctrots\u00fc\u00fctide arenguks, see osaleb met\u00fc\u00fclgruppide \u00fclekandel; nukleiinhapete ja valkude s\u00fcnteesis; aminohapete, s\u00fcsivesikute ja rasvade ainevahetuses. Inimese organismis vitamiin B12 ei s\u00fcnteesita. Vitamiin B12 imendumisel ja transpordil osalevad kolm kandjavalku: sisemine faktor, transkobalamiin ja haptokorriin. Enamus (80\u201394%) veres [&hellip;]","og_url":"https:\/\/www.kliinikum.ee\/yhendlabor\/kasiraamat\/aneemia-uuringud\/vitamiin-b12-sp-vit-b12-holotranskobalamiin-s-holotc\/","og_site_name":"\u00dchendlabor","article_modified_time":"2025-12-21T15:27:27+00:00","twitter_card":"summary_large_image","twitter_misc":{"Est. reading time":"3 minutit"},"schema":{"@context":"https:\/\/schema.org","@graph":[{"@type":"WebPage","@id":"https:\/\/www.kliinikum.ee\/yhendlabor\/kasiraamat\/aneemia-uuringud\/vitamiin-b12-sp-vit-b12-holotranskobalamiin-s-holotc\/","url":"https:\/\/www.kliinikum.ee\/yhendlabor\/kasiraamat\/aneemia-uuringud\/vitamiin-b12-sp-vit-b12-holotranskobalamiin-s-holotc\/","name":"Vitamiin B12 (S,P-Vit B12), holotranskobalamiin (S-HoloTC) - \u00dchendlabor","isPartOf":{"@id":"https:\/\/www.kliinikum.ee\/yhendlabor\/#website"},"datePublished":"2024-10-10T13:14:50+00:00","dateModified":"2025-12-21T15:27:27+00:00","breadcrumb":{"@id":"https:\/\/www.kliinikum.ee\/yhendlabor\/kasiraamat\/aneemia-uuringud\/vitamiin-b12-sp-vit-b12-holotranskobalamiin-s-holotc\/#breadcrumb"},"inLanguage":"et","potentialAction":[{"@type":"ReadAction","target":["https:\/\/www.kliinikum.ee\/yhendlabor\/kasiraamat\/aneemia-uuringud\/vitamiin-b12-sp-vit-b12-holotranskobalamiin-s-holotc\/"]}]},{"@type":"BreadcrumbList","@id":"https:\/\/www.kliinikum.ee\/yhendlabor\/kasiraamat\/aneemia-uuringud\/vitamiin-b12-sp-vit-b12-holotranskobalamiin-s-holotc\/#breadcrumb","itemListElement":[{"@type":"ListItem","position":1,"name":"Home","item":"https:\/\/www.kliinikum.ee\/yhendlabor\/"},{"@type":"ListItem","position":2,"name":"K\u00e4siraamat","item":"https:\/\/www.kliinikum.ee\/yhendlabor\/kasiraamat\/"},{"@type":"ListItem","position":3,"name":"Aneemia uuringud","item":"https:\/\/www.kliinikum.ee\/yhendlabor\/kasiraamat\/aneemia-uuringud\/"},{"@type":"ListItem","position":4,"name":"Vitamiin B12 (S,P-Vit B12), holotranskobalamiin (S-HoloTC)"}]},{"@type":"WebSite","@id":"https:\/\/www.kliinikum.ee\/yhendlabor\/#website","url":"https:\/\/www.kliinikum.ee\/yhendlabor\/","name":"\u00dchendlabor","description":"Hoolivus, Uuendusmeelsus, P\u00e4devus ja Usaldusv\u00e4\u00e4rsus","potentialAction":[{"@type":"SearchAction","target":{"@type":"EntryPoint","urlTemplate":"https:\/\/www.kliinikum.ee\/yhendlabor\/?s={search_term_string}"},"query-input":{"@type":"PropertyValueSpecification","valueRequired":true,"valueName":"search_term_string"}}],"inLanguage":"et"}]}},"uagb_featured_image_src":{"full":false,"thumbnail":false,"medium":false,"medium_large":false,"large":false,"1536x1536":false,"2048x2048":false},"uagb_author_info":{"display_name":"Jane Freimann","author_link":"https:\/\/www.kliinikum.ee\/yhendlabor\/author\/janef\/"},"uagb_comment_info":0,"uagb_excerpt":"Kliinilise keemia ja laboratoorse hematoloogia osakond Vitamiin B12 (ts\u00fcanokobalamiin) on veeslahustuv vitamiin, mis on vajalik normaalseks vereloomeks ja er\u00fctrots\u00fc\u00fctide arenguks, see osaleb met\u00fc\u00fclgruppide \u00fclekandel; nukleiinhapete ja valkude s\u00fcnteesis; aminohapete, s\u00fcsivesikute ja rasvade ainevahetuses. Inimese organismis vitamiin B12 ei s\u00fcnteesita. Vitamiin B12 imendumisel ja transpordil osalevad kolm kandjavalku: sisemine faktor, transkobalamiin ja haptokorriin. Enamus (80\u201394%) veres&hellip;","_links":{"self":[{"href":"https:\/\/www.kliinikum.ee\/yhendlabor\/wp-json\/wp\/v2\/pages\/9988","targetHints":{"allow":["GET"]}}],"collection":[{"href":"https:\/\/www.kliinikum.ee\/yhendlabor\/wp-json\/wp\/v2\/pages"}],"about":[{"href":"https:\/\/www.kliinikum.ee\/yhendlabor\/wp-json\/wp\/v2\/types\/page"}],"author":[{"embeddable":true,"href":"https:\/\/www.kliinikum.ee\/yhendlabor\/wp-json\/wp\/v2\/users\/36"}],"replies":[{"embeddable":true,"href":"https:\/\/www.kliinikum.ee\/yhendlabor\/wp-json\/wp\/v2\/comments?post=9988"}],"version-history":[{"count":0,"href":"https:\/\/www.kliinikum.ee\/yhendlabor\/wp-json\/wp\/v2\/pages\/9988\/revisions"}],"up":[{"embeddable":true,"href":"https:\/\/www.kliinikum.ee\/yhendlabor\/wp-json\/wp\/v2\/pages\/7023"}],"wp:attachment":[{"href":"https:\/\/www.kliinikum.ee\/yhendlabor\/wp-json\/wp\/v2\/media?parent=9988"}],"curies":[{"name":"wp","href":"https:\/\/api.w.org\/{rel}","templated":true}]}}